{"id":1289,"date":"2021-03-07T16:57:14","date_gmt":"2021-03-07T16:57:14","guid":{"rendered":"https:\/\/ftd.cognihealth.in\/?page_id=1289"},"modified":"2023-01-03T22:27:15","modified_gmt":"2023-01-03T22:27:15","slug":"how-is-fnd-treated","status":"publish","type":"page","link":"https:\/\/neurosymptoms.org\/sv_SE\/media\/fnd-videos\/how-is-fnd-treated\/","title":{"rendered":"Hur behandlas FNS?"},"content":{"rendered":"\n<p>Den h\u00e4r videon \u00e4r en del av <em>Functional Neurological Disorder introductory films collection<\/em>. Det \u00e4r en av de fem korta filmer som alla \u00e4r runt en minut l\u00e5nga och ger en kort introduktion till FNS, dess orsaker och behandling.<\/p>\n\n\n\n<p>De skapades av <a rel=\"noreferrer noopener\" href=\"https:\/\/www.materonline.org.au\/specialist\/neurology\/dr-alexander-leh\" target=\"_blank\">Alex Lehn<\/a>, Neurolog i Brisbane, som en del av <a rel=\"noreferrer noopener\" href=\"https:\/\/fndaustralia.com.au\/\" target=\"_blank\">Australian FND network<\/a>&nbsp;av <a rel=\"noreferrer noopener\" href=\"https:\/\/www.explanimate.com.au\/\" target=\"_blank\">Explanimate<\/a>.<\/p>\n\n\n\n<p>Svensk \u00f6vers\u00e4ttning och r\u00f6st Carl Sj\u00f6str\u00f6m.<\/p>\n","protected":false},"excerpt":{"rendered":"<p>https:\/\/www.youtube.com\/watch?v=peYJ-mhQ1IQ<\/p>\n","protected":false},"author":3,"featured_media":0,"parent":1220,"menu_order":168,"comment_status":"closed","ping_status":"closed","template":"page-template\/media-details-template.php","meta":[],"_links":{"self":[{"href":"https:\/\/neurosymptoms.org\/sv_SE\/wp-json\/wp\/v2\/pages\/1289"}],"collection":[{"href":"https:\/\/neurosymptoms.org\/sv_SE\/wp-json\/wp\/v2\/pages"}],"about":[{"href":"https:\/\/neurosymptoms.org\/sv_SE\/wp-json\/wp\/v2\/types\/page"}],"author":[{"embeddable":true,"href":"https:\/\/neurosymptoms.org\/sv_SE\/wp-json\/wp\/v2\/users\/3"}],"replies":[{"embeddable":true,"href":"https:\/\/neurosymptoms.org\/sv_SE\/wp-json\/wp\/v2\/comments?post=1289"}],"version-history":[{"count":15,"href":"https:\/\/neurosymptoms.org\/sv_SE\/wp-json\/wp\/v2\/pages\/1289\/revisions"}],"predecessor-version":[{"id":11826,"href":"https:\/\/neurosymptoms.org\/sv_SE\/wp-json\/wp\/v2\/pages\/1289\/revisions\/11826"}],"up":[{"embeddable":true,"href":"https:\/\/neurosymptoms.org\/sv_SE\/wp-json\/wp\/v2\/pages\/1220"}],"wp:attachment":[{"href":"https:\/\/neurosymptoms.org\/sv_SE\/wp-json\/wp\/v2\/media?parent=1289"}],"curies":[{"name":"wp","href":"https:\/\/api.w.org\/{rel}","templated":true}]}}