{"id":1275,"date":"2021-03-07T16:49:20","date_gmt":"2021-03-07T16:49:20","guid":{"rendered":"https:\/\/ftd.cognihealth.in\/?page_id=1275"},"modified":"2023-01-03T22:01:40","modified_gmt":"2023-01-03T22:01:40","slug":"neuroscience-films","status":"publish","type":"page","link":"https:\/\/neurosymptoms.org\/sv_SE\/media\/neuroscience-films\/","title":{"rendered":"Filmer om neuroforskning"},"content":{"rendered":"\n<p>Under de senaste 20 \u00e5ren har FNS-forskare \u00f6ver hela v\u00e4rlden forskat kring hj\u00e4rnans roll vid FNS.<\/p>\n\n\n\n<p>De h\u00e4r samlingen videos utforskar n\u00e5gra av de viktigaste id\u00e9erna kring hj\u00e4rnan och neuroforskningen, som har hj\u00e4lpt oss till en ny f\u00f6rst\u00e5else av FNS.<\/p>\n\n\n\n<p>De h\u00e4r filmerna rekommenderas f\u00f6r patienter och n\u00e4rst\u00e5ende som vill dyka djupare i de h\u00e4r omr\u00e5dena.<\/p>\n\n\n\n<p>F\u00f6r en b\u00e4ttre f\u00f6rst\u00e5else f\u00f6r neuroforskning och FNS ur patientperspektiv rekommenderas &#8220;FND portal&#8221; \u2013 p\u00e5 Twitter som <a rel=\"noreferrer noopener\" href=\"https:\/\/twitter.com\/FndPortal\" target=\"_blank\">@fndportal<\/a>&nbsp;och p\u00e5&nbsp;<a rel=\"noreferrer noopener\" href=\"http:\/\/www.fndportal.org\/\" target=\"_blank\">www.fndportal.org<\/a><\/p>\n","protected":false},"excerpt":{"rendered":"<p><!-- wp:paragraph --><\/p>\n<p>Under de senaste 20 \u00e5ren har FNS-forskare \u00f6ver hela v\u00e4rlden forskat kring hj\u00e4rnans roll vid FNS.<\/p>\n<p><!-- \/wp:paragraph --><\/p>\n<p><!-- wp:paragraph --><\/p>\n<p>De h\u00e4r samlingen videos utforskar n\u00e5gra av de viktigaste id\u00e9erna kring hj\u00e4r&#8230;<\/p>\n","protected":false},"author":3,"featured_media":0,"parent":1147,"menu_order":196,"comment_status":"closed","ping_status":"closed","template":"page-template\/media-category-template.php","meta":[],"_links":{"self":[{"href":"https:\/\/neurosymptoms.org\/sv_SE\/wp-json\/wp\/v2\/pages\/1275"}],"collection":[{"href":"https:\/\/neurosymptoms.org\/sv_SE\/wp-json\/wp\/v2\/pages"}],"about":[{"href":"https:\/\/neurosymptoms.org\/sv_SE\/wp-json\/wp\/v2\/types\/page"}],"author":[{"embeddable":true,"href":"https:\/\/neurosymptoms.org\/sv_SE\/wp-json\/wp\/v2\/users\/3"}],"replies":[{"embeddable":true,"href":"https:\/\/neurosymptoms.org\/sv_SE\/wp-json\/wp\/v2\/comments?post=1275"}],"version-history":[{"count":11,"href":"https:\/\/neurosymptoms.org\/sv_SE\/wp-json\/wp\/v2\/pages\/1275\/revisions"}],"predecessor-version":[{"id":11795,"href":"https:\/\/neurosymptoms.org\/sv_SE\/wp-json\/wp\/v2\/pages\/1275\/revisions\/11795"}],"up":[{"embeddable":true,"href":"https:\/\/neurosymptoms.org\/sv_SE\/wp-json\/wp\/v2\/pages\/1147"}],"wp:attachment":[{"href":"https:\/\/neurosymptoms.org\/sv_SE\/wp-json\/wp\/v2\/media?parent=1275"}],"curies":[{"name":"wp","href":"https:\/\/api.w.org\/{rel}","templated":true}]}}