{"id":1224,"date":"2021-03-07T15:45:35","date_gmt":"2021-03-07T15:45:35","guid":{"rendered":"https:\/\/ftd.cognihealth.in\/?page_id=1224"},"modified":"2023-01-03T21:57:13","modified_gmt":"2023-01-03T21:57:13","slug":"pain-videos","status":"publish","type":"page","link":"https:\/\/neurosymptoms.org\/sv_SE\/media\/pain-videos\/","title":{"rendered":"Filmer om sm\u00e4rta"},"content":{"rendered":"\n<p>Sm\u00e4rta definieras generellt INTE som en del av FNS. Men en stor andel &#8211; upp mot tv\u00e5 tredjedelar av patienter med FNS &#8211; upplever l\u00e5ngvarig sm\u00e4rta. <\/p>\n\n\n\n<p>L\u00e5ngvarig sm\u00e4rta delar gemensamma mekanismer med FNS i och med att det r\u00f6r sig om f\u00f6r\u00e4ndringar i nervsystemets s\u00e4tt att fungera, snarare \u00e4n strukturell skada som du kan se p\u00e5 en bildunders\u00f6kning.  <\/p>\n\n\n\n<p>De h\u00e4r filmerna har samlats f\u00f6r att kunna hj\u00e4lpa patienter med FNS att f\u00f6rst\u00e5 den l\u00e5ngvariga sm\u00e4rta som ibland finns tillsammans med FNS, eller som i vissa fall \u00e4r huvudproblemet.<\/p>\n","protected":false},"excerpt":{"rendered":"<p><!-- wp:paragraph --><\/p>\n<p>Sm\u00e4rta definieras generellt INTE som en del av FNS. Men en stor andel &#8211; upp mot tv\u00e5 tredjedelar av patienter med FNS &#8211; upplever l\u00e5ngvarig sm\u00e4rta. <\/p>\n<p><!-- \/wp:paragraph --><\/p>\n<p><!-- wp:paragraph --><\/p>\n<p>L\u00e5ngvarig sm\u00e4rta delar ge&#8230;<\/p>\n","protected":false},"author":1,"featured_media":0,"parent":1147,"menu_order":199,"comment_status":"closed","ping_status":"closed","template":"page-template\/media-category-template.php","meta":[],"_links":{"self":[{"href":"https:\/\/neurosymptoms.org\/sv_SE\/wp-json\/wp\/v2\/pages\/1224"}],"collection":[{"href":"https:\/\/neurosymptoms.org\/sv_SE\/wp-json\/wp\/v2\/pages"}],"about":[{"href":"https:\/\/neurosymptoms.org\/sv_SE\/wp-json\/wp\/v2\/types\/page"}],"author":[{"embeddable":true,"href":"https:\/\/neurosymptoms.org\/sv_SE\/wp-json\/wp\/v2\/users\/1"}],"replies":[{"embeddable":true,"href":"https:\/\/neurosymptoms.org\/sv_SE\/wp-json\/wp\/v2\/comments?post=1224"}],"version-history":[{"count":15,"href":"https:\/\/neurosymptoms.org\/sv_SE\/wp-json\/wp\/v2\/pages\/1224\/revisions"}],"predecessor-version":[{"id":11791,"href":"https:\/\/neurosymptoms.org\/sv_SE\/wp-json\/wp\/v2\/pages\/1224\/revisions\/11791"}],"up":[{"embeddable":true,"href":"https:\/\/neurosymptoms.org\/sv_SE\/wp-json\/wp\/v2\/pages\/1147"}],"wp:attachment":[{"href":"https:\/\/neurosymptoms.org\/sv_SE\/wp-json\/wp\/v2\/media?parent=1224"}],"curies":[{"name":"wp","href":"https:\/\/api.w.org\/{rel}","templated":true}]}}