{"id":1147,"date":"2021-02-25T13:16:52","date_gmt":"2021-02-25T13:16:52","guid":{"rendered":"https:\/\/ftd.cognihealth.in\/?page_id=1147"},"modified":"2023-01-27T03:35:17","modified_gmt":"2023-01-27T03:35:17","slug":"media","status":"publish","type":"page","link":"https:\/\/neurosymptoms.org\/sv_SE\/media\/","title":{"rendered":"Media"},"content":{"rendered":"\n<p>Den h\u00e4r avdelningen inneh\u00e5ller videos och podcastavsnitt som behandlar olika aspekter av FNS, l\u00e5ngvarig sm\u00e4rta och neuroforskning. De flesta \u00e4r p\u00e5 engelska. <\/p>\n\n\n\n<figure class=\"wp-block-image size-large is-resized\"><img loading=\"lazy\" src=\"https:\/\/pre-prod.neurosymptoms.org\/wp-content\/uploads\/2022\/02\/Svensk-flagga.jpg\" alt=\"\" class=\"wp-image-5918\" width=\"30\" height=\"20\" srcset=\"https:\/\/neurosymptoms.org\/wp-content\/uploads\/2022\/02\/Svensk-flagga.jpg 510w, https:\/\/neurosymptoms.org\/wp-content\/uploads\/2022\/02\/Svensk-flagga-300x200.jpg 300w\" sizes=\"(max-width: 30px) 100vw, 30px\" \/><\/figure>\n\n\n\n<p>De fem korta filmerna under &#8220;Filmer om FNS&#8221; har svensk inl\u00e4sning. De \u00e4r alla runt en minut l\u00e5nga och ger en kort introduktion till FNS, orsaker och behandling. De togs fram av Alex Lehn, Neurolog i Brisbane, Australien, som en del av Australian FND Network tillsammans med f\u00f6retaget Explanimate. <\/p>\n\n\n\n<p>\u00d6vriga filmer \u00e4r i originalversion. <\/p>\n\n\n\n<p><\/p>\n","protected":false},"excerpt":{"rendered":"<p><!-- wp:paragraph --><\/p>\n<p>Den h\u00e4r avdelningen inneh\u00e5ller videos och podcastavsnitt som behandlar olika aspekter av FNS, l\u00e5ngvarig sm\u00e4rta och neuroforskning. De flesta \u00e4r p\u00e5 engelska. <\/p>\n<p><!-- \/wp:paragraph --><\/p>\n<p><!-- wp:image {\"id\":5918,\"width\":30,\"he...\n<\/p>\n","protected":false},"author":1,"featured_media":0,"parent":0,"menu_order":163,"comment_status":"closed","ping_status":"closed","template":"page-template\/videos.php","meta":[],"_links":{"self":[{"href":"https:\/\/neurosymptoms.org\/sv_SE\/wp-json\/wp\/v2\/pages\/1147"}],"collection":[{"href":"https:\/\/neurosymptoms.org\/sv_SE\/wp-json\/wp\/v2\/pages"}],"about":[{"href":"https:\/\/neurosymptoms.org\/sv_SE\/wp-json\/wp\/v2\/types\/page"}],"author":[{"embeddable":true,"href":"https:\/\/neurosymptoms.org\/sv_SE\/wp-json\/wp\/v2\/users\/1"}],"replies":[{"embeddable":true,"href":"https:\/\/neurosymptoms.org\/sv_SE\/wp-json\/wp\/v2\/comments?post=1147"}],"version-history":[{"count":26,"href":"https:\/\/neurosymptoms.org\/sv_SE\/wp-json\/wp\/v2\/pages\/1147\/revisions"}],"predecessor-version":[{"id":15795,"href":"https:\/\/neurosymptoms.org\/sv_SE\/wp-json\/wp\/v2\/pages\/1147\/revisions\/15795"}],"wp:attachment":[{"href":"https:\/\/neurosymptoms.org\/sv_SE\/wp-json\/wp\/v2\/media?parent=1147"}],"curies":[{"name":"wp","href":"https:\/\/api.w.org\/{rel}","templated":true}]}}