{"id":1010,"date":"2021-01-26T05:08:12","date_gmt":"2021-01-26T05:08:12","guid":{"rendered":"https:\/\/ftd.cognihealth.in\/?page_id=1010"},"modified":"2024-09-05T09:08:58","modified_gmt":"2024-09-05T09:08:58","slug":"causes","status":"publish","type":"page","link":"https:\/\/neurosymptoms.org\/sv_SE\/causes\/","title":{"rendered":"Orsaker"},"content":{"rendered":"\n<p>N\u00e4r man har ett problem \u00e4r det naturligt att st\u00e4lla fr\u00e5gan fr\u00e5gan \u201cVarf\u00f6r har det uppst\u00e5tt?\u201d. Men vid funktionella symtom \u00e4r det viktigt att inte blanda ihop fr\u00e5gan \u201cVarf\u00f6r har det uppst\u00e5tt?\u201d med fr\u00e5gan \u201cVad \u00e4r felet i min kropp som orsakar dessa symtom?\u201d<\/p>\n\n\n\n<p>Detta \u00e4r tv\u00e5 separata fr\u00e5gor som har tv\u00e5 olika svar.<\/p>\n","protected":false},"excerpt":{"rendered":"<p><!-- wp:paragraph --><\/p>\n<p>N\u00e4r man har ett problem \u00e4r det naturligt att st\u00e4lla fr\u00e5gan fr\u00e5gan \u201cVarf\u00f6r har det uppst\u00e5tt?\u201d. Men vid funktionella symtom \u00e4r det viktigt att inte blanda ihop fr\u00e5gan \u201cVarf\u00f6r har det uppst\u00e5tt?\u201d med fr\u00e5gan \u201cVad \u00e4r felet i min kr&#8230;<\/p>\n","protected":false},"author":65,"featured_media":0,"parent":0,"menu_order":153,"comment_status":"closed","ping_status":"closed","template":"page-template\/symtoms-type.php","meta":[],"_links":{"self":[{"href":"https:\/\/neurosymptoms.org\/sv_SE\/wp-json\/wp\/v2\/pages\/1010"}],"collection":[{"href":"https:\/\/neurosymptoms.org\/sv_SE\/wp-json\/wp\/v2\/pages"}],"about":[{"href":"https:\/\/neurosymptoms.org\/sv_SE\/wp-json\/wp\/v2\/types\/page"}],"author":[{"embeddable":true,"href":"https:\/\/neurosymptoms.org\/sv_SE\/wp-json\/wp\/v2\/users\/65"}],"replies":[{"embeddable":true,"href":"https:\/\/neurosymptoms.org\/sv_SE\/wp-json\/wp\/v2\/comments?post=1010"}],"version-history":[{"count":81,"href":"https:\/\/neurosymptoms.org\/sv_SE\/wp-json\/wp\/v2\/pages\/1010\/revisions"}],"predecessor-version":[{"id":15175,"href":"https:\/\/neurosymptoms.org\/sv_SE\/wp-json\/wp\/v2\/pages\/1010\/revisions\/15175"}],"wp:attachment":[{"href":"https:\/\/neurosymptoms.org\/sv_SE\/wp-json\/wp\/v2\/media?parent=1010"}],"curies":[{"name":"wp","href":"https:\/\/api.w.org\/{rel}","templated":true}]}}