{"id":645,"date":"2020-12-01T04:37:22","date_gmt":"2020-12-01T04:37:22","guid":{"rendered":"https:\/\/ftd.cognihealth.in\/?page_id=645"},"modified":"2024-02-02T11:56:18","modified_gmt":"2024-02-02T11:56:18","slug":"family-and-work","status":"publish","type":"page","link":"https:\/\/neurosymptoms.org\/pt_PT\/treatment\/family-and-work\/","title":{"rendered":"Fam\u00edlia e emprego"},"content":{"rendered":"\n<p>O que deve dizer \u00e0 sua fam\u00edlia e no emprego sobre os seus sintomas?<\/p>\n\n\n\n<p>Pode ser dif\u00edcil entender qual a sua opini\u00e3o sobre quais s\u00e3o os sintomas funcionais, sem ter que o explicar a outras pessoas.<\/p>\n\n\n\n<p>Infelizmente, se sente a sua perna fraca e as pessoas ouvem que os seus exames s\u00e3o todos normais, os outros poder\u00e3o ser menos compreensivos e at\u00e9 mesmo come\u00e7arem a perguntar se o seu sintoma \u00e9 mesmo real ou n\u00e3o.<\/p>\n\n\n\n<p>Isso pode tornar-se muito dif\u00edcil para o paciente que sabe que os sintomas s\u00e3o reais e devidos a uma perda de controlo sobre o pr\u00f3prio corpo.<\/p>\n\n\n\n<p>Vale a pena pensar na forma como vai explicar e abordar este assunto com os seus amigos, familiares, patr\u00e3o e colegas de trabalho.<\/p>\n\n\n\n<p>Uma abordagem pragm\u00e1tica \u00e9 a seguinte:<\/p>\n\n\n\n<p><strong>1. Tente explicar tudo aos seus amigos e familiares pr\u00f3ximos.<\/strong>&nbsp;Eles podem estar muito preocupados consigo e com a possibilidade de ter por exemplo esclerose m\u00faltipla ou epilepsia. Se eles ficarem menos preocupados, isso pode ajud\u00e1-lo a sentir-se tamb\u00e9m mais positivo em rela\u00e7\u00e3o \u00e0 sua situa\u00e7\u00e3o. Eles podem tamb\u00e9m ajud\u00e1-lo a descobrir mais sobre o assunto ou incentiv\u00e1-lo a come\u00e7ar o tratamento.<\/p>\n\n\n\n<p>Poder\u00e1 ser \u00fatil que eles tamb\u00e9m consultem este site.<\/p>\n\n\n\n<p>2.&nbsp;<strong>Para os &#8220;intrometidos&#8221;&nbsp;<\/strong>&#8211; uma resposta como &#8220;Estou a ser acompanhado por um neurologista e estou otimista que as coisas comecem a melhorar&#8221; pode ser o suficiente!<\/p>\n\n\n\n<p><strong>3. Para os patr\u00f5es \/ companhias de seguro<\/strong>&nbsp;&#8211; dependendo das suas circunst\u00e2ncias, pode precisar dizer ao seu patr\u00e3o qual \u00e9 a sua doen\u00e7a, especialmente se n\u00e3o estiver a trabalhar desde h\u00e1 algum tempo.<\/p>\n\n\n\n<p>Tamb\u00e9m eles podem achar \u00fatil a leitura deste site.<\/p>\n\n\n\n<p>Se o seu problema principal for a fadiga e se o seu m\u00e9dico tiver diagnosticado S\u00edndrome de Fadiga Cr\u00f3nica, pode enfatizar essa como a causa da sua incapacidade tempor\u00e1ria.<\/p>\n\n\n\n<p>De igual modo, se o seu principal problema \u00e9 a dor, e um m\u00e9dico lhe diagnosticou Fibromialgia ou uma S\u00edndrome da Dor Cr\u00f3nica, pode ser mais simples salientar isso como o problema principal.<\/p>\n\n\n\n<p>O problema com as doen\u00e7as neurol\u00f3gicas funcionais continua a ser a falta de consci\u00eancia do diagn\u00f3stico, o que pode por vezes significar que o diagn\u00f3stico n\u00e3o \u00e9 compreendido ou aceite como deveria ser e visto como uma causa genu\u00edna de incapacidade e \/ ou sofrimento.<\/p>\n\n\n\n<p>Se tiver apenas sintomas como fraqueza ou desmaios, o termo oficial para a sua doen\u00e7a \u00e9 Perturba\u00e7\u00e3o Neurol\u00f3gica Funcional &#8211; DSM 5-300.11 &#8211; um termo que come\u00e7a a ganhar aceita\u00e7\u00e3o.<\/p>\n","protected":false},"excerpt":{"rendered":"<p>Some ideas about how to explain this to family and friends<\/p>\n","protected":false},"author":65,"featured_media":0,"parent":1012,"menu_order":303,"comment_status":"closed","ping_status":"closed","template":"page-template\/symptom-details-page-template.php","meta":[],"_links":{"self":[{"href":"https:\/\/neurosymptoms.org\/pt_PT\/wp-json\/wp\/v2\/pages\/645"}],"collection":[{"href":"https:\/\/neurosymptoms.org\/pt_PT\/wp-json\/wp\/v2\/pages"}],"about":[{"href":"https:\/\/neurosymptoms.org\/pt_PT\/wp-json\/wp\/v2\/types\/page"}],"author":[{"embeddable":true,"href":"https:\/\/neurosymptoms.org\/pt_PT\/wp-json\/wp\/v2\/users\/65"}],"replies":[{"embeddable":true,"href":"https:\/\/neurosymptoms.org\/pt_PT\/wp-json\/wp\/v2\/comments?post=645"}],"version-history":[{"count":81,"href":"https:\/\/neurosymptoms.org\/pt_PT\/wp-json\/wp\/v2\/pages\/645\/revisions"}],"predecessor-version":[{"id":14302,"href":"https:\/\/neurosymptoms.org\/pt_PT\/wp-json\/wp\/v2\/pages\/645\/revisions\/14302"}],"up":[{"embeddable":true,"href":"https:\/\/neurosymptoms.org\/pt_PT\/wp-json\/wp\/v2\/pages\/1012"}],"wp:attachment":[{"href":"https:\/\/neurosymptoms.org\/pt_PT\/wp-json\/wp\/v2\/media?parent=645"}],"curies":[{"name":"wp","href":"https:\/\/api.w.org\/{rel}","templated":true}]}}