{"id":643,"date":"2020-12-01T03:53:45","date_gmt":"2020-12-01T03:53:45","guid":{"rendered":"https:\/\/ftd.cognihealth.in\/?page_id=643"},"modified":"2024-11-01T03:48:45","modified_gmt":"2024-11-01T03:48:45","slug":"medication","status":"publish","type":"page","link":"https:\/\/neurosymptoms.org\/pt_PT\/treatment\/medication\/","title":{"rendered":"Medica\u00e7\u00e3o"},"content":{"rendered":"\n<p>Por favor, note: \u00c9 especialmente importante que consulte o seu m\u00e9dico antes de iniciar ou parar qualquer medicamento.<\/p>\n\n\n\n<p>Nenhum medicamento espec\u00edfico \u00e9 aconselhado neste site.<\/p>\n\n\n\n<p>Uma das coisas que o seu m\u00e9dico pode ter sugerido \u00e9 algum tipo de medica\u00e7\u00e3o para tentar resolver os seus sintomas.<\/p>\n\n\n\n<p>O tipo mais comum de medicamentos utilizados s\u00e3o:<\/p>\n\n\n\n<p>1. Antidepressivos &#8211; existem alguns tipos mais antigos &#8211; chamados &#8216;tric\u00edclicos (incluindo Amitriptilina, Imipramina, Trazodona) e mais recentes chamados SSRIs ou SNRIs (incluindo a fluoxetina, sertralina, citalopram, duloxetina, venlafaxina, mirtazepina e paroxetina)<\/p>\n\n\n\n<p>2. Analg\u00e9sicos \u00abneurop\u00e1ticos\u00bb &#8211; como a amitriptilina, duloxetina, carbamazepina, gabapentina ou pregabalina<\/p>\n\n\n\n<p>Por favor note que as BENZODIAZEPINAS como Diazepam, Lorazepam ou Nitrazepam e OPI\u00d3IDES como Morfina, MST, Oxicontina, Oxicodona, etc N\u00c3O EST\u00c3O NESTA LISTA<\/p>\n\n\n\n<p>A medica\u00e7\u00e3o raramente corrige os sintomas por si s\u00f3, mas pode ser \u00fatil para atenuar os sintomas, melhorar a dor, o humor e a fadiga, bem como reduzir o seu n\u00edvel de preocupa\u00e7\u00e3o.<\/p>\n\n\n\n<p>As pessoas melhoram dos sintomas funcionais sem medica\u00e7\u00e3o e ningu\u00e9m se deve sentir for\u00e7ado a tomar comprimidos, mas estes \u00e0s vezes podem ser \u00fateis. Ningu\u00e9m gosta de tomar comprimidos regularmente, mas se os seus sintomas passarem a ser muito incapacitantes, poder\u00e1 querer equacionar esta possibilidade.<\/p>\n\n\n\n<p>Mas eu n\u00e3o quero tomar antidepressivos &#8211; n\u00e3o estou deprimido!<\/p>\n\n\n\n<p>Uma revis\u00e3o de todos os estudos em pessoas com todos os tipos de sintomas funcionais (e n\u00e3o especificamente sintomas neurol\u00f3gicos funcionais, como doen\u00e7as do movimento ou ataques dissociativos) que tomaram medica\u00e7\u00e3o antidepressiva concluiu que aqueles que tomavam estes medicamentos tinham tr\u00eas vezes mais probabilidade de conseguir melhores resultados comparativamente \u00e0queles que n\u00e3o o faziam.<\/p>\n\n\n\n<p>O interessante \u00e9 verificar que isto acontecia independentemente dos pacientes estarem ou n\u00e3o deprimidos.<\/p>\n\n\n\n<p>&#8220;Antidepressivos&#8221; podem tamb\u00e9m ter um efeito \u00fatil no tratamento da ansiedade em pessoas que n\u00e3o est\u00e3o deprimidas, portanto, cham\u00e1-los de antidepressivos nesta situa\u00e7\u00e3o n\u00e3o \u00e9 o mais correto.<\/p>\n\n\n\n<p>Os antidepressivos mais antigos, como a amitriptilina, existem desde h\u00e1 d\u00e9cadas. Embora tenham sido desenvolvidos para tratar a depress\u00e3o, os m\u00e9dicos perceberam que podem ser muito \u00fateis no tratamento da dor, problemas de sono e outros sintomas como a bexiga irrit\u00e1vel, independentemente de a pessoa se sentir deprimida.<\/p>\n\n\n\n<p>Por exemplo, na dor ci\u00e1tica, a amitriptilina pode ser o f\u00e1rmaco mais eficaz para diminuir a dor do nervo (tamb\u00e9m chamada &#8220;dor neurop\u00e1tica&#8221;).<\/p>\n\n\n\n<p>Mas os antidepressivos causam depend\u00eancia, n\u00e3o causam?<\/p>\n\n\n\n<p>Uma das principais e compreens\u00edveis preocupa\u00e7\u00f5es dos pacientes \u00e9 que um comprimido antidepressivo causem depend\u00eancia. Muitas vezes, isso ocorre porque os doentes confundem ansiol\u00edticos, como Valium (Diazepam) e outros comprimidos para dormir com antidepressivos.<\/p>\n\n\n\n<p>N\u00e3o h\u00e1 evid\u00eancia de que os antidepressivos causem depend\u00eancia de modo a que a pessoa anseie por medica\u00e7\u00e3o ou requeira maior dose para obter o mesmo efeito.<\/p>\n\n\n\n<p>Com alguns dos antidepressivos mais recentes, raramente haver\u00e1 sintomas quando o comprimido \u00e9 interrompido\/esquecido. Se isso acontecer, esses sintomas de abstin\u00eancia geralmente terminam numa semana ou mais. Alguns pacientes contam sintomas de longa dura\u00e7\u00e3o desencadeados por esta s\u00edndrome de abstin\u00eancia ou pela pr\u00f3pria medica\u00e7\u00e3o.<\/p>\n\n\n\n<p>\u00c9 essencial uma conversa com seu profissional de sa\u00fade sobre os riscos e benef\u00edcios da medica\u00e7\u00e3o no seu caso individual.<\/p>\n\n\n\n<p>Alguns dos outros comprimidos que podem causar depend\u00eancia incluem comprimidos de code\u00edna e benzodiazepinas, como diazepam, alprazolam e lorazepam.<\/p>\n\n\n\n<p>Mas uma vez eu tomei Amitriptilina e parecia um zumbi!<\/p>\n\n\n\n<p>Por vezes, os pacientes com sintomas funcionais t\u00eam uma experi\u00eancia mais negativa. Isto pode ser porque, a dose inicial era muito elevada ou porque n\u00e3o receberam uma explica\u00e7\u00e3o adequada sobre o que esperar do f\u00e1rmaco.<\/p>\n\n\n\n<p>A natureza dos sintomas funcionais geralmente significa que os pacientes que tomam antidepressivos para esses sintomas podem apresentar mais efeitos colaterais do que o normal, principalmente no in\u00edcio.<\/p>\n\n\n\n<p>Geralmente \u00e9 razo\u00e1vel esperar alguns efeitos colaterais durante a primeira ou segunda semana. Estes podem incluir sonol\u00eancia, n\u00e1usea e ocasionalmente (dependendo do f\u00e1rmaco) algum grau de agita\u00e7\u00e3o. Depois disso, os efeitos colaterais geralmente desaparecem. Os benef\u00edcios do comprimido podem ser sentidos rapidamente, mas podem tamb\u00e9m ser necess\u00e1rias entre 6 a 8 semanas.<\/p>\n\n\n\n<p>Eu estou a tomar os comprimidos, mas eles n\u00e3o est\u00e3o a fazer nada<\/p>\n\n\n\n<p>Isso pode ser a dose \u00e9 muito baixa, ou porque ainda n\u00e3o passou tempo suficiente, ou porque estes n\u00e3o s\u00e3o os mais indicados para os seus sintomas. \u00c9 dif\u00edcil julgar o benef\u00edcio de um antidepressivo antes das 12 semanas de tratamento.<\/p>\n\n\n\n<p>Uma vez mais, nem todos os pacientes beneficiam com medica\u00e7\u00e3o.<\/p>\n","protected":false},"excerpt":{"rendered":"<p>Some information about medication that can sometimes be helpful and harmful for people with FND<\/p>\n","protected":false},"author":65,"featured_media":0,"parent":1012,"menu_order":302,"comment_status":"closed","ping_status":"closed","template":"page-template\/symptom-details-page-template.php","meta":[],"_links":{"self":[{"href":"https:\/\/neurosymptoms.org\/pt_PT\/wp-json\/wp\/v2\/pages\/643"}],"collection":[{"href":"https:\/\/neurosymptoms.org\/pt_PT\/wp-json\/wp\/v2\/pages"}],"about":[{"href":"https:\/\/neurosymptoms.org\/pt_PT\/wp-json\/wp\/v2\/types\/page"}],"author":[{"embeddable":true,"href":"https:\/\/neurosymptoms.org\/pt_PT\/wp-json\/wp\/v2\/users\/65"}],"replies":[{"embeddable":true,"href":"https:\/\/neurosymptoms.org\/pt_PT\/wp-json\/wp\/v2\/comments?post=643"}],"version-history":[{"count":97,"href":"https:\/\/neurosymptoms.org\/pt_PT\/wp-json\/wp\/v2\/pages\/643\/revisions"}],"predecessor-version":[{"id":15618,"href":"https:\/\/neurosymptoms.org\/pt_PT\/wp-json\/wp\/v2\/pages\/643\/revisions\/15618"}],"up":[{"embeddable":true,"href":"https:\/\/neurosymptoms.org\/pt_PT\/wp-json\/wp\/v2\/pages\/1012"}],"wp:attachment":[{"href":"https:\/\/neurosymptoms.org\/pt_PT\/wp-json\/wp\/v2\/media?parent=643"}],"curies":[{"name":"wp","href":"https:\/\/api.w.org\/{rel}","templated":true}]}}