{"id":637,"date":"2020-12-01T03:28:41","date_gmt":"2020-12-01T03:28:41","guid":{"rendered":"https:\/\/ftd.cognihealth.in\/?page_id=637"},"modified":"2024-11-01T03:47:49","modified_gmt":"2024-11-01T03:47:49","slug":"occupational-therapy","status":"publish","type":"page","link":"https:\/\/neurosymptoms.org\/pt_PT\/treatment\/occupational-therapy\/","title":{"rendered":"Terapia ocupacional"},"content":{"rendered":"\n<p>Os terapeutas ocupacionais preocupam-se com o modo como as pessoas funcionam &nbsp;nas suas atividades de vida di\u00e1ria sua e, por isso, est\u00e3o particularmente interessados no impacto dos sintomas funcionais na capacidade de cada pessoa para manter-se ativa e prosseguir a sua vida. Isso consegue-se observando as atividades di\u00e1rias de cada um e atrav\u00e9s de an\u00e1lise detalhada de cada atividade. Ao fazer isso, identificam-se quais os problemas que cada doente enfrenta para concluir uma tarefa,tarefas essas que podem ser t\u00e3o simples como lavar-se, vestir-se, alimentar-se ou mesmo regressar ao trabalho.<\/p>\n\n\n\n<p>Defini\u00e7\u00e3o de metas e objetivos<\/p>\n\n\n\n<p>A partir de onde est\u00e1 agora para onde pretende estar muitas vezes a dist\u00e2ncia pode parecer esmagadora, mas o seu terapeuta pode ajud\u00e1-lo nesta jornada, ajudando-o a definir objetivos realistas, usando o esquema abaixo.<\/p>\n\n\n\n<p>Espec\u00edficos<\/p>\n\n\n\n<p>Quantific\u00e1veis<\/p>\n\n\n\n<p>Alcan\u00e7\u00e1veis<\/p>\n\n\n\n<p>Realistas<\/p>\n\n\n\n<p>Calendarizados<\/p>\n\n\n\n<p>Usando este esquema a frase &#8220;Eu quero ser capaz de fazer o meu pr\u00f3prio pequeno-almo\u00e7o&#8221; torna-se ..<\/p>\n\n\n\n<p>&#8220;Eu vou ser capaz de fazer o meu pr\u00f3prio pequeno-almo\u00e7o em p\u00e9 no banco da cozinha e lev\u00e1-lo para a mesa da cozinha usando apenas uma muleta dentro de quatro semanas&#8221;.<\/p>\n\n\n\n<p>Geralmente, \u00e9 \u00fatil incluir os seus colegas ou familiares mais pr\u00f3ximos (e outros profissionais de sa\u00fade envolvidos nos seus cuidados, se aplic\u00e1vel) neste processo de defini\u00e7\u00e3o de objetivos e metas, para que eles entendam o esfor\u00e7o que est\u00e1 a ser aplicado.<\/p>\n\n\n\n<p>Equipamentos e Auxiliares<\/p>\n\n\n\n<p>Na maioria dos casos, a Terapia Ocupacional para pessoas &nbsp;com sintomas neurol\u00f3gicos funcionais tentam fazer reabilita\u00e7\u00e3o tende a afastar-se do uso de equipamentos e auxiliares (abordagem compensat\u00f3ria) para que atinjam os seus objetivos. Isto porque o uso de abordagens compensat\u00f3rias ajuda as pessoas a concluir uma tarefa apesar das dificuldades, mas nem sempre ajuda na reabilita\u00e7\u00e3o dessas pr\u00f3prias dificuldades.<\/p>\n\n\n\n<p>O uso de equipamentos como talas, ajudas, etc, pode causar:<\/p>\n\n\n\n<p>&#8211; Novas justifica\u00e7\u00f5es para a dor &#8211; muitas vezes, os pacientes que usam muletas para andar desenvolvem dor cr\u00f3nica nos ombros, pulsos, etc., que pode levar ao uso de cadeiras de rodas.<\/p>\n\n\n\n<p>&#8211; Pode causar uma diminui\u00e7\u00e3o nos n\u00edveis de condicionamento f\u00edsico &#8211; isso pode levar a uma exacerba\u00e7\u00e3o nos n\u00edveis de fadiga que, por sua vez, reduz o envolvimento nas atividades di\u00e1rias (conforme descrito na sec\u00e7\u00e3o Fisioterapia)<\/p>\n\n\n\n<p>&#8211; Pode chamar a aten\u00e7\u00e3o para uma \u00e1rea e aumentar o auto-foco levando a exacerba\u00e7\u00e3o dos sintomas<\/p>\n\n\n\n<p>Nos pacientes que n\u00e3o tentam melhorar com a reabilita\u00e7\u00e3o ou em que nada ajuda, equipamentos como cadeiras de rodas podem melhorar a independ\u00eancia, mas \u00e9 importante entender que eles tamb\u00e9m tornam a recupera\u00e7\u00e3o mais dif\u00edcil.<\/p>\n\n\n\n<p>Cuidadores<\/p>\n\n\n\n<p>Apesar dos cuidadores poderem ser essenciais em alguns casos para o apoiar em sua casa, o uso prolongado de cuidadores pode:<\/p>\n\n\n\n<p>&#8211; reduzir a confian\u00e7a nas suas pr\u00f3prias capacidades<\/p>\n\n\n\n<p>&#8211; diminuir a sua independ\u00eancia<\/p>\n\n\n\n<p>&#8211; se a sua fam\u00edlia est\u00e1 a cuidar de si, isso pode afetar as rela\u00e7\u00f5es familiares<\/p>\n\n\n\n<p>&#8211; quando tenta e se envolve numa atividade de forma independente ap\u00f3s um per\u00edodo de depend\u00eancia, sua capazidade de planeamento e capacidade de execu\u00e7\u00e3o podem ter diminu\u00eddo e, portanto, ser\u00e1 mais dif\u00edcil. As coisas, parecer\u00e3o mais dif\u00edceis o que poder\u00e1 impactar e afetar a sua motiva\u00e7\u00e3o para fazer novamente essas coisas numa pr\u00f3xima vez.<\/p>\n\n\n\n<p>Desenvolver independ\u00eancia atrav\u00e9s da reabilita\u00e7\u00e3o<\/p>\n\n\n\n<p>Os terapeutas ocupacionais encorajam as pessoas a trabalhar nas suas ocupa\u00e7\u00f5es di\u00e1rias segundo um padr\u00e3o de movimento normal, com depend\u00eancia reduzida de equipamentos e de informa\u00e7\u00f5es de outros. Isto promove a independ\u00eancia, bem como oportunidades de reabilita\u00e7\u00e3o e recupera\u00e7\u00e3o. Desta forma, as pessoas s\u00e3o encorajadas a participarem em todas as atividades di\u00e1rias como uma forma de reabilita\u00e7\u00e3o, uma vez que a participa\u00e7\u00e3o favorece a constru\u00e7\u00e3o de for\u00e7a e resist\u00eancia funcionais.<\/p>\n\n\n\n<p>Se tem tido dificuldades em passar o dia todo em casa, o envolvimento em atividades de lazer pode ser dif\u00edcil. Estes profissionais podem ajud\u00e1-lo a identificar os seus hobbies e interesses para voltar a envolver-se nesse tipo de atividades.<\/p>\n\n\n\n<p>Aprender a suavizar os dias bons e os dias menos bons<\/p>\n\n\n\n<p>Provavelmente notar\u00e1 que algumas das abordagens na Terapia Ocupacional podem sobrepor-se \u00e0s da Fisioterapia e Psicologia, particularmente no que diz respeito ao uso de estrat\u00e9gias de gest\u00e3o da fadiga e dor. Esta \u00e9 uma caracter\u00edstica fundamental do tratamento dos pacientes com sintomas funcionais, pois visa quebrar o ciclo in\u00fatil que muitos pacientes sentem, onde nos seus &#8220;dias bons&#8221; tendem a fazer demasiado, o que inevitavelmente leva a &#8220;dias maus&#8221;, abandono de atividades , aumento da frustra\u00e7\u00e3o e afundamento do humor. Clique nos links abaixo para obter alguns planos de Terapia Ocupacional para Doen\u00e7as Motoras Funcionais (ou seja, aquelas que causam problemas de mobilidade ou movimento).<\/p>\n\n\n\n<p>Psicologia<\/p>\n\n\n\n<p>O trabalho do terapeuta ocupacional a par dos psic\u00f3logos e de terapias cognitivo-comportamentais \u00e9 o de o ajudar a identificar fontes de ansiedade e stress e a desenvolver estrat\u00e9gias de gest\u00e3o. As sess\u00f5es podem incluir:<\/p>\n\n\n\n<p>&#8211; ajud\u00e1-lo a identificar como se sente quando est\u00e1 stressado ou ansioso atrav\u00e9s de uma melhor percep\u00e7\u00e3o de si mesmo (por exemplo, suor, aumento da frequ\u00eancia card\u00edaca).<\/p>\n\n\n\n<p>&#8211; identifica\u00e7\u00e3o das situa\u00e7\u00f5es \/ atividades stressantes.<\/p>\n\n\n\n<p>&#8211; explora\u00e7\u00e3o de t\u00e9cnicas de relaxamento e gest\u00e3o de stress.<\/p>\n\n\n\n<p>&#8211; exposi\u00e7\u00e3o gradual a situa\u00e7\u00f5es stressantes num ambiente pautado, por exemplo, pelo uso de transporte p\u00fablico usando t\u00e9cnicas de gest\u00e3o de ansiedade.<\/p>\n\n\n\n<p>&#8211; Ganhando um equil\u00edbrio saud\u00e1vel dentro da sua vida di\u00e1ria para gerir o stress.<\/p>\n\n\n\n<p>&#8211; Recapturar a sua identidade ocupacional &#8211; recuperar o sentido de &#8220;eu posso&#8221;, quebrando a evic\u00e7\u00e3o e encorajando os riscos positivos.<\/p>\n\n\n\n<p>Gerir o emprego ou retomar o trabalho<\/p>\n\n\n\n<p>Manter o emprego ou volter ao trabalho ap\u00f3s um per\u00edodo de doen\u00e7a pode ser muito dif\u00edcil. As pessoas com quem trabalha tendem a ter uma compreens\u00e3o limitada dos seus problemas e, de facto, alguns dos seus sintomas podem estar &#8220;ocultos&#8221;, por exemplo, fadiga e s\u00e3o dif\u00edceis de explicar. Os terapeutas ocupacionais est\u00e3o bem posicionados para ajud\u00e1-lo com estas quest\u00f5es, podendo fazer isso atrav\u00e9s de:<\/p>\n\n\n\n<p>&#8211; identifica\u00e7\u00e3o das suas principais dificuldades<\/p>\n\n\n\n<p>&#8211; Resolver esses problemas<\/p>\n\n\n\n<p>&#8211; Estabelecimento de liga\u00e7\u00e3o com a entidade empregadora<\/p>\n\n\n\n<p>&#8211; oferecendo conselhos sobre ajustes razo\u00e1veis, por exemplo, hor\u00e1rios de trabalho alternativos, comunica\u00e7\u00e3o assertiva no seu local de trabalho.<\/p>\n\n\n\n<p>&#8211; Preparando-o para voltar ao trabalho<\/p>\n\n\n\n<p>&#8211; implementa\u00e7\u00e3o de mudan\u00e7as ambientais<\/p>\n\n\n\n<p>&#8220;Obrigado a SUE HUMBLESTONE e CLARE NICHOLSON, TERAPEUTAS OCUPACIONAIS do HOSPITAL NACIONAL DE NEUROLOGIA e NEUROCIRURGIA, LONDRES por contribu\u00edrem com esta p\u00e1gina para o site. Eles explicam como eles usam a terapia ocupacional no tratamento multidisciplinar de pacientes com dist\u00farbios neurol\u00f3gicos funcionais&#8221;. Jon Stone<\/p>\n","protected":false},"excerpt":{"rendered":"<p>The primary goal of occupational therapy is to enable people to participate in daily activities that they need to do, want to do or are expected to do.<\/p>\n","protected":false},"author":65,"featured_media":1809,"parent":1012,"menu_order":299,"comment_status":"closed","ping_status":"closed","template":"page-template\/symptom-details-page-template.php","meta":[],"_links":{"self":[{"href":"https:\/\/neurosymptoms.org\/pt_PT\/wp-json\/wp\/v2\/pages\/637"}],"collection":[{"href":"https:\/\/neurosymptoms.org\/pt_PT\/wp-json\/wp\/v2\/pages"}],"about":[{"href":"https:\/\/neurosymptoms.org\/pt_PT\/wp-json\/wp\/v2\/types\/page"}],"author":[{"embeddable":true,"href":"https:\/\/neurosymptoms.org\/pt_PT\/wp-json\/wp\/v2\/users\/65"}],"replies":[{"embeddable":true,"href":"https:\/\/neurosymptoms.org\/pt_PT\/wp-json\/wp\/v2\/comments?post=637"}],"version-history":[{"count":148,"href":"https:\/\/neurosymptoms.org\/pt_PT\/wp-json\/wp\/v2\/pages\/637\/revisions"}],"predecessor-version":[{"id":15617,"href":"https:\/\/neurosymptoms.org\/pt_PT\/wp-json\/wp\/v2\/pages\/637\/revisions\/15617"}],"up":[{"embeddable":true,"href":"https:\/\/neurosymptoms.org\/pt_PT\/wp-json\/wp\/v2\/pages\/1012"}],"wp:featuredmedia":[{"embeddable":true,"href":"https:\/\/neurosymptoms.org\/pt_PT\/wp-json\/wp\/v2\/media\/1809"}],"wp:attachment":[{"href":"https:\/\/neurosymptoms.org\/pt_PT\/wp-json\/wp\/v2\/media?parent=637"}],"curies":[{"name":"wp","href":"https:\/\/api.w.org\/{rel}","templated":true}]}}