{"id":631,"date":"2020-12-01T02:51:31","date_gmt":"2020-12-01T02:51:31","guid":{"rendered":"https:\/\/ftd.cognihealth.in\/?page_id=631"},"modified":"2024-11-01T03:45:31","modified_gmt":"2024-11-01T03:45:31","slug":"understanding-fnd","status":"publish","type":"page","link":"https:\/\/neurosymptoms.org\/pt_PT\/treatment\/understanding-fnd\/","title":{"rendered":"Compreender a situa\u00e7\u00e3o"},"content":{"rendered":"\n<p>Se ainda n\u00e3o leu estas p\u00e1ginas, recomendamos a sua consulta:<\/p>\n\n\n\n<p><a href=\"http:\/\/neurosintomaspt.org\/causas\/4594522204\">Causas &#8211; o que causa os sintomas Funcionais?<\/a><\/p>\n\n\n\n<p><a href=\"http:\/\/neurosintomaspt.org\/estou-a-imaginar\/4594522208\">N\u00e3o estou a imaginar &#8211; Sintomas funcionais &#8211; &#8216;tu<\/a>do na minha mente&#8217;<\/p>\n\n\n\n<p><a href=\"http:\/\/neurosintomaspt.org\/causas\/4594522204\">Doentes com sintomas funcionais frequentemente sentem-se frustrados com a aparente aus\u00eancia de tratamento para a sua condi\u00e7\u00e3o. Muitas vezes, esta aus\u00eancia de tratamento expl\u00edcito \u00e9 um dos motivos que os leva a&nbsp;<\/a>questionar o pr\u00f3prio diagn\u00f3stico.<\/p>\n\n\n\n<p><a href=\"http:\/\/neurosintomaspt.org\/causas\/4594522204\">Mesmo quando um doente compreende o diagn\u00f3stico, pode ser frustrante n\u00e3o existir uma medica\u00e7\u00e3o que conduza ao al\u00edvio r\u00e1pido dos sintomas.<\/a><\/p>\n\n\n\n<p><a href=\"http:\/\/neurosintomaspt.org\/causas\/4594522204\">N\u00e3o h\u00e1 tratamentos r\u00e1pidos e milagrosis para al\u00edvio de sintomas funcionais, mas com tempo e esfor\u00e7o os seus sintomas podem tornar-se menos intrusivos e voc\u00ea poder\u00e1 com<\/a>e\u00e7ar a sentir-se melhor.<\/p>\n\n\n\n<p><a href=\"http:\/\/neurosintomaspt.org\/causas\/4594522204\">Doentes que melhoram dizem que um dos fatores mais importantes no processo de recupera\u00e7\u00e3o est\u00e1 relacionado com a explica\u00e7\u00e3o do diagn\u00f3stico e com o facto desta ter ou n\u00e3o feito sentido para eles.<\/a><\/p>\n\n\n\n<p><a href=\"http:\/\/neurosintomaspt.org\/causas\/4594522204\">Os elementos-chave desta explica\u00e7\u00e3o&nbsp;<\/a>parecem ser<\/p>\n\n\n\n<p><a href=\"http:\/\/neurosintomaspt.org\/causas\/4594522204\">1. Estes sintomas s\u00e3o comuns &#8211; o&nbsp;<\/a><strong><a href=\"http:\/\/neurosintomaspt.org\/causas\/4594522204\">doente n\u00e3o \u00e9 estranho ou diferente<\/a><\/strong><a href=\"http:\/\/neurosintomaspt.org\/causas\/4594522204\">&nbsp;por os sentir<\/a><\/p>\n\n\n\n<p><a href=\"http:\/\/neurosintomaspt.org\/causas\/4594522204\">2. Os sintomas s\u00e3o genu\u00ednos &#8211; voc\u00ea&nbsp;<\/a><strong><a href=\"http:\/\/neurosintomaspt.org\/causas\/4594522204\">n\u00e3o os est\u00e1 a imaginar<\/a><\/strong><\/p>\n\n\n\n<p><a href=\"http:\/\/neurosintomaspt.org\/causas\/4594522204\">3. Os sintomas s\u00e3o&nbsp;<\/a><strong><a href=\"http:\/\/neurosintomaspt.org\/causas\/4594522204\">potencialme<\/a><\/strong><strong><a href=\"http:\/\/neurosintomaspt.org\/causas\/4594522204\">nte revers\u00edveis<\/a><\/strong><\/p>\n\n\n\n<p><a href=\"http:\/\/neurosintomaspt.org\/causas\/4594522204\">4.&nbsp;<\/a><strong><a href=\"http:\/\/neurosintomaspt.org\/causas\/4594522204\">N\u00e3o&nbsp;<\/a><\/strong><strong><a href=\"http:\/\/neurosintomaspt.org\/causas\/4594522204\">\u00e9 culpa sua&nbsp;<\/a><\/strong><a href=\"http:\/\/neurosintomaspt.org\/causas\/4594522204\">o f<\/a><a href=\"http:\/\/neurosintomaspt.org\/causas\/4594522204\">acto de sentir estes sint<\/a>omas<\/p>\n\n\n\n<p><a href=\"http:\/\/neurosintomaspt.org\/causas\/4594522204\">5.&nbsp;<\/a><a href=\"http:\/\/neurosintomaspt.org\/causas\/4594522204\">No entanto,&nbsp;<\/a><strong><a href=\"http:\/\/neurosintomaspt.org\/causas\/4594522204\">o processo de recupera\u00e7\u00e3o e envolvi<\/a><\/strong><strong>mento vai requerer esfor\u00e7o da sua parte<\/strong><\/p>\n\n\n\n<p><a href=\"http:\/\/neurosintomaspt.org\/causas\/4594522204\">C<\/a>onsultar este website vai ajud\u00e1-lo a compreender melhor a sua situa\u00e7\u00e3o e a ultrapass\u00e1-la.<\/p>\n\n\n\n<p><a href=\"http:\/\/neurosintomaspt.org\/causas\/4594522204\">Se conseguir chegar a um ponto em que o diagn\u00f3stico fa\u00e7a sentido para si, n\u00e3o voltar\u00e1 a sentir-se preocupado co a possibilidade de um outro diagn\u00f3stico, e sentir\u00e1 que muitas outras pessoas sentem o mesmo e que eventualmente sentir-se-\u00e1 melhor: este \u00e9 o primeiro passo para um tr<\/a>atamento bem sucedido.<\/p>\n","protected":false},"excerpt":{"rendered":"<p>Understanding why the diagnosis of FND has been made is an important starting point in treatment<\/p>\n","protected":false},"author":65,"featured_media":0,"parent":1012,"menu_order":296,"comment_status":"closed","ping_status":"closed","template":"page-template\/symptom-details-page-template.php","meta":[],"_links":{"self":[{"href":"https:\/\/neurosymptoms.org\/pt_PT\/wp-json\/wp\/v2\/pages\/631"}],"collection":[{"href":"https:\/\/neurosymptoms.org\/pt_PT\/wp-json\/wp\/v2\/pages"}],"about":[{"href":"https:\/\/neurosymptoms.org\/pt_PT\/wp-json\/wp\/v2\/types\/page"}],"author":[{"embeddable":true,"href":"https:\/\/neurosymptoms.org\/pt_PT\/wp-json\/wp\/v2\/users\/65"}],"replies":[{"embeddable":true,"href":"https:\/\/neurosymptoms.org\/pt_PT\/wp-json\/wp\/v2\/comments?post=631"}],"version-history":[{"count":102,"href":"https:\/\/neurosymptoms.org\/pt_PT\/wp-json\/wp\/v2\/pages\/631\/revisions"}],"predecessor-version":[{"id":15675,"href":"https:\/\/neurosymptoms.org\/pt_PT\/wp-json\/wp\/v2\/pages\/631\/revisions\/15675"}],"up":[{"embeddable":true,"href":"https:\/\/neurosymptoms.org\/pt_PT\/wp-json\/wp\/v2\/pages\/1012"}],"wp:attachment":[{"href":"https:\/\/neurosymptoms.org\/pt_PT\/wp-json\/wp\/v2\/media?parent=631"}],"curies":[{"name":"wp","href":"https:\/\/api.w.org\/{rel}","templated":true}]}}