{"id":621,"date":"2020-12-01T02:39:19","date_gmt":"2020-12-01T02:39:19","guid":{"rendered":"https:\/\/ftd.cognihealth.in\/?page_id=621"},"modified":"2024-11-01T03:26:28","modified_gmt":"2024-11-01T03:26:28","slug":"why-has-it-happened","status":"publish","type":"page","link":"https:\/\/neurosymptoms.org\/pt_PT\/causes\/why-has-it-happened\/","title":{"rendered":"Porqu\u00ea que isto me aconteceu?"},"content":{"rendered":"\n<p>Quais s\u00e3o as raz\u00f5es que levam a altera\u00e7\u00f5es na fun\u00e7\u00e3o do sistema nervoso descritas na&nbsp;p\u00e1gina an<a href=\"http:\/\/neurosintomaspt.org\/causas\/4594522204\">terior<\/a><a href=\"http:\/\/neurosintomaspt.org\/causas\/4594522204\">?<\/a><\/p>\n\n\n\n<p>A resposta parece ser que h\u00e1 v\u00e1rias potenciais raz\u00f5es pelas quais um indiv\u00edduo se torna mais propenso ao desenvolvimento de sintomas funcionais. Estas podem dividir-se em:<\/p>\n\n\n\n<p><strong>Fatores predisponentes:&nbsp;<\/strong>aconteceram antes do in\u00edcio dos sintomas;<\/p>\n\n\n\n<p><strong>Fatores precipitantes:&nbsp;<\/strong>acontecem em simult\u00e2neo com o inicio dos sintomas;<\/p>\n\n\n\n<p>F<strong>atores Perpetuadores<\/strong>: acontecem ap\u00f3s o in\u00edcio dos sintomas<\/p>\n\n\n\n<p>Estes fatores podem ser<\/p>\n\n\n\n<p><strong>Biol\u00f3gicos:<\/strong>&nbsp;em que, por exemplo, h\u00e1 uma vulnerabilidade gen\u00e9tica para os sintomas;<\/p>\n\n\n\n<p><strong>Psicol\u00f3gicos:<\/strong>&nbsp;por exemplo quando a pessoa se preocupa com uma cefaleia com receio que seja um tumor cerebral, o que frequentemente favorece o agravamento da cefaleia.<\/p>\n\n\n\n<p><strong>Sociais:<\/strong>&nbsp;por exemplo, situa\u00e7\u00f5es de insatisfa\u00e7\u00e3o com o trabalho, os colegas ou o patr\u00e3o, que tendem a perpetuar sentimentos de frustra\u00e7\u00e3o.<\/p>\n\n\n\n<p>Isto \u00e9 chamado de &#8220;modelo biopsicossocial de doen\u00e7a&#8221;. N\u00e3o se aplica apenas a sintomas funcionais. Uma doen\u00e7a tem dimens\u00e3o social e psicol\u00f3gica. Algu\u00e9m com esclerose m\u00faltipla que se sente mal ou tem problemas financeiros tende a sentir-se pior do que outro doente com esclerose m\u00faltipla que n\u00e3o se sinta infeliz ou n\u00e3o esteja sujeito a outros fatores de stress.<\/p>\n\n\n\n<p>Os nossos modelos pelos quais os sintomas funcionais surgem est\u00e3o incompletos. Muitos destes fatores tendem a ser relevantes para muitos outros sintomas.<\/p>\n\n\n\n<p>Muitas vezes \u00e9 pouco claro o porqu\u00ea de algu\u00e9m com certos fatores de vulnerabilidade desenvolve d\u00e9fice motor funcional de um lado do corpo ou come\u00e7a a notar um tremor.<\/p>\n\n\n\n<p><a href=\"http:\/\/neurosintomaspt.org\/doencas-do-movimento\/4594522181\">A<\/a>lgumas explica\u00e7\u00f5es sobre o porqu\u00ea destes sintoas surgirem s\u00e3o discutidos nas p\u00e1ginas de sintomas respetivas deste website.<\/p>\n\n\n\n<p>A tabela abaixo mostra alguns fatores que podem ser relevantes para o desenvolvimento de sintomas funcionais. Estes fatores e a sua import\u00e2ncia relativa variam imenso de pessoa para pessoa.<\/p>\n\n\n\n<p>\u00c9 especialmente importante definir que:<\/p>\n\n\n\n<p>O DOENTE N\u00c3O PRECISA DE SE SENTIR STRESSADO, DEPRIMIDO OU ANSIOSO PARA DESENVOLVER SINTOMAS FUNCIONAIS.<\/p>\n\n\n\n<p>UMA INF\u00c2NCIA PROBLEM\u00c1TICA OU SITUA\u00c7\u00c3O SOCIAL ADVERSA N\u00c3O \u00c9 CONDI\u00c7\u00c3O NECSS\u00c1RIA PARA O DESENVOLVIMENTO DE SINTOMAS FUNCIONAIS.<\/p>\n\n\n\n<p>H\u00e1 muitas pessoas nas quais estes fatores podem ser relevantes no estabelecimento de vulnerabilidade, que n\u00e3o desempenham a mesma pessoa. \u00c9 um erro achar que todos estes fatores discutidos t\u00eam necessariamente de estar presentes nos doentes com perturba\u00e7\u00e3o funcional.<\/p>\n\n\n\n<h1>Porqu\u00ea que isto aconteceu?&#8230;<\/h1>\n\n\n\n<figure class=\"wp-block-image\"><img src=\"http:\/\/neurosintomaspt.org\/communities\/1\/004\/013\/634\/381\/\/images\/4635588690.jpg\" alt=\"Biopsychosocial\"\/><\/figure>\n\n\n\n<p>Se no passado viveu uma experi\u00eancia menos positiva na sua vida, pode sentir que a situa\u00e7\u00e3o \u00e9 irrevers\u00edvel tendo em conta que &#8216;o mal j\u00e1 foi feito&#8217;. Este n\u00e3o \u00e9 o caso. Assim, o tratamento habitualmente foca-se nos fatores perspetuadores de doen\u00e7a.<\/p>\n\n\n\n<p>Sugere-se a consulta da tabela para an\u00e1lise de fatores de risco pessoais potenciais e se haver\u00e1 al<a href=\"http:\/\/neurosintomaspt.org\/tratamento\/4594522209\">guma interven\u00e7\u00e3o que possa ser<\/a>&nbsp;feita neste campo.<\/p>\n\n\n\n<p>Para ler mais sobre casos i<a href=\"http:\/\/neurosintomaspt.org\/page\/4594358059\">ndivi<\/a>duais clique&nbsp;aqui.<\/p>\n","protected":false},"excerpt":{"rendered":"<p>There are many potential reasons why an individual can become vulnerable to FND<\/p>\n","protected":false},"author":65,"featured_media":0,"parent":1010,"menu_order":156,"comment_status":"closed","ping_status":"closed","template":"page-template\/symptom-details-page-template.php","meta":[],"_links":{"self":[{"href":"https:\/\/neurosymptoms.org\/pt_PT\/wp-json\/wp\/v2\/pages\/621"}],"collection":[{"href":"https:\/\/neurosymptoms.org\/pt_PT\/wp-json\/wp\/v2\/pages"}],"about":[{"href":"https:\/\/neurosymptoms.org\/pt_PT\/wp-json\/wp\/v2\/types\/page"}],"author":[{"embeddable":true,"href":"https:\/\/neurosymptoms.org\/pt_PT\/wp-json\/wp\/v2\/users\/65"}],"replies":[{"embeddable":true,"href":"https:\/\/neurosymptoms.org\/pt_PT\/wp-json\/wp\/v2\/comments?post=621"}],"version-history":[{"count":189,"href":"https:\/\/neurosymptoms.org\/pt_PT\/wp-json\/wp\/v2\/pages\/621\/revisions"}],"predecessor-version":[{"id":15587,"href":"https:\/\/neurosymptoms.org\/pt_PT\/wp-json\/wp\/v2\/pages\/621\/revisions\/15587"}],"up":[{"embeddable":true,"href":"https:\/\/neurosymptoms.org\/pt_PT\/wp-json\/wp\/v2\/pages\/1010"}],"wp:attachment":[{"href":"https:\/\/neurosymptoms.org\/pt_PT\/wp-json\/wp\/v2\/media?parent=621"}],"curies":[{"name":"wp","href":"https:\/\/api.w.org\/{rel}","templated":true}]}}