{"id":611,"date":"2020-11-30T16:10:36","date_gmt":"2020-11-30T16:10:36","guid":{"rendered":"https:\/\/ftd.cognihealth.in\/?page_id=611"},"modified":"2024-11-01T03:39:37","modified_gmt":"2024-11-01T03:39:37","slug":"ibs-chest-and-other-symptoms","status":"publish","type":"page","link":"https:\/\/neurosymptoms.org\/pt_PT\/symptoms\/common-associated-symptoms\/ibs-chest-and-other-symptoms\/","title":{"rendered":"Outras Doen\u00e7as e Sintomas Funcionais"},"content":{"rendered":"\n<p>V\u00e1rios estudos demonstraram que pacientes com sintomas neurol\u00f3gicos funcionais apresentam com maior frequ\u00eancia outros sintomas funcionais noutras partes do corpo.<\/p>\n\n\n\n<p>Estes podem incluir:<\/p>\n\n\n\n<p>S\u00edndrome do intestino irrit\u00e1vel<\/p>\n\n\n\n<p>Azia e indigest\u00e3o inexplic\u00e1veis (dispepsia funcional)<\/p>\n\n\n\n<p>Fibromialgia (ver dor)<\/p>\n\n\n\n<p>Disfun\u00e7\u00e3o da Articula\u00e7\u00e3o Temporomandibular<\/p>\n\n\n\n<p>Dor Facial At\u00edpica<\/p>\n\n\n\n<p>S\u00edndrome de Dor Lombar e Hemat\u00faria<\/p>\n\n\n\n<p>Fadiga &nbsp;Cr\u00f3nica Inexplic\u00e1vel (veja fadiga)<\/p>\n\n\n\n<p>Dor p\u00e9lvica cr\u00f3nica \/ per\u00edodos de dor intensa<\/p>\n\n\n\n<p>Dor tor\u00e1cica at\u00edpica<\/p>\n\n\n\n<p>Hiperventila\u00e7\u00e3o Cr\u00f3nica<\/p>\n\n\n\n<p>\u00c0s vezes, isso reflete uma vulnerabilidade de longa data a esses sintomas, com diferentes sintomas que v\u00e3o e v\u00eam desde o final da adolesc\u00eancia \/ in\u00edcio dos 20 anos.<\/p>\n\n\n\n<p>Nem sempre \u00e9 este o caso. Poder\u00e1 ter qualquer um dos sintomas funcionais descritos neste site isoladamente ou pode ser muito saud\u00e1vel at\u00e9 aos 40 ou 50 anos e, em seguida, desenvolver muitos sintomas funcionais, mesmo se nunca os tiver tido antes.<\/p>\n\n\n\n<p>Mas pode ser \u00fatil ver que n\u00e3o est\u00e1 sozinho e que estas doen\u00e7as s\u00e3o bem reconhecidas.<\/p>\n\n\n\n<p>S\u00edndrome do Intestino Irrit\u00e1vel (SII)<\/p>\n\n\n\n<p>Esta doen\u00e7a comum geralmente manifesta-se com dilata\u00e7\u00e3o abdominal ou dor associada a obstipa\u00e7\u00e3o e\/ou diarreia. Juntamente com outros problemas abdominais funcionais, \u00e9 respons\u00e1vel por entre um ter\u00e7o a metade de todos os pacientes observados em servi\u00e7os de gastroenterologia no hospital. Assim como os sintomas neurol\u00f3gicos funcionais, n\u00e3o h\u00e1 nenhuma doen\u00e7a estrutural que cause estes sintomas. Os gastroenterologistas v\u00eaem a SII como um problema genu\u00edno causado por um dist\u00farbio na fun\u00e7\u00e3o do trato gastrointestinal. O foco de aten\u00e7\u00e3o nesta doen\u00e7a tem sido observar perturba\u00e7\u00f5es no controlo nervoso do intestino (incluindo o c\u00e9rebro).<\/p>\n\n\n\n<p>A S\u00edndrome do C\u00f3lon Irrit\u00e1vel foi definida por especialistas em gastroenterologia como:<\/p>\n\n\n\n<p>Pelo menos 3 meses, com pelo menos 6 meses de dor ou desconforto abdominal* associados a 2 ou mais dos seguintes:<\/p>\n\n\n\n<p>\u2022 Melhoria com a defeca\u00e7\u00e3o; e \/ ou<\/p>\n\n\n\n<p>\u2022 In\u00edcio associado a uma altera\u00e7\u00e3o na frequ\u00eancia das fezes; e \/ ou<\/p>\n\n\n\n<p>\u2022 In\u00edcio associado a uma mudan\u00e7a na forma (apar\u00eancia) das fezes<\/p>\n\n\n\n<p>* Desconforto significa uma sensa\u00e7\u00e3o desconfort\u00e1vel n\u00e3o descrita como dor.<\/p>\n\n\n\n<p>Dispepsia Funcional (SII)<\/p>\n\n\n\n<p>Quando as pessoas t\u00eam sintomas de azia ou indigest\u00e3o, mas nada explica os sintomas quando realizam exames adequados. A dispepsia funcional foi definida por especialistas de gastroenterologia como:<\/p>\n\n\n\n<p>Pelo menos 3 meses, com pelo menos 6 meses de anteced\u00eancia, de 1 ou mais dos seguintes:<\/p>\n\n\n\n<p>\u2022 Sensa\u00e7\u00e3o de preenchimento p\u00f3s-prandial inc\u00f3modo<\/p>\n\n\n\n<p>\u2022 saciedade precoce<\/p>\n\n\n\n<p>\u2022 dor epig\u00e1strica<\/p>\n\n\n\n<p>\u2022 Queimadura epig\u00e1strica e<\/p>\n\n\n\n<p>\u2022 Nenhuma evid\u00eancia de doen\u00e7a estrutural (inclusive na endoscopia digestiva alta) que possa explicar os sintomas<\/p>\n\n\n\n<p>Dor p\u00e9lvica cr\u00f3nica \/ per\u00edodos dolorosos intensos<\/p>\n\n\n\n<p>Em mulheres com sintomas neurol\u00f3gicos funcionais, h\u00e1 um aumento not\u00e1vel na frequ\u00eancia de problemas ginecol\u00f3gicos. Isso pode incluir<\/p>\n\n\n\n<p>\u2022 dor intensa durante o per\u00edodo menstrual<\/p>\n\n\n\n<p>\u2022 menstrua\u00e7\u00f5es abundantes<\/p>\n\n\n\n<p>\u2022 dor p\u00e9lvica cr\u00f3nica<\/p>\n\n\n\n<p>Como resultado desses sintomas, a taxa de histerectomias (remo\u00e7\u00e3o do \u00fatero) \u00e9 muito maior em pacientes com sintomas neurol\u00f3gicos funcionais do que na popula\u00e7\u00e3o geral.<\/p>\n\n\n\n<p>Embora haja uma clara associa\u00e7\u00e3o com estes problemas ginecol\u00f3gicos, n\u00e3o se sabe claramente o que est\u00e1 por tr\u00e1s do seu aparecimento. Uma vulnerabilidade aos sintomas e s\u00edndromes de dor pode ser relevante.<\/p>\n\n\n\n<p>O mais \u00fatil a saber \u00e9 que, caso tenha uma hist\u00f3ria de problemas ginecol\u00f3gicos e agora tem sintomas neurol\u00f3gicos funcionais, isso pode n\u00e3o ser uma completa coincid\u00eancia.<\/p>\n\n\n\n<p>Homens com sintomas neurol\u00f3gicos funcionais tamb\u00e9m s\u00e3o provavelmente mais propensos a desenvolver dor testicular da mesma maneira, embora a literatura sobre isso seja mais escassa.<\/p>\n\n\n\n<p>Dor Tor\u00e1cica At\u00edpica<\/p>\n\n\n\n<p>Quando as pessoas procuram o hospital por dor tor\u00e1cica, cerca de um ter\u00e7o dos pacientes n\u00e3o tem evid\u00eancia de doen\u00e7a arterial coron\u00e1ria, est\u00f4mago \/ garganta ou outra causa reconhecida de dor. A sua dor \u00e9 real, por\u00e9m, pode ser recorrente e assustadora, pois assemelha-se a sintomas de angina ou aos de um enfarte do mioc\u00e1rdio.<\/p>\n\n\n\n<p>Muitas vezes, esta apresenta\u00e7\u00e3o \u00e9 chamada de dor tor\u00e1cica at\u00edpica. \u00c9 outro sintoma funcional que corresponde a uma s\u00edndrome de dor que afeta o t\u00f3rax (ver dor). Dor no peito \u00e9 sempre algo alarmante. Al\u00e9m disso, o alarme, sob a forma de ansiedade severa aguda (chamada de p\u00e2nico), normalmente causa uma sensa\u00e7\u00e3o ainda maior de aperto no peito. Por isso, \u00e9 f\u00e1cil ver como estas duas condi\u00e7\u00f5es podem agravar-se umas \u00e0s outras num c\u00edrculo vicioso.<\/p>\n\n\n\n<p>\u00c9 importante reconhecer que muitas pessoas com dor tor\u00e1cica at\u00edpica n\u00e3o s\u00e3o t\u00e3o ansiosas e n\u00e3o entram em p\u00e2nico.<\/p>\n\n\n\n<p>Hiperventila\u00e7\u00e3o cr\u00f3nica<\/p>\n\n\n\n<p>As pessoas que hiperventilam cronicamente (respiram muito r\u00e1pido e \/ ou muito profundamente) podem apresentar v\u00e1rios sintomas neurol\u00f3gicos, incluindo tonturas, formigueiros, cansa\u00e7o e falta de ar. Os pacientes podem ter baixos n\u00edveis de di\u00f3xido de carbono em circula\u00e7\u00e3o por respirarem muito e isso vai exacerbra os sintomas de uma forma fisiol\u00f3gica.<\/p>\n\n\n\n<p>Tipicamente, a hiperventila\u00e7\u00e3o faz parte de um complexo conjunto de sintomas, mas n\u00e3o \u00e9 a ra\u00edz do seu aparecimento. No entanto, o tratamento projetado para melhorar a respira\u00e7\u00e3o, \u00e0s vezes chamado de reconvers\u00e3o respirat\u00f3ria, poder\u00e1 ser muito \u00fatil para melhorar os outros sintomas.<\/p>\n","protected":false},"excerpt":{"rendered":"<p>Irritable bowel syndrome, functional dyspepsia, atypical chest pain and dysfunctional breathing are all examples of other functional symptoms and disorders <\/p>\n","protected":false},"author":65,"featured_media":0,"parent":939,"menu_order":277,"comment_status":"closed","ping_status":"closed","template":"page-template\/symptom-details-page-template.php","meta":[],"_links":{"self":[{"href":"https:\/\/neurosymptoms.org\/pt_PT\/wp-json\/wp\/v2\/pages\/611"}],"collection":[{"href":"https:\/\/neurosymptoms.org\/pt_PT\/wp-json\/wp\/v2\/pages"}],"about":[{"href":"https:\/\/neurosymptoms.org\/pt_PT\/wp-json\/wp\/v2\/types\/page"}],"author":[{"embeddable":true,"href":"https:\/\/neurosymptoms.org\/pt_PT\/wp-json\/wp\/v2\/users\/65"}],"replies":[{"embeddable":true,"href":"https:\/\/neurosymptoms.org\/pt_PT\/wp-json\/wp\/v2\/comments?post=611"}],"version-history":[{"count":131,"href":"https:\/\/neurosymptoms.org\/pt_PT\/wp-json\/wp\/v2\/pages\/611\/revisions"}],"predecessor-version":[{"id":15602,"href":"https:\/\/neurosymptoms.org\/pt_PT\/wp-json\/wp\/v2\/pages\/611\/revisions\/15602"}],"up":[{"embeddable":true,"href":"https:\/\/neurosymptoms.org\/pt_PT\/wp-json\/wp\/v2\/pages\/939"}],"wp:attachment":[{"href":"https:\/\/neurosymptoms.org\/pt_PT\/wp-json\/wp\/v2\/media?parent=611"}],"curies":[{"name":"wp","href":"https:\/\/api.w.org\/{rel}","templated":true}]}}