{"id":606,"date":"2020-11-30T16:08:47","date_gmt":"2020-11-30T16:08:47","guid":{"rendered":"https:\/\/ftd.cognihealth.in\/?page_id=606"},"modified":"2025-10-16T08:53:14","modified_gmt":"2025-10-16T08:53:14","slug":"visuals-symptoms","status":"publish","type":"page","link":"https:\/\/neurosymptoms.org\/pt_PT\/symptoms\/fnd-symptoms\/visuals-symptoms\/","title":{"rendered":"Sintomas Visuais"},"content":{"rendered":"\n<p>Os sintomas visuais podem ser funcionais ou dissociativos. Os seguintes tipos de sintomas s\u00e3o bastante comuns:<\/p>\n\n\n\n<p>Vis\u00e3o desfocada<\/p>\n\n\n\n<p>Normalmente as pessoas queixam-se que a sua vis\u00e3o fica &#8220;turva&#8221; de forma intermitente e eles t\u00eam que levantar os olhos para fazer com que as coisas voltem ao normal. \u00c0s vezes a vis\u00e3o pode ser dupla. Este sintoma \u00e9 frequentemente devido ao &#8220;espasmo de converg\u00eancia&#8221; &#8211; quando um dos olhos est\u00e3o ativamente direcionados para o nariz do pr\u00f3prio. Converg\u00eancia \u00e9 um movimento ocular normal, mas \u00e0s vezes torna-se hiperativo em pacientes com sintomas funcionais.<\/p>\n\n\n\n<p>Sensibilidade \u00e0 luz (fotofobia)<\/p>\n\n\n\n<p>Comum em pessoas com s\u00edndrome de fadiga cr\u00f3nica. Tamb\u00e9m pode ocorrer em pessoas com d\u00e9fice motor funcional e sintomas sensitivos. Muitas vezes as pessoas s\u00e3o mais sens\u00edveis \u00e0 luz do mesmo lado da par\u00e9sia. A luz forte pode at\u00e9 piorar a par\u00e9sia.<\/p>\n\n\n\n<p>Uma resposta natural a este sintoma costuma ser usar \u00f3culos com lentes escuras. O problema disso \u00e9 que isso tende a tornar os olhos ainda mais sens\u00edveis \u00e0 luz. A melhor abordagem para a sensibilidade \u00e0 luz \u00e9 expor gradualmente os olhos a mais e mais luz ao longo do tempo, o que pode ter de ser feito gradualmente.<\/p>\n\n\n\n<p>Perda de acuidade visual<\/p>\n\n\n\n<p>Mais raramente, as pessoas podem sofrer uma perda significativa da vis\u00e3o num ou em ambos os olhos. Ocasionalmente as pessoas deixam de conseguir ver. Nessa situa\u00e7\u00e3o, o diagn\u00f3stico de cegueira funcional ser\u00e1 feito por testes que mostram que as pupilas est\u00e3o a reagir normalmente, os olhos est\u00e3o a reagir a um est\u00edmulo em movimento e as partes do c\u00e9rebro relacionadas com a vis\u00e3o est\u00e3o todas elas intactas.<\/p>\n\n\n\n<p>As pessoas com sintomas visuais funcionais podem ter sinais cl\u00ednicos, como um &#8220;defeito de campo visual tubular&#8221; ou campos em espiral quando submetidos a avalia\u00e7\u00f5es formais dos campos visuais (ver imagens ao lado).<\/p>\n\n\n\n<p>&#8220;Visual Snow&#8221; e Fen\u00f3menos de Persist\u00eancia Visual<\/p>\n\n\n\n<p>\u00c0s vezes as pessoas come\u00e7am a notar um efeito de neve no campo visual. Isso pode ser devido a uma altera\u00e7\u00e3o no olho ou no c\u00e9rebro, mas tamb\u00e9m pode ser um fen\u00f3meno normal. Se algu\u00e9m olhar para um fundo claro, pode ter a sensa\u00e7\u00e3o de que as coisas se est\u00e3o a mover. Em algumas pessoas isso persiste no tempo. Normalmente, o c\u00e9rebro bloqueia essa informa\u00e7\u00e3o visual adicional. Este &#8220;efeito de neve&#8221; tamb\u00e9m pode estar associado a epis\u00f3dios de enxaqueca.<\/p>\n\n\n\n<p>As pessoas tamb\u00e9m podem aperceber-se da persist\u00eancia de imagens visuais, especialmente depois de estarem a olhar para algo durante um tempo ou se estiverem a tentar seguir um objeto em movimento. \u00c9 importante excluir uma causa neurol\u00f3gica ou oftalmol\u00f3gica, mas pode dar-se o facto destes sintomas surgirem sem que haja uma doen\u00e7a neurol\u00f3gica. Pode ser devido a um problema no mecanismo normal de &#8220;filtragem&#8221; do c\u00e9rebro, que bloqueia o excesso de informa\u00e7\u00e3o visual.<\/p>\n\n\n\n<figure class=\"wp-block-image size-large is-resized\"><img loading=\"lazy\" src=\"https:\/\/pre-prod.neurosymptoms.org\/wp-content\/uploads\/2021\/11\/espasmo-de-convergencia.png\" alt=\"\" class=\"wp-image-4788\" width=\"539\" height=\"298\" srcset=\"https:\/\/neurosymptoms.org\/wp-content\/uploads\/2021\/11\/espasmo-de-convergencia.png 539w, https:\/\/neurosymptoms.org\/wp-content\/uploads\/2021\/11\/espasmo-de-convergencia-300x166.png 300w\" sizes=\"(max-width: 539px) 100vw, 539px\" \/><figcaption>Cr\u00e9ditos: Rui Ara\u00fajo, Sinapse<\/figcaption><\/figure>\n\n\n\n<p>Foi criada uma organiza\u00e7\u00e3o para ajudar a explicar estes sintomas: https:\/\/www.visualsnowinitiative.org\/<\/p>\n","protected":false},"excerpt":{"rendered":"<p>Visual blurring, field loss, double vision, light sensitivity and visual snow<\/p>\n","protected":false},"author":65,"featured_media":0,"parent":937,"menu_order":293,"comment_status":"closed","ping_status":"closed","template":"page-template\/symptom-details-page-template.php","meta":[],"_links":{"self":[{"href":"https:\/\/neurosymptoms.org\/pt_PT\/wp-json\/wp\/v2\/pages\/606"}],"collection":[{"href":"https:\/\/neurosymptoms.org\/pt_PT\/wp-json\/wp\/v2\/pages"}],"about":[{"href":"https:\/\/neurosymptoms.org\/pt_PT\/wp-json\/wp\/v2\/types\/page"}],"author":[{"embeddable":true,"href":"https:\/\/neurosymptoms.org\/pt_PT\/wp-json\/wp\/v2\/users\/65"}],"replies":[{"embeddable":true,"href":"https:\/\/neurosymptoms.org\/pt_PT\/wp-json\/wp\/v2\/comments?post=606"}],"version-history":[{"count":113,"href":"https:\/\/neurosymptoms.org\/pt_PT\/wp-json\/wp\/v2\/pages\/606\/revisions"}],"predecessor-version":[{"id":15829,"href":"https:\/\/neurosymptoms.org\/pt_PT\/wp-json\/wp\/v2\/pages\/606\/revisions\/15829"}],"up":[{"embeddable":true,"href":"https:\/\/neurosymptoms.org\/pt_PT\/wp-json\/wp\/v2\/pages\/937"}],"wp:attachment":[{"href":"https:\/\/neurosymptoms.org\/pt_PT\/wp-json\/wp\/v2\/media?parent=606"}],"curies":[{"name":"wp","href":"https:\/\/api.w.org\/{rel}","templated":true}]}}