{"id":602,"date":"2020-11-30T15:56:29","date_gmt":"2020-11-30T15:56:29","guid":{"rendered":"https:\/\/ftd.cognihealth.in\/?page_id=602"},"modified":"2024-01-12T22:47:47","modified_gmt":"2024-01-12T22:47:47","slug":"low-mood","status":"publish","type":"page","link":"https:\/\/neurosymptoms.org\/pt_PT\/symptoms\/common-associated-symptoms\/low-mood\/","title":{"rendered":"Des\u00e2nimo"},"content":{"rendered":"\n<p>Sentimentos de depress\u00e3o e des\u00e2nimo s\u00e3o comuns em pacientes com sintomas neurol\u00f3gicos funcionais e dissociativos.<\/p>\n\n\n\n<p>Este site n\u00e3o foi criado para abordar esses sintomas detalhadamente. S\u00e3o fornecidos alguns links &nbsp;considerados \u00fateis mais abaixo.<\/p>\n\n\n\n<p>Vale a pena abordar duas quest\u00f5es relativamente aos sintomas neurol\u00f3gicos funcionais:<\/p>\n\n\n\n<p>\u2022 Se sentir-se deprimido, triste ou desanimado, isto n\u00e3o significa que esta seja a causa dos seus sintomas. Poder\u00e1 sentir-se sens\u00edvel quando os m\u00e9dicos ou outras pessoas lhe perguntarem como se est\u00e1 a sentir, mas um bom m\u00e9dico deve perguntar sempre isso, independentemente do seu diagn\u00f3stico. Por exemplo, pacientes com esclerose m\u00faltipla podem sofrer de ansiedade e depress\u00e3o. Quando isso acontece, a sua qualidade de vida geralmente n\u00e3o \u00e9 t\u00e3o boa, pelo que \u00e9 importante fazer o que for poss\u00edvel para melhorar estes sintomas. O que se passa com os sintomas funcionais n\u00e3o deve ser diferente.<\/p>\n\n\n\n<p>\u2022 Admitir depress\u00e3o ou des\u00e2nimo n\u00e3o significa que tem uma &#8220;doen\u00e7a mental&#8221; \/ &#8220;\u00e9 tudo da sua cabe\u00e7a&#8221; \/ &#8220;fraca vontade&#8221; ou qualquer outra coisa que algumas pessoas (e talvez at\u00e9 voc\u00ea!) possam pensar. H\u00e1 muito estigma este tipo de problemas e nem sempre \u00e9 f\u00e1cil lidar com eles.<\/p>\n\n\n\n<p>\u2022 A causa mais comum de humor deprimido em pacientes com sintomas funcionais \u00e9 a tristeza em rela\u00e7\u00e3o aos pr\u00f3prios sintomas. Por que motivo eles surgiram? Por que motivo ningu\u00e9m parece acreditar em mim? Estarei a ficar maluco? Ficarei incapacitado no futuro? S\u00f3 porque estes sentimentos est\u00e3o relacionados com os seus sintomas n\u00e3o significa que sejam devidos a estes.<\/p>\n\n\n\n<p>Muitos pacientes n\u00e3o percebem o que constitui um diagn\u00f3stico de s\u00edndrome depressiva (vulgo, depress\u00e3o). Aqui est\u00e3o listados os crit\u00e9rios amplamente utilizados para fazer um diagn\u00f3stico desta condi\u00e7\u00e3o segundo a Associa\u00e7\u00e3o Americana de Psiquiatria.<\/p>\n\n\n\n<p>O que pode ser uma surpresa para si \u00e9 que \u00e9 poss\u00edvel ter depress\u00e3o sem que se sinta deprimido ou triste. A depress\u00e3o pode ser diagnosticada em algu\u00e9m que n\u00e3o se sente triste mas que perdeu o interesse pelas coisas, est\u00e1 constantemente cansado, tem pouca concentra\u00e7\u00e3o, perturba\u00e7\u00e3o de sono e altera\u00e7\u00f5es do apetite.<\/p>\n\n\n\n<p>A depress\u00e3o tamb\u00e9m pode manifestar-se com sentimentos de frustra\u00e7\u00e3o e raiva intensos.<\/p>\n\n\n\n<p>DEPRESS\u00c3O<\/p>\n\n\n\n<p>A. Cinco (ou mais) dos seguintes sintomas presentes durante o mesmo per\u00edodo de 2 semanas e que representam uma mudan\u00e7a em rela\u00e7\u00e3o ao n\u00edvel de funcionamento anterior; pelo menos um dos sintomas \u00e9 (1) humor depressivo ou (2) perda de interesse ou prazer.<\/p>\n\n\n\n<p>(1) humor depressivo na maior parte do dia, quase todos os dias, como indicado por relato subjectivo (por exemplo, sente-se triste ou vazio) ou notado pelos outros (por exemplo, choro f\u00e1cil).<\/p>\n\n\n\n<p>(2) diminui\u00e7\u00e3o acentuada do interesse ou prazer em todas ou quase todas as atividades durante a maior parte do dia, quase todos os dias (conforme indicado de forma subjetiva ou notado pelos outros)<\/p>\n\n\n\n<p>(3) perda de peso significativa quando n\u00e3o se faz dieta ou ganho de peso (por exemplo, uma altera\u00e7\u00e3o de mais de 5% do peso corporal num m\u00eas), ou diminui\u00e7\u00e3o ou aumento do apetite quase todos os dias.<\/p>\n\n\n\n<p>(4) ins\u00f3nia ou hipers\u00f3nia quase todos os dias<\/p>\n\n\n\n<p>(5) agita\u00e7\u00e3o ou atraso psicomotor quase todos os dias (observado por outros, n\u00e3o apenas sentimentos subjetivos de inquietude ou lentifica\u00e7\u00e3o)<\/p>\n\n\n\n<p>(6) fadiga ou perda de energia quase todos os dias<\/p>\n\n\n\n<p>(7) sentimentos de inutilidade ou culpabilidade excessiva ou inapropriada (que pode ser delirante) quase todos os dias (n\u00e3o apenas autocr\u00edtica ou culpa por estar doente)<\/p>\n\n\n\n<p>(8) capacidade diminu\u00edda de pensar ou se concentrar, ou indecis\u00e3o, quase todos os dias (seja por conta subjetiva ou como observado pelos outros)<\/p>\n\n\n\n<p>(9) pensamentos recorrentes de morte (n\u00e3o apenas medo de morrer), idea\u00e7\u00e3o suicida recorrente sem um plano espec\u00edfico, ou uma tentativa de suic\u00eddio ou um plano espec\u00edfico para cometer suic\u00eddio<\/p>\n\n\n\n<p>B. Os sintomas n\u00e3o se devem a uma perturba\u00e7\u00e3o bipolar.<\/p>\n\n\n\n<p>C. Os sintomas motivam sofrimento clinicamente significativo ou preju\u00edzo nas \u00e1reas sociais, ocupacionais ou noutras \u00e1reas importantes de funcionamento.<\/p>\n\n\n\n<p>D. Os sintomas n\u00e3o s\u00e3o devidos aos efeitos fisiol\u00f3gicos diretos de uma subst\u00e2ncia (por exemplo, uma droga de abuso, um medicamento) ou uma doen\u00e7a m\u00e9dica geral (por exemplo, hipotiroidismo).<\/p>\n\n\n\n<p>E. Os sintomas n\u00e3o s\u00e3o melhor explicados pelo luto, ou seja, ap\u00f3s a perda de um ente querido, os sintomas persistem por mais de 2 meses ou s\u00e3o graves.<\/p>\n","protected":false},"excerpt":{"rendered":"<p>Depression, low interest, low mood can occur alongside FND<\/p>\n","protected":false},"author":65,"featured_media":0,"parent":939,"menu_order":276,"comment_status":"closed","ping_status":"closed","template":"page-template\/symptom-details-page-template.php","meta":[],"_links":{"self":[{"href":"https:\/\/neurosymptoms.org\/pt_PT\/wp-json\/wp\/v2\/pages\/602"}],"collection":[{"href":"https:\/\/neurosymptoms.org\/pt_PT\/wp-json\/wp\/v2\/pages"}],"about":[{"href":"https:\/\/neurosymptoms.org\/pt_PT\/wp-json\/wp\/v2\/types\/page"}],"author":[{"embeddable":true,"href":"https:\/\/neurosymptoms.org\/pt_PT\/wp-json\/wp\/v2\/users\/65"}],"replies":[{"embeddable":true,"href":"https:\/\/neurosymptoms.org\/pt_PT\/wp-json\/wp\/v2\/comments?post=602"}],"version-history":[{"count":68,"href":"https:\/\/neurosymptoms.org\/pt_PT\/wp-json\/wp\/v2\/pages\/602\/revisions"}],"predecessor-version":[{"id":14181,"href":"https:\/\/neurosymptoms.org\/pt_PT\/wp-json\/wp\/v2\/pages\/602\/revisions\/14181"}],"up":[{"embeddable":true,"href":"https:\/\/neurosymptoms.org\/pt_PT\/wp-json\/wp\/v2\/pages\/939"}],"wp:attachment":[{"href":"https:\/\/neurosymptoms.org\/pt_PT\/wp-json\/wp\/v2\/media?parent=602"}],"curies":[{"name":"wp","href":"https:\/\/api.w.org\/{rel}","templated":true}]}}