{"id":600,"date":"2020-11-30T15:53:53","date_gmt":"2020-11-30T15:53:53","guid":{"rendered":"https:\/\/ftd.cognihealth.in\/?page_id=600"},"modified":"2025-05-11T12:16:32","modified_gmt":"2025-05-11T12:16:32","slug":"health-anxiety","status":"publish","type":"page","link":"https:\/\/neurosymptoms.org\/pt_PT\/symptoms\/common-associated-symptoms\/health-anxiety\/","title":{"rendered":"Ansiedade com a Sa\u00fade"},"content":{"rendered":"\n<p>Esta p\u00e1gina explora um pouco mais o conceito de &#8216;ansiedade de sa\u00fade&#8217;, j\u00e1 referido noutras p\u00e1ginas. Aqui poder\u00e1 ler um pouco mais sobre ansiedade, caso este assunto seja uma preocupa\u00e7\u00e3o para si.<\/p>\n\n\n\n<p>A causa mais comum de ansiedade ou preocupa\u00e7\u00e3o em pacientes com sintomas funcionais \u00e9 a preocupa\u00e7\u00e3o com os seus pr\u00f3prios sintomas. Porque surgiram? Por que motivo ningu\u00e9m parece acreditar em mim? Estarei a imaginar? Ser\u00e1 que \u00e9 algo s\u00e9rio? Ficarei incapacitado no futuro?<\/p>\n\n\n\n<p>Estas perguntas s\u00e3o compreens\u00edveis para as pessoas com d\u00favidas sobre os seus sintomas. Quando vai ao m\u00e9dico, voc\u00ea geralmente espera receber uma explica\u00e7\u00e3o sobre o que est\u00e1 errado consigo.<\/p>\n\n\n\n<p>No entanto, h\u00e1 algumas dificuldades que podem surgir:<\/p>\n\n\n\n<p>1. O seu m\u00e9dico n\u00e3o d\u00e1 uma explica\u00e7\u00e3o. O m\u00e9dico pode dizer: &#8220;n\u00e3o h\u00e1 nada com que se preocupar&#8221;, ou &#8220;isso est\u00e1 relacionado com o stress&#8221; (o que pode n\u00e3o parecer uma boa explica\u00e7\u00e3o caso n\u00e3o se sinta stressado). Estes tipos de explica\u00e7\u00f5es deixam os pacientes a imaginar o que estar\u00e1 errado com eles.<\/p>\n\n\n\n<p>2. O paciente n\u00e3o acredita na explica\u00e7\u00e3o que lhe foi dada. Por exemplo, um m\u00e9dico pode dizer a um paciente que as suas dores de cabe\u00e7a s\u00e3o causadas por enxaqueca ou pelo uso excessivo de analg\u00e9sicos, mas, para essas pessoas, a dor parece muito pior do que isso e podem continuar convencidas de que t\u00eam um tumor no c\u00e9rebro.<\/p>\n\n\n\n<p>3. O paciente acredita na explica\u00e7\u00e3o, mas depois a ansiedade irracional regressa (Ansiedade relacionada com a Sa\u00fade). Alguns pacientes recebem uma explica\u00e7\u00e3o razo\u00e1vel para seus sintomas e sentem-se temporariamente tranquilos. Mas normalmente esse sentimento de confian\u00e7a dura apenas alguns dias antes que novas d\u00favidas sobre o diagn\u00f3stico e todas as perguntas acima surjam novamente.<\/p>\n\n\n\n<p>Normalmente, o paciente sabe que essas preocupa\u00e7\u00f5es sobre a possibilidade de uma doen\u00e7a grave s\u00e3o irracionais, mas n\u00e3o consegue afast\u00e1-las. Acaba por ficar ansioso com a situa\u00e7\u00e3o e come\u00e7ar a frequentar m\u00e9dicos diferentes para consultar outras opini\u00f5es ou simplesmente para obter tranquilidade. Podem inclusive come\u00e7ar a frequentar servi\u00e7os de urg\u00eancia ou outras servi\u00e7os abertos geralmente a qualquer hora do dia.<\/p>\n\n\n\n<p>Enquanto isto acontecer, os n\u00edveis de ansiedade sobre os sintomas aumentam, o que agrava os sintomas, geralmente com agravamento da tontura, dor de cabe\u00e7a e fadiga.<\/p>\n\n\n\n<p>O aumento dos sintomas leva alguns pacientes a tentar um auto-diagn\u00f3stico usando a Internet. Isso pode criar possibilidades de diagn\u00f3stico novas, algumas ainda mais assustadoras.<\/p>\n\n\n\n<p>Este \u00faltimo cen\u00e1rio \u00e9 chamado ansiedade relacionada com a sa\u00fade. \u00c9 muito comum, mas \u00e9 dif\u00edcil para os pacientes e m\u00e9dicos discutirem este tema. O conceito de que o doente \u00e9 hipocondr\u00edaco continua muito instalado na nossa sociedade.<\/p>\n\n\n\n<p>Mas ter ansiedade relacionada com a sa\u00fade \u00e9 realmente muito angustiante para a pessoa em quest\u00e3o. Os seus sintomas s\u00e3o muito reais, pois se n\u00e3o fossem n\u00e3o causariam tanta preocupa\u00e7\u00e3o.<\/p>\n\n\n\n<p>Apenas uma pequena propor\u00e7\u00e3o dos pacientes com sintomas funcionais tem altos n\u00edveis de ansiedade relacionada com a sa\u00fade. Grande parte da ansiedade que os m\u00e9dicos atribuem aos pacientes com sintomas funcionais resulta do facto destes pacientes nunca receberem qualquer tipo de explica\u00e7\u00e3o para os seus sintomas (de modo que n\u00e3o surpreende que eles continuem a sentir-se ansiosos).<\/p>\n\n\n\n<p>Tratamento<\/p>\n\n\n\n<p>A ansiedade relacionada com a sa\u00fade s\u00f3 pode ser tratada quando tanto o paciente como o m\u00e9dico s\u00e3o capazes de a identificar.<\/p>\n\n\n\n<p>O m\u00e9dico deve explicar as coisas de maneira a que o paciente receba uma explica\u00e7\u00e3o clara sobre os seus sintomas que possa &#8220;combater&#8221; as explica\u00e7\u00f5es contradit\u00f3rias que os pacientes possam ter.<\/p>\n\n\n\n<p>O paciente, por sua vez, deve tentar contrariar a tenta\u00e7\u00e3o de ir \u00e0 internet procurar informa\u00e7\u00f5es sobre a sua sa\u00fade ou em livros, e n\u00e3o procurar outras opini\u00f5es m\u00e9dicas que o possam confundir.<\/p>\n\n\n\n<p>\u00c0s vezes, a ansiedade relacionada com a sa\u00fade pode resolver completamente, com bastante sucesso. Mas chegar a este ponto pode ser dif\u00edcil.<\/p>\n\n\n\n<p>Leia a Hist\u00f3ria de Ian na p\u00e1gina Casos para uma descri\u00e7\u00e3o de ansiedade relacionada com a sa\u00fade.<\/p>\n\n\n\n<p>A R\u00e1dio 4, no Reino Unido, transmitiu um programa sobre ansiedade relacionada com a sa\u00fade como parte da sua s\u00e9rie &#8220;Eu sou normal&#8221;.<\/p>\n\n\n\n<p>H\u00e1 mais informa\u00e7\u00f5es no site Anxiety UK e num excelente download de folheto de auto-ajuda desenvolvido pelo Northumberland NHS Trust.<\/p>\n\n\n\n<p>O v\u00eddeo abaixo \u00e9 um epis\u00f3dio do programa &#8220;Insight&#8221; da rede de televis\u00e3o australiana SBS &#8211; foi transmitido a 13 de setembro de 2016. Durante os primeiros vinte minutos, destacam-se dois pacientes com ansiedade relacionada com a sa\u00fade que \u00e9 principalmente cognitiva, ou seja, passam muito tempo a pensar e sendo angustiados com a sua pr\u00f3pria sa\u00fade.<\/p>\n\n\n\n<p>..o paciente sabe que essas preocupa\u00e7\u00f5es sobre a possibilidade de uma doen\u00e7a grave s\u00e3o irracionais, mas n\u00e3o conseguem afast\u00e1-las&#8230;<\/p>\n\n\n\n<p><a href=\"http:\/\/neurosintomaspt.org\/ansiedade\/www.nnt.nhs.uk\/mh\/leaflets\/panicA5.pdf\" target=\"_blank\" rel=\"noreferrer noopener\">INTERNET DOWNLOAD<\/a><a href=\"http:\/\/neurosintomaspt.org\/download\/i\/mark_dl\/u\/4013634381\/4635588928\/HealthAnxiety.pdf\">Self Help for Health Anxiety<\/a><\/p>\n\n\n\n<p><a href=\"http:\/\/neurosintomaspt.org\/ansiedade\/www.nnt.nhs.uk\/mh\/leaflets\/panicA5.pdf\" target=\"_blank\" rel=\"noreferrer noopener\">&nbsp;Radio 4 programme<\/a><a href=\"https:\/\/www.bbc.co.uk\/programmes\/b00rbkyk\" target=\"_blank\" rel=\"noreferrer noopener\">&#8220;Am I Normal&#8221; &#8211; Health Anxiety<\/a><\/p>\n","protected":false},"excerpt":{"rendered":"<p>Health Anxiety describes relentless and distressing concern about health. <\/p>\n","protected":false},"author":65,"featured_media":1636,"parent":939,"menu_order":274,"comment_status":"closed","ping_status":"closed","template":"page-template\/symptom-details-page-template.php","meta":[],"_links":{"self":[{"href":"https:\/\/neurosymptoms.org\/pt_PT\/wp-json\/wp\/v2\/pages\/600"}],"collection":[{"href":"https:\/\/neurosymptoms.org\/pt_PT\/wp-json\/wp\/v2\/pages"}],"about":[{"href":"https:\/\/neurosymptoms.org\/pt_PT\/wp-json\/wp\/v2\/types\/page"}],"author":[{"embeddable":true,"href":"https:\/\/neurosymptoms.org\/pt_PT\/wp-json\/wp\/v2\/users\/65"}],"replies":[{"embeddable":true,"href":"https:\/\/neurosymptoms.org\/pt_PT\/wp-json\/wp\/v2\/comments?post=600"}],"version-history":[{"count":94,"href":"https:\/\/neurosymptoms.org\/pt_PT\/wp-json\/wp\/v2\/pages\/600\/revisions"}],"predecessor-version":[{"id":15700,"href":"https:\/\/neurosymptoms.org\/pt_PT\/wp-json\/wp\/v2\/pages\/600\/revisions\/15700"}],"up":[{"embeddable":true,"href":"https:\/\/neurosymptoms.org\/pt_PT\/wp-json\/wp\/v2\/pages\/939"}],"wp:featuredmedia":[{"embeddable":true,"href":"https:\/\/neurosymptoms.org\/pt_PT\/wp-json\/wp\/v2\/media\/1636"}],"wp:attachment":[{"href":"https:\/\/neurosymptoms.org\/pt_PT\/wp-json\/wp\/v2\/media?parent=600"}],"curies":[{"name":"wp","href":"https:\/\/api.w.org\/{rel}","templated":true}]}}