{"id":598,"date":"2020-11-30T15:12:48","date_gmt":"2020-11-30T15:12:48","guid":{"rendered":"https:\/\/ftd.cognihealth.in\/?page_id=598"},"modified":"2025-06-03T09:48:00","modified_gmt":"2025-06-03T09:48:00","slug":"worry-panic","status":"publish","type":"page","link":"https:\/\/neurosymptoms.org\/pt_PT\/symptoms\/common-associated-symptoms\/worry-panic\/","title":{"rendered":"Preocupa\u00e7\u00e3o\/P\u00e2nico"},"content":{"rendered":"\n<p>Ansiedade e p\u00e2nico s\u00e3o comuns em pacientes com sintomas neurol\u00f3gicos funcionais e dissociativos. No entanto, muitos pacientes com sintomas neurol\u00f3gicos funcionais e dissociativos n\u00e3o est\u00e3o ansiosos (ou deprimidos).<\/p>\n\n\n\n<p>Ansiedade e p\u00e2nico tamb\u00e9m s\u00e3o muito comuns na epilepsia e outras doen\u00e7as neurol\u00f3gicas.<\/p>\n\n\n\n<p>Este site n\u00e3o foi projetado para abordar esses sintomas detalhadamente. Alguns links s\u00e3o fornecidos abaixo.<\/p>\n\n\n\n<p>No entanto, em rela\u00e7\u00e3o aos sintomas funcionais, vale a pena abordar o seguinte:<\/p>\n\n\n\n<p>\u2022 Se tiver ansiedade ou ataques de p\u00e2nico, isso n\u00e3o significa que esta \u00e9 a causa dos seus sintomas. Poder\u00e1 sentir-se mais sens\u00edvel quando os m\u00e9dicos ou outras pessoas lhe perguntarem como se est\u00e1 a sentir, mas um bom m\u00e9dico deve sempre perguntar isso, independentemente do seu diagn\u00f3stico. Por exemplo, pacientes com esclerose m\u00faltipla podem sofrer de ansiedade e depress\u00e3o. Quando isto acontece, geralmente a sua qualidade de vida n\u00e3o \u00e9 t\u00e3o boa, ent\u00e3o \u00e9 importante fazer o que for poss\u00edvel para melhorar estes sintomas. Com sintomas funcionais a situa\u00e7\u00e3o n\u00e3o \u00e9 diferente.<\/p>\n\n\n\n<p>\u2022 Admitir ansiedade ou ataques de p\u00e2nico n\u00e3o significa que tem uma doen\u00e7a &#8220;mental&#8221; \/ &#8220;fora da sua cabe\u00e7a&#8221; \/ &#8220;fraca vontade&#8221; ou qualquer outra coisa que algumas pessoas (talvez at\u00e9 voc\u00ea mesmo!) possam pensar. H\u00e1 muito estigma para este tipo de problemas e nem sempre \u00e9 f\u00e1cil lidar com eles. Veja &#8220;Tudo na mente&#8221; para mais.<\/p>\n\n\n\n<p>\u2022 A causa mais comum de ansiedade ou preocupa\u00e7\u00e3o em pacientes com sintomas funcionais \u00e9 a preocupa\u00e7\u00e3o com os pr\u00f3prios sintomas. Qual a causa? Porqu\u00ea que ningu\u00e9m parece acreditar em mim? Estarei a ficar louco? Ficarei incapacitado no futuro? S\u00f3 porque a preocupa\u00e7\u00e3o \u00e9 com os sintomas n\u00e3o significa que n\u00e3o seja &#8220;preocupa\u00e7\u00e3o&#8221;. \u00c0s vezes, a ansiedade com a sa\u00fade \u00e9 um problema esmagador em si mesmo.<\/p>\n\n\n\n<p>Muitos pacientes n\u00e3o percebem o que constitui um diagn\u00f3stico de ansiedade ou ataques de p\u00e2nico.&nbsp;Aqui&nbsp;est\u00e3o os crit\u00e9rios amplamente utilizados para fazer o diagn\u00f3stico dessas entidades pela Associa\u00e7\u00e3o Americana de Psiquiatria (DSM-IV).<\/p>\n\n\n\n<p>ANSIEDADE GENERALIZADA<\/p>\n\n\n\n<p>A. Pelo menos 6 meses de &#8220;ansiedade e preocupa\u00e7\u00e3o excessiva&#8221; em rela\u00e7\u00e3o a eventos e\/ou situa\u00e7\u00f5es. Geralmente, &#8220;excessivo&#8221; pode ser interpretado como mais do que seria esperado para uma situa\u00e7\u00e3o ou evento particular. A maioria das pessoas fica ansiosa com certas coisas, mas a intensidade da ansiedade normalmente corresponde \u00e0 situa\u00e7\u00e3o.<\/p>\n\n\n\n<p>B. Existe uma dificuldade significativa em controlar a ansiedade e a preocupa\u00e7\u00e3o. Se algu\u00e9m tem muita dificuldade em recuperar o controlo, relaxar ou lidar com a ansiedade e a preocupa\u00e7\u00e3o, ent\u00e3o cumpre este crit\u00e9rio.<\/p>\n\n\n\n<p>C. A presen\u00e7a na maioria dos dias nos \u00faltimos seis meses de 3 ou mais (apenas 1 para crian\u00e7as) dos seguintes sintomas:<\/p>\n\n\n\n<p>1. Sentir-se ferido, tenso ou inquieto<\/p>\n\n\n\n<p>2. Fadiga ou desgaste f\u00e1ceis<\/p>\n\n\n\n<p>3. Problemas de concentra\u00e7\u00e3o<\/p>\n\n\n\n<p>4. Irritabilidade<\/p>\n\n\n\n<p>5. Tens\u00e3o significativa nos m\u00fasculos<\/p>\n\n\n\n<p>6. Perturba\u00e7\u00e3o do sono<\/p>\n\n\n\n<p>D. Os sintomas n\u00e3o fazem parte de outro dist\u00farbio mental.<\/p>\n\n\n\n<p>E. Os sintomas causam &#8220;sofrimento clinicamente significativo&#8221; ou problemas de funcionamento na vida di\u00e1ria. &#8220;Clinicamente significativo&#8221; depende da perspectiva do provedor de tratamento. Algumas pessoas podem ter muitos dos sintomas acima mencionados e lidar com eles bem o suficiente para manter um alto n\u00edvel de funcionamento.<\/p>\n\n\n\n<p>F. Esta condi\u00e7\u00e3o n\u00e3o \u00e9 devida a uma subst\u00e2ncia ou outro problema m\u00e9dico.<\/p>\n\n\n\n<p>ATAQUE DE P\u00c2NICO<\/p>\n\n\n\n<p>Um per\u00edodo de medo ou desconforto intenso, no qual quatro (ou mais) dos seguintes sintomas se desenvolveram abruptamente e atingiram um pico em 10 minutos:<\/p>\n\n\n\n<p>1) palpita\u00e7\u00f5es, acelera\u00e7\u00e3o do batimento card\u00edaco ou da frequ\u00eancia card\u00edaca<\/p>\n\n\n\n<p>2) sudorese<\/p>\n\n\n\n<p>3) tremor<\/p>\n\n\n\n<p>4) sensa\u00e7\u00f5es de falta de ar ou sufocamento<\/p>\n\n\n\n<p>5) sensa\u00e7\u00e3o de asfixia<\/p>\n\n\n\n<p>6) dor ou desconforto no peito<\/p>\n\n\n\n<p>7) n\u00e1usea ou desconforto abdominal<\/p>\n\n\n\n<p>8) sentir-se tonto, inst\u00e1vel ou como se fosse desmaiar<\/p>\n\n\n\n<p>9) desrealiza\u00e7\u00e3o (sentimentos de irrealidade) ou despersonaliza\u00e7\u00e3o (estar desprendido de si mesmo)<\/p>\n\n\n\n<p>10) medo de perder o controle ou enlouquecer<\/p>\n\n\n\n<p>11) medo de morrer<\/p>\n\n\n\n<p>12) parestesias (dorm\u00eancia ou sensa\u00e7\u00e3o de formigueiro)<\/p>\n\n\n\n<p>13) calafrios ou afrontamentos<\/p>\n\n\n\n<p>PERTURBA\u00c7\u00c3O DE P\u00c2NICO<\/p>\n\n\n\n<p>A) Ambos (1) e (2)<\/p>\n\n\n\n<p>(1) ataques de p\u00e2nico inesperados recorrentes<\/p>\n\n\n\n<p>(2) pelo menos um dos ataques foi seguido por 1 m\u00eas (ou mais) de um (ou mais) dos seguintes:<\/p>\n\n\n\n<p>(a) preocupa\u00e7\u00e3o persistente em ter ataques adicionais<\/p>\n\n\n\n<p>(b) preocupar-se com as implica\u00e7\u00f5es do ataque ou com as suas consequ\u00eancias (por exemplo, perder o controlo, ter um ataque card\u00edaco, &#8220;enlouquecer&#8221;)<\/p>\n\n\n\n<p>(c) uma mudan\u00e7a significativa no comportamento relacionado com os ataques<\/p>\n\n\n\n<p>B) Os ataques de p\u00e2nico n\u00e3o s\u00e3o devidos aos efeitos fisiol\u00f3gicos diretos de uma subst\u00e2ncia (por exemplo, uma droga de abuso, um medicamento) ou uma condi\u00e7\u00e3o m\u00e9dica geral (por exemplo, hipertiroidismo).<\/p>\n\n\n\n<p>C) Os ataques de p\u00e2nico n\u00e3o s\u00e3o melhor explicados por outra perturba\u00e7\u00e3o mental.<\/p>\n\n\n\n<p>AGORAFOBIA<\/p>\n\n\n\n<p>A) Ansiedade por estar em lugares ou situa\u00e7\u00f5es em que a fuga pode ser dif\u00edcil (ou embara\u00e7osa) ou em que a ajuda pode n\u00e3o estar dispon\u00edvel no caso de ter um ataque de p\u00e2nico inesperado ou predisposto por situa\u00e7\u00f5es ou sintomas semelhantes aos de p\u00e2nico. Os medos agoraf\u00f3bicos tipicamente envolvem grupos caracter\u00edsticos de situa\u00e7\u00f5es que incluem estar fora de casa sozinho; estar numa multid\u00e3o, ou em p\u00e9 numa fila; estar numa ponte; e viajar de autocarro, comboio ou autom\u00f3vel.<\/p>\n\n\n\n<p>B) As situa\u00e7\u00f5es s\u00e3o evitadas (por exemplo, a viagem \u00e9 restrita) ou ent\u00e3o s\u00e3o suportadas com sofrimento acentuado ou com ansiedade em rela\u00e7\u00e3o a ter um ataque de p\u00e2nico ou sintomas semelhantes ao p\u00e2nico, ou exigir a presen\u00e7a de um acompanhante.<\/p>\n\n\n\n<p>C) A ansiedade ou evita\u00e7\u00e3o f\u00f3bica n\u00e3o \u00e9 melhor explicada por outra perturba\u00e7\u00e3o mental.<\/p>\n","protected":false},"excerpt":{"rendered":"<p>Anxiety, Panic and Post traumatic Stress are common in in people with FND<\/p>\n","protected":false},"author":65,"featured_media":1637,"parent":939,"menu_order":273,"comment_status":"closed","ping_status":"closed","template":"page-template\/symptom-details-page-template.php","meta":[],"_links":{"self":[{"href":"https:\/\/neurosymptoms.org\/pt_PT\/wp-json\/wp\/v2\/pages\/598"}],"collection":[{"href":"https:\/\/neurosymptoms.org\/pt_PT\/wp-json\/wp\/v2\/pages"}],"about":[{"href":"https:\/\/neurosymptoms.org\/pt_PT\/wp-json\/wp\/v2\/types\/page"}],"author":[{"embeddable":true,"href":"https:\/\/neurosymptoms.org\/pt_PT\/wp-json\/wp\/v2\/users\/65"}],"replies":[{"embeddable":true,"href":"https:\/\/neurosymptoms.org\/pt_PT\/wp-json\/wp\/v2\/comments?post=598"}],"version-history":[{"count":130,"href":"https:\/\/neurosymptoms.org\/pt_PT\/wp-json\/wp\/v2\/pages\/598\/revisions"}],"predecessor-version":[{"id":15749,"href":"https:\/\/neurosymptoms.org\/pt_PT\/wp-json\/wp\/v2\/pages\/598\/revisions\/15749"}],"up":[{"embeddable":true,"href":"https:\/\/neurosymptoms.org\/pt_PT\/wp-json\/wp\/v2\/pages\/939"}],"wp:featuredmedia":[{"embeddable":true,"href":"https:\/\/neurosymptoms.org\/pt_PT\/wp-json\/wp\/v2\/media\/1637"}],"wp:attachment":[{"href":"https:\/\/neurosymptoms.org\/pt_PT\/wp-json\/wp\/v2\/media?parent=598"}],"curies":[{"name":"wp","href":"https:\/\/api.w.org\/{rel}","templated":true}]}}