{"id":596,"date":"2020-11-30T15:10:22","date_gmt":"2020-11-30T15:10:22","guid":{"rendered":"https:\/\/ftd.cognihealth.in\/?page_id=596"},"modified":"2025-05-30T10:31:28","modified_gmt":"2025-05-30T10:31:28","slug":"bladder-symptoms-and-fnd","status":"publish","type":"page","link":"https:\/\/neurosymptoms.org\/pt_PT\/symptoms\/fnd-symptoms\/bladder-symptoms-and-fnd\/","title":{"rendered":"Bexiga"},"content":{"rendered":"\n<p>Sintomas da bexiga \u00e0s vezes surgem com outros sintomas funcionais, especialmente dor lombar.<\/p>\n\n\n\n<p>Sintomas comuns incluem:<\/p>\n\n\n\n<p>\u2022 Frequ\u00eancia incomum (urinar mais vezes)<\/p>\n\n\n\n<p>\u2022 Urg\u00eancia urin\u00e1ria (ter que correr para chegar \u00e0 casa de banho)<\/p>\n\n\n\n<p>\u2022 Perdas urin\u00e1rias ocasionais<\/p>\n\n\n\n<p>\u2022 Disfun\u00e7\u00e3o miccional (dificuldade ou impossibilidade em urinar)<\/p>\n\n\n\n<p>Como com todos os sintomas funcionais, \u00e9 essencial que esses sintomas sejam avaliados adequadamente. Muitas vezes, ser\u00e1 necess\u00e1rio que um urologista avalie os sintomas da bexiga em conjunto com um neurologista para avaliar se h\u00e1 alguma evid\u00eancia de um problema estrutural ou outra doen\u00e7a neurol\u00f3gica que cause os sintomas.<\/p>\n\n\n\n<p>No entanto, n\u00e3o \u00e9 incomum descobrir que esses sintomas da bexiga n\u00e3o t\u00eam uma explica\u00e7\u00e3o clara.<\/p>\n\n\n\n<p>Muitas vezes, as investiga\u00e7\u00f5es complementares sugerem uma doen\u00e7a chamada<strong>&nbsp;instabilidade do detrusor, s\u00edndrome da bexiga hiperativa ou s\u00edndrome da bexiga irrit\u00e1ve<\/strong>l. Ocorre quando o m\u00fasculo da bexiga fica extraordinariamente ativo, levando a maior frequ\u00eancia e urg\u00eancia urin\u00e1ria.<\/p>\n\n\n\n<p>Esse problema \u00e9 o equivalente da bexiga \u00e0 s\u00edndrome do intestino irrit\u00e1vel. \u00c9 um problema real, mas n\u00e3o se deve a uma patologia bem definida. Em vez disso, parece haver um problema com o controlo nervoso da bexiga.<\/p>\n\n\n\n<p>Talvez n\u00e3o seja dif\u00edcil entender por que motivo os sintomas da instabilidade do detrusor \/ bexiga irrit\u00e1vel \u00e0s vezes s\u00e3o vistos junto com sintomas funcionais nas pernas. Se algu\u00e9m tem fraqueza funcional das pernas, ent\u00e3o isso tamb\u00e9m \u00e9 um problema com o controlo do sistema nervoso.<\/p>\n\n\n\n<p>Reten\u00e7\u00e3o Urin\u00e1ria Cr\u00f3nica<\/p>\n\n\n\n<p>A Reten\u00e7\u00e3o Urin\u00e1ria Cr\u00f3nica ocorre quando a bexiga se enche e a urina n\u00e3o consegue passar, ou passa apenas em pequena quantidade, deixando muita urina retida na bexiga.<\/p>\n\n\n\n<p>Existem muitas causas de reten\u00e7\u00e3o urin\u00e1ria cr\u00f3nica, tais como patologias da pr\u00f3stata nos homens ou estreitamento da uretra, ambos restringindo o fluxo de sa\u00edda da urina da bexiga. Al\u00e9m disso, doen\u00e7as neurol\u00f3gicas que afetam a medula espinal podem causar paralisia da bexiga.<\/p>\n\n\n\n<p>Ainda \u00e9 necess\u00e1rio investigar melhor a reten\u00e7\u00e3o urin\u00e1ria cr\u00f3nica, mas nalgumas pessoas parece estar relacionada com outras perturba\u00e7\u00f5es funcionais.<\/p>\n\n\n\n<p>H\u00e1 muita informa\u00e7\u00e3o sobre este tema neste folheto informativo, ao lado.<\/p>\n\n\n\n<p>Dor aguda nas Costas e nas Pernas associada a Sintomas da Bexiga (s\u00edndrome da cauda equina com exames normais\/negativos)<\/p>\n\n\n\n<p>Uma situa\u00e7\u00e3o em que os sintomas da bexiga s\u00e3o comumente vistos sem qualquer evid\u00eancia clara de doen\u00e7a neurol\u00f3gica ocorre em pacientes internados no hospital com suspeita de h\u00e9rnia discal. Pacientes com dor severa nas costas, por vezes, desenvolvem fraqueza das pernas, dorm\u00eancia, sintomas da bexiga, e isto podem clinicamente ser muito suspeito de hernia\u00e7\u00e3o de um disco. Esta pode ser uma patologia s\u00e9ria que exige cirurgia urgente para evitar danos neurol\u00f3gicos permanentes.<\/p>\n\n\n\n<p>Mas quando os pacientes nesta situa\u00e7\u00e3o fazem exames, cerca de metade deles n\u00e3o tem nada que explique os seus sintomas. \u00c0s vezes, h\u00e1 outra causa de doen\u00e7a neurol\u00f3gica que deve ser encontrada usando outros meios, mas muitas vezes n\u00e3o h\u00e1 causa identific\u00e1vel. Em muitos casos, parece que a dor nas costas grave pode ser suficiente para levar \u00e0 fraqueza nas pernas, dorm\u00eancia e sintomas da bexiga.<\/p>\n\n\n\n<p>Tratamento<\/p>\n\n\n\n<p>Os sintomas da bexiga irrit\u00e1vel muitas vezes podem ser tratados com efic\u00e1cia com medicamentos que relaxem a parede da bexiga.<\/p>\n\n\n\n<p>Pode ser \u00fatil entender, caso tenha sintomas de instabilidade do detrusor \/ bexiga irrit\u00e1vel normais, juntamente com outros sintomas como dor nas costas e fraqueza nas pernas (e suas investiga\u00e7\u00f5es s\u00e3o normais) que eles podem estar todos relacionados uns com os outros.<\/p>\n\n\n\n<p>Poder\u00e1 ser ben\u00e9fico consultar um especialista e neurologia e um urologista se tiver estes sintomas.<\/p>\n","protected":false},"excerpt":{"rendered":"<p>Overactive Bladder, Chronic Urinary Retention and Scan negative Cauda Equina Syndrome<\/p>\n","protected":false},"author":65,"featured_media":1627,"parent":937,"menu_order":291,"comment_status":"closed","ping_status":"closed","template":"page-template\/symptom-details-page-template.php","meta":[],"_links":{"self":[{"href":"https:\/\/neurosymptoms.org\/pt_PT\/wp-json\/wp\/v2\/pages\/596"}],"collection":[{"href":"https:\/\/neurosymptoms.org\/pt_PT\/wp-json\/wp\/v2\/pages"}],"about":[{"href":"https:\/\/neurosymptoms.org\/pt_PT\/wp-json\/wp\/v2\/types\/page"}],"author":[{"embeddable":true,"href":"https:\/\/neurosymptoms.org\/pt_PT\/wp-json\/wp\/v2\/users\/65"}],"replies":[{"embeddable":true,"href":"https:\/\/neurosymptoms.org\/pt_PT\/wp-json\/wp\/v2\/comments?post=596"}],"version-history":[{"count":124,"href":"https:\/\/neurosymptoms.org\/pt_PT\/wp-json\/wp\/v2\/pages\/596\/revisions"}],"predecessor-version":[{"id":15738,"href":"https:\/\/neurosymptoms.org\/pt_PT\/wp-json\/wp\/v2\/pages\/596\/revisions\/15738"}],"up":[{"embeddable":true,"href":"https:\/\/neurosymptoms.org\/pt_PT\/wp-json\/wp\/v2\/pages\/937"}],"wp:featuredmedia":[{"embeddable":true,"href":"https:\/\/neurosymptoms.org\/pt_PT\/wp-json\/wp\/v2\/media\/1627"}],"wp:attachment":[{"href":"https:\/\/neurosymptoms.org\/pt_PT\/wp-json\/wp\/v2\/media?parent=596"}],"curies":[{"name":"wp","href":"https:\/\/api.w.org\/{rel}","templated":true}]}}