{"id":570,"date":"2020-11-29T14:21:39","date_gmt":"2020-11-29T14:21:39","guid":{"rendered":"https:\/\/ftd.cognihealth.in\/?page_id=570"},"modified":"2024-11-01T14:12:11","modified_gmt":"2024-11-01T14:12:11","slug":"functional-dystonia","status":"publish","type":"page","link":"https:\/\/neurosymptoms.org\/pt_PT\/symptoms\/fnd-symptoms\/functional-dystonia\/","title":{"rendered":"Distonia Funcional"},"content":{"rendered":"\n<p>O que \u00e9 distonia funcional?<\/p>\n\n\n\n<p>Pacientes com distonia funcional podem apresentar os &#8220;dedos enrolados&#8221; ou as &#8220;m\u00e3os cerradas&#8221;.<\/p>\n\n\n\n<p>O outro problema comum na distonia \u00e9 a invers\u00e3o frequente do p\u00e9.<\/p>\n\n\n\n<p>Estas posturas anormais podem ser dif\u00edceis ou mesmo imposs\u00edveis de contrariar e por isso \u00e0s vezes s\u00e3o designadas de \u201cdistonia fixa\u201d.<\/p>\n\n\n\n<p>O v\u00eddeo abaixo mostra o qu\u00e3o &#8216;fixas&#8217; essas posturas se podem tornar.<\/p>\n\n\n\n<p>Este pode ser um problema tempor\u00e1rio intermitente (espasmo) ou pode ser mais cr\u00f3nico (isso \u00e9 geralmente chamado de distonia fixa \/ funcional).<\/p>\n\n\n\n<p>O que est\u00e1 errado na distonia funcional?<\/p>\n\n\n\n<p>Toda a gente tem um &#8220;mapa&#8221; do seu corpo e membros no seu c\u00e9rebro.<\/p>\n\n\n\n<p>Em termos gerais, o que parece estar errado na distonia funcional \u00e9 que esse &#8220;mapa&#8221; no c\u00e9rebro, por v\u00e1rias raz\u00f5es, ficou errado. O c\u00e9rebro pensa que a posi\u00e7\u00e3o da m\u00e3o enrolada ou do tornozelo torcido \u00e9 normal, mesmo que a pessoa saiba que n\u00e3o \u00e9.<\/p>\n\n\n\n<p>Les\u00f5es f\u00edsicas, fraqueza no membro e imobilidade podem ser causas que levam \u00e0 distor\u00e7\u00e3o deste mapa no c\u00e9rebro.<\/p>\n\n\n\n<p>O desafio do tratamento \u00e9 tentar &#8220;reciclar o c\u00e9rebro&#8221; para que ele possa aprender qual deve ser o &#8220;mapa normal&#8221; do membro.<\/p>\n\n\n\n<p>Sobreposi\u00e7\u00e3o com S\u00edndrome da Dor Regional Complexa<\/p>\n\n\n\n<p>H\u00e1 uma sobreposi\u00e7\u00e3o aqui com uma condi\u00e7\u00e3o chamada S\u00edndrome da Dor &nbsp;Regional Complexa (SDRC). Poder\u00e1 ler sobre isso na sua p\u00e1gina separada.<\/p>\n\n\n\n<p>Nos pacientes com SDRC, a dor \u00e9 sentida num membro, e n\u00e3o desaparece ou piora muito tempo ap\u00f3s a les\u00e3o ter cicatrizado. A distonia funcional \u00e9 uma das complica\u00e7\u00f5es da SDRC.<\/p>\n\n\n\n<p>A dor \u00e9 comum em pacientes com distonia funcional. Mas algu\u00e9m tamb\u00e9m pode ter distonia funcional sem dor.<\/p>\n\n\n\n<p>Como \u00e9 feito o diagn\u00f3stico?<\/p>\n\n\n\n<p>O diagn\u00f3stico da distonia funcional deve ser feito por um m\u00e9dico que esteja familiarizado com as diferentes causas de distonia.<\/p>\n\n\n\n<p>A distonia funcional geralmente come\u00e7a de repente, mas pode ser gradual. Pode seguir-se a uma das seguintes situa\u00e7\u00f5es:<\/p>\n\n\n\n<p>1. Uma les\u00e3o f\u00edsica no membro ou dor no membro. Como descrito acima, a distonia funcional pode ocorrer como parte da s\u00edndrome dolorosa regional complexa<\/p>\n\n\n\n<p>2. Ap\u00f3s um per\u00edodo de imobilidade prolongada, especialmente em associa\u00e7\u00e3o com fraqueza funcional do membro<\/p>\n\n\n\n<p>3. Uma causa adicional subjacente leve de distonia que se tornou &#8220;amplificada&#8221; pela distonia funcional<\/p>\n\n\n\n<p>O desenvolvimento de uma nova distonia de in\u00edcio num adulto que se parece com as imagens acima, particularmente se estiver associado a outros sintomas neurol\u00f3gicos funcionais e, especialmente, se surgiu relativamente de repente, seria um forte ind\u00edcio de distonia funcional.<\/p>\n\n\n\n<p>Como se distingue das outras formas de distonia?<\/p>\n\n\n\n<p>A distonia \u00e9 um termo neurol\u00f3gico para a contra\u00e7\u00e3o muscular anormal e persistente, que leva a uma mudan\u00e7a na postura.<\/p>\n\n\n\n<p>Existem muitas formas de distonia, incluindo c\u00e3imbras de escritores, distonia cervical (\u00e0s vezes chamada de torcicolo) e distonia generalizada. A distonia tamb\u00e9m pode ocorrer em uma infinidade de doen\u00e7as neurol\u00f3gicas.<\/p>\n\n\n\n<p>Alguns desses tipos de distonia, como a c\u00e3imbra do escritor, n\u00e3o est\u00e3o associados a doen\u00e7as cerebrais. Ent\u00e3o por que eles n\u00e3o s\u00e3o classificados como dist\u00farbios funcionais tamb\u00e9m?<\/p>\n\n\n\n<p>Talvez a primeira coisa a apontar \u00e9 que o dist\u00farbio funcional \u00e9 genu\u00edno.<\/p>\n\n\n\n<p>Mas os dist\u00farbios funcionais s\u00e3o caracterizados por seu potencial de reversibilidade. Portanto, a distonia funcional, mesmo quando aparentemente corrigida, pode \u00e0s vezes melhorar sob hipnose ou com fisioterapia, enquanto essas outras formas de distonia raramente respondem a esses tipos de tratamento.<\/p>\n\n\n\n<p>Al\u00e9m disso, pacientes com c\u00e3imbra do escritor n\u00e3o tendem a ter outros sintomas funcionais e dist\u00farbios descritos neste site, enquanto os pacientes com distonia funcional geralmente apresentam.<\/p>\n\n\n\n<p>N\u00e3o h\u00e1 como negar, por\u00e9m, que a distonia funcional \u00e9 um bom exemplo de como \u00e9 dif\u00edcil e talvez at\u00e9 falso dividir os problemas entre aqueles em que h\u00e1 uma &#8220;doen\u00e7a&#8221; e aqueles em que n\u00e3o h\u00e1.<\/p>\n\n\n\n<p>Qual \u00e9 o tratamento?<\/p>\n\n\n\n<p>C<a href=\"http:\/\/neurosintomaspt.org\/tratamento\/4594522209\">onsulta a p\u00e1gina de&nbsp;<\/a><a href=\"http:\/\/neurosintomaspt.org\/tratamento\/4594522209\">tratament<\/a>o&nbsp;neste s\u00edtio eletr\u00f3nico.<\/p>\n\n\n\n<p>Tem confian\u00e7a no diagn\u00f3stico?<\/p>\n\n\n\n<p>\u00c9 essencial que o doente sinta que o seu diagn\u00f3stico est\u00e1 correto. Caso contr\u00e1rio, ser\u00e1 dif\u00edcil colocar em pr\u00e1tica as t\u00e9cnicas de reabilita\u00e7\u00e3o aqui sugeridas.<\/p>\n\n\n\n<p>Se n\u00e3o acha que tem distonia funcional, precisa de verificar o que levou a que o seu diagn\u00f3stico tenha sido feito. Por que raz\u00e3o n\u00e3o tem confian\u00e7a no diagn\u00f3stico que lhe foi dado?<\/p>\n\n\n\n<p>N\u00e3o \u00e9 indispens\u00e1vel que exista stress para existir distonia funcional. Na verdade, a distonia funcional costuma ser mais percept\u00edvel quando as pessoas est\u00e3o relaxadas ou n\u00e3o pensam em nada em particular. Talvez voc\u00ea possa ter rejeitado o diagn\u00f3stico porque o seu m\u00e9dico sugeriu que estava &#8220;relacionado com o stress&#8221;? &#8211; pode ter havido um mal-entendido se foi esse o caso. Sabemos que muitos pacientes com distonia funcional t\u00eam stress como causa de seus sintomas, mas muitos outros n\u00e3o.<\/p>\n\n\n\n<p>T\u00e9cnicas espec\u00edficas de fisioterapia<\/p>\n\n\n\n<p>Ainda est\u00e3o a ser descobertas quais as t\u00e9cnicas espec\u00edficas mais \u00fateis na distonia funcional.<\/p>\n\n\n\n<p>Como princ\u00edpio geral, tentar mover a parte afetada \u00e9 realmente importante.<\/p>\n\n\n\n<p>Algumas das seguintes podem ser \u00fateis.<\/p>\n\n\n\n<p>1. Mudar as posturas sentada e em p\u00e9<\/p>\n\n\n\n<p>2. Dessensibilize o membro usando t\u00e9cnicas aprendidas para a s\u00edndrome da dor regional complexa<\/p>\n\n\n\n<p>3. Olhe para um espelho para dar ao seu c\u00e9rebro um feedback de que o membro n\u00e3o est\u00e1 na posi\u00e7\u00e3o correta. Por exemplo, alguns pacientes contam que sentem que o p\u00e9 est\u00e1 reto, mesmo quando este est\u00e1 realmente curvado.<\/p>\n\n\n\n<p>4. Um espelho pode ajudar a &#8216;enganar&#8217; o seu c\u00e9rebro a corrigir a postura anormal do p\u00e9 ou m\u00e3o para uma postura normal. Esta \u00e9 a mesma t\u00e9cnica usada em pacientes com dor fantasma e tamb\u00e9m \u00e9 usada na SDRC.<\/p>\n\n\n\n<p>5. Pratique &#8216;imaginando&#8217; o seu p\u00e9 ou a sua m\u00e3o novamente na posi\u00e7\u00e3o normal.<\/p>\n\n\n\n<p>Outros tratamentos<\/p>\n\n\n\n<p>Procure nas p\u00e1ginas de tratamento para saber mais sobre tratamentos espec\u00edficos que podem ser relevantes para si.<\/p>\n","protected":false},"excerpt":{"rendered":"<p>Spasm of a body part. In FND. Often a clenched hand or a turned in ankle<\/p>\n","protected":false},"author":65,"featured_media":0,"parent":937,"menu_order":285,"comment_status":"closed","ping_status":"closed","template":"page-template\/symptom-details-page-template.php","meta":[],"_links":{"self":[{"href":"https:\/\/neurosymptoms.org\/pt_PT\/wp-json\/wp\/v2\/pages\/570"}],"collection":[{"href":"https:\/\/neurosymptoms.org\/pt_PT\/wp-json\/wp\/v2\/pages"}],"about":[{"href":"https:\/\/neurosymptoms.org\/pt_PT\/wp-json\/wp\/v2\/types\/page"}],"author":[{"embeddable":true,"href":"https:\/\/neurosymptoms.org\/pt_PT\/wp-json\/wp\/v2\/users\/65"}],"replies":[{"embeddable":true,"href":"https:\/\/neurosymptoms.org\/pt_PT\/wp-json\/wp\/v2\/comments?post=570"}],"version-history":[{"count":174,"href":"https:\/\/neurosymptoms.org\/pt_PT\/wp-json\/wp\/v2\/pages\/570\/revisions"}],"predecessor-version":[{"id":15624,"href":"https:\/\/neurosymptoms.org\/pt_PT\/wp-json\/wp\/v2\/pages\/570\/revisions\/15624"}],"up":[{"embeddable":true,"href":"https:\/\/neurosymptoms.org\/pt_PT\/wp-json\/wp\/v2\/pages\/937"}],"wp:attachment":[{"href":"https:\/\/neurosymptoms.org\/pt_PT\/wp-json\/wp\/v2\/media?parent=570"}],"curies":[{"name":"wp","href":"https:\/\/api.w.org\/{rel}","templated":true}]}}