{"id":559,"date":"2020-11-29T13:33:25","date_gmt":"2020-11-29T13:33:25","guid":{"rendered":"https:\/\/ftd.cognihealth.in\/?page_id=559"},"modified":"2024-11-01T03:45:02","modified_gmt":"2024-11-01T03:45:02","slug":"functional-speech-swallowing-symptoms","status":"publish","type":"page","link":"https:\/\/neurosymptoms.org\/pt_PT\/symptoms\/fnd-symptoms\/functional-speech-swallowing-symptoms\/","title":{"rendered":"Sintomas funcionais da fala e degluti\u00e7\u00e3o"},"content":{"rendered":"\n<p>Os sintomas da fala e degluti\u00e7\u00e3o mais comuns s\u00e3o:<\/p>\n\n\n\n<p><strong>Fala arrastada<\/strong>&nbsp;&#8211; geralmente descrito como um discurso que \u00e0s vezes \u00e9 normal e \u00e0s vezes n\u00e3o. Pode assemelhar-se a um discurso semelhante ao de algu\u00e9m embriagado, mesmo que n\u00e3o tenha bebido nada. Geralmente fica pior com o agravar do cansa\u00e7o. O seu neurologista poder\u00e1 considerar o diagn\u00f3stico de miastenia gravis, mas ele ocorre tamb\u00e9m como um sintoma funcional.<\/p>\n\n\n\n<p><strong>Gaguez<\/strong>&nbsp;&#8211; pessoas que nunca tiveram gaguez antes podem experimentar este sintoma pela primeira vez, como algo adquirido. O discurso pode ser hesitante, muitas vezes com falhas entre as palavras e n\u00e3o no final das palavras. Alternativamente, pode haver um tipo de discurso &#8220;telegram\u00e1tico&#8221;, no qual palavras como &#8220;e&#8221; ou &#8220;o&#8221; s\u00e3o omitidas das frases.<\/p>\n\n\n\n<p>Dificuldade em encontrar as palavras &#8211; este \u00e9 realmente um sintoma do &#8220;pensamento&#8221; (cognitivo) mais do que um sintoma de fala em si. Poder\u00e1 sentir que:<\/p>\n\n\n\n<p>o Est\u00e1 a procurar a palavra certa, mas n\u00e3o se consegue lembrar de qual<\/p>\n\n\n\n<p>o Mistura palavras na mesma frase<\/p>\n\n\n\n<p>o As palavras saem de forma errada ou sem sentido &#8211; por ex. &#8220;Onde est\u00e1 o comboio esta\u00e7\u00e3o&#8221; em vez de &#8220;esta\u00e7\u00e3o de comboio&#8221;<\/p>\n\n\n\n<p><strong>Voz rouca ou fala sussurrada&nbsp;<\/strong>&#8211; a voz fica semelhante \u00e0quela que as pessoas apresentam quando t\u00eam uma dor de garganta (laringite), no entanto n\u00e3o \u00e9 devida a uma dor de garganta ou qualquer outra anomalia nas cordas vocais e dura muito mais tempo. Isso \u00e9 frequentemente chamado de disfonia funcional. Geralmente \u00e9 investigada por um m\u00e9dico de ouvido, nariz e garganta (otorrinolaringologia) para garantir que n\u00e3o haja uma causa identific\u00e1vel. Pode ir e vir e \u00e0s vezes pode at\u00e9 ser desencadeada por um surto de laringite, mas as cordas vocais &#8220;n\u00e3o est\u00e3o a funcionar&#8221; adequadamente ap\u00f3s a doen\u00e7a v\u00edrica.<\/p>\n\n\n\n<p>Ocasionalmente, as pessoas podem perder completamente a fala &#8211; afonia funcional.<\/p>\n\n\n\n<p><strong>S\u00edndrome do Sotaque Estrangeiro<\/strong>. Outro problema de fala funcional raro \u00e9 chamado s\u00edndrome do sotaque estrangeiro. Pode ser causado por v\u00e1rias doen\u00e7as neurol\u00f3gicas, mas tamb\u00e9m pode ser um sintoma neurol\u00f3gico funcional. Existem dois grupos no facebook&nbsp;aqui&nbsp;e&nbsp;aqui&nbsp;criados por pacientes com este problema. H\u00e1 tamb\u00e9m um&nbsp;site&nbsp;sobre s\u00edndrome do sotaque estrangeiro gerido por Bill Katz da Universidade do Texas em Dallas.<\/p>\n\n\n\n<p><strong>Problemas de degluti\u00e7\u00e3o<\/strong>&nbsp;&#8211; normalmente, se uma pessoa com sintomas funcionais tiver problemas relacionados com a degluti\u00e7\u00e3o, sentir\u00e1 uma sensa\u00e7\u00e3o de alguma coisa presa na parte superior da garganta. Isso pode ocorrer mesmo quando n\u00e3o engolem nada, mas tamb\u00e9m pode dificultar a degluti\u00e7\u00e3o. Este sintoma \u00e9 frequentemente chamado de&nbsp;<strong>globus<\/strong>&nbsp;ou&nbsp;<strong>globus faringeo<\/strong>. Geralmente \u00e9 investigado por um m\u00e9dico de ouvido, nariz e garganta (otorrinolaringologia) para garantir que n\u00e3o haja uma causa identific\u00e1vel.<\/p>\n\n\n\n<p>Por que s\u00e3o os meus exames normais?<\/p>\n\n\n\n<p>Nestes tipos de problemas de fala e degluti\u00e7\u00e3o, todas as partes do sistema nervoso est\u00e3o \u00edntegras, simplesmente n\u00e3o est\u00e3o a funcionar adequadamente em determinados momentos.<\/p>\n\n\n\n<p>O seu m\u00e9dico far\u00e1 este diagn\u00f3stico depois de ouvir os seus sintomas e de o examinar.<\/p>\n\n\n\n<p>Isto ajudar\u00e1 a fazer o diagn\u00f3stico, que geralmente \u00e9 feito por um neurologista (ou, no caso de disfonia funcional, um m\u00e9dico otorrinolaringologista).<\/p>\n\n\n\n<p>Estarei a imaginar?<\/p>\n\n\n\n<p>A resposta \u00e9 n\u00e3o, mas clique em \u2018<a href=\"http:\/\/neurosintomaspt.org\/estou-a-imaginar\/4594522208\">Estarei a imaginar\u2019&nbsp;<\/a>&nbsp;para descobrir mais.<\/p>\n","protected":false},"excerpt":{"rendered":"<p>Speech, swallowing and communication difficulties<\/p>\n","protected":false},"author":65,"featured_media":2724,"parent":937,"menu_order":294,"comment_status":"closed","ping_status":"closed","template":"page-template\/symptom-details-page-template.php","meta":[],"_links":{"self":[{"href":"https:\/\/neurosymptoms.org\/pt_PT\/wp-json\/wp\/v2\/pages\/559"}],"collection":[{"href":"https:\/\/neurosymptoms.org\/pt_PT\/wp-json\/wp\/v2\/pages"}],"about":[{"href":"https:\/\/neurosymptoms.org\/pt_PT\/wp-json\/wp\/v2\/types\/page"}],"author":[{"embeddable":true,"href":"https:\/\/neurosymptoms.org\/pt_PT\/wp-json\/wp\/v2\/users\/65"}],"replies":[{"embeddable":true,"href":"https:\/\/neurosymptoms.org\/pt_PT\/wp-json\/wp\/v2\/comments?post=559"}],"version-history":[{"count":117,"href":"https:\/\/neurosymptoms.org\/pt_PT\/wp-json\/wp\/v2\/pages\/559\/revisions"}],"predecessor-version":[{"id":15612,"href":"https:\/\/neurosymptoms.org\/pt_PT\/wp-json\/wp\/v2\/pages\/559\/revisions\/15612"}],"up":[{"embeddable":true,"href":"https:\/\/neurosymptoms.org\/pt_PT\/wp-json\/wp\/v2\/pages\/937"}],"wp:featuredmedia":[{"embeddable":true,"href":"https:\/\/neurosymptoms.org\/pt_PT\/wp-json\/wp\/v2\/media\/2724"}],"wp:attachment":[{"href":"https:\/\/neurosymptoms.org\/pt_PT\/wp-json\/wp\/v2\/media?parent=559"}],"curies":[{"name":"wp","href":"https:\/\/api.w.org\/{rel}","templated":true}]}}