{"id":545,"date":"2020-11-29T13:27:08","date_gmt":"2020-11-29T13:27:08","guid":{"rendered":"https:\/\/ftd.cognihealth.in\/?page_id=545"},"modified":"2024-09-08T16:25:04","modified_gmt":"2024-09-08T16:25:04","slug":"functional-cognitive-symptoms","status":"publish","type":"page","link":"https:\/\/neurosymptoms.org\/pt_PT\/symptoms\/fnd-symptoms\/functional-cognitive-symptoms\/","title":{"rendered":"Queixas cognitivas\/mem\u00f3ria"},"content":{"rendered":"\n<p>Sintomas funcionais de mem\u00f3ria e concentra\u00e7\u00e3o (tamb\u00e9m chamados de sintomas cognitivos funcionais) frequentemente coexistem com outros sintomas funcionais e dissociativos.<\/p>\n\n\n\n<p>Frequentemente coexistem com dist\u00farbios do sono, fadiga, ansiedade ou depress\u00e3o. No entanto, \u00e9 importante afirmar que pode ter esses sintomas de mem\u00f3ria e concentra\u00e7\u00e3o sem que haja ansiedade ou depress\u00e3o.<\/p>\n\n\n\n<p>Os sintomas cognitivos funcionais s\u00e3o cada vez mais comuns &#8211; possivelmente porque s\u00e3o mais diagnosticados e tamb\u00e9m porque a popula\u00e7\u00e3o est\u00e1 mais informada e mais alerta para a problem\u00e1tica das dem\u00eancias.<\/p>\n\n\n\n<p>Estudos no Reino Unido mostraram que mais da metade dos pacientes que frequentam consultas por queixas de mem\u00f3ria n\u00e3o t\u00eam dem\u00eancia e muitos t\u00eam uma perturba\u00e7\u00e3o cognitiva funcional.<\/p>\n\n\n\n<p>Em seguida apresentam-se queixas comuns de mem\u00f3ria relatadas pelos pacientes. Muitas correspondem a experi\u00eancias quotidianas que s\u00e3o vividas com mais frequ\u00eancia do que o habitual.<\/p>\n\n\n\n<p>\u201cFui ao andar de cima\/quarto ao lado e n\u00e3o me consegui lembrar o que ia l\u00e1 fazer&#8221;<\/p>\n\n\n\n<p>\u2018Estou sempre a perder a carteira\/chaves&#8221;<\/p>\n\n\n\n<p>\u2018Perdi o fio ao tema da conversa\u2019<\/p>\n\n\n\n<p>\u2018N\u00e3o conseguia lembrar-se do caminho de carro para casa na \u00edntegra&#8217;<\/p>\n\n\n\n<p>\u2018Eu come\u00e7o um livro e n\u00e3o consigo lembrar-me do que estava a ler antes&#8217;<\/p>\n\n\n\n<p>\u2018Eu esque\u00e7o o nome dos destinos das \u00faltimas f\u00e9rias ou o que fiz ontem\u2019<\/p>\n\n\n\n<p>\u2018Esqueci-me completamente da reuni\u00e3o\/ dar os parab\u00e9ns a algu\u00e9m&#8217;<\/p>\n\n\n\n<p>Como todos os sintomas funcionais, decidir se estes sintomas fazem ou n\u00e3o parte de uma doen\u00e7a neurol\u00f3gica \u00e9 um processo que deve ser feito cuidadosamente.<\/p>\n\n\n\n<p>Mas muitas vezes, estes tipos de sintomas n\u00e3o indicam um problema de mem\u00f3ria. Eles podem ser explicados principalmente como consequ\u00eancia de pouca concentra\u00e7\u00e3o ou distra\u00e7\u00e3o. Se n\u00e3o estiver concentrado no in\u00edcio de uma tarefa, talvez por estar cansado(a) ou distra\u00eddo(a), n\u00e3o se ir\u00e1 lembrar do que fez ou do que lhe foi dito.<\/p>\n\n\n\n<p>Ent\u00e3o, enquanto voc\u00ea costumava ir ao piso de cima da casa, por exemplo, e recordar-se da raz\u00e3o para isso, agora n\u00e3o o consegue fazer porque a sua dor, fadiga ou fraqueza nas pernas est\u00e3o a interferir com a sua concentra\u00e7\u00e3o.<\/p>\n\n\n\n<p>Curiosamente, as pessoas que mais frequentemente notam este tipo de sintomas muitas vezes s\u00e3o aquelas que t\u00eam uma capacidade acima da m\u00e9dia de se lembrar das coisas em primeiro lugar. Por outro lado, pessoas que sempre foram um pouco distra\u00eddas tendem a notar menos quando estes sintomas surgem.<\/p>\n\n\n\n<p>\u00c0s vezes, esses sintomas tornam-se um foco de preocupa\u00e7\u00e3o com a sa\u00fade, especialmente se houver hist\u00f3ria familiar de dem\u00eancia ou se a pessoa estiver familiarizada com a dem\u00eancia. Pensar ou preocupar-se com sintomas de mem\u00f3ria tende a pior\u00e1-los. A maioria das fun\u00e7\u00f5es cerebrais, como o movimento, o sono e o pensamento funcionam melhor de forma autom\u00e1tica.<\/p>\n\n\n\n<p>Os sintomas de concentra\u00e7\u00e3o s\u00e3o um sintoma muito comum de ansiedade e depress\u00e3o, por isso \u00e9 f\u00e1cil de compreender que um ciclo vicioso de sintomas se possa desenvolver nessas situa\u00e7\u00f5es.<\/p>\n\n\n\n<p>Pode ser \u00fatil descobrir a frequ\u00eancia destes sintomas de mem\u00f3ria e o qu\u00e3o comuns estes s\u00e3o na popula\u00e7\u00e3o. Em seguida, a frequ\u00eancia destes sintomas em pessoas saud\u00e1veis entre os 20 e 30 anos.<\/p>\n\n\n\n<p>Quando os m\u00e9dicos avaliam os problemas de mem\u00f3ria na consulta, procuram pistas que os possam auxiliar a diferenciar se os sintomas de mem\u00f3ria s\u00e3o de etiologia funcional ou n\u00e3o. Podem tamb\u00e9m realizar exames neuropsicol\u00f3gicos. Alguns pacientes com perturba\u00e7\u00e3o cognitiva funcional t\u00eam pior desempenho nos testes do que na vida real, e portanto os resultados podem criar uma impress\u00e3o falsa.<\/p>\n\n\n\n<p>Nenhum dos recursos abaixo \u00e9 diagn\u00f3stico isoladamente e o diagn\u00f3stico deve ser feito por um especialista. Em alguns pacientes pode n\u00e3o ser poss\u00edvel ter certeza na primeira consulta e apenas o seguimento dos doentes auxiliar\u00e1 na defini\u00e7\u00e3o do diagn\u00f3stico.<\/p>\n\n\n\n<p>Estamos a falar do mesmo que Defeito Cognitivo Ligeiro (MCI)?<\/p>\n\n\n\n<p>N\u00e3o. MCI \u00e9 uma designa\u00e7\u00e3o comumente dada a pacientes que apresentam sintomas cognitivos, mas que n\u00e3o apresentam dem\u00eancia, isto \u00e9, n\u00e3o interferem com a sua capacidade funcional. Alguns desses pacientes podem, de facto, ter sintomas cognitivos funcionais, mas outros ir\u00e3o evoluir para dem\u00eancia.<\/p>\n\n\n\n<p>A perturba\u00e7\u00e3o cognitiva funcional \u00e9 um problema muito mais espec\u00edfico e identific\u00e1vel, com caracter\u00edsticas cl\u00ednicas t\u00edpicas.<\/p>\n\n\n\n<p>Tratamento dos Sintomas Cognitivos Funcionais<\/p>\n\n\n\n<p>Estas s\u00e3o algumas das coisas que podem ajudar aqueles que sofrem de sintomas cognitivos funcionais<\/p>\n\n\n\n<p>1. O diagn\u00f3stico \u00e9 feito pela positiva. Como todas as doen\u00e7as neurol\u00f3gicas funcionais, n\u00e3o deve ser um diagn\u00f3stico de exclus\u00e3o.<\/p>\n\n\n\n<p>2. Identifique se h\u00e1 uma causa \u00f3bvia, como priva\u00e7\u00e3o de sono, medica\u00e7\u00e3o excessiva ou ansiedade, que pode ser objeto de tratamento.<\/p>\n\n\n\n<p>3. Pessoas que costumavam ter uma mem\u00f3ria brilhante podem precisar de tempo para reconhecer que os sintomas de mem\u00f3ria que t\u00eam, embora diferentes para eles, s\u00e3o normais para a popula\u00e7\u00e3o. Informa\u00e7\u00e3o e discuss\u00e3o podem auxiliar.<\/p>\n\n\n\n<p>4. Treinar para aceitar erros de mem\u00f3ria quando eles ocorrem e n\u00e3o se concentrar neles por muito tempo (isto \u00e9, autocr\u00edtica reduzida)<\/p>\n\n\n\n<p>H\u00e1 uma&nbsp;p\u00e1gina \u00fatil de dicas sobre como gerir os sintomas de mem\u00f3ria e concentra\u00e7\u00e3o neste s\u00edtio eletr\u00f3nico. Ele foi escrito para pessoas com traumatismos ligeiros da cabe\u00e7a, mas as dicas s\u00e3o semelhantes no que diz respeito \u00e0 aprendizagem e controlo sobre a sua mem\u00f3ria.<\/p>\n\n\n\n<p><strong>Longos per\u00edodos de amn\u00e9sia&nbsp;<\/strong>\/&nbsp;<strong>Amn\u00e9sia Dissociativa<\/strong><\/p>\n\n\n\n<p>Por vezes, pacientes com sintomas neurol\u00f3gicos funcionais relatam per\u00edodos bastante dram\u00e1ticos de amn\u00e9sia, por exemplo, durante uma tarde inteira ou uma viagem de carro. Isto \u00e9 mais frequente em pessoas com convuls\u00f5es dissociativas que frequentemente t\u00eam amn\u00e9sia imediatamente antes da crise.<\/p>\n\n\n\n<p>Quando um per\u00edodo de tempo como esse \u00e9 perdido, amn\u00e9sia dissociativa \u00e9 a explica\u00e7\u00e3o mais prov\u00e1vel. Clique em sintomas dissociativos para descobrir mais sobre o significado geral de dissocia\u00e7\u00e3o.<\/p>\n\n\n\n<p>Na amn\u00e9sia dissociativa, a pessoa n\u00e3o consegue lembrar de nada porque<\/p>\n\n\n\n<p>\u2022 durante o per\u00edodo em quest\u00e3o estava em estado de transe, ou<\/p>\n\n\n\n<p>\u2022tem dificuldade em aceder a mem\u00f3rias casuais devido a uma mudan\u00e7a na fun\u00e7\u00e3o do c\u00e9rebro, que \u00e9 parte de uma doen\u00e7a funcional ou dissociativa.<\/p>\n","protected":false},"excerpt":{"rendered":"<p>Problems with thinking, memory or concentration<\/p>\n","protected":false},"author":65,"featured_media":1631,"parent":937,"menu_order":284,"comment_status":"closed","ping_status":"closed","template":"page-template\/symptom-details-page-template.php","meta":[],"_links":{"self":[{"href":"https:\/\/neurosymptoms.org\/pt_PT\/wp-json\/wp\/v2\/pages\/545"}],"collection":[{"href":"https:\/\/neurosymptoms.org\/pt_PT\/wp-json\/wp\/v2\/pages"}],"about":[{"href":"https:\/\/neurosymptoms.org\/pt_PT\/wp-json\/wp\/v2\/types\/page"}],"author":[{"embeddable":true,"href":"https:\/\/neurosymptoms.org\/pt_PT\/wp-json\/wp\/v2\/users\/65"}],"replies":[{"embeddable":true,"href":"https:\/\/neurosymptoms.org\/pt_PT\/wp-json\/wp\/v2\/comments?post=545"}],"version-history":[{"count":308,"href":"https:\/\/neurosymptoms.org\/pt_PT\/wp-json\/wp\/v2\/pages\/545\/revisions"}],"predecessor-version":[{"id":15301,"href":"https:\/\/neurosymptoms.org\/pt_PT\/wp-json\/wp\/v2\/pages\/545\/revisions\/15301"}],"up":[{"embeddable":true,"href":"https:\/\/neurosymptoms.org\/pt_PT\/wp-json\/wp\/v2\/pages\/937"}],"wp:featuredmedia":[{"embeddable":true,"href":"https:\/\/neurosymptoms.org\/pt_PT\/wp-json\/wp\/v2\/media\/1631"}],"wp:attachment":[{"href":"https:\/\/neurosymptoms.org\/pt_PT\/wp-json\/wp\/v2\/media?parent=545"}],"curies":[{"name":"wp","href":"https:\/\/api.w.org\/{rel}","templated":true}]}}