{"id":543,"date":"2020-11-29T13:16:43","date_gmt":"2020-11-29T13:16:43","guid":{"rendered":"https:\/\/ftd.cognihealth.in\/?page_id=543"},"modified":"2024-11-01T03:36:28","modified_gmt":"2024-11-01T03:36:28","slug":"sleep-problems","status":"publish","type":"page","link":"https:\/\/neurosymptoms.org\/pt_PT\/symptoms\/common-associated-symptoms\/sleep-problems\/","title":{"rendered":"Dist\u00farbios do sono"},"content":{"rendered":"\n<p>Tal como a fadiga, os dist\u00farbios do sono s\u00e3o muito comuns em doentes com sintomas neurol\u00f3gicos funcionais.<\/p>\n\n\n\n<p><strong>Ins\u00f3nia<\/strong>&nbsp;\u2013 pode significar dificuldade em adormecer, manter o sono ou acordar demasiado cedo<\/p>\n\n\n\n<p><strong>Hipers\u00f3nia&nbsp;<\/strong>\u2013 significa dormir excessivamente e, habitualmente, acordar ainda com sensa\u00e7\u00e3o de sono pouco reparador.<\/p>\n\n\n\n<p>Os dist\u00farbios do sono podem ocorrer como parte de ansiedade e depress\u00e3o, embora seja importante referir que podem surgir sem que a ansiedade ou a depress\u00e3o estejam presentes.<\/p>\n\n\n\n<p>Aqui est\u00e3o algumas dicas para melhorar os seus h\u00e1bitos de sono. Aqui est\u00e3o algumas dicas para melhorar a sua &#8216;higiene do sono&#8217;.<\/p>\n\n\n\n<p>Dicas b\u00e1sicas para uma melhor noite de sono<\/p>\n\n\n\n<p>\u2022 Manter um hor\u00e1rio de sono regular. Adormecer e acordar aproximadamente \u00e0 mesma hora, ajudar\u00e1 a programar o seu corpo para dormir melhor. &nbsp;<\/p>\n\n\n\n<p>\u2022 Prepare um ambiente acolhedor e tranquilo. O seu quarto deve ser um local onde vai apenas para descansar, a temperatura deve ser amena e deve ser o mais sossegado e escuro poss\u00edvel.<\/p>\n\n\n\n<p>\u2022 Certifique-se que a sua cama seja confort\u00e1vel, n\u00e3o demasiado mole, r\u00edgida, pequena ou em m\u00e1s condi\u00e7\u00f5es.<\/p>\n\n\n\n<p>\u2022 Pratique mais exerc\u00edcio. Exerc\u00edcio regular de moderada intensidade, como nadar ou caminhar, pode ajudar a aliviar o stress e a tens\u00e3o acumulada. Tenha aten\u00e7\u00e3o para n\u00e3o deixar o exerc\u00edcio para o final do dia, uma vez que isso poder\u00e1 interferir com a qualidade do sono.<\/p>\n\n\n\n<p>\u2022 Evite estimulantes como cafe\u00edna ou ch\u00e1 &#8211; especialmente a partir do final da tarde. Estes podem interferir com a capacidade para adormecer ou manter a qualidade do sono. Tome uma bebida com leite quente ou um ch\u00e1 \u00e0 base de ervas.<\/p>\n\n\n\n<p>\u2022 N\u00e3o coma demasiado. Demasiada comida ou \u00e1lcool, especialmente \u00e0 noite, imediatamente antes de adormecer pode interferir com o padr\u00e3o de sono. O \u00e1lcool pode ajud\u00e1-lo a adormcer numa fase inicial, mas ir\u00e1 interromper o seu sono mais tarde quando estiver a dormir.<\/p>\n\n\n\n<p>\u2022 N\u00e3o fume. Sim, tamb\u00e9m \u00e9 mau para o sono: os fumadores demoram mais tempo a adormecer, acordam mais frequentemente e t\u00eam mais interrup\u00e7\u00f5es do sono.<\/p>\n\n\n\n<p>\u2022 Tente relaxar antes de se deitar&#8230; Experimente um banho relaxante, uma m\u00fasica calma, yoga &#8211; todos estes ajudam a relaxar o corpo e mente.<\/p>\n\n\n\n<p>\u2022 Lide com as suas preocupa\u00e7\u00f5es e carga laboral fazendo listas de tarefas para o dia seguinte.<\/p>\n\n\n\n<p>\u2022 Se n\u00e3o conseguir dormir, n\u00e3o fique deitado a refletir sobre as suas preocupa\u00e7\u00f5es. Levante-se e fa\u00e7a alguma atividade relaxante at\u00e9 voltar a sentir-se com sono &#8211; nesse momento volte para a cama.<\/p>\n\n\n\n<p>Ins\u00f3nia -estar preocupado com o momento em que vai dormir<\/p>\n\n\n\n<p>Uma das causas mais comuns de ins\u00f3nia \u00e9 o desenvolvimento de&nbsp;<strong>ansiedade relacionada com o sono.<\/strong><\/p>\n\n\n\n<p>Frequentemente, apesar de se sentirem cansadas, as pessoas ficam extremamente preocupadas com a eventualidade de n\u00e3o conseguirem adormecer no exato momento em que se deitam.<\/p>\n\n\n\n<p>Adormecer deve ser um processo&nbsp;<strong><em>autom\u00e1tico.<\/em><\/strong>&nbsp;Se come\u00e7ar a pensar demasiado sobre isso, algo n\u00e3o est\u00e1 bem. Assim, isto n\u00e3o \u00e9 muito diferente do que se passa nas restantes&nbsp;<a href=\"http:\/\/neurosintomaspt.org\/fraqueza-funcional\/4594522178\">doen\u00e7as funcionais.<\/a><\/p>\n\n\n\n<p>Aprender a desfazer este processo pode ser d\u00edficil, mas entender o que est\u00e1 errado \u00e9 o primeiro passo.<\/p>\n\n\n\n<p>Recomendamos esta abordagem do Professor Colin Espie que escreveu um&nbsp;artigo&nbsp;para o jornal the Guardian.<\/p>\n\n\n\n<p><a href=\"http:\/\/neurosintomaspt.org\/download\/i\/mark_dl\/u\/4013634381\/4635588945\/Sleeping%20Problems%20A4%202010.pdf\">Livro de auto-ajuda neste link.<\/a><\/p>\n\n\n\n<p><a href=\"http:\/\/yoohealth.com\/sleep-deprivation-causes-symptoms-and-treatment\/\">Artigo de YooHealth<\/a>&nbsp;sobre priva\u00e7\u00e3o de sono com algumas dicas \u00fateis.<\/p>\n\n\n\n<p><a href=\"http:\/\/www.sleepcouncil.org.uk\/SleepAdvice\/sleep_tips_2.cfm\">http:\/\/www.sleepcouncil.org.uk\/SleepAdvice\/sleep_tips_2.cfm<\/a><\/p>\n\n\n\n<p><a href=\"http:\/\/www.moodjuice.scot.nhs.uk\">http:\/\/www.moodjuice.scot.nhs.uk<\/a><\/p>\n","protected":false},"excerpt":{"rendered":"<p>Sleep disturbance includes insomnia (not enough sleep) and hypersomnia (too much sleep)<\/p>\n","protected":false},"author":65,"featured_media":1905,"parent":939,"menu_order":270,"comment_status":"closed","ping_status":"closed","template":"page-template\/symptom-details-page-template.php","meta":[],"_links":{"self":[{"href":"https:\/\/neurosymptoms.org\/pt_PT\/wp-json\/wp\/v2\/pages\/543"}],"collection":[{"href":"https:\/\/neurosymptoms.org\/pt_PT\/wp-json\/wp\/v2\/pages"}],"about":[{"href":"https:\/\/neurosymptoms.org\/pt_PT\/wp-json\/wp\/v2\/types\/page"}],"author":[{"embeddable":true,"href":"https:\/\/neurosymptoms.org\/pt_PT\/wp-json\/wp\/v2\/users\/65"}],"replies":[{"embeddable":true,"href":"https:\/\/neurosymptoms.org\/pt_PT\/wp-json\/wp\/v2\/comments?post=543"}],"version-history":[{"count":106,"href":"https:\/\/neurosymptoms.org\/pt_PT\/wp-json\/wp\/v2\/pages\/543\/revisions"}],"predecessor-version":[{"id":15596,"href":"https:\/\/neurosymptoms.org\/pt_PT\/wp-json\/wp\/v2\/pages\/543\/revisions\/15596"}],"up":[{"embeddable":true,"href":"https:\/\/neurosymptoms.org\/pt_PT\/wp-json\/wp\/v2\/pages\/939"}],"wp:featuredmedia":[{"embeddable":true,"href":"https:\/\/neurosymptoms.org\/pt_PT\/wp-json\/wp\/v2\/media\/1905"}],"wp:attachment":[{"href":"https:\/\/neurosymptoms.org\/pt_PT\/wp-json\/wp\/v2\/media?parent=543"}],"curies":[{"name":"wp","href":"https:\/\/api.w.org\/{rel}","templated":true}]}}