{"id":541,"date":"2020-11-29T12:41:43","date_gmt":"2020-11-29T12:41:43","guid":{"rendered":"https:\/\/ftd.cognihealth.in\/?page_id=541"},"modified":"2024-11-01T03:34:50","modified_gmt":"2024-11-01T03:34:50","slug":"fatigue","status":"publish","type":"page","link":"https:\/\/neurosymptoms.org\/pt_PT\/symptoms\/common-associated-symptoms\/fatigue\/","title":{"rendered":"Fadiga"},"content":{"rendered":"\n<p>A fadiga \u00e9 um sintoma muito comum em doentes com sintomas neurol\u00f3gicos funcionais. &nbsp;<\/p>\n\n\n\n<p>Frequentemente, apesar de outros sintomas mais \u00f3bvios, os doentes referem fadiga que os deixa mais incapacitados dia ap\u00f3s dia.<\/p>\n\n\n\n<p>Nesta situa\u00e7\u00e3o, a fadiga pode ser interpretada como outro sintoma relacionado com o mau funcionamento do sistema nervoso.<\/p>\n\n\n\n<p>Quando este tipo de fadiga ocorre<\/p>\n\n\n\n<p>\u2022 sem outros sintomas neurol\u00f3gicos<\/p>\n\n\n\n<p>\u2022 por um per\u00edodo superior a 6 meses<\/p>\n\n\n\n<p>\u2022 n\u00e3o devida a uma doen\u00e7a m\u00e9dica ou neurol\u00f3gica &nbsp;<\/p>\n\n\n\n<p>ent\u00e3o esta condi\u00e7\u00e3o \u00e9 designada por&nbsp;<em>S\u00edndrome de Fadiga Cr\u00f3nica (SFC)<\/em><\/p>\n\n\n\n<p>SFC foi reconhecida como uma entidade genu\u00edna em Inglaterra e na Esc\u00f3cia.<\/p>\n\n\n\n<p>Esta s\u00edndrome n\u00e3o ser\u00e1 discutida em detalhe neste website.<\/p>\n\n\n\n<p>A fadiga pode surgir como parte de ansiedade ou depress\u00e3o, embora seja importante dizer-se que n\u00e3o \u00e9 necess\u00e1rio que a pessoa se sinta ansiosa ou deprimida para ter fadiga intensa ou persistente.<\/p>\n\n\n\n<p>No entanto, nos ensaios cl\u00ednicos, muitos dos pr\u00edncipios de tratamento que se aplicam aos outros sintomas neurol\u00f3gicos funcionais tamb\u00e9m mostraram ser eficazes na SFC.<\/p>\n\n\n\n<p>Mais informa\u00e7\u00e3o em NHS Direct<\/p>\n\n\n\n<p><a href=\"http:\/\/www.nhs.uk\/Conditions\/Chronic-fatigue-syndrome\/Pages\/Introduction.aspx\">http:\/\/www.nhs.uk\/Conditions\/Chronic-fatigue-syndrome\/Pages\/Introduction.aspx<\/a><\/p>\n\n\n\n<p>Fale com o seu m\u00e9dico sobre SFC para descobrir o melhor tratamento que ele lhe tem a propor.<\/p>\n","protected":false},"excerpt":{"rendered":"<p>Fatigue, lack of energy and exhaustion<\/p>\n","protected":false},"author":65,"featured_media":0,"parent":939,"menu_order":267,"comment_status":"closed","ping_status":"closed","template":"page-template\/symptom-details-page-template.php","meta":[],"_links":{"self":[{"href":"https:\/\/neurosymptoms.org\/pt_PT\/wp-json\/wp\/v2\/pages\/541"}],"collection":[{"href":"https:\/\/neurosymptoms.org\/pt_PT\/wp-json\/wp\/v2\/pages"}],"about":[{"href":"https:\/\/neurosymptoms.org\/pt_PT\/wp-json\/wp\/v2\/types\/page"}],"author":[{"embeddable":true,"href":"https:\/\/neurosymptoms.org\/pt_PT\/wp-json\/wp\/v2\/users\/65"}],"replies":[{"embeddable":true,"href":"https:\/\/neurosymptoms.org\/pt_PT\/wp-json\/wp\/v2\/comments?post=541"}],"version-history":[{"count":94,"href":"https:\/\/neurosymptoms.org\/pt_PT\/wp-json\/wp\/v2\/pages\/541\/revisions"}],"predecessor-version":[{"id":15593,"href":"https:\/\/neurosymptoms.org\/pt_PT\/wp-json\/wp\/v2\/pages\/541\/revisions\/15593"}],"up":[{"embeddable":true,"href":"https:\/\/neurosymptoms.org\/pt_PT\/wp-json\/wp\/v2\/pages\/939"}],"wp:attachment":[{"href":"https:\/\/neurosymptoms.org\/pt_PT\/wp-json\/wp\/v2\/media?parent=541"}],"curies":[{"name":"wp","href":"https:\/\/api.w.org\/{rel}","templated":true}]}}