{"id":539,"date":"2020-11-29T12:37:13","date_gmt":"2020-11-29T12:37:13","guid":{"rendered":"https:\/\/ftd.cognihealth.in\/?page_id=539"},"modified":"2024-11-01T03:35:22","modified_gmt":"2024-11-01T03:35:22","slug":"dissociative-symptoms","status":"publish","type":"page","link":"https:\/\/neurosymptoms.org\/pt_PT\/symptoms\/common-associated-symptoms\/dissociative-symptoms\/","title":{"rendered":"Sintomas dissociativos . \"sentindo-se fora da realidade\""},"content":{"rendered":"\n<p>O que s\u00e3o sintomas dissociativos?<\/p>\n\n\n\n<p>Sintomas dissociativos s\u00e3o experienciados frequentemente em conjunto com outros sintomas funcionais descritos neste website. Pode ser muito \u00fatil identifica-los e perceb\u00ea-los para comprender a natureza dos seus sintomas e aprender como recuperar controlo do seu corpo.<\/p>\n\n\n\n<p>Sintomas dissociativos incluem:<\/p>\n\n\n\n<p><strong>Despersonaliza\u00e7\u00e3o<\/strong>&nbsp;\u2013 um sentimento que o seu corpo n\u00e3o pertence exactamente a si ou que est\u00e1 desligado de si.<\/p>\n\n\n\n<p><strong>Desrealiza\u00e7\u00e3o&nbsp;<\/strong>\u2013 um sentimento que est\u00e1 desligado do mundo \u00e0 sua volta ou &#8220;fora da realidade&#8221;.<\/p>\n\n\n\n<p>Para uma descri\u00e7\u00e3o detalhada dos sintomas dissocativos pode fazer o download do artigo here &nbsp;o qual os descreve para uma revista de neurologia<\/p>\n\n\n\n<p>Aqui est\u00e3o algumas das formas das pessoas descreverem a despersonaliza\u00e7\u00e3o e a desrealiza\u00e7\u00e3o:<\/p>\n\n\n\n<p>Despersonaliza\u00e7\u00e3o<\/p>\n\n\n\n<p>Comum: \u2018Eu sentia-me estranho\/esquesito\u2019, \u2018Eu sentia-me como se estivesse a flutuar\u2019, \u2018Eu<\/p>\n\n\n\n<p>sentia-me sem corpo\/desligado\/destacado\/longe de mim mesmo&#8221;, &#8220;\u00e0 parte de tudo&#8221;, \u2018num lugar in a place of my own\/ alone\u2019, \u2018como se estivesse l\u00e1 mas n\u00e3o estivesse&#8221;, \u2019eu podia ver e ouvir tudo mas n\u00e3o podia responder\u2019<\/p>\n\n\n\n<p>Menos comum:&#8221;como uma marioneta&#8221;,&#8221;como um robot&#8221;, &#8220;a representar&#8221;, &#8220;n\u00e3o conseguia sentir nehuma dor&#8221;, &#8220;como se eu fosse feito de cardboard&#8217;, &#8220;eu sentia-me como se fosse apenas uma cabe\u00e7a presa num corpo&#8221;, &#8221; como um espectador a olhar para mim mesmo na TV\u2019, \u2018como uma experi\u00eancia fora do corpo&#8221;, \u2018sentia as minhas m\u00e3os ou p\u00e9s menores\/maiores&#8221;, &#8220;quando eu tocava nas coisas n\u00e3o sentia como se as tivesse a tocar&#8221;<\/p>\n\n\n\n<p>Desrealiza\u00e7\u00e3o<\/p>\n\n\n\n<p>&#8220;o ambiente em volta n\u00e3o parecia real\/long\u00ednquo&#8221;; &#8220;senti-me fora da realidade&#8221;, &#8220;estava a olhar o mundo atrav\u00e9s de um video&#8221;, &#8220;sentia-me distante do ambiente envolvente&#8221;, &#8220;os objetos pareciam diminu\u00eddos de tamanho\/ lisos \/ como num sonho \/ tipo desenhos animados \/ artificiais \/ n\u00e3o s\u00f3lidos&#8221;.<\/p>\n\n\n\n<p>Porqu\u00ea que \u00e9 importante descobrir mais sobre sintomas dissociativos?<\/p>\n\n\n\n<p>Estes sintomas ocorrem em todos os tipos de situa\u00e7\u00f5es. Muitos pessoas experienciam-nos em algum grau quando t\u00eam uma constipa\u00e7\u00e3o ou priva\u00e7\u00e3o de sono.<\/p>\n\n\n\n<p>Compreender o que s\u00e3o sintomas dissociativos, que h\u00e1 um nome para eles e que eles n\u00e3o significam que &#8220;est\u00e1 chateado\u201d, pode ser \u00fatil para pessoas com sintomas funcionais.<\/p>\n\n\n\n<p>Medo e ansiedade podem intensificar os sintomas dissociativos, assim se os doentes forem instru\u00eddos para este facto podem desenvolver estrat\u00e9gias para tornarem os sintomas menos intensos.<\/p>\n\n\n\n<p>A experi\u00eancia de se sentir de alguma forma desconectado do pr\u00f3prio corpo pode tamb\u00e9m explicar o porqu\u00ea de se sentir desconectado ou fraco de alguma forma. Esta \u00e9 a raz\u00e3o pela qual os sintomas dissociativos s\u00e3o por vezes chamados &#8216;doen\u00e7a dissociativa motora funcional&#8217;.<\/p>\n\n\n\n<p>Informa\u00e7\u00e3o adicional<\/p>\n\n\n\n<p>Para uma descri\u00e7\u00e3o detalhada dos sintomas dissociativos pode fazer download do artigo&nbsp;<a href=\"http:\/\/neurosintomaspt.org\/download\/i\/mark_dl\/u\/4013634381\/4635588775\/Stone%20-%20Dissociation.pdf\">aqui<\/a>&nbsp;o qual descreve estes sintomas numa revista neurol\u00f3gica.<\/p>\n\n\n\n<p>Um out<a href=\"http:\/\/www.bmj.com\/content\/356\/bmj.j745\">ro arti<\/a>go&nbsp;de 2017 do British Medical Journal escrito por uma psic\u00f3loga (Elaine Hunter), um paciente (Jane Charlton) e um professor de neuropsiquiatria cognitiva (Prof David).<\/p>\n\n\n\n<p>H\u00e1 ainda um&nbsp;<a href=\"\nhttps:\/\/soundcloud.com\/bmjpodcasts\/watching-the-world-through-a-clear-fog-recognising-depersonalisation-and-derealisation\">podcast&nbsp;\n<\/a>onde a editora da BMJ (Fiona Godlee) discute as suas pr\u00f3prias experi\u00eancias de despersonaliza\u00e7\u00e3o e um&nbsp;<a href=\"https:\/\/soundcloud.com\/bmjpodcasts\/watching-the-world-through-a-clear-fog-recognising-depersonalisation-and-derealisation\">youtube video<\/a>&nbsp;&#8211; ambos muito recomendados.<\/p>\n\n\n\n<p>There is also more information about depersonalisation available from the following:<\/p>\n\n\n\n<p><a href=\"https:\/\/twitter.com\/DPAFU_UK\/\">@DPAFU_UK<\/a>&nbsp;and&nbsp;<a href=\"https:\/\/twitter.com\/dpddiaries\">@dpddiaries<\/a><\/p>\n\n\n\n<p>These Twitter account has lots of links and information about depersonalisation<\/p>\n","protected":false},"excerpt":{"rendered":"<p>Feeling spaced out, not there or not properly in your own body<\/p>\n","protected":false},"author":65,"featured_media":1901,"parent":939,"menu_order":268,"comment_status":"closed","ping_status":"closed","template":"page-template\/symptom-details-page-template.php","meta":[],"_links":{"self":[{"href":"https:\/\/neurosymptoms.org\/pt_PT\/wp-json\/wp\/v2\/pages\/539"}],"collection":[{"href":"https:\/\/neurosymptoms.org\/pt_PT\/wp-json\/wp\/v2\/pages"}],"about":[{"href":"https:\/\/neurosymptoms.org\/pt_PT\/wp-json\/wp\/v2\/types\/page"}],"author":[{"embeddable":true,"href":"https:\/\/neurosymptoms.org\/pt_PT\/wp-json\/wp\/v2\/users\/65"}],"replies":[{"embeddable":true,"href":"https:\/\/neurosymptoms.org\/pt_PT\/wp-json\/wp\/v2\/comments?post=539"}],"version-history":[{"count":163,"href":"https:\/\/neurosymptoms.org\/pt_PT\/wp-json\/wp\/v2\/pages\/539\/revisions"}],"predecessor-version":[{"id":15594,"href":"https:\/\/neurosymptoms.org\/pt_PT\/wp-json\/wp\/v2\/pages\/539\/revisions\/15594"}],"up":[{"embeddable":true,"href":"https:\/\/neurosymptoms.org\/pt_PT\/wp-json\/wp\/v2\/pages\/939"}],"wp:featuredmedia":[{"embeddable":true,"href":"https:\/\/neurosymptoms.org\/pt_PT\/wp-json\/wp\/v2\/media\/1901"}],"wp:attachment":[{"href":"https:\/\/neurosymptoms.org\/pt_PT\/wp-json\/wp\/v2\/media?parent=539"}],"curies":[{"name":"wp","href":"https:\/\/api.w.org\/{rel}","templated":true}]}}