{"id":532,"date":"2020-11-29T09:51:38","date_gmt":"2020-11-29T09:51:38","guid":{"rendered":"https:\/\/ftd.cognihealth.in\/?page_id=532"},"modified":"2024-11-01T03:42:06","modified_gmt":"2024-11-01T03:42:06","slug":"functional-sensory-symptoms","status":"publish","type":"page","link":"https:\/\/neurosymptoms.org\/pt_PT\/symptoms\/fnd-symptoms\/functional-sensory-symptoms\/","title":{"rendered":"Sintomas sensitivos"},"content":{"rendered":"\n<p>O que s\u00e3o sintomas sensitivos funcionais?<\/p>\n\n\n\n<p>Sintomas sensitivos funcionais descrevem sintomas em v\u00e1rias localiza\u00e7\u00f5es no corpo que s\u00e3o devidas a uma altera\u00e7\u00e3o no&nbsp;<strong>funcionamento<\/strong>&nbsp;do sistema nervoso.&nbsp;N\u00e3o s\u00e3o causados por dano ou doen\u00e7a do sistema nervoso.<\/p>\n\n\n\n<p>Doentes com sintomas sensitivos funcionais experienciam os seguintes:<\/p>\n\n\n\n<p>1. Um sentimento de sensa\u00e7\u00e3o alterada de um lado do corpo (mais comumente \u00e0 esquerda), habitualmente envolvendo a face, o bra\u00e7o ou a perna, em diferentes combina\u00e7\u00f5es. Frequentemente estas altera\u00e7\u00f5es designam-se por &#8216;s\u00edndrome hemisensitivo&#8217;. Altera\u00e7\u00f5es da sensibilidade da face isoladamente s\u00e3o muito comuns.<\/p>\n\n\n\n<p>2. Sensa\u00e7\u00e3o de que um membro n\u00e3o lhe pertence.<\/p>\n\n\n\n<p>3. Sensa\u00e7\u00f5es fugazes &#8211; incluindo including conta\u00e7\u00f5es musculares, zumbidos, sensa\u00e7\u00e3o de choques el\u00e9tricos.<\/p>\n\n\n\n<p>4. Por vezes sintomas visuais incluindo desfocar intermitente, vis\u00e3o dupla e fraqueza (ver Fraqueza) pode estar presente do mesmo lado dos sintomas sensitivos.<\/p>\n\n\n\n<p>Para o doente e para o m\u00e9dico esses sintomas podem ser de alarme. Podem faz\u00ea-lo pensar se teve um AVC ou esclerose m\u00faltipla.<\/p>\n\n\n\n<p>Contudo, os sintomas sensitivos funcionais n\u00e3o se devem a les\u00e3o do sistema nervoso o que quer dizer que podem melhorar ou mesmo desaparecer completamente. Isso acontece porque, nas pessoas que t\u00eam sintomas sensitivos funcionais, todas as partes do sistema nervoso est\u00e3o intactas, apenas n\u00e3o est\u00e3o a funcionar apropriadamente e por isso o seu c\u00e9rebro n\u00e3o recebe as mensagens de modo correto.<\/p>\n\n\n\n<p>Como \u00e9 que o diagn\u00f3stico \u00e9 feito?<\/p>\n\n\n\n<p>O diagn\u00f3stico de sintomas sensitivos funcionais \u00e9 habitualmente feito por um neurologista.<\/p>\n\n\n\n<p>Quando o m\u00e9dico ouve a sua hist\u00f3ria e o examina, ele pode reconhecer os seus sintomas como sendo t\u00edpicos de sintomas sensitivos funcionais. Ao exame, o m\u00e9dico pode descobrir que a sensibilidade das \u00e1reas afetadas est\u00e1 diminu\u00edda. Pode haver um grau ligeiro de fraqueza em associa\u00e7\u00e3o com a altera\u00e7\u00e3o sensitiva. O padr\u00e3o de fraqueza e a resposta a testes especializados ajudar\u00e3o o m\u00e9dico a fazer um diagn\u00f3stico positivo da sua condi\u00e7\u00e3o.<\/p>\n\n\n\n<p>Exames de imagem cerebral normais podem ajudar a fazer o diagn\u00f3stico, mas o diagn\u00f3stico \u00e9 habitualmente feito pelo neurologista na primeira vez que o v\u00ea.<\/p>\n\n\n\n<p>Estarei ent\u00e3o a imaginar?<\/p>\n\n\n\n<p>A resposta \u00e9 &#8216;n\u00e3o&#8217; mas clique em &#8216;Estou a imaginar?&#8217; para saber mais.<\/p>\n\n\n\n<p>Por que \u00e9 que os sintomas sensitivos funcionais acontecem?<\/p>\n\n\n\n<p>Os sintomas sensitivos funcionais surgem por diferentes raz\u00f5es em diferentes pessoas. As raz\u00f5es s\u00e3o muito semelhantes \u00e0s respons\u00e1veis pela fraqueza funcional. Incluem:<\/p>\n\n\n\n<p>1<strong><em>. Ap\u00f3s um ferimento \/ com dor<\/em><\/strong>&nbsp;&#8211; As pessoas parecem parecem particularmente vulner\u00e1veis aos sintomas sensitivos funcionais ap\u00f3s uma les\u00e3o \/ ferimento f\u00edsico ou se t\u00eam muita dor. Estudos com doentes com dor cr\u00f3nica mostram que dist\u00farbios sensitivos funcionais inesperados (habitualmente ocorrendo de um lado do corpo) s\u00e3o bastante comuns. Por vezes os sintomas sensitivos funcionais ocorrem como parte de outra condi\u00e7\u00e3o chamada S\u00edndrome doloroso regional complexo tipo 1. Clique no link para saber mais.<\/p>\n\n\n\n<p>2.&nbsp;<strong><em>Com hiperventila\u00e7\u00e3o<\/em><\/strong>&nbsp;&#8211; Mais ainda, os sintomas sensitivos funcionais s\u00e3o particularmente suscet\u00edveis de ocorrer em associa\u00e7\u00e3o com sintomas de tonturas e sensa\u00e7\u00e3o intermitente de falta de ar. Estudos em volunt\u00e1rios mostram que se se pedir a 100 pessoas para respirarem depressa por um per\u00edodo de tempo (hiperventila\u00e7\u00e3o), a maioria desenvolve sintomas sensitivos. Isto habitualmente consiste em formigueiros nos dedos e em volta da boca. Acredita-se que isso se deva ao efeito da baixa concentra\u00e7\u00e3o de di\u00f3xido de carbono nas termina\u00e7\u00f5es nervosas que ocorre durante a hiperventila\u00e7\u00e3o.<\/p>\n\n\n\n<p>Numa pequena percentagem de volunt\u00e1rios, contudo, a hiperventila\u00e7\u00e3o provoca dorm\u00eancia de um lado do corpo.<\/p>\n\n\n\n<p>3.&nbsp;<strong><em>Uma doen\u00e7a com muita fadiga ou repouso&nbsp;<\/em><\/strong>&#8211; Os sintomas sensitivos podem desenvolver-se lentamente em pessoas que sofrem de muita fadiga ou exaust\u00e3o. Em alguns doentes o excesso de repouso pode levar ao aparecimento dos sintomas. Pode haver uma sobreposi\u00e7\u00e3o entre esta situa\u00e7\u00e3o e a S\u00edndrome de fadiga cr\u00f3nica. Clique no link para saber mais.<\/p>\n\n\n\n<p>4.<strong><em>&nbsp;Ap\u00f3s um epis\u00f3dio de dissocia\u00e7\u00e3o \/ ataque de p\u00e2nico<\/em><\/strong>&nbsp;&#8211; Sintomas sensitivos funcionais como dorm\u00eancia e formigueiros habitualmente ocorrem com outros sintomas como vertigens e dissocia\u00e7\u00e3o (uma sensa\u00e7\u00e3o de que as coisas em volta est\u00e3o distantes ou desconectadas). A dissocia\u00e7\u00e3o \u00e9 um pouco como um transe e \u00e9 descrita com maior detalhe neste site. Por vezes esses epis\u00f3dios s\u00e3o muito assustadores, especialmente se surgem subitamente e podem levar a um ataque de p\u00e2nico. Quando o ataque de p\u00e2nico termina pode deixar a sensa\u00e7\u00e3o de que uma metade do corpo n\u00e3o &#8216;est\u00e1 bem&#8217;, tallvez mais pesada ou com formigueiro.<\/p>\n\n\n\n<p>4.&nbsp;<strong><em>Enxaqueca<\/em><\/strong>&nbsp;&#8211; Algumas pessoas com enxaqueca podem ter sintomas sensitivos como parte da crise. por vezes os doentes com sintomas sensitivos funcionais descrevem um epis\u00f3dio que parece uma crise de enxaqueca ap\u00f3s a qual os sintomas sensitivos persistem. nesses casos, a enxaqueca pode ter precipitado os sintomas sensitivos funcionais.<\/p>\n\n\n\n<p>5.&nbsp;<strong><em>Sem causa aparente&nbsp;<\/em><\/strong>&#8211; pode n\u00e3o haver um precipitante \u00f3bvio, tal como as pessoas com enxaqueca que t\u00eam dor apenas quando est\u00e3o cansadas ou stressadas, enquanto que outras a t\u00eam sem raz\u00e3o nenhuma aparente.<\/p>\n","protected":false},"excerpt":{"rendered":"<p>Reduced sensation in a body part<\/p>\n","protected":false},"author":65,"featured_media":0,"parent":937,"menu_order":282,"comment_status":"closed","ping_status":"closed","template":"page-template\/symptom-details-page-template.php","meta":[],"_links":{"self":[{"href":"https:\/\/neurosymptoms.org\/pt_PT\/wp-json\/wp\/v2\/pages\/532"}],"collection":[{"href":"https:\/\/neurosymptoms.org\/pt_PT\/wp-json\/wp\/v2\/pages"}],"about":[{"href":"https:\/\/neurosymptoms.org\/pt_PT\/wp-json\/wp\/v2\/types\/page"}],"author":[{"embeddable":true,"href":"https:\/\/neurosymptoms.org\/pt_PT\/wp-json\/wp\/v2\/users\/65"}],"replies":[{"embeddable":true,"href":"https:\/\/neurosymptoms.org\/pt_PT\/wp-json\/wp\/v2\/comments?post=532"}],"version-history":[{"count":118,"href":"https:\/\/neurosymptoms.org\/pt_PT\/wp-json\/wp\/v2\/pages\/532\/revisions"}],"predecessor-version":[{"id":15605,"href":"https:\/\/neurosymptoms.org\/pt_PT\/wp-json\/wp\/v2\/pages\/532\/revisions\/15605"}],"up":[{"embeddable":true,"href":"https:\/\/neurosymptoms.org\/pt_PT\/wp-json\/wp\/v2\/pages\/937"}],"wp:attachment":[{"href":"https:\/\/neurosymptoms.org\/pt_PT\/wp-json\/wp\/v2\/media?parent=532"}],"curies":[{"name":"wp","href":"https:\/\/api.w.org\/{rel}","templated":true}]}}