{"id":530,"date":"2020-11-05T15:11:37","date_gmt":"2020-11-05T15:11:37","guid":{"rendered":"https:\/\/ftd.cognihealth.in\/?page_id=530"},"modified":"2024-11-01T03:41:36","modified_gmt":"2024-11-01T03:41:36","slug":"functional-dissociative-seizures","status":"publish","type":"page","link":"https:\/\/neurosymptoms.org\/pt_PT\/symptoms\/fnd-symptoms\/functional-dissociative-seizures\/","title":{"rendered":"Crises n\u00e3o epil\u00e9ticas"},"content":{"rendered":"\n<p>Crises dissociativas (n\u00e3o epil\u00e9ticas) \/ Convuls\u00f5es<\/p>\n\n\n\n<p>Estes s\u00e3o dos sintomas funcionais\/dissociativos mais comumente encontrados em neurologia.<\/p>\n\n\n\n<p>Crises dissociativas tamb\u00e9m chamadas de &#8216;crises n\u00e3o-epil\u00e9ticas&#8217;, &#8216;crises dissociativas&#8217;, crises psicog\u00e9nicas&#8217; e &#8216;crises\/convuls\u00f5es funcionais&#8217; s\u00e3o designadas por &#8216;crises dissociativas&#8217; neste website.<\/p>\n\n\n\n<p>As crises dissociativas s\u00e3o incapacitantes e angustiantes, podendo assemelhar-se muito a crises epil\u00e9ticas. Os doentes podem ter movimentos do tipo convulsivo ou outras em que simplesmente deixam de estabelecer contacto com o meio\/os que os rodeiam por um per\u00edodo longo de tempo.<\/p>\n\n\n\n<p>Ao contr\u00e1rio da epilepsia, estas crises n\u00e3o s\u00e3o devidas a atividade el\u00e9trica cerebral anormal ou a outra doen\u00e7a neurol\u00f3gica. S\u00e3o no entanto devidas a um problema tempor\u00e1rio no modo como o sistema nervoso funciona, como nu<a href=\"http:\/\/neurosintomaspt.org\/sintomas-dissociativos\/4594522183\">m estado de &#8216;tran<\/a>se&#8217;. S\u00e3o potencialmente trat\u00e1veis, embora n\u00e3o com medicamentos, sendo que o tratamento pode n\u00e3o ser f\u00e1cil.<\/p>\n\n\n\n<p>As crises dissociativas (n\u00e3o epil\u00e9ticas) n\u00e3o s\u00e3o raras. Cerca de metade das pessoas que s\u00e3o levadas ao hospital por suspeita de epilepsia t\u00eam na realidade uma crise n\u00e3o epil\u00e9tica. Muitos doentes com crises dissociativas t\u00eam sido diagnosticados erradamente com epilepsia em algum ponto da sua doen\u00e7a, e portanto, t\u00eam sido medicados com f\u00e1rmacos para a epilepsia, que n\u00e3o s\u00e3o isentos de risco.<\/p>\n\n\n\n<p>Quais s\u00e3o as caracter\u00edsticas t\u00edpicas?<\/p>\n\n\n\n<p>H\u00e1 dois tipos principais de crises dissociativas:<\/p>\n\n\n\n<p>1.&nbsp;<strong><em>Com movimentos<\/em><\/strong>&nbsp;\u2013 tipicamente o paciente exibe movimentos que se assemelham a uma crise epil\u00e9tica generalizada;<\/p>\n\n\n\n<p>2.&nbsp;<strong><em>Sem movimentos&nbsp;<\/em><\/strong>\u2013 nestas crises os doentes caem no solo e ficam im\u00f3veis,deixando de responder durante v\u00e1rios minutos.<\/p>\n\n\n\n<p>O seu m\u00e9dico procurar\u00e1 carcater\u00edsticas espec\u00edficas e t\u00edpicas das crises dissociativas que as distinguem da verdadeira epilepsia. Estas incluem:<\/p>\n\n\n\n<p>\u2022 Longa dura\u00e7\u00e3o das crises<\/p>\n\n\n\n<p>\u2022 A natureza dos movimentos anormais da sua cabe\u00e7a e membros, se existirem<\/p>\n\n\n\n<p>\u2022 A presen\u00e7a de um per\u00edodo prolongado de n\u00e3o-responsividade<\/p>\n\n\n\n<p>\u2022 A apar\u00eancia dos seus olhos e boca durante a crise<\/p>\n\n\n\n<p>\u2022 Se teve ou n\u00e3o algum tipo de aviso antes da crise. Estes &#8216;avisos&#8217; antes das crises dissociativas podem ter dura\u00e7\u00e3o vari\u00e1vel, variando entre estarem ausentes at\u00e9 v\u00e1rias horas. H\u00e1 frequentemente um padr\u00e3o de escalada dos sintomas f\u00edsicos antes da crise, habitualmente com sintomas dissociativos (ver abaixo e na p\u00e1gina em<a href=\"http:\/\/neurosintomaspt.org\/sintomas-dissociativos\/4594522183\">&nbsp;&#8216;dissocia\u00e7\u00e3<\/a>o&#8217;)<\/p>\n\n\n\n<p>\u2022 Doentes com crises dissociativas habitualmente t\u00eam maior dificuldade em descrever as suas crises do que os doentes com epilepsia<\/p>\n\n\n\n<p>O diagn\u00f3stico de crises dissociativas requer um m\u00e9dico experiente no diagn\u00f3stico de epilepsia, uma vez que esta se apresenta de diversas maneiras. As duas doen\u00e7as podem apresentar-se de forma muito semelhante, mesmo para profissionais treinados.<\/p>\n\n\n\n<p>Por que raz\u00e3o s\u00e3o os meus exames normais?<\/p>\n\n\n\n<p>Nas crises dissociativas todas as partes do sistema nervoso est\u00e3o intactas, s\u00f3 n\u00e3o est\u00e3o a funcionar adequadamente em certas alturas. O diagn\u00f3stico \u00e9 feito escutando o paciente sobre o que ocorre durante a crise e falando com eventuais testemunhas destes epis\u00f3dios.<\/p>\n\n\n\n<p>Doentes com crises dissociativas t\u00eam exames de imagem cerebral normais, bem como os os restantes exames complementares (exemplo, EEG).<\/p>\n\n\n\n<p>Portanto, estarei a imaginar os meus sintomas?<\/p>\n\n\n\n<p>A resposta \u00e9 n\u00e3o mas clique em \u2018<a href=\"http:\/\/neurosintomaspt.org\/estou-a-imaginar\/4594522208\">Tudo na mente\u2019<\/a>&nbsp;acima para descobrir mais.<\/p>\n\n\n\n<p>Por que motivo surgem estes sintomas?<\/p>\n\n\n\n<p>As crises dissociativas s\u00e3o um problema complexo que surge por diferentes motivos em diferentes pessoas. Estes sintomas s\u00e3o acompanhados de sentimentos de frustra\u00e7\u00e3o, preocupa\u00e7\u00e3o e humor deprimido, mas estes n\u00e3o s\u00e3o a causa do problema.<\/p>\n\n\n\n<p>Reconhecem-se variadas situa\u00e7\u00f5es nas quais estas crises dissociativas podem surgir. O seu sintoma pode enquadrar-se numa de diferentes categorias, embora frequentemente nenhuma destas pare\u00e7a relevante:<\/p>\n\n\n\n<p><em>1. Aleatoriedade<\/em>&nbsp;&#8211; uma das coisas mais confusas relacionadas com estas crises s\u00e3o que estas aparecem de forma imprevis\u00edvel, sem aviso pr\u00e9vio.<\/p>\n\n\n\n<p><em>2. Surgem em repouso, n\u00e3o<\/em>&nbsp;<em>quando o doente est\u00e1 distra\u00eddo<\/em>&nbsp;&#8211; estes sintomas surgem mais frequentemente quando o doente est\u00e1 em repouso, por exemplo na cama ou sof\u00e1. Se estiver distra\u00eddo ou concentrado numa tarefa, \u00e9 muito raro que os sintoma possam surgir nesse momento.<\/p>\n\n\n\n<p>3<em>. Com hiperventila\u00e7\u00e3o<\/em>&nbsp;&#8211; Em algumas pessoas, estas crises podem ocorrer simultaneamente com a hiperventila\u00e7\u00e3o. Voc\u00ea pode nem sequer notar, no entanto \u00e9 sabido que este fator pode agravar o epis\u00f3dio de crise. \u00c9 \u00fatil ter conhecimento desta informa\u00e7\u00e3o, uma vez que assim um eventual futuro epis\u00f3dio de crise dissociativa poder\u00e1 ser abortado numa fase precoce. Os sintomas f\u00edsicos que o doente poder\u00e1 experienciar durante a crise s\u00e3o rubor facial, aperto no peito e hipersudorese das m\u00e3os. Por vezes estes sintomas s\u00e3o muito s<a href=\"http:\/\/neurosintomaspt.org\/panico-e-preocupacao\/4594522198\">emelhantes a<\/a>os de um&nbsp;ataque de p\u00e2nico.<\/p>\n\n\n\n<p>4<em>. Despersonaliza\u00e7\u00e3o\/desrealiz<\/em>a\u00e7\u00e3o &#8211; descrevem sinto<a href=\"http:\/\/neurosintomaspt.org\/sintomas-dissociativos\/4594522183\">mas diss<\/a><a href=\"http:\/\/neurosintomaspt.org\/sintomas-dissociativos\/4594522183\">oc<\/a>iativos experienciados por muitos doentes em simult\u00e2neo com as crises dissociativas. Estes correspondem a um sintoma perturbador para os doentes de que o mundo em redor n\u00e3o \u00e9 real ou que estes n\u00e3o se sentem conectados ao pr\u00f3prio corpo, ou que tudo parece estranho ou muito distante. \u00c9 \u00fatil saber que estes sintomas podem surgir como parte da crise. Muitas pessoas nunca experienciaram estes sintomas e podem sentir que est\u00e3o prestes a morrer quando os sentem pela primeira vez. Frequentemente os doentes descrevem que est\u00e3o conscientes das pessoas em seu redor, mas que s\u00e3o incapazes de comunicar com estas.<\/p>\n\n\n\n<p>Pacientes com crises dissociativas frequentemente t\u00eam um pequeno aviso em cerca de metade dos casos. Uns podem nunca ter, outros t\u00eam sempre. Frequentemente, estes sintomas premonit\u00f3rios t\u00eam tend\u00eancia a ficarem mais curtos no tempo at\u00e9 desaparecerem.<\/p>\n\n\n\n<p>Compreender esta fase de aviso, aprender a prolongar a mesma e de que forma a crise dissociativa pode ser uma resposta do pr\u00f3prio corpo a estes sintomas de alarme pode ser fundamental para ultrapassar estas crises dissociativas n\u00e3o-epil\u00e9ticas.<\/p>\n\n\n\n<p>Clique&nbsp;<a href=\"http:\/\/neurosintomaspt.org\/tratamento\/4594522209\">em&nbsp;<\/a><a href=\"http:\/\/neurosintomaspt.org\/tratamento\/4594522209\">tratam<\/a>ento&nbsp;para descobrir mais e especificamente na p\u00e1gina&nbsp;<a href=\"http:\/\/neurosintomaspt.org\/tratamento-agudo\/4594522218\">tratamento de crises disso<\/a>ciativas.<\/p>\n\n\n\n<p>H\u00e1 alguns links \u00fateis online:<\/p>\n\n\n\n<p><strong><a href=\"http:\/\/neurosintomaspt.org\/crises-nao-epileticas\/www.nonepilepticattacks.info\">www.nonepilepticattacks.info<\/a><\/strong>\u00e9 um website detalhado lan\u00e7ado em Fevereiro de 2011 sobre crises dissociativas (n\u00e3o-epil\u00e9ticas).<\/p>\n\n\n\n<p>\u00e9<\/p>\n\n\n\n<p>O v\u00eddeo abaixo est\u00e1 dispon\u00edvel no Youtube e mostra caracter\u00edsticas t\u00edpicas de uma crise dissociativa. Lembre-se que algumas crises consistem em queda e imobiliza\u00e7\u00e3o prolongada. Frequentemente, n\u00e3o t\u00eam movimentos convulsivos acompanhantes. O doente em causa deu consentimento informado para que o v\u00eddeo esteja dispon\u00edvel no Youtube.<\/p>\n\n\n\n<p>Homem de 20 anos, com uma crise n\u00e3o-epil\u00e9tica. Teve sintomas de aviso 30 minutos antes da crise (aura). O doente deu o seu consentimento informado para a partilha do v\u00eddeo para fins educacionais.<\/p>\n\n\n\n<p>Projeto NEA (www.projectnea.org.uk)<\/p>\n\n\n\n<p>Uma crise dissociativa<\/p>\n\n\n\n<p><a href=\"http:\/\/neurosintomaspt.org\/sintomas\/4594522177\">E sobre os meus outros sintoma<\/a>s?<\/p>\n\n\n\n<p><a href=\"http:\/\/neurosintomaspt.org\/estou-a-imaginar\/4594522208\">Estarei s\u00f3 a imaginar?<\/a><\/p>\n\n\n\n<p><a href=\"http:\/\/neurosintomaspt.org\/diagnostico-errado\/4594522207\">E se os m\u00e9dicos est\u00e3o errados?<\/a><\/p>\n\n\n\n<p><a href=\"http:\/\/neurosintomaspt.org\/tratamento\/4594522209\">O que posso fazer para m<\/a>elhorar?<\/p>\n\n\n\n<p><a href=\"http:\/\/neurosintomaspt.org\/causas\/4594522204\">Porque raz\u00e3o isto me acontece<\/a>u?<\/p>\n\n\n\n<p>Links para crises dissociativas (n\u00e3o-epil\u00e9ticas)<\/p>\n\n\n\n<p><a href=\"http:\/\/www.neurology.org\/content\/suppl\/2004\/11\/12\/63.9.1728.DC1\/Video.mpg\">Clique a<\/a>qui para ver um v\u00eddeo de uma crise dissociativa<\/p>\n\n\n\n<p><a href=\"http:\/\/www.neurology.org\/content\/suppl\/2004\/11\/12\/63.9.1728.DC1\/Video.mpg\">O v\u00eddeo mostra uma doente durante um EEG. \u00c0 doente \u00e9 pedido que hiperventile e s\u00e3o mostradas luzes numa tentativa de induzir uma crise dura<\/a>nte este exame.<\/p>\n\n\n\n<p><a href=\"http:\/\/www.neurology.org\/content\/suppl\/2004\/11\/12\/63.9.1728.DC1\/Video.mpg\">From Benbadis -Neurology, Nov 2004; 63: 1728 &#8211; 1730<\/a><\/p>\n\n\n\n<p><a href=\"http:\/\/neurosintomaspt.org\/download\/i\/mark_dl\/u\/4013634381\/4635588924\/Functional%20Weakness%20-%202006.pdf\">LEAFLET DOWNLOAD<\/a><\/p>\n\n\n\n<p><a href=\"http:\/\/neurosintomaspt.org\/download\/i\/mark_dl\/u\/4013634381\/4635588924\/Functional%20Weakness%20-%202006.pdf\">Clique abaixo para consultar um panfleto sobr<\/a><a href=\"http:\/\/neurosintomaspt.org\/download\/i\/mark_dl\/u\/4013634381\/4635588924\/Functional%20Weakness%20-%202006.pdf\">e o tratamento destas crises&nbsp;<\/a><a href=\"http:\/\/neurosintomaspt.org\/tratamento-agudo\/4594522218\">(veja a sec\u00e7\u00e3o<\/a>Tratamento)<a href=\"http:\/\/neurosintomaspt.org\/download\/i\/mark_dl\/u\/4013634381\/4635588949\/Treatment%20Advice%20for%20Dissociative%20Attacks.pdf\">Treatment of Dissoc.Attacks<\/a><\/p>\n\n\n\n<p>Consulte tamb\u00e9m este website:<\/p>\n\n\n\n<p><a href=\"http:\/\/www.nonepilepticattacks.info\/\">www.nonepilepticattacks.info<\/a><\/p>\n\n\n\n<p>Information about non-epileptic attacks<\/p>\n\n\n\n<p><a href=\"http:\/\/neurosintomaspt.org\/cgi-bin\/snippet.cgi?todo=as_page;instance=4594522179;num=14;community_id=4013634381\">http:\/\/neurosintomaspt.org\/cgi-bin\/snippet.cgi?todo=as_page;instance=4594522179;num=14;community_id=4013634381<\/a><\/p>\n\n\n\n<p><strong><a href=\"http:\/\/neurosintomaspt.org\/crises-nao-epileticas\/www.nonepilepticattackdisorder.org.uk\">www.nonepilepticattackdisorder.org.uk<\/a><\/strong><\/p>\n\n\n\n<p><a href=\"http:\/\/neurosintomaspt.org\/crises-nao-epileticas\/www.nonepilepticattackdisorder.org.uk\">\u00e9 um novo website e organiza\u00e7\u00e3o criada por doentes com crises dissociativas n\u00e3o-epil\u00e9ticas que fornece informa\u00e7\u00e3o e suporte para os doentes e suas fam\u00edlias.<\/a><\/p>\n","protected":false},"excerpt":{"rendered":"<p>Episodes that look and feel like epileptic seizures or faints<\/p>\n","protected":false},"author":65,"featured_media":1628,"parent":937,"menu_order":280,"comment_status":"closed","ping_status":"closed","template":"page-template\/symptom-details-page-template.php","meta":[],"_links":{"self":[{"href":"https:\/\/neurosymptoms.org\/pt_PT\/wp-json\/wp\/v2\/pages\/530"}],"collection":[{"href":"https:\/\/neurosymptoms.org\/pt_PT\/wp-json\/wp\/v2\/pages"}],"about":[{"href":"https:\/\/neurosymptoms.org\/pt_PT\/wp-json\/wp\/v2\/types\/page"}],"author":[{"embeddable":true,"href":"https:\/\/neurosymptoms.org\/pt_PT\/wp-json\/wp\/v2\/users\/65"}],"replies":[{"embeddable":true,"href":"https:\/\/neurosymptoms.org\/pt_PT\/wp-json\/wp\/v2\/comments?post=530"}],"version-history":[{"count":198,"href":"https:\/\/neurosymptoms.org\/pt_PT\/wp-json\/wp\/v2\/pages\/530\/revisions"}],"predecessor-version":[{"id":15604,"href":"https:\/\/neurosymptoms.org\/pt_PT\/wp-json\/wp\/v2\/pages\/530\/revisions\/15604"}],"up":[{"embeddable":true,"href":"https:\/\/neurosymptoms.org\/pt_PT\/wp-json\/wp\/v2\/pages\/937"}],"wp:featuredmedia":[{"embeddable":true,"href":"https:\/\/neurosymptoms.org\/pt_PT\/wp-json\/wp\/v2\/media\/1628"}],"wp:attachment":[{"href":"https:\/\/neurosymptoms.org\/pt_PT\/wp-json\/wp\/v2\/media?parent=530"}],"curies":[{"name":"wp","href":"https:\/\/api.w.org\/{rel}","templated":true}]}}