{"id":2736,"date":"2021-07-15T08:14:14","date_gmt":"2021-07-15T08:14:14","guid":{"rendered":"https:\/\/www.neurosymptoms.org\/?page_id=2736"},"modified":"2025-09-08T15:19:56","modified_gmt":"2025-09-08T15:19:56","slug":"fnd-and-other-functional-disorders","status":"publish","type":"page","link":"https:\/\/neurosymptoms.org\/pt_PT\/causes\/fnd-and-other-functional-disorders\/","title":{"rendered":"PNF e outras doen\u00e7as funcionais"},"content":{"rendered":"\n<h3><\/h3>\n\n\n\n<p>Para os doentes com PNF com v\u00e1rios sintomas diferentes em simult\u00e2neo, poder\u00e1 ser confuso compreender o porqu\u00ea de terem recebido diferentes diagn\u00f3sticos de m\u00e9dicos diferentes.<\/p>\n\n\n\n<p>\u00c9 comum encontrar algu\u00e9m com PNF (que explica a fraqueza dos membros ou as crises n\u00e3o epil\u00e9ticas), mas que tamb\u00e9m foi diagnosticado com fibromialgia (p.ex.) e s\u00edndrome do c\u00f3lon irrit\u00e1vel.<\/p>\n\n\n\n<p>Os sintomas principais de PNF s\u00e3o os que encontrar\u00e1 na sec\u00e7\u00e3o &#8220;Sintomas&gt;&gt;&gt;Sintomas Principais&#8221; neste website. Sintomas como dor, fadiga ou problemas intestinais, podem ocorrer noutras doen\u00e7as funcionais e n\u00e3o apenas nas PNF, pelo que podem ter diferentes designa\u00e7\u00f5es. <\/p>\n\n\n\n<p>Apresentamos aqui as Doen\u00e7as Funcionais mais comuns:<\/p>\n\n\n\n<ul><li>Fibromialgia (Dor Cr\u00f3nica Generalizada)<\/li><li>S\u00edndrome do C\u00f3lon Irrit\u00e1vel<\/li><li>Dor P\u00e9lvica Cr\u00f3nica<\/li><li>Respira\u00e7\u00e3o Disfuncional<\/li><li>Dispepsia Funcional<\/li><li>S\u00edndrome de Fadiga Cr\u00f3nica<\/li><li>Bexiga Hiperativa<\/li><\/ul>\n\n\n\n<p>O que todas estas doen\u00e7as t\u00eam em comum \u00e9 o facto de afetarem o funcionamento do sistema nervoso, o que n\u00e3o pode ser controlado pela pessoa que apresenta as queixas.<\/p>\n\n\n\n<p>Muitas pessoas com estas condi\u00e7\u00f5es reconhecem que diferentes doen\u00e7as funcionais ocorrem normalmente de forma associada e, se uma agravar, as outras podem seguir o mesmo caminho.<\/p>\n\n\n\n<p>Assim, como \u00e9 que uma PNF se relaciona com as outras doen\u00e7as funcionais?A resposta \u00e9 que estas s\u00e3o patologias que se sobrep\u00f5em. Muitas pessoas t\u00eam uma &#8220;Doen\u00e7a Funcional&#8221; que pode ser encarada como UMA condi\u00e7\u00e3o com diferentes aspetos, dos quais as PNF s\u00e3o apenas um deles.<\/p>\n\n\n\n<div class=\"wp-block-image\"><figure class=\"aligncenter size-large is-resized\"><img loading=\"lazy\" src=\"https:\/\/www.neurosymptoms.org\/wp-content\/uploads\/2021\/06\/Screenshot-2021-06-08-at-12.08.30.png\" alt=\"\" class=\"wp-image-2175\" width=\"338\" height=\"574\" srcset=\"https:\/\/neurosymptoms.org\/wp-content\/uploads\/2021\/06\/Screenshot-2021-06-08-at-12.08.30.png 598w, https:\/\/neurosymptoms.org\/wp-content\/uploads\/2021\/06\/Screenshot-2021-06-08-at-12.08.30-177x300.png 177w\" sizes=\"(max-width: 338px) 100vw, 338px\" \/><\/figure><\/div>\n\n\n\n<h3>Doen\u00e7as Funcionais &#8211; compreender as sobreposi\u00e7\u00f5es<\/h3>\n\n\n\n<p id=\"block-e28ccbbc-0b2e-4448-89b9-2d81d2338a90\">Um diagn\u00f3stico de uma PNF pode produzir diferentes sentimentos e respostas. Para algumas pessoas, \u00e9 um al\u00edvio perceber que h\u00e1 uma explica\u00e7\u00e3o para o que est\u00e1 errado com seu corpo, que outras pessoas sentem o mesmo e que os seus sintomas s\u00e3o REAIS.<\/p>\n\n\n\n<p id=\"block-36ab9d3b-c628-4478-b34b-96051e962e09\">Mas, para algumas que j\u00e1 t\u00eam outros diagn\u00f3sticos como fibromialgia, isto pode parecer algo como &#8220;N\u00e3o h\u00e1 mais nada que possa estar errado comigo?&#8221;.<\/p>\n\n\n\n<p id=\"block-d9eaaa3a-80d8-40a3-a84f-7724f61b1411\">Por isso \u00e9 importante compreender que para v\u00e1rias pessoas uma perturba\u00e7\u00e3o funcional pode ser vista como UMA doen\u00e7a com v\u00e1rias apresenta\u00e7\u00f5es.<\/p>\n\n\n\n<p id=\"block-a0117aa5-b0a8-4aa4-a515-b84799f3ad49\">\u00c0 medida que se percebe mais sobre os mecanismos das doen\u00e7as funcionais, mais vamos descobrindo que elas se sobrep\u00f5em. Assim, quando os estudos revelam altera\u00e7\u00f5es funcionais nos c\u00e9rebros de pessoas com fibromialgia,  essas altera\u00e7\u00f5es s\u00e3o semelhantes \u00e0s encontradas em pessoas com PNF e s\u00edndrome do intestino irrit\u00e1vel. Assim, tamb\u00e9m h\u00e1 sobreposi\u00e7\u00f5es nos tipos de tratamento propostos para estes doentes: reabilita\u00e7\u00e3o f\u00edsica, psicol\u00f3gica e certos tipos de medica\u00e7\u00f5es.<\/p>\n\n\n\n<p id=\"block-8e81f502-2124-41e7-8979-4d6a6bcf53b2\">Isto n\u00e3o ser\u00e1 diferente em rela\u00e7\u00e3o a ter outras patologias cr\u00f3nicas como asma ou diabetes, que os pacientes podem aprender a controlar e gerir.<\/p>\n\n\n\n<p>Em seguida apresentam-se alguns exemplos de sobreposi\u00e7\u00f5es entre os diferentes fen\u00f3tipos das doen\u00e7as funcionais.<\/p>\n\n\n\n<figure class=\"wp-block-image\" id=\"block-1186a2c8-0f66-46d1-adde-2467a8dfcff8\"><img src=\"https:\/\/www.neurosymptoms.org\/wp-content\/uploads\/2021\/07\/Slide1-1024x932.png\" alt=\"This image has an empty alt attribute; its file name is Slide1-1024x932.png\"\/><\/figure>\n\n\n\n<p id=\"block-88148e85-bee7-4314-b568-9605c242461e\"><\/p>\n\n\n\n<figure class=\"wp-block-image\" id=\"block-45ec151d-fc4a-499a-ba9d-7b6354e4b20b\"><img src=\"https:\/\/www.neurosymptoms.org\/wp-content\/uploads\/2021\/07\/Slide2-1024x746.png\" alt=\"This image has an empty alt attribute; its file name is Slide2-1024x746.png\"\/><\/figure>\n\n\n\n<p id=\"block-2be471b4-610d-4930-a2b5-16c4ed485357\"><\/p>\n\n\n\n<figure class=\"wp-block-image\" id=\"block-3652b9ba-de9c-41d5-9ce2-b78ca39d7474\"><img src=\"https:\/\/www.neurosymptoms.org\/wp-content\/uploads\/2021\/07\/Slide3-1-1024x647.png\" alt=\"This image has an empty alt attribute; its file name is Slide3-1-1024x647.png\"\/><\/figure>\n\n\n\n<h3 id=\"block-f410107d-c2cf-4686-84fe-cb631e7e3b62\">E em rela\u00e7\u00e3o \u00e0 sobreposi\u00e7\u00e3o entre as doen\u00e7as funcionais e as doen\u00e7as psicol\u00b4\u00f3gicas?<\/h3>\n\n\n\n<p id=\"block-4dc8a5a5-d190-4026-bfff-9151795679bb\">Os sintomas psicol\u00f3gicos como ansiedade e depress\u00e3o s\u00e3o comuns nas PNF, tal como noutras doen\u00e7as neurol\u00f3gicas como a epilepsia ou a esclerose m\u00faltipla.<\/p>\n\n\n\n<p id=\"block-763de6b0-c3b0-4854-9bfc-4b7371f28f7c\">E na realidade, a Ansiedade e a Depress\u00e3o s\u00e3o s\u00edndromes definidas tamb\u00e9m, n\u00e3o s\u00f3 por sintomas psicol\u00f3gicos como constante preocupa\u00e7\u00e3o ou sentimentos de desesperan\u00e7a, como tamb\u00e9m por sintomas f\u00edsicos como fadiga e perturba\u00e7\u00f5es do sono, observados nas PNF e noutras doen\u00e7as funcionais.<\/p>\n\n\n\n<p id=\"block-2dd53a61-a0dd-4a92-87f4-638885891ae1\">Voc\u00ea n\u00e3o precisa de ter um diagn\u00f3stico de uma doen\u00e7a psicol\u00f3gica para ser diagnosticado com PNF, mas caso tenha poder\u00e1 ser interessante observar como estas patologias se sobrep\u00f5em.<\/p>\n\n\n\n<p id=\"block-f35f465b-9e9f-490f-8760-67285a10c98f\"><strong>Exemplo. Percep\u00e7\u00e3o Postural Persistente de Tontura<\/strong> (<strong>PPPD), Dissocia\u00e7\u00e3o e Ansiedade.<\/strong> Este doente ter\u00e1 uma mistura destas tr\u00eas patologias. Poder\u00e3o ocorrer isoladamente ou combinadas.<\/p>\n\n\n\n<figure class=\"wp-block-image\" id=\"block-6e180712-e3c5-4733-aede-b7dd6f5ce1b7\"><img src=\"https:\/\/www.neurosymptoms.org\/wp-content\/uploads\/2021\/07\/Slide4-1-1024x936.png\" alt=\"This image has an empty alt attribute; its file name is Slide4-1-1024x936.png\"\/><\/figure>\n\n\n\n<p id=\"block-2030ae78-481d-48a6-8e70-36cc62f04667\"><strong>Crises n\u00e3o epil\u00e9ticas funcionais. &nbsp;<\/strong>Sobreposi\u00e7\u00e3o entre crises funcionais, dor p\u00e9lvica cr\u00f3nica e a associa\u00e7\u00e3o forte com perturba\u00e7\u00e3o de stress p\u00f3s-traum\u00e1tico nestas duas patologias.<\/p>\n\n\n\n<figure class=\"wp-block-image\" id=\"block-d0c3d251-cfe8-4f01-92d2-442f65ed3c1f\"><img src=\"https:\/\/www.neurosymptoms.org\/wp-content\/uploads\/2021\/07\/Slide5-1-1008x1024.png\" alt=\"This image has an empty alt attribute; its file name is Slide5-1-1008x1024.png\"\/><\/figure>\n\n\n\n<h3 id=\"block-fd01023e-a92a-4cab-847e-1e4f7abcaac2\">Sobreposi\u00e7\u00e3o com outras doen\u00e7as m\u00e9dicas<\/h3>\n\n\n\n<p id=\"block-00ba5759-8545-481b-8faa-43cadb14cb2c\">Sobreposi\u00e7\u00e3o entre artrite, esclerose m\u00faltipla e S\u00edndrome de Ehlers Danlos pode causar dor e fadiga.<\/p>\n\n\n\n<figure class=\"wp-block-image\" id=\"block-e0d010b2-3bf5-4ca9-a3be-66923b7e9108\"><img src=\"https:\/\/www.neurosymptoms.org\/wp-content\/uploads\/2021\/07\/Slide6-1-1024x823.png\" alt=\"This image has an empty alt attribute; its file name is Slide6-1-1024x823.png\"\/><\/figure>\n\n\n\n<p><\/p>\n","protected":false},"excerpt":{"rendered":"<p>How FND overlaps with other functional disorders like fibromyalgia and irritable bowel syndrome<\/p>\n","protected":false},"author":65,"featured_media":0,"parent":1010,"menu_order":158,"comment_status":"closed","ping_status":"closed","template":"page-template\/symptom-details-page-template.php","meta":[],"_links":{"self":[{"href":"https:\/\/neurosymptoms.org\/pt_PT\/wp-json\/wp\/v2\/pages\/2736"}],"collection":[{"href":"https:\/\/neurosymptoms.org\/pt_PT\/wp-json\/wp\/v2\/pages"}],"about":[{"href":"https:\/\/neurosymptoms.org\/pt_PT\/wp-json\/wp\/v2\/types\/page"}],"author":[{"embeddable":true,"href":"https:\/\/neurosymptoms.org\/pt_PT\/wp-json\/wp\/v2\/users\/65"}],"replies":[{"embeddable":true,"href":"https:\/\/neurosymptoms.org\/pt_PT\/wp-json\/wp\/v2\/comments?post=2736"}],"version-history":[{"count":223,"href":"https:\/\/neurosymptoms.org\/pt_PT\/wp-json\/wp\/v2\/pages\/2736\/revisions"}],"predecessor-version":[{"id":15791,"href":"https:\/\/neurosymptoms.org\/pt_PT\/wp-json\/wp\/v2\/pages\/2736\/revisions\/15791"}],"up":[{"embeddable":true,"href":"https:\/\/neurosymptoms.org\/pt_PT\/wp-json\/wp\/v2\/pages\/1010"}],"wp:attachment":[{"href":"https:\/\/neurosymptoms.org\/pt_PT\/wp-json\/wp\/v2\/media?parent=2736"}],"curies":[{"name":"wp","href":"https:\/\/api.w.org\/{rel}","templated":true}]}}