{"id":2193,"date":"2021-06-15T09:54:38","date_gmt":"2021-06-15T09:54:38","guid":{"rendered":"https:\/\/ftd.cognihealth.in\/?page_id=2193"},"modified":"2024-02-02T12:28:57","modified_gmt":"2024-02-02T12:28:57","slug":"speech-and-language-therapy","status":"publish","type":"page","link":"https:\/\/neurosymptoms.org\/pt_PT\/treatment\/speech-and-language-therapy\/","title":{"rendered":"Terapia da Fala"},"content":{"rendered":"\n<p>Recomenda\u00e7\u00f5es internacionais (artigo de consenso): <a href=\"https:\/\/t.co\/3f9Laerc5P?amp=1\">https:\/\/t.co\/3f9Laerc5P?amp=1<\/a><\/p>\n\n\n\n<p>Artigo escrito por Laura McWhirter, University of Edinburgh e Jan Baker, Flinders University, South Australia<\/p>\n\n\n\n<h3>O que \u00e9 a terapia da fala?<\/h3>\n\n\n\n<pre id=\"tw-target-text\" class=\"wp-block-preformatted\">Os terapeutas da fala s\u00e3o profissionais da sa\u00fade que avaliam e tratam uma ampla gama de problemas de comunica\u00e7\u00e3o, alimenta\u00e7\u00e3o, bebida e degluti\u00e7\u00e3o.<\/pre>\n\n\n\n<h3>Terapia da Fala no diagn\u00f3stico de PNF<\/h3>\n\n\n\n<pre id=\"tw-target-text\" class=\"wp-block-preformatted\">Estes terapeutas s\u00e3o especialistas no exame das estruturas e movimentos da boca e da garganta durante a fala e a degluti\u00e7\u00e3o. Por exemplo, eles podem usar um equipamento especial para permitir que se observem as cordas vocais na garganta. Tamb\u00e9m s\u00e3o especialistas em ouvir e compreender as causas dos problemas de som, palavra e linguagem.\n<\/pre>\n\n\n\n<h3>Tratamento das patologias de articula\u00e7\u00e3o e degluti\u00e7\u00e3o nas PNF<\/h3>\n\n\n\n<pre id=\"tw-target-text\" class=\"wp-block-preformatted\">O tipo de tratamento depende do tipo de sintomas. O doente poder\u00e1 ter de emitir sons simples e f\u00e1ceis, para que o terapeuta o ajude a articular novamente as palavras. O terapeuta pode ajud\u00e1-lo a observar quaisquer padr\u00f5es de respira\u00e7\u00e3o ou tens\u00e3o muscular que estejam a atrapalhar a fala ou a degluti\u00e7\u00e3o. Mais tarde, o terapeuta pode ajud\u00e1-lo a usar a sua voz, a fala ou o engolir de forma mais fisiol\u00f3gica no dia a dia.\nPor vezes, os sintomas de fala e voz de PNF podem melhorar muito rapidamente - mesmo durante a primeira sess\u00e3o de tratamento - mas noutros casos, v\u00e1rias sess\u00f5es podem vir a ser necess\u00e1rias. Perto do final do tratamento, pode ser \u00fatil trabalhar com o seu terapeuta de modo a definir um plano caso os sintomas voltem a surgir futuramente.<\/pre>\n\n\n\n<h3>Terapeutas da fala como parte da equipa cl\u00ednica<\/h3>\n\n\n\n<p>Os terapeutas da fala trabalham ao lado com outros membros da equipa cl\u00ednica. Se tiver outros sintomas de PNF, poder\u00e1 consultar um terapeuta da fala, bem como um neurologista, fisioterapeuta, terapeuta ocupacional ou psiquiatra. Em alguns casos, pode ser melhor fazer primeiro terapia da fala e da linguagem, para depois se dedicar a outros tratamentos, como a psicologia.<\/p>\n\n\n\n<h3>Planos em caso de recorr\u00eancia de sintomas<\/h3>\n\n\n\n<p>Por vezes (mas nem sempre) os sintomas podem voltar depois de melhorar. Se a terapia da fala e da linguagem o ajudou a melhorar na primeira vez, estar\u00e1 capaz de usar os mesmos truques e t\u00e9cnicas para voltar a recuperar. Pode ser \u00fatil consultar novamente um terapeuta para um tratamento adicional.<\/p>\n","protected":false},"excerpt":{"rendered":"<p>Speech and Language therapy can help symptoms like stutter, slurred speech and swallowing symptoms.<\/p>\n","protected":false},"author":19,"featured_media":2724,"parent":1012,"menu_order":301,"comment_status":"closed","ping_status":"closed","template":"page-template\/symptom-details-page-template.php","meta":[],"_links":{"self":[{"href":"https:\/\/neurosymptoms.org\/pt_PT\/wp-json\/wp\/v2\/pages\/2193"}],"collection":[{"href":"https:\/\/neurosymptoms.org\/pt_PT\/wp-json\/wp\/v2\/pages"}],"about":[{"href":"https:\/\/neurosymptoms.org\/pt_PT\/wp-json\/wp\/v2\/types\/page"}],"author":[{"embeddable":true,"href":"https:\/\/neurosymptoms.org\/pt_PT\/wp-json\/wp\/v2\/users\/19"}],"replies":[{"embeddable":true,"href":"https:\/\/neurosymptoms.org\/pt_PT\/wp-json\/wp\/v2\/comments?post=2193"}],"version-history":[{"count":62,"href":"https:\/\/neurosymptoms.org\/pt_PT\/wp-json\/wp\/v2\/pages\/2193\/revisions"}],"predecessor-version":[{"id":14311,"href":"https:\/\/neurosymptoms.org\/pt_PT\/wp-json\/wp\/v2\/pages\/2193\/revisions\/14311"}],"up":[{"embeddable":true,"href":"https:\/\/neurosymptoms.org\/pt_PT\/wp-json\/wp\/v2\/pages\/1012"}],"wp:featuredmedia":[{"embeddable":true,"href":"https:\/\/neurosymptoms.org\/pt_PT\/wp-json\/wp\/v2\/media\/2724"}],"wp:attachment":[{"href":"https:\/\/neurosymptoms.org\/pt_PT\/wp-json\/wp\/v2\/media?parent=2193"}],"curies":[{"name":"wp","href":"https:\/\/api.w.org\/{rel}","templated":true}]}}