{"id":1010,"date":"2021-01-26T05:08:12","date_gmt":"2021-01-26T05:08:12","guid":{"rendered":"https:\/\/ftd.cognihealth.in\/?page_id=1010"},"modified":"2024-09-05T09:08:58","modified_gmt":"2024-09-05T09:08:58","slug":"causes","status":"publish","type":"page","link":"https:\/\/neurosymptoms.org\/pt_PT\/causes\/","title":{"rendered":"Causas"},"content":{"rendered":"\n<p>Quando tem um problema \u00e9 natural que pergunte &#8220;Porque \u00e9 que isto aconteceu?&#8221;<\/p>\n\n\n\n<p>No entanto, em rela\u00e7\u00e3o aos sintomas funcionais, \u00e9 importante n\u00e3o confundir a pergunta &#8220;Porque \u00e9 que isto aconteceu?&#8221; com a pergunta &#8220;O que correu mal com o meu corpo que cause estes sintomas?&#8221;<\/p>\n\n\n\n<p>Estas s\u00e3o duas perguntas diferentes e que t\u00eam respostas diferentes.<\/p>\n\n\n\n<p>Vamos abordar a segunda quest\u00e3o em primeiro lugar &#8211;&nbsp;<strong>&#8220;O que correu mal com o meu corpo que cause estes sintomas?&#8221; ou &#8220;Como est\u00e3o estes sintomas a acontecer?&#8221;<\/strong><\/p>\n\n\n\n<p>Para todos os sintomas funcionais descritos neste s\u00edtio eletr\u00f3nico, a resposta fundamental \u00e9 que existe um problema com a fun\u00e7\u00e3o do sistema nervoso.<\/p>\n\n\n\n<p>No caso de sintomas como fraqueza ou perturba\u00e7\u00e3o do movimento h\u00e1 uma problema na forma como o c\u00e9rebro est\u00e1 a enviar mensagens para o corpo.<\/p>\n\n\n\n<p>Nos sintomas como dorm\u00eancia e dor h\u00e1 um problema na forma como o c\u00e9rebro est\u00e1 a receber mensagens do corpo.<\/p>\n\n\n\n<p>No caso de crises dissociativas ou sintomas dissociativos, o c\u00e9rebro est\u00e1 num estado semelhante a um transe, um pouco como acontece na hipnose.<\/p>\n\n\n\n<p>Estamos agora a come\u00e7ar a compreender as complexidades do que est\u00e1 mal no sistema nervoso dos doentes com sintomas funcionais, especialmente nos casos de dor cr\u00f3nica.<\/p>\n\n\n\n<p>Os exames de imagem funcional do c\u00e9rebro mostram que \u00e1reas est\u00e3o activas ou pouco activas quando os doentes t\u00eam os sintomas. A figura ao lado, por exemplo, mostra altera\u00e7\u00f5es no c\u00e9rebro de doentes com fraqueza funcional.<\/p>\n\n\n\n<p>Na dor cr\u00f3nica sabemos que ocorrem muitas altera\u00e7\u00f5es do sistema nervoso que n\u00e3o se v\u00eam em exames de imagem cerebral vulgares. Estas altera\u00e7\u00f5es ocorrem nas termina\u00e7\u00f5es nervosas, na medula e, provavelmente mais importante, no c\u00e9rebro.<\/p>\n\n\n\n<p>H\u00e1 uma s\u00e9ries de processos no sistema nervoso que actuam como pequenos bot\u00f5es de volume de som. Quando algu\u00e9m tem dor cr\u00f3nica estes bot\u00f5es est\u00e3o ligados num n\u00edvel mais alto, aumentando a sensibilidade da pessoa \u00e0 dor.<\/p>\n\n\n\n<p>Ainda permanece muita coisa por saber sobre o que est\u00e1 mal no sistema nervoso e que causa os sintomas funcionais, mas n\u00e3o \u00e9 um mist\u00e9rio completo.<\/p>\n\n\n\n<p>Em muitas outras doen\u00e7as neurol\u00f3gicas consegue saber-se qual \u00e9 o problema, quer seja atrav\u00e9s de imagem cerebral, como na esclerose m\u00faltipla, ou ao microsc\u00f3pio, como na Doen\u00e7a de Parkinson.<\/p>\n\n\n\n<p>Os doentes com sintomas funcionais n\u00e3o t\u00eam danos no sistema nervoso, por isso n\u00e3o \u00e9 supreendente que nao se consiga ver nada na imagem cerebral. Em vez disso, o sistema nervoso n\u00e3o est\u00e1 a funcionar bem,<\/p>\n\n\n\n<p>Se fosse um computador seria como ter um problema de software em vez de um problema de harware. Se houver um problema de software num computador ele vai estar sempre a desligar ou trabalha muito devagar. N\u00e3o se resolveria o problema abrindo o computador e mexer nas pe\u00e7as. N\u00e3o se encontraria nada se fosse feita uam radiografia ao computador.<\/p>\n\n\n\n<p>O problema teria de ser resolvido re-programando o computador, tentando perceber que programas est\u00e3o a causar o problema.<\/p>\n\n\n\n<p>\u00c9 claro, os seres humanos s\u00e3o mais complicados que os computadores. Os nossos pensamentos, comportamento, sensa\u00e7\u00f5es e emo\u00e7\u00f5es s\u00e3o os nossos programas.<\/p>\n\n\n\n<p>Esta observa\u00e7\u00e3o leva-nos \u00e0 segunda quest\u00e3o &#8211; &#8216;O que est\u00e1 errado com o meu corpo para causar os sintomas?&#8217;, &#8216;Como \u00e9 que estes sintomas est\u00e3o a acontecer?&#8217; ou &#8216;O que pode tornar algu\u00e9m vulner\u00e1vel aos sintomas funcionais?&#8217;.<\/p>\n\n\n\n<p>Para todos os sintomas funcionais descritos neste&nbsp;<em>website,<\/em>&nbsp;a resposta b\u00e1sica a estas quest\u00f5es \u00e9 que ocorre um erro no funcionamento do sistema nervoso.<\/p>\n\n\n\n<p>Para sintomas como<a href=\"http:\/\/neurosintomaspt.org\/fraqueza-funcional\/4594522178\">&nbsp;fraqueza<\/a>&nbsp;e&nbsp;<a href=\"http:\/\/neurosintomaspt.org\/doencas-do-movimento\/4594522181\">doen\u00e7a do movimento,<\/a>&nbsp;o problema est\u00e1 na transfer\u00eancia da mensagem entre o c\u00e9rebro e o corpo.<\/p>\n\n\n\n<p>Para sintomas como<a href=\"http:\/\/neurosintomaspt.org\/sintomas-sensitivos\/4594522180\">&nbsp;formigueiro<\/a>&nbsp;e&nbsp;<a href=\"http:\/\/neurosintomaspt.org\/dor\/4594522185\">d<\/a>or&nbsp;h\u00e1 um problema na forma como c\u00e9rebro recebe as informa\u00e7\u00f5es enviadas pelo resto do corpo.<\/p>\n\n\n\n<p>Durante as&nbsp;<a href=\"http:\/\/neurosintomaspt.org\/crises-nao-epileticas\/4594522179\">crises dissociativas<\/a>&nbsp;ou&nbsp;<a href=\"http:\/\/neurosintomaspt.org\/sintomas-dissociativos\/4594522183\">sintomas dissociativos,<\/a>&nbsp;o c\u00e9rebro fica num estado de transe que se assemelha um pouco ao estado de hipnose.<\/p>\n\n\n\n<p>S\u00f3 mais recentemente come\u00e7amos a conhecer com maior grau de complexidade o que est\u00e1 alterado em pacientes com sintomas funcionais, especialmente na dor cr\u00f3nica.<\/p>\n\n\n\n<p>As imagens cerebrais funcionais mostram que partes do c\u00e9rebro se encontram ativas ou n\u00e3o, no momento em que os pacientes t\u00eam os sintomas. A figura oposta mostra o c\u00e9rebro de pacientes com d\u00e9fice motor funcional.<\/p>\n\n\n\n<p>Na&nbsp;dor cr\u00f3n<a href=\"http:\/\/neurosintomaspt.org\/dor\/4594522185\">ica&nbsp;<\/a>sabemos que h\u00e1 v\u00e1rias altera\u00e7\u00f5es do sistema nervoso que n\u00e3o se observam em doentes com exames de imagem normais. Estas altera\u00e7\u00f5es ocorrem nas termina\u00e7\u00f5es nervosas, na medula espinal, e provavelmente, de forma mais importante no c\u00e9rebro.<\/p>\n\n\n\n<p>H\u00e1 uma s\u00e9rie de mecanismos do sistema nervoso que funcionam como pequenos reguladores de volume. Quando algu\u00e9m tem dor cr\u00f3nica, estes &#8216;pequenos reguladores&#8217; aumentam a sua intensidade, aumentando a sensibilidade do doente \u00e0 dor.<\/p>\n\n\n\n<p>H\u00e1 muita informa\u00e7\u00e3o que ainda n\u00e3o \u00e9 conhecida sobre o que pode correr mal no sistema nervoso para causar sintomas funcionais, no entanto nem tudo \u00e9 desconhecido.<\/p>\n\n\n\n<p>Em muitas outras doen\u00e7as neurol\u00f3gicas, \u00e9 poss\u00edvel determinar a localiza\u00e7\u00e3o exata do problema, por exemplo atrav\u00e9s de um exame imagiol\u00f3gico, na esclerose m\u00faltipla, ou an\u00e1lise histol\u00f3gica tecidual na doen\u00e7a de Parkinson.<\/p>\n\n\n\n<p>Doentes com sintomas funcionais, dado que n\u00e3o t\u00eam dano no sistema nervoso, n\u00e3o surpreendentemente t\u00eam estes exames normais. Pelo contr\u00e1rio, o sistema nervoso n\u00e3o est\u00e1 a funcionar adequadamente.<\/p>\n\n\n\n<p>Se o doente fosse um computador, seria como ter um problema de software sem que houvesse altera\u00e7\u00e3o do harware, como um v\u00edrus no computador que o avaria ou torna &nbsp;o seu funcionamento mais lento. Em suma, o problema n\u00e3o se resolveria abrindo o computador para avaliar os seus componentes, ou fazendo um exame de raio-x ao computador, porque este seria normal.<\/p>\n\n\n\n<p>O problema s\u00f3 se resolveria com reprograma\u00e7\u00e3o do computador, para perceber que tipo de programas s\u00e3o respons\u00e1veis pelo erro de funcionamento em causa.<\/p>\n\n\n\n<p>Os seres humanos s\u00e3o obviamente mais complicados que os computadores. Os nossos pensamentos, comportamentos, emo\u00e7\u00f5es e sentimentos s\u00e3o os nossos programas.<\/p>\n\n\n\n<p>Isto leva-nos \u00e0 sec\u00e7\u00e3o seguinte que descreve alguns dos mecanismos atrav\u00e9s dos quais os doentes se tornam vulner\u00e1veis ao desenvolvimento de sintomas funcionais&#8230;<\/p>\n","protected":false},"excerpt":{"rendered":"<p><!-- wp:paragraph --><\/p>\n<p>Quando tem um problema \u00e9 natural que pergunte &#8220;Porque \u00e9 que isto aconteceu?&#8221;<\/p>\n<p><!-- \/wp:paragraph --><\/p>\n<p><!-- wp:paragraph --><\/p>\n<p>No entanto, em rela\u00e7\u00e3o aos sintomas funcionais, \u00e9 importante n\u00e3o confundir a pergunta &#8220;Porque \u00e9&#8230;<\/p>\n","protected":false},"author":65,"featured_media":0,"parent":0,"menu_order":153,"comment_status":"closed","ping_status":"closed","template":"page-template\/symtoms-type.php","meta":[],"_links":{"self":[{"href":"https:\/\/neurosymptoms.org\/pt_PT\/wp-json\/wp\/v2\/pages\/1010"}],"collection":[{"href":"https:\/\/neurosymptoms.org\/pt_PT\/wp-json\/wp\/v2\/pages"}],"about":[{"href":"https:\/\/neurosymptoms.org\/pt_PT\/wp-json\/wp\/v2\/types\/page"}],"author":[{"embeddable":true,"href":"https:\/\/neurosymptoms.org\/pt_PT\/wp-json\/wp\/v2\/users\/65"}],"replies":[{"embeddable":true,"href":"https:\/\/neurosymptoms.org\/pt_PT\/wp-json\/wp\/v2\/comments?post=1010"}],"version-history":[{"count":81,"href":"https:\/\/neurosymptoms.org\/pt_PT\/wp-json\/wp\/v2\/pages\/1010\/revisions"}],"predecessor-version":[{"id":15175,"href":"https:\/\/neurosymptoms.org\/pt_PT\/wp-json\/wp\/v2\/pages\/1010\/revisions\/15175"}],"wp:attachment":[{"href":"https:\/\/neurosymptoms.org\/pt_PT\/wp-json\/wp\/v2\/media?parent=1010"}],"curies":[{"name":"wp","href":"https:\/\/api.w.org\/{rel}","templated":true}]}}