{"id":664,"date":"2020-12-01T05:21:38","date_gmt":"2020-12-01T05:21:38","guid":{"rendered":"https:\/\/ftd.cognihealth.in\/?page_id=664"},"modified":"2024-11-01T03:50:02","modified_gmt":"2024-11-01T03:50:02","slug":"ive-tried-everything-nothing-helps","status":"publish","type":"page","link":"https:\/\/neurosymptoms.org\/nb_NO\/treatment\/ive-tried-everything-nothing-helps\/","title":{"rendered":"\u00abJeg har pr\u00f8vd alt men ingenting hjelper\u00bb"},"content":{"rendered":"\n<p>Hva skal du gj\u00f8re om du ikke f\u00f8ler deg bedre etter \u00e5 ha fors\u00f8kt alt som foresl\u00e5s p\u00e5 dette nettstedet og annen behandling?<\/p>\n\n\n\n<p>Ikke alle med funksjonelle nevrologiske lidelser opplever bedring.<\/p>\n\n\n\n<p>Noen mennesker har en livslang s\u00e5rbarhet for \u00e5 f\u00e5 flere funksjonelle symptomer og lidelser. Man kan da oppleve at n\u00e5r ett symptom bedres s\u00e5 starter bare et nytt symptom. Mennesker som opplever dette kan derfor tenke at \u00abingenting nytter\u00bb. Man kan ogs\u00e5 f\u00e5 en f\u00f8lelse av \u00e5 v\u00e6re \u00aben hypokonder\u00bb fordi en er ofte hos legen og unders\u00f8kelsene der er som regel normale.<\/p>\n\n\n\n<p>Det kan da v\u00e6re du har en kronisk tilstand hvis legen din og annet helsepersonell har gjort s\u00e5 godt de kan og du har gjort s\u00e5 godt du kan. Kanskje m\u00e5 man da heller fokusere p\u00e5 hvordan man kan ha et s\u00e5 godt liv som mulig, selv om man har symptomer, og p\u00e5 hva som \u00f8ker livskvaliteten.<\/p>\n\n\n\n<p>Og, selv om man har hatt symptomer i lang tid betyr det ikke n\u00f8dvendigvis at en alltid vil ha dem og over tid vil symptomene kunne bli mindre plagsomme.<\/p>\n\n\n\n<p>Leger synes noen ganger det er vanskelig \u00e5 forklare dette til pasientene. Noen leger tenker at fordi det ikke kan p\u00e5vises noen sikker skade s\u00e5 vil man alltid bli bedre. Dette er imidlertid ikke riktig.<\/p>\n\n\n\n<p>I en studie fulgte britiske forskere mennesker med funksjonell svakhet i et ben over tid. Etter 14 \u00e5rs oppf\u00f8lgning fant forskerne at<\/p>\n\n\n\n<ul><li>51% var blitt bedre og 20% var blitt helt bra<\/li><li>23% hadde ikke opplevd noen endring<\/li><li>14% var blitt verre<\/li><\/ul>\n\n\n\n<p>Det er derfor viktig at du ikke klandrer deg selv om du synes det er vanskelig \u00e5 bli bedre. Det kan v\u00e6re et alternativ \u00e5 inng\u00e5 en avtale om regelmessig oppf\u00f8lgning hos din fastlege. Det er for eksempel viktig \u00e5 f\u00f8lge opp eventuell behandling med legemidler og hvordan du har det.<\/p>\n\n\n\n<p>Hos noen f\u00e5 pasienter med funksjonelle nevrologiske lidelser (under 5%) skyldes manglende bedring at diagnosen er feil. Men, selv om det noen ganger kan v\u00e6re viktig \u00e5 gjennomg\u00e5 diagnosen p\u00e5 nytt, vil i de aller fleste tilfellene den funksjonelle nevrologiske diagnosen v\u00e6re korrekt og gjentakende og ofte frustrerende fors\u00f8k p\u00e5 \u00e5 finne alternative forklaringer p\u00e5 plagene vil kunne v\u00e6re skadelig. Man forst\u00e5r godt at pasienter mener deres symptomer m\u00e5 skyldes en sykdom som multippel sklerose (MS) eller Parkinsons sykdom. Men, gjentatte unders\u00f8kelser og vurderinger hos ulike leger og annet helsepersonell er en viktig \u00e5rsak til at mange pasienter ikke opplever bedring.<\/p>\n\n\n\n<p>\u00c5 leve med symptomer over tid er vanskelig. Er det pasientforeninger n\u00e6r deg for mennesker med nevrologiske lidelser eller andre kroniske sykdommer? Det kan v\u00e6re du her vil finne tilbud som kan hjelpe deg til \u00e5 leve s\u00e5 godt som mulig med plagene.<\/p>\n","protected":false},"excerpt":{"rendered":"<p>Hvis du har lest alt p\u00e5 dette nettstedet og stadig har plager m\u00e5neder senere, hva skal du gj\u00f8re?<\/p>\n","protected":false},"author":65,"featured_media":0,"parent":1012,"menu_order":308,"comment_status":"closed","ping_status":"closed","template":"page-template\/symptom-details-page-template.php","meta":[],"_links":{"self":[{"href":"https:\/\/neurosymptoms.org\/nb_NO\/wp-json\/wp\/v2\/pages\/664"}],"collection":[{"href":"https:\/\/neurosymptoms.org\/nb_NO\/wp-json\/wp\/v2\/pages"}],"about":[{"href":"https:\/\/neurosymptoms.org\/nb_NO\/wp-json\/wp\/v2\/types\/page"}],"author":[{"embeddable":true,"href":"https:\/\/neurosymptoms.org\/nb_NO\/wp-json\/wp\/v2\/users\/65"}],"replies":[{"embeddable":true,"href":"https:\/\/neurosymptoms.org\/nb_NO\/wp-json\/wp\/v2\/comments?post=664"}],"version-history":[{"count":78,"href":"https:\/\/neurosymptoms.org\/nb_NO\/wp-json\/wp\/v2\/pages\/664\/revisions"}],"predecessor-version":[{"id":15621,"href":"https:\/\/neurosymptoms.org\/nb_NO\/wp-json\/wp\/v2\/pages\/664\/revisions\/15621"}],"up":[{"embeddable":true,"href":"https:\/\/neurosymptoms.org\/nb_NO\/wp-json\/wp\/v2\/pages\/1012"}],"wp:attachment":[{"href":"https:\/\/neurosymptoms.org\/nb_NO\/wp-json\/wp\/v2\/media?parent=664"}],"curies":[{"name":"wp","href":"https:\/\/api.w.org\/{rel}","templated":true}]}}