{"id":655,"date":"2020-12-01T05:07:39","date_gmt":"2020-12-01T05:07:39","guid":{"rendered":"https:\/\/ftd.cognihealth.in\/?page_id=655"},"modified":"2024-02-02T11:36:33","modified_gmt":"2024-02-02T11:36:33","slug":"treatment-of-limb-weakness","status":"publish","type":"page","link":"https:\/\/neurosymptoms.org\/nb_NO\/treatment\/treatment-of-limb-weakness\/","title":{"rendered":"Behandling av funksjonell svakhet i armer eller ben"},"content":{"rendered":"\n<p class=\"has-text-align-center\">&#8230;v<em>ariasjon over tid av alvorlighetsgraden til svakheten er noe pasienter med funksjonell ekstremitets svakhet ofte erfarer \u2026..<\/em><\/p>\n\n\n\n<hr class=\"wp-block-separator\"\/>\n\n\n\n<p>Denne seksjonen er hovedsakelig basert p\u00e5 forfatternes egen erfaring ved \u00e5 fors\u00f8ke \u00e5 hjelpe hundrevis av pasienter med funksjonell svakhet til \u00e5 bli bedre.<\/p>\n\n\n\n<p>Hvis du ikke allerede har lest dem, se p\u00e5 disse seksjonene f\u00f8r du fortsetter:<\/p>\n\n\n\n<p>1.&nbsp;&nbsp;&nbsp;&nbsp;&nbsp;&nbsp;&nbsp;&nbsp; <a href=\"https:\/\/pre-prod.neurosymptoms.org\/nb_NO\/symptoms\/fnd-symptoms\/functional-limb-weakness\/\" target=\"_blank\" rel=\"noreferrer noopener\">Funksjonell svakhet i arm<\/a><a href=\"https:\/\/pre-prod.neurosymptoms.org\/nb_NO\/symptoms\/fnd-symptoms\/functional-limb-weakness\/\">er eller ben<\/a>: Det er sv\u00e6rt viktig \u00e5 forst\u00e5 at dette er et vanlig symptom, det betyr ikke at du holder p\u00e5 \u00e5 bli gal eller mister forstanden, men ogs\u00e5 at du har potensiale til \u00e5 bli frisk uten medisiner. Forst\u00e5else av FNL: Det er sv\u00e6rt viktig at du kjenner at legen har satt seg n\u00f8ye inn i din sykehistorie og kommet fram til riktig diagnose.<\/p>\n\n\n\n<p>2.&nbsp;&nbsp;&nbsp;&nbsp;&nbsp;&nbsp;&nbsp;&nbsp; <a href=\"https:\/\/pre-prod.neurosymptoms.org\/nb_NO\/treatment-2\/physiotherapy-exercise\/\" target=\"_blank\" rel=\"noreferrer noopener\">Fysioterapi og trening<\/a>: Her forklares noen grunnprinsipper for rehabilitering og trening av funksjonelle symptomer inkludert svakhet, smerte og utmattelse.<\/p>\n\n\n\n<p>3.&nbsp;&nbsp;&nbsp;&nbsp;&nbsp;&nbsp;&nbsp;&nbsp; <a href=\"https:\/\/pre-prod.neurosymptoms.org\/nb_NO\/treatment-2\/psychological-therapy\/\" target=\"_blank\" rel=\"noreferrer noopener\">Psykologisk\/psykiatrisk behandling<\/a>: Hvis din lege har henvist deg til psykolog eller psykiater kan det v\u00e6re at du lurer p\u00e5 hvorfor .Les denne delen som kan hjelpe deg \u00e5 forst\u00e5 dette.<\/p>\n\n\n\n<h3>\u00c5 l\u00e6re \u00e5 overvinne funksjonell svakhet<\/h3>\n\n\n\n<p>Man er fortsatt i en l\u00e6reprosess om hvilken type behandling som er best for funksjonell svakhet.<\/p>\n\n\n\n<p><strong>&nbsp;Forst\u00e5 det<\/strong> Det kan v\u00e6re overraskende hvor stor betydning det kan ha bare \u00e5 f\u00e5 en klar og forst\u00e5elig forklaring p\u00e5 symptomene. Pasienter med funksjonell svakhet har ofte g\u00e5tt flere m\u00e5neder eller til og med \u00e5r uten diagnose (eller f\u00e5tt en alternativ diagnose slik som MS).<\/p>\n\n\n\n<p>Det kan ta lang tid \u00e5 \u201cf\u00e5 inn i hodet \u201c hva funksjonell svakhet er. Det er nettopp denne forst\u00e5elsen som ser ut til \u00e5 v\u00e6re en viktig del av \u00e5rsak til bedringen hos de pasientene som begynner \u00e5 f\u00f8le seg bedre.<\/p>\n\n\n\n<p>\u00c5 bli oppmerksom p\u00e5 hvordan dette passer med dine andre <a href=\"https:\/\/pre-prod.neurosymptoms.org\/nb_NO\/symptoms\/\" target=\"_blank\" rel=\"noreferrer noopener\">symptomer<\/a> kan ogs\u00e5 v\u00e6re en viktig del av det \u00e5 forst\u00e5 dette. Det kan ogs\u00e5 v\u00e6re til hjelp \u00e5 forst\u00e5 at din svakhet er ett symptom blant mange (vanligvis smerte, utmattelse og s\u00f8vnforstyrrelse) og at du har en sykdom med mange symptomer , ikke mange symptomer for\u00e5rsaket av forskjellige sykdommer.<\/p>\n\n\n\n<p>Derfor er det sannsynlig at noen av behandlingene som har vist seg \u00e5 virke for pasienter med kronisk <a href=\"https:\/\/pre-prod.neurosymptoms.org\/nb_NO\/symptoms\/common-associated-symptoms\/fatigue\/\" target=\"_blank\" rel=\"noreferrer noopener\">utmattelse<\/a> og kronisk <a href=\"https:\/\/pre-prod.neurosymptoms.org\/nb_NO\/symptoms\/common-associated-symptoms\/pain\/\" target=\"_blank\" rel=\"noreferrer noopener\">smerte<\/a> ogs\u00e5 vil v\u00e6re til hjelp for pasienter med funksjonell svakhet.<\/p>\n\n\n\n<p>Dette inkluderer<\/p>\n\n\n\n<ol type=\"1\"><li><a href=\"https:\/\/pre-prod.neurosymptoms.org\/nb_NO\/treatment-2\/physiotherapy-exercise\/\" target=\"_blank\" rel=\"noreferrer noopener\">Fysioterapi<\/a> <\/li><\/ol>\n\n\n\n<p>2. <a href=\"https:\/\/pre-prod.neurosymptoms.org\/nb_NO\/treatment-2\/psychological-therapy\/\" target=\"_blank\" rel=\"noreferrer noopener\">Psykologisk\/psykiatrisk<\/a> terapi<\/p>\n\n\n\n<p>3.<a href=\"https:\/\/pre-prod.neurosymptoms.org\/nb_NO\/treatment-2\/medication\/\" target=\"_blank\" rel=\"noreferrer noopener\">Medikamenter<\/a> med tanke p\u00e5 smerte og s\u00f8vn.<\/p>\n\n\n\n<p><strong>Spesifikke poenger som kommer opp med tanke p\u00e5 funksjonell ekstremitetes svakhet<\/strong><\/p>\n\n\n\n<p><em>\u2026Pr\u00f8v, s\u00e5 godt du kan, \u00e5 tenke p\u00e5 andre ting n\u00e5r du g\u00e5r \u2026.<\/em><\/p>\n\n\n\n<p>Noe av det pasienter med funksjonell svakhet ofte bemerker er at alvorlighetsgraden for svakheten varierer over tid. F.eks p\u00e5 tirsdag kan du oppleve at benet ditt er sv\u00e6rt tungt og du m\u00e5 slepe p\u00e5 det, mens disse symptomene kommer mer i bakgrunnen p\u00e5 onsdag. Variabiliteten er et vanlig fenomen ved mange funksjonelle symptomer. Hvis du tenker p\u00e5 det, s\u00e5 er dette en grunn til at diagnosen FNL gir mening. Hvis det hadde v\u00e6rt strukturell skade av nervesystemet, kan symptomene variere noe, men ikke s\u00e5 dramatisk som de kan gj\u00f8re med funksjonell skade.<\/p>\n\n\n\n<p>Det er flere grunner til at funksjonell ekstremitetsskade kan variere i alvorlighetsgrad<\/p>\n\n\n\n<ol type=\"1\"><li>..ved mer utmattelse.<\/li><li>&#8230; ved sterkere smerter.<\/li><li>&#8230;.n\u00e5r du bevisst tenker p\u00e5 bevegelse.<\/li><\/ol>\n\n\n\n<p>Dette siste er verdt litt ettertanke. Du kan ha lagt merke til at jo mer du tenker p\u00e5 \u00e5 bevege ekstremitetene dine, jo tyngre og vanskeligere kan det v\u00e6re \u00e5 gj\u00f8re det.<\/p>\n\n\n\n<p>Dette er fordi bevegelse virker best n\u00e5r det er automatisk. Du tenker vanligvis ikke p\u00e5 gange n\u00e5r du g\u00e5r i trapper eller n\u00e5r du er p\u00e5 handletur. Faktisk er det slik at hvis friske mennesker begynner \u00e5 tenke p\u00e5 gange, kan gangen stokke seg til.<\/p>\n\n\n\n<p>\u00c5 bli oppmerksom p\u00e5 dette kan v\u00e6re til hjelp i behandlingen av FNL<\/p>\n\n\n\n<p>Pr\u00f8v, s\u00e5 godt det lar seg gj\u00f8re, \u00e5 tenke p\u00e5 andre ting n\u00e5r du g\u00e5r. Fysioterapeuter er vanligvis ikke sikre p\u00e5 hva de skal gj\u00f8re for \u00e5 hjelpe mennesker med FNL. Vanligvis er automatiske bevegelser der b\u00e5de armer og ben brukes, bedre enn \u00f8velser som fokuserer p\u00e5 ekstremiteten som er svak.<\/p>\n\n\n\n<p>Husk at med FNL pr\u00f8ver du \u00e5 f\u00e5 tilbake kontrollen over en arm eller et ben som ikke f\u00f8les fullstendig som \u201cditt\u201d.<\/p>\n\n\n\n<p>Mennesker med funksjonell arm svakhet har en tendens til \u00e5 holde armen passivt i fanget.<\/p>\n\n\n\n<p>Mennesker med funksjonell bensvakhet kan oppleve at de sitter med ankelen vridd innover.<\/p>\n\n\n\n<p>Disse stillingene kan f\u00f8les \u201cnaturlige\u201d men det er de ikke. Din hjerne tenker at dette er normale posisjoner for deg. Din hjerne kan ha blitt vant til tanken p\u00e5 at den ene siden av kroppen ikke f\u00f8les lik den andre siden.<\/p>\n\n\n\n<p>M\u00e5let til behandlingen er \u00e5 f\u00e5 din hjerne til \u00e5 oppleve normal, naturlig bevegelse igjen.<\/p>\n\n\n\n<p><strong>Andre behandlinger<\/strong><\/p>\n\n\n\n<p>Hvis du f\u00f8ler deg helt fastl\u00e5st med dine svake ekstremiteter kan det v\u00e6re verdt \u00e5 fors\u00f8ke hypnose. Noen ganger oppst\u00e5r normal bevegelse under hypnose,<\/p>\n\n\n\n<p>Enkelt historier beskriver pasienter med alvorlig funksjonell ekstremitetssvakhet som har kommet seg etter full narkose. Dette m\u00e5 bare gj\u00f8res ved fullstendig lammelse og av lege med erfaring med dette. Det er ikke noen \u201c behandling som kurerer alt\u201d ved funksjonell ekstremitetssvakhet!<\/p>\n","protected":false},"excerpt":{"rendered":"<p>Noen tips for behandling av funksjonell svakhet<\/p>\n","protected":false},"author":65,"featured_media":0,"parent":1012,"menu_order":305,"comment_status":"closed","ping_status":"closed","template":"page-template\/symptom-details-page-template.php","meta":[],"_links":{"self":[{"href":"https:\/\/neurosymptoms.org\/nb_NO\/wp-json\/wp\/v2\/pages\/655"}],"collection":[{"href":"https:\/\/neurosymptoms.org\/nb_NO\/wp-json\/wp\/v2\/pages"}],"about":[{"href":"https:\/\/neurosymptoms.org\/nb_NO\/wp-json\/wp\/v2\/types\/page"}],"author":[{"embeddable":true,"href":"https:\/\/neurosymptoms.org\/nb_NO\/wp-json\/wp\/v2\/users\/65"}],"replies":[{"embeddable":true,"href":"https:\/\/neurosymptoms.org\/nb_NO\/wp-json\/wp\/v2\/comments?post=655"}],"version-history":[{"count":74,"href":"https:\/\/neurosymptoms.org\/nb_NO\/wp-json\/wp\/v2\/pages\/655\/revisions"}],"predecessor-version":[{"id":14295,"href":"https:\/\/neurosymptoms.org\/nb_NO\/wp-json\/wp\/v2\/pages\/655\/revisions\/14295"}],"up":[{"embeddable":true,"href":"https:\/\/neurosymptoms.org\/nb_NO\/wp-json\/wp\/v2\/pages\/1012"}],"wp:attachment":[{"href":"https:\/\/neurosymptoms.org\/nb_NO\/wp-json\/wp\/v2\/media?parent=655"}],"curies":[{"name":"wp","href":"https:\/\/api.w.org\/{rel}","templated":true}]}}