{"id":645,"date":"2020-12-01T04:37:22","date_gmt":"2020-12-01T04:37:22","guid":{"rendered":"https:\/\/ftd.cognihealth.in\/?page_id=645"},"modified":"2024-02-02T11:56:18","modified_gmt":"2024-02-02T11:56:18","slug":"family-and-work","status":"publish","type":"page","link":"https:\/\/neurosymptoms.org\/nb_NO\/treatment\/family-and-work\/","title":{"rendered":"Familie og arbeid"},"content":{"rendered":"\n<h3><strong>Hva skal du fortelle din familie og ditt arbeidssted om symptomene dine ?<\/strong><\/h3>\n\n\n\n<p>Det er vanskelig nok \u00e5 f\u00e5 en forst\u00e5else selv av hva funksjonelle symptomer er, s\u00e5 det kan naturligvis kjennes enda tyngre \u00e5 m\u00e5tte forklare det til andre mennesker.<\/p>\n\n\n\n<p>Hvis plagen din er et svakt ben\/arm og det blir kjent at \u201ctestene er normale\u201d s\u00e5 kan det dessverre v\u00e6re noen som gir mindre omtanke eller til og med ikke tror du virkelig har symptomene.<\/p>\n\n\n\n<p>Dette kan v\u00e6re sv\u00e6rt vanskelig \u00e5 takle som pasient. Du vet at symptomene er virkelige. Du opplever tap av kontroll over kroppen og det gj\u00f8r det enda verre at noen kan tro at dette ikke er ekte.<\/p>\n\n\n\n<p>Det er verdt \u00e5 tenke igjennom hvordan du skal forklare dette til venner, familie og arbeidsgiver.<\/p>\n\n\n\n<p>En praktisk tiln\u00e6rming er den f\u00f8lgende:<\/p>\n\n\n\n<ol type=\"1\"><li><strong>Forklar hva FNL er til n\u00e6re venner og familie. <\/strong>De kan v\u00e6re sv\u00e6rt bekymret for deg og lure p\u00e5 om du f.eks har sykdommer som multippel sklerose, epilepsi eller hjernesvulst. Hvis de blir mindre bekymret kan det ogs\u00e5 v\u00e6re til hjelp for deg. De kan hjelpe deg til \u00e5 finne ut mer om det og ogs\u00e5 v\u00e6re til st\u00f8tte under behandlingen.<\/li><\/ol>\n\n\n\n<p>Du kunne oppmuntre dem til \u00e5 lese denne nettsiden<\/p>\n\n\n\n<p>2. <strong>Til de som er en riktig \u201cnysgjerrigper\u201d <\/strong>kan en replikk som, \u201c jeg er i nevrologisk utredning og jeg har h\u00e5p om at sykdomsbildet er i ferd med \u00e5 snu\u00bb, v\u00e6re forklaring nok i en slik situasjon.<\/p>\n\n\n\n<ol type=\"1\" start=\"3\"><li><strong>Til arbeidsgivere\/NAV<\/strong>&#8211; avhengig av den situasjonen du er i er det ofte riktig \u00e5 fortelle din arbeidsgiver, s\u00e6rlig hvis du har v\u00e6rt ute av arbeid en stund. NAV b\u00f8r f\u00e5 god informasjon\/legeerkl\u00e6ring fra fastlege som har f\u00e5tt epikrise fra nevrolog<\/li><\/ol>\n\n\n\n<ol type=\"1\" start=\"4\"><li><strong>Til skoler-<\/strong>Brev til l\u00e6rer som forklarer sykdomsbildet ditt kan v\u00e6re til hjelp. S\u00e6rlig dersom symptomene er anfall der de som ser p\u00e5 kan bli sv\u00e6rt skremte og noen ganger overreagerer. De kan ogs\u00e5 ha nytte av \u00e5 lese denne nettsiden.<\/li><\/ol>\n\n\n\n<p>Fatigue\/utmattelse kan v\u00e6re ditt hovedsymptom, da kan det v\u00e6re viktig \u00e5 understreke at dette er en hoved\u00e5rsak til innskrenket arbeidsevne.<\/p>\n\n\n\n<p>Tilsvarende, hvis ditt hovedproblem er smerte, da er det det som b\u00f8r vektlegges.<\/p>\n\n\n\n<p>Problemet med FNL er fortsatt manglende kjennskap til diagnosen. Det kan noen ganger bety at diagnosen ikke er forst\u00e5tt eller akseptert som den skal som v\u00e6re som en virkelig \u00e5rsak til funksjonsnedsettelse. Dette endrer seg langsomt.<\/p>\n","protected":false},"excerpt":{"rendered":"<p>Noen forslag til hva man kan si til familie og venner<\/p>\n","protected":false},"author":65,"featured_media":0,"parent":1012,"menu_order":303,"comment_status":"closed","ping_status":"closed","template":"page-template\/symptom-details-page-template.php","meta":[],"_links":{"self":[{"href":"https:\/\/neurosymptoms.org\/nb_NO\/wp-json\/wp\/v2\/pages\/645"}],"collection":[{"href":"https:\/\/neurosymptoms.org\/nb_NO\/wp-json\/wp\/v2\/pages"}],"about":[{"href":"https:\/\/neurosymptoms.org\/nb_NO\/wp-json\/wp\/v2\/types\/page"}],"author":[{"embeddable":true,"href":"https:\/\/neurosymptoms.org\/nb_NO\/wp-json\/wp\/v2\/users\/65"}],"replies":[{"embeddable":true,"href":"https:\/\/neurosymptoms.org\/nb_NO\/wp-json\/wp\/v2\/comments?post=645"}],"version-history":[{"count":81,"href":"https:\/\/neurosymptoms.org\/nb_NO\/wp-json\/wp\/v2\/pages\/645\/revisions"}],"predecessor-version":[{"id":14302,"href":"https:\/\/neurosymptoms.org\/nb_NO\/wp-json\/wp\/v2\/pages\/645\/revisions\/14302"}],"up":[{"embeddable":true,"href":"https:\/\/neurosymptoms.org\/nb_NO\/wp-json\/wp\/v2\/pages\/1012"}],"wp:attachment":[{"href":"https:\/\/neurosymptoms.org\/nb_NO\/wp-json\/wp\/v2\/media?parent=645"}],"curies":[{"name":"wp","href":"https:\/\/api.w.org\/{rel}","templated":true}]}}