{"id":643,"date":"2020-12-01T03:53:45","date_gmt":"2020-12-01T03:53:45","guid":{"rendered":"https:\/\/ftd.cognihealth.in\/?page_id=643"},"modified":"2024-11-01T03:48:45","modified_gmt":"2024-11-01T03:48:45","slug":"medication","status":"publish","type":"page","link":"https:\/\/neurosymptoms.org\/nb_NO\/treatment\/medication\/","title":{"rendered":"Medikamenter"},"content":{"rendered":"\n<p><strong>Vennligst merk:<\/strong> Det er spesielt viktig at du r\u00e5df\u00f8rer deg med din lege f\u00f8r du starter med eller slutter med enhver form for medikament. Ingen enkeltmedikamenter framheves spesielt av dette nettstedet.<\/p>\n\n\n\n<hr class=\"wp-block-separator\"\/>\n\n\n\n<p><em>&#8230; Folk blir bedre av funksjonelle lidelser uten medisiner, og ingen b\u00f8r f\u00f8le seg presset til \u00e5 ta tabletter, men de kan iblant v\u00e6re til hjelp \u2026<\/em><\/p>\n\n\n\n<hr class=\"wp-block-separator\"\/>\n\n\n\n<h3><strong>Medisiner som noen ganger kan hjelpe ved FNL<\/strong><\/h3>\n\n\n\n<p>En av tingene legen din kan ha foresl\u00e5tt for deg, er \u00e5 fors\u00f8ke om medisiner kan hjelpe deg med symptomene. De vanligste formene for medisiner er:<\/p>\n\n\n\n<ol type=\"1\"><li>Antidepressiva \u2013 det er gamle typer kalt \u00abtrisykliske\u00bb (inkludert amitriptylin, klomipramin) og nyere typer kalt bl.a. SSRI eller SNRI (inkludert fluoksetin, sertraline, escitalopram, duloksetin, venlafaksin, mirtazapin, paroksetin).<\/li><li>\u00abNevropatisk\u00bb smertestillende \u2013 som ofte ogs\u00e5 er fra disse antidepressive klassene. For eksempel amitriptylin.<\/li><\/ol>\n\n\n\n<h3><strong>Medisiner som vanligvis ikke hjelper ved FNL<\/strong><\/h3>\n\n\n\n<ul><li>Benzodiazepiner som diazepam eller oksazepam brukes vanligvis kun i en sv\u00e6rt kort periode. Man kan bli avhengig av dem og utvikle toleranse for dem.<\/li><li>Opiater som morfin og oksykodon har v\u00e6rt mye forskrevet mot kronisk smerte. De er nyttige mot mange typer smerte, spesielt akutte sterke smerter ved akutt skade eller kirurgi eller for \u00e5 h\u00e5ndtere kreftsmerter. De er, overraskende nok, ikke til hjelp ved de fleste typer <a href=\"https:\/\/pre-prod.neurosymptoms.org\/nb_NO\/symptoms\/common-associated-symptoms\/pain\/\" target=\"_blank\" rel=\"noreferrer noopener\">kronisk smerte<\/a>. Man kan bli avhengig av dem og utvikle toleranse for dem.<\/li><li>Pregabalin og gabapentin var en gang popul\u00e6re som medikasjon for kronisk smerte, og kan v\u00e6re nyttige n\u00e5r det foreligger en definitiv nerveskade. Imidlertid viser studier at de ikke har effekt p\u00e5 s\u00e5kalt prim\u00e6r kronisk smerte, inkludert <a href=\"https:\/\/www.nice.org.uk\/guidance\/ng193\" target=\"_blank\" rel=\"noreferrer noopener\">tilstander som fibromyalgi som ofte kan ledsage FNL <\/a>.<\/li><\/ul>\n\n\n\n<p>Medisiner virker sjelden p\u00e5 symptomene i seg selv, men kan v\u00e6re nyttige for bedre nattes\u00f8vn, smertelindring, bedring av nedstemthet og bekymringer.<\/p>\n\n\n\n<p>Pasienter kan bli bedre av FNL uten medisiner og ingen b\u00f8r f\u00f8le seg presset til \u00e5 ta tabletter, men de kan iblant v\u00e6re til hjelp. Ingen liker \u00e5 ta medisiner regelmessig, men hvis du synes at helsesituasjonen din er fastl\u00e5st kan du sp\u00f8rre deg selv om hva du har \u00e5 tape \u2026<\/p>\n\n\n\n<h3><strong>Men jeg vil ikke ta antidepressiva \u2013 jeg er ikke deprimert!<\/strong><\/h3>\n\n\n\n<p>En oversiktsartikkel over studier av pasienter med alle typer funksjonelle lidelser (ikke bare nevrologiske slik som bevegelsesforstyrrelser eller dissosiative anfall) som fikk antidepressiv medisin, viste at de som tok slik medisin hadde tre ganger s\u00e5 h\u00f8y sannsynlighet for \u00e5 bli bedre som de som ikke tok medisin.<\/p>\n\n\n\n<p>Det interessante var at dette var tilfelle uansett om pasientene f\u00f8lte seg deprimerte eller ikke.<\/p>\n\n\n\n<p>\u00abAntidepressiva\u00bb kan ogs\u00e5 v\u00e6re nyttige som angstbehandling hos pasienter som ikke er deprimerte, s\u00e5 \u00e5 kalle dem antidepressiva i en slik sammenheng er ikke presist.&nbsp;<\/p>\n\n\n\n<p>Eldre antidepressiva som amitriptylin har vi hatt i mange ti\u00e5r. Selv om de var utviklet for \u00e5 behandle depresjon, har leger erfaring for at de kan v\u00e6re sv\u00e6rt nyttige til \u00e5 behandle smerte, s\u00f8vnvansker og andre symptomer som irritabel bl\u00e6re, uavhengig av om personen f\u00f8ler seg deprimert.<\/p>\n\n\n\n<p>For eksempel hvis du har virkelig smertefull helvetesild i ansiktet, eller f\u00e5r isjias, kan amitriptylin v\u00e6re det mest effektive medikamentet for&nbsp; \u00e5 dempe nervesmerte (ogs\u00e5 kalt \u00abnevropatisk smerte\u00bb).<\/p>\n\n\n\n<h3><strong>Men antidepressiva er avhengighetsskapende, er de ikke?<\/strong><\/h3>\n\n\n\n<p>En forst\u00e5elig hovedbekymring pasienter kan ha, er at en antidepressiv tablett medf\u00f8rer avhengighet. Ofte er dette fordi de blander sammen beroligende medisiner som diazepam (Valium, Vival) eller sovetabletter som zopiklon (Imovane), med antidepressiva.<\/p>\n\n\n\n<p>Det er ikke holdepunkter for at antidepressiva medf\u00f8rer en avhengighetstilstand der personen har sug etter medisinen eller stadig trenger h\u00f8yere dose for \u00e5 f\u00e5 effekt.<\/p>\n\n\n\n<p>Med noen typer antidepressiva kan det iblant oppst\u00e5 symptomer n\u00e5r man slutter med medisinen. Hvis dette skjer, er disse symptomene vanligvis over innen en ukes tid.<\/p>\n\n\n\n<p>Noen rapporterer lenger varighet av symptomer utl\u00f8st av \u00e5 slutte med medisinen eller medisinen i seg selv.<\/p>\n\n\n\n<p>Det er derfor viktig at du tar en prat med din lege om fordeler og ulemper med medisin i ditt individuelle tilfelle.<\/p>\n\n\n\n<p>Noen andre tabletter kan v\u00e6re vanedannende. Dette inkluderer tabletter med kodein slik som Paralgin Forte\/Pinex Forte og benzodiazepiner som diazepam og oxazepam.<\/p>\n\n\n\n<p>Helsearbeidere kan ogs\u00e5 se abstinenssymptomer n\u00e5r pasienter slutter med gabapentin og pregabalin.<\/p>\n\n\n\n<h3><strong>Men jeg tok amitriptylin en gang og ble helt zombie!<\/strong><\/h3>\n\n\n\n<p>Noen pasienter med FNL som fors\u00f8ker medisiner som amitriptylin (Sarotex) opplever dette sv\u00e6rt ubehagelig. Dette kan v\u00e6re fordi de ble gitt for h\u00f8y startdose, eller fordi de ikke hadde f\u00e5tt en god forklaring p\u00e5 hva de kunne forvente.<\/p>\n\n\n\n<p>Det ligger i funksjonelle symptomers natur at pasienter som tar antidepressiva for symptomene kan oppleve mer bivirkninger enn normalt, spesielt i starten.<\/p>\n\n\n\n<p>Det er vanligvis rimelig \u00e5 forvente noen bivirkninger de f\u00f8rste 1-2 ukene. Disse kan inkludere sl\u00f8vhet, kvalme og av og til (avhengig av den enkelte medisin) en grad av agitasjon\/uro. Etter det vil bivirkningene ofte g\u00e5 tilbake. Effekten av medisinen kan merkes raskt, men det kan ta 6-8 uker (p\u00e5 en riktig dose) \u00e5 merke forskjellen.<\/p>\n\n\n\n<h3><strong>Jeg spiser tabletter, men de gj\u00f8r ingenting<\/strong><\/h3>\n\n\n\n<p>Dette kan skyldes at du f\u00e5r for liten dose, eller ikke har ventet lenge nok, eller fordi de ikke gj\u00f8r noe for symptomene dine. Det er vanskelig \u00e5 avgj\u00f8re hvorvidt en antidepressiv medisin virker f\u00f8r du har brukt den omkring 12 uker.<\/p>\n\n\n\n<p>Ikke alle har effekt av medisiner.<\/p>\n","protected":false},"excerpt":{"rendered":"<p>Litt informasjon om medisiner. De kan v\u00e6re b\u00e5de til nytte og til skade. <\/p>\n","protected":false},"author":65,"featured_media":0,"parent":1012,"menu_order":302,"comment_status":"closed","ping_status":"closed","template":"page-template\/symptom-details-page-template.php","meta":[],"_links":{"self":[{"href":"https:\/\/neurosymptoms.org\/nb_NO\/wp-json\/wp\/v2\/pages\/643"}],"collection":[{"href":"https:\/\/neurosymptoms.org\/nb_NO\/wp-json\/wp\/v2\/pages"}],"about":[{"href":"https:\/\/neurosymptoms.org\/nb_NO\/wp-json\/wp\/v2\/types\/page"}],"author":[{"embeddable":true,"href":"https:\/\/neurosymptoms.org\/nb_NO\/wp-json\/wp\/v2\/users\/65"}],"replies":[{"embeddable":true,"href":"https:\/\/neurosymptoms.org\/nb_NO\/wp-json\/wp\/v2\/comments?post=643"}],"version-history":[{"count":97,"href":"https:\/\/neurosymptoms.org\/nb_NO\/wp-json\/wp\/v2\/pages\/643\/revisions"}],"predecessor-version":[{"id":15618,"href":"https:\/\/neurosymptoms.org\/nb_NO\/wp-json\/wp\/v2\/pages\/643\/revisions\/15618"}],"up":[{"embeddable":true,"href":"https:\/\/neurosymptoms.org\/nb_NO\/wp-json\/wp\/v2\/pages\/1012"}],"wp:attachment":[{"href":"https:\/\/neurosymptoms.org\/nb_NO\/wp-json\/wp\/v2\/media?parent=643"}],"curies":[{"name":"wp","href":"https:\/\/api.w.org\/{rel}","templated":true}]}}