{"id":633,"date":"2020-12-01T03:03:45","date_gmt":"2020-12-01T03:03:45","guid":{"rendered":"https:\/\/ftd.cognihealth.in\/?page_id=633"},"modified":"2025-05-19T22:49:34","modified_gmt":"2025-05-19T22:49:34","slug":"physiotherapy-exercise","status":"publish","type":"page","link":"https:\/\/neurosymptoms.org\/nb_NO\/treatment\/physiotherapy-exercise\/","title":{"rendered":"Fysioterapi og trening"},"content":{"rendered":"\n<p>Fra rundt 2012 har det kommet stadig mer informasjon som viser at fysioterapi har en meget viktig rolle i behandlingen av mennesker med FNL, spesielt gjelder det personer som har bevegelsesforstyrrelser og svakhet i armer eller ben.<\/p>\n\n\n\n<p>Mennesker med FNL har ofte utmattelse (fatigue), svakhet eller smerter som de synes forverres av trening.<\/p>\n\n\n\n<p>For en del pasienter er ikke problemet at de ikke gj\u00f8r noen aktiviteter i det hele tatt, men heller at de gj\u00f8r aktivitetene veldig periodevist. Hvis man en dag kjenner seg bedre, l\u00f8per man omkring og gj\u00f8r en hel masse av det man ikke har klart \u00e5 gj\u00f8re den siste tiden fordi man har f\u00f8lt seg s\u00e5 d\u00e5rlig. Det gj\u00f8r igjen at man blir mye verre igjen senere p\u00e5 dagen og de neste dagene.<\/p>\n\n\n\n<p>N\u00e5r s\u00e5 symptomene forverres igjen, blir man oppgitt og fortvilet og f\u00f8ler at man er satt tilbake til start. Nedenfor har vi laget en kurve som viser hva som skjer:<\/p>\n\n\n\n<figure class=\"wp-block-image size-large is-resized\"><img loading=\"lazy\" src=\"https:\/\/pre-prod.neurosymptoms.org\/wp-content\/uploads\/2023\/01\/image-2.png\" alt=\"\" class=\"wp-image-12756\" width=\"455\" height=\"424\" srcset=\"https:\/\/neurosymptoms.org\/wp-content\/uploads\/2023\/01\/image-2.png 455w, https:\/\/neurosymptoms.org\/wp-content\/uploads\/2023\/01\/image-2-300x280.png 300w\" sizes=\"(max-width: 455px) 100vw, 455px\" \/><figcaption>&#8230;Du vil fortsatt ha dager n\u00e5r det kjennes som du har &#8220;rykket tilbake til start&#8221;. Men hvis det g\u00e5r langsomt framover er det det viktigste&#8230;<br \/>&#8230;Ja, aktivitet gj\u00f8r symptomene verre, men nei, du for\u00e5rsaker ikke ytterligere skade&#8230; <\/figcaption><\/figure>\n\n\n\n<p>Prinsippene for rehabilitering i et slikt tilfelle blir \u00e5 innse at man tar i for hardt og gj\u00f8r for mye p\u00e5 de gode dagene og for lite p\u00e5 de d\u00e5rlige dagene.<\/p>\n\n\n\n<p>Lag et moderat m\u00e5l , som for eksempel \u00e5 g\u00e5 en tur i butikken eller litt lett husarbeide. M\u00e5let b\u00f8r v\u00e6re s\u00e5 lite at man egentlig klarer \u00e5 gj\u00f8re mer p\u00e5 en god dag og litt st\u00f8rre enn det man vanligvis gj\u00f8r p\u00e5 de d\u00e5rlige dagene.<\/p>\n\n\n\n<p>Hvis du holder deg p\u00e5 det samme moderate aktivitetsniv\u00e5et hver dag, vil du forh\u00e5pentligvis etter en stund, kanskje noen uker, merke at du ikke blir like tr\u00f8tt som f\u00f8r og at smertene er bittelitt bedre.<\/p>\n\n\n\n<p>Du vil fortsatt ha dager n\u00e5r du f\u00f8ler deg \u00abtilbake til start\u00bb, men totalt sett vil bedringen sakte g\u00e5 i riktig retning (se p\u00e5 kurven under)<\/p>\n\n\n\n<figure class=\"wp-block-image size-large\"><img loading=\"lazy\" width=\"626\" height=\"416\" src=\"https:\/\/pre-prod.neurosymptoms.org\/wp-content\/uploads\/2023\/01\/image-3.png\" alt=\"\" class=\"wp-image-12758\" srcset=\"https:\/\/neurosymptoms.org\/wp-content\/uploads\/2023\/01\/image-3.png 626w, https:\/\/neurosymptoms.org\/wp-content\/uploads\/2023\/01\/image-3-300x199.png 300w\" sizes=\"(max-width: 626px) 100vw, 626px\" \/><\/figure>\n\n\n\n<p>Alt dette er lettere sagt enn gjort.<\/p>\n\n\n\n<p>Fysioterapeuter og ergoterapeuter &nbsp;kan v\u00e6re veldig gode \u00e5 ha i en slik opptreningsfase. De er vant til \u00e5 jobbe med slike \u00abdag til dag\u00bb begrensninger, uansett hva som er \u00e5rsaken til dem. De kan hjelpe til med \u00e5 lage et gradert treningsprogam som passer til dine spesielle symptomer og begrensninger og de kan hjelpe deg med gjennomf\u00f8ringen av programmet. Gradert treningsprogram har vist seg \u00e5 v\u00e6re veldig nyttig for mange med kronisk smerte og utmattelse. Det kan du lese mer om her.<\/p>\n\n\n\n<p>Gradert trening passer ikke for alle, og ingen b\u00f8r presses til \u00e5 drive med dette. Noen trenger \u00e5 stabilisere det aktivitetsniv\u00e5et de allerede er p\u00e5 ved \u00e5 bruke  <em>pacing-teknikker<\/em> f\u00f8r de er klare for \u00e5 tenke p\u00e5 gradert treningsprogram.<\/p>\n\n\n\n<p>Fysioterapeuter og ergoterapeuter kan ogs\u00e5 ha en viktig rolle i \u00e5 gi r\u00e5d til arbeidsgiver om&nbsp; hva som m\u00e5 til for \u00e5 kunne komme tilbake i arbeid.Les mer om yrkesrelaterte temaer her.<\/p>\n\n\n\n<p>Psykologer kan ogs\u00e5 hjelpe til med \u00e5 komme gjennom de uunng\u00e5elige periodene med opp- og nedturer som nesten alltid f\u00f8lger denne typen rehabilitering.<\/p>\n\n\n\n<p>Det som ofte gj\u00f8r at man ikke f\u00e5r dette til \u00e5 fungere, er at \u00f8kt aktivitet ofte gir mer plager. Det kan f\u00e5 en til \u00e5 tenke at selve sykdommen har forverret seg, og at man har skadet ryggen eller musklene sine. Det som da blir viktig er \u00e5 vite at man ikke kan skade kroppen hvis man \u00f8ker aktiviteten veldig langsomt. Ja, aktivitet kan gi forbig\u00e5ende \u00f8kte plager, men du f\u00e5r ikke \u00f8kt skade.<\/p>\n\n\n\n<p>Etter hvert er det slik at jo mer aktivitet du klarer \u00e5 gj\u00f8re vil du forh\u00e5pentligvis f\u00e5 mindre symptomer.<\/p>\n\n\n\n<p>For detaljerte&nbsp;<a href=\"https:\/\/jnnp.bmj.com\/content\/suppl\/2014\/11\/28\/jnnp-2014-309255.DC1\/jnnp-2014-309255supp-new.pdf\" target=\"_blank\" rel=\"noreferrer noopener\">konsensus anbefalinger&nbsp;<\/a>n\u00e5r det gjelder fysioterapi for funksjonelle motoriske plager kan du klikke p\u00e5 denne &nbsp;<a href=\"https:\/\/jnnp.bmj.com\/content\/suppl\/2014\/11\/28\/jnnp-2014-309255.DC1\/jnnp-2014-309255supp-new.pdf\" target=\"_blank\" rel=\"noreferrer noopener\">lenken<\/a>&nbsp;der du finner en artikkel&nbsp; fra 2014 der du finner en artikkel som&nbsp; er skrevet av fysioterapeuter, ergoterapeuter,&nbsp;&nbsp; nevrologer og psykiatere med erfaring fra behandling av mennesker med FNL.<\/p>\n\n\n\n<p>Denne artikkelen kan du ogs\u00e5 dele med din fysioterapeut for \u00e5 se om det kan gi dere begge noe nye ideer i behandlingen.<\/p>\n\n\n\n<p><\/p>\n","protected":false},"excerpt":{"rendered":"<p>Fysioterapeutisk tiln\u00e6rming til FNL. Forvent opp- og nedturer<\/p>\n","protected":false},"author":65,"featured_media":0,"parent":1012,"menu_order":298,"comment_status":"closed","ping_status":"closed","template":"page-template\/symptom-details-page-template.php","meta":[],"_links":{"self":[{"href":"https:\/\/neurosymptoms.org\/nb_NO\/wp-json\/wp\/v2\/pages\/633"}],"collection":[{"href":"https:\/\/neurosymptoms.org\/nb_NO\/wp-json\/wp\/v2\/pages"}],"about":[{"href":"https:\/\/neurosymptoms.org\/nb_NO\/wp-json\/wp\/v2\/types\/page"}],"author":[{"embeddable":true,"href":"https:\/\/neurosymptoms.org\/nb_NO\/wp-json\/wp\/v2\/users\/65"}],"replies":[{"embeddable":true,"href":"https:\/\/neurosymptoms.org\/nb_NO\/wp-json\/wp\/v2\/comments?post=633"}],"version-history":[{"count":127,"href":"https:\/\/neurosymptoms.org\/nb_NO\/wp-json\/wp\/v2\/pages\/633\/revisions"}],"predecessor-version":[{"id":15724,"href":"https:\/\/neurosymptoms.org\/nb_NO\/wp-json\/wp\/v2\/pages\/633\/revisions\/15724"}],"up":[{"embeddable":true,"href":"https:\/\/neurosymptoms.org\/nb_NO\/wp-json\/wp\/v2\/pages\/1012"}],"wp:attachment":[{"href":"https:\/\/neurosymptoms.org\/nb_NO\/wp-json\/wp\/v2\/media?parent=633"}],"curies":[{"name":"wp","href":"https:\/\/api.w.org\/{rel}","templated":true}]}}