{"id":625,"date":"2020-12-01T02:42:33","date_gmt":"2020-12-01T02:42:33","guid":{"rendered":"https:\/\/ftd.cognihealth.in\/?page_id=625"},"modified":"2025-12-23T08:27:19","modified_gmt":"2025-12-23T08:27:19","slug":"misdiagnosis-comorbidity","status":"publish","type":"page","link":"https:\/\/neurosymptoms.org\/nb_NO\/causes\/misdiagnosis-comorbidity\/","title":{"rendered":"Feildiagnostisering"},"content":{"rendered":"\n<h3><strong>Kan diagnosen v\u00e6re feil?<\/strong><\/h3>\n\n\n\n<p>Pasienter som f\u00e5r diagnostisert FNL er ofte engstelige for at diagnosen er feil. Det skyldes ofte at det ikke er noen spesifikke funn p\u00e5 noen unders\u00f8kelse (som MR eller blodpr\u00f8ve) som ligger til grunn for diagnosen.<\/p>\n\n\n\n<p>Det finnes veldig mange nevrologiske <em>diagnoser<\/em>. De vanligste er:<\/p>\n\n\n\n<p>\u2022 Hjerneslag<br \/>\u2022 Epilepsi<br \/>\u2022 Migrene \/ Annen hodepine<br \/>\u2022 Funksjonelle \/ dissosiative tilstander (FNL)<br \/>\u2022 Multippel sklerose<br \/>\u2022 Hjernesvulst<br \/>\u2022 Parkinsons Sykdom<br \/>\u2022 Myasthenia Gravis<br \/>\u2022 Motornevronsykdom (kalles ogs\u00e5 for ALS eller Amyotrofisk Lateral Sklerose)<br \/>\u2022 Perifer nevropati og polynevropati<br \/>\u2022 Isjias<br \/>\u2022 B12-mangel og tyreoidea sykdom (stoffskifte sykdom)<br \/>\u2022 Og mange hundre til\u2026..<\/p>\n\n\n\n<p>Det er likevel et litt mer begrenset antall nevrologiske <em>symptomer<\/em>. De vanligste er:<\/p>\n\n\n\n<p>\u2022 Hodepine<br \/>\u2022 Svakhet<br \/>\u2022 Forandret f\u00f8lelse\/sanseopplevelse (sensoriske symptomer)<br \/>\u2022 Black-out<br \/>\u2022 Hukommelsesvansker og kognitive symptomer<br \/>\u2022 Talevansker\/ svelgevansker<br \/>\u2022 Svimmelhet<br \/>\u2022 Synssymptomer \u2013 redusert syn, dobbeltsyn<br \/>\u2022 Nakkesmerter, ryggsmerter, smerter i armer og ben<br \/>\u2022 Skjelving, rykninger, kramper og kontrakturer<br \/>\u2022 Vannlatingsproblemer<\/p>\n\n\n\n<p>Det er alts\u00e5 en relativt begrenset mengde ulike nevrologiske symptomer. Det er ikke s\u00e5 rart at man kan lure p\u00e5 om man egentlig har en av de vanlige (eller uvanlige) nevrologiske sykdommene hvis man har flere av disse nevrologiske symptomene &nbsp;<\/p>\n\n\n\n<p>P\u00e5 denne nettsiden finnes det ikke informasjon om hvordan nevrologene stiller alle disse diagnosene, men nevrologer er veldig erfarne i \u00e5 stille alle de diagnosene som du , din familie og venner er engstelige for at for\u00e5rsaker symptomene dine.<\/p>\n\n\n\n<p>Det kan hende at du er overrasket over \u00e5 se at FNL er s\u00e5pass h\u00f8yt oppe p\u00e5 denne listen, ettersom s\u00e5 f\u00e5 mennesker har h\u00f8rt om det. Det er faktisk slik at rundt 15% av alle nyhenviste pasienter som unders\u00f8kes p\u00e5 nevrologiske avdelinger i Storbritannia har symptomer som blir diagnostisert som funksjonelle eller dissosiative. Rundt 5% av alle nyhenviste pasienter p\u00e5 poliklinikken &nbsp;har symptomer p\u00e5 <a rel=\"noreferrer noopener\" href=\"https:\/\/pre-prod.neurosymptoms.org\/nb_NO\/symptoms\/fnd-symptoms\/functional-limb-weakness\/\" data-type=\"URL\" data-id=\"https:\/\/pre-prod.neurosymptoms.org\/nb_NO\/symptoms\/fnd-symptoms\/functional-limb-weakness\/\" target=\"_blank\">svakhet<\/a>, <a href=\"\/nb_NO\/symptoms\/fnd-symptoms\/functional-dissociative-seizures\/\" target=\"_blank\" rel=\"noreferrer noopener\">anfall <\/a>eller <a rel=\"noreferrer noopener\" href=\"https:\/\/pre-prod.neurosymptoms.org\/nb_NO\/symptoms\/fnd-symptoms\/functional-sensory-symptoms\/\" data-type=\"URL\" data-id=\"https:\/\/pre-prod.neurosymptoms.org\/nb_NO\/symptoms\/fnd-symptoms\/functional-sensory-symptoms\/\" target=\"_blank\">nummenhe<\/a>t som er relatert til FNL.<\/p>\n\n\n\n<p>Hvis nevrologen din har stilt diagnosen FNL, er det en god grunn til det. Det skal v\u00e6re positive tegn som sier at det er en funksjonell lidelse. Det vil si at du f\u00e5r ikke denne diagnosen bare fordi alle unders\u00f8kelsene som er gjort ikke viser noe galt. <\/p>\n\n\n\n<p>&nbsp;Les om positive tegn for ulike FNL p\u00e5 sidene for <a rel=\"noreferrer noopener\" href=\"https:\/\/pre-prod.neurosymptoms.org\/nb_NO\/symptoms\/fnd-symptoms\/functional-limb-weakness\/\" data-type=\"URL\" data-id=\"https:\/\/pre-prod.neurosymptoms.org\/nb_NO\/symptoms\/fnd-symptoms\/functional-limb-weakness\/\" target=\"_blank\">funksjonell svakhet<\/a>, <a rel=\"noreferrer noopener\" href=\"https:\/\/pre-prod.neurosymptoms.org\/nb_NO\/symptoms\/fnd-symptoms\/functional-sensory-symptoms\/\" data-type=\"URL\" data-id=\"https:\/\/pre-prod.neurosymptoms.org\/nb_NO\/symptoms\/fnd-symptoms\/functional-sensory-symptoms\/\" target=\"_blank\">funksjonelle sensoriske symptomer<\/a> og <a href=\"\/nb_NO\/symptoms\/fnd-symptoms\/functional-dissociative-seizures\/\" target=\"_blank\" rel=\"noreferrer noopener\">funksjonelle anfall<\/a>.&nbsp;<\/p>\n\n\n\n<p>P\u00e5 samme m\u00e5te som nevrologene diagnostiserer &nbsp;Parkinsons sykdom, migrene og epilepsi hos en pasient, ved \u00e5 h\u00f8re en detaljert sykehistorie og utf\u00f8re en grundig nevrologisk unders\u00f8kelse ( og uten andre supplerende unders\u00f8kelser), slik kan ogs\u00e5 FNL bli diagnostisert.<\/p>\n","protected":false},"excerpt":{"rendered":"<p>Feildiagnostisering er alltid negativt, men skjer ikke oftere ved FNL enn ved andre sykdommer<\/p>\n","protected":false},"author":65,"featured_media":0,"parent":1010,"menu_order":157,"comment_status":"closed","ping_status":"closed","template":"page-template\/symptom-details-page-template.php","meta":[],"_links":{"self":[{"href":"https:\/\/neurosymptoms.org\/nb_NO\/wp-json\/wp\/v2\/pages\/625"}],"collection":[{"href":"https:\/\/neurosymptoms.org\/nb_NO\/wp-json\/wp\/v2\/pages"}],"about":[{"href":"https:\/\/neurosymptoms.org\/nb_NO\/wp-json\/wp\/v2\/types\/page"}],"author":[{"embeddable":true,"href":"https:\/\/neurosymptoms.org\/nb_NO\/wp-json\/wp\/v2\/users\/65"}],"replies":[{"embeddable":true,"href":"https:\/\/neurosymptoms.org\/nb_NO\/wp-json\/wp\/v2\/comments?post=625"}],"version-history":[{"count":147,"href":"https:\/\/neurosymptoms.org\/nb_NO\/wp-json\/wp\/v2\/pages\/625\/revisions"}],"predecessor-version":[{"id":15838,"href":"https:\/\/neurosymptoms.org\/nb_NO\/wp-json\/wp\/v2\/pages\/625\/revisions\/15838"}],"up":[{"embeddable":true,"href":"https:\/\/neurosymptoms.org\/nb_NO\/wp-json\/wp\/v2\/pages\/1010"}],"wp:attachment":[{"href":"https:\/\/neurosymptoms.org\/nb_NO\/wp-json\/wp\/v2\/media?parent=625"}],"curies":[{"name":"wp","href":"https:\/\/api.w.org\/{rel}","templated":true}]}}