{"id":621,"date":"2020-12-01T02:39:19","date_gmt":"2020-12-01T02:39:19","guid":{"rendered":"https:\/\/ftd.cognihealth.in\/?page_id=621"},"modified":"2024-11-01T03:26:28","modified_gmt":"2024-11-01T03:26:28","slug":"why-has-it-happened","status":"publish","type":"page","link":"https:\/\/neurosymptoms.org\/nb_NO\/causes\/why-has-it-happened\/","title":{"rendered":"Hvorfor skjedde dette?"},"content":{"rendered":"\n<p>Hva kan v\u00e6re grunnen til nervesystemets funksjon er endret slik det er beskrevet p\u00e5 siden om <a href=\"\/nb_NO\/causes\/how-was-it-happened\/\" target=\"_blank\" rel=\"noreferrer noopener\">Hvordan skjedde dette?<\/a><\/p>\n\n\n\n<p>Det ser ikke ut til \u00e5 v\u00e6re bare ett svar, men mange potensielle \u00e5rsaker til at et individ kan utvikle s\u00e5rbarhet for \u00e5 utvikle FNL. Disse \u00e5rsakene kan inndeles i:<\/p>\n\n\n\n<ul><li>Predisponerende faktorer (eller s\u00e5rbarhetsfaktorer): ting som skjedde f\u00f8r symptomene startet.<\/li><li>Utl\u00f8sende faktorer: ting som skjedde p\u00e5 den tiden symptomene startet.<\/li><li>Vedlikeholdende faktorer: ting som skjedde etter at symptomene startet.<\/li><\/ul>\n\n\n\n<p>Disse faktorene kan v\u00e6re<\/p>\n\n\n\n<ul><li>Biologiske: for eksempel er det sannsynligvis en genetisk s\u00e5rbarhet for disse symptomene;<\/li><li>Psykologiske: for eksempel hvis du bekymrer deg for at en hodepine kan skyldes hjernesvulst vil hodepinen gjerne bli verre og<\/li><li>Sosiale: hvis du for eksempel ikke liker jobben din og sjefen behandler deg d\u00e5rlig vil du gjerne f\u00f8le deg verre.<\/li><\/ul>\n\n\n\n<p>Dette kalles den \u00abbiopsykososiale modell for sykdom\u00bb. Den gjelder ikke bare for FNL. All sykdom har en psykologisk og sosial dimensjon: Pasienter med multippel sklerose (MS) som f\u00f8ler seg elendige eller har mye gjeld vil gjerne ha verre symptomer enn noen med MS som ikke er ulykkelige og ikke har andre belastninger i livet.<\/p>\n\n\n\n<p>V\u00e5re modeller for hvorfor noen f\u00e5r FNL er ikke fullstendige. Mange av faktorene som ser ut til \u00e5 v\u00e6re relevante for FNL, er ogs\u00e5 relevante for mange andre symptomer.<\/p>\n\n\n\n<p>Det er fortsatt ofte uklart hvorfor noen med disse formene for s\u00e5rbarhet for eksempel f\u00e5r lammelser p\u00e5 en side eller f\u00e5r plager med skjelvinger.<\/p>\n\n\n\n<p>Jeg har forklart noen tanker om hvorfor de enkelte symptomene kan oppst\u00e5 p\u00e5 de mange av sidene som beskriver spesifikke symptomer (se <a href=\"https:\/\/pre-prod.neurosymptoms.org\/nb_NO\/symptoms\/fnd-symptoms\/functional-limb-weakness\/\" data-type=\"URL\" data-id=\"https:\/\/pre-prod.neurosymptoms.org\/nb_NO\/symptoms\/fnd-symptoms\/functional-limb-weakness\/\" target=\"_blank\" rel=\"noreferrer noopener\">svakhet<\/a>, <a href=\"https:\/\/pre-prod.neurosymptoms.org\/nb_NO\/symptoms\/fnd-symptoms\/functional-sensory-symptoms\/\" data-type=\"URL\" data-id=\"https:\/\/pre-prod.neurosymptoms.org\/nb_NO\/symptoms\/fnd-symptoms\/functional-sensory-symptoms\/\" target=\"_blank\" rel=\"noreferrer noopener\">sensoriske symptomer<\/a>, <a href=\"\/nb_NO\/symptoms\/fnd-symptoms\/functional-dissociative-seizures\/\" target=\"_blank\" rel=\"noreferrer noopener\">anfall <\/a>og <a href=\"\/nb_NO\/symptoms\/fnd-symptoms\/functional-movement-disorders\/\" target=\"_blank\" rel=\"noreferrer noopener\">bevegelsesforstyrrelser<\/a>).<\/p>\n\n\n\n<p>Bildet nedenfor  viser noen faktorer som kan v\u00e6re relevante for utviklingen av funksjonelle symptomer. Men samtidig som du ser p\u00e5 figuren, husk at det er store individuelle forskjeller med hensyn til hvor mange av disse faktorene som er relevante.&nbsp; For noen mennesker er mange faktorer relevante. For andre kanskje bare en eller to.<\/p>\n\n\n\n<p>Det er spesielt viktig \u00e5 understreke at:<\/p>\n\n\n\n<p><strong>Du trenger ikke \u00e5 v\u00e6re stresset, deprimert eller ha angst for \u00e5 utvikle FNL.<\/strong><\/p>\n\n\n\n<p><strong>Du trenger ikke \u00e5 ha hatt en vanskelig barndom for \u00e5 utvikle FNL.<\/strong><\/p>\n\n\n\n<figure class=\"wp-block-image size-large is-resized\"><img loading=\"lazy\" src=\"https:\/\/pre-prod.neurosymptoms.org\/wp-content\/uploads\/2022\/03\/HVorfor-har-det-hendt-figur-1024x576.png\" alt=\"\" class=\"wp-image-7811\" width=\"735\" height=\"413\" srcset=\"https:\/\/neurosymptoms.org\/wp-content\/uploads\/2022\/03\/HVorfor-har-det-hendt-figur-1024x576.png 1024w, https:\/\/neurosymptoms.org\/wp-content\/uploads\/2022\/03\/HVorfor-har-det-hendt-figur-300x169.png 300w, https:\/\/neurosymptoms.org\/wp-content\/uploads\/2022\/03\/HVorfor-har-det-hendt-figur-768x432.png 768w, https:\/\/neurosymptoms.org\/wp-content\/uploads\/2022\/03\/HVorfor-har-det-hendt-figur.png 1280w\" sizes=\"(max-width: 735px) 100vw, 735px\" \/><\/figure>\n\n\n\n<p>(Figur: en modell for hvordan ulike risikofaktorer leder til og vedlikeholder FNL \u2013 en tilstand som foreg\u00e5r i hjernen)<\/p>\n\n\n\n<p>La oss se p\u00e5 noen av disse tingene mer i detalj:<\/p>\n\n\n\n<h3><strong>Predisponerende faktorer (s\u00e5rbarhetsfaktorer)<\/strong><\/h3>\n\n\n\n<p>Vi vet fra forskning at mennesker med FNL har 2-4 ganger st\u00f8rre risiko for \u00e5 ha opplevd negative hendelser i barndom eller voksenlivet, slik som fysisk eller seksuell mishandling. Det betyr samtidig at de fleste med FNL ikke har hatt slike opplevelser. Men for dem det gjelder, hvordan kan dette evt. gj\u00f8re dem s\u00e5rbare for FNL? Sannsynligvis er det flere \u00e5rsaker til dette:<\/p>\n\n\n\n<ul><li>\u00c5 ha negative erfaringer gj\u00f8r ditt \u00abfight or flight\u00bb eller \u00abkamp eller flukt\u00bb -system mer f\u00f8lsomt slik at det har lettere for \u00e5 \u00absl\u00e5 alarm\u00bb senere i livet, selv ved mindre skader eller sykdom.<\/li><li>Skade og mishandling fremmer en tendens til \u00e5 \u00abdissosiere\u00bb som respons p\u00e5 skremmende, truende, eller smertefulle opplevelser. Dette m\u00f8nsteret kan reaktiveres senere i livet om det oppst\u00e5r nye truende situasjoner.<strong><\/strong><\/li><\/ul>\n\n\n\n<p>Hvis du har hatt negative opplevelser i fortiden, kan du f\u00e5 en h\u00e5pl\u00f8shetsf\u00f8lelse \u00abfordi skaden er allerede skjedd\u00bb. Dette er ikke tilfelle. Behandling kan hjelpe deg med \u00e5 se p\u00e5 denne typen faktorer hvis de er tilstede og hjelpe deg \u00e5 \u00abtrene bort\u00bb reaksjonsm\u00f8nstre som har st\u00e5tt lenge. Dette kan hjelpe deg med \u00e5 forholde deg til hva som faktisk skjedde, og ogs\u00e5 til \u00e5 bli flinkere til \u00e5 h\u00e5ndtere nye \u00abtrusler\u00bb mot kroppen.<\/p>\n\n\n\n<p>Det er en del forskning som tyder p\u00e5 at mennesker med FNL har st\u00f8rre sannsynlighet for \u00e5 v\u00e6re tvangspreget, noe som kan gj\u00f8re dem til veldig gode arbeidstakere fordi de er n\u00f8ye med detaljer, men samtidig ikke s\u00e5 gode til \u00e5 \u00abgi slipp\u00bb n\u00e5r hjernen \u00abprogrammeres\u00bb p\u00e5 en uheldig m\u00e5te som ledd i FNL. Dette kan ogs\u00e5 v\u00e6re knyttet til en tendens til alltid \u00e5 v\u00e6re \u00abp\u00e5 farten\u00bb. Mennesker som alltid er p\u00e5 farten er ikke s\u00e5 gode til \u00e5 kjenne seg d\u00e5rlige ved en mindre sykdomstilstand, eller legger ikke merke til at de er i ferd med \u00e5 slite seg ut. &nbsp;Dette kan noen ganger v\u00e6re en grunn til at de plutselig kollapser.<\/p>\n\n\n\n<h3><strong>Utl\u00f8sende faktorer<\/strong><\/h3>\n\n\n\n<p>Jeg diskuterer utl\u00f8sende faktorer som kan v\u00e6re viktige for FNL mange steder p\u00e5 dette nettstedet. For eksempel<\/p>\n\n\n\n<ul><li>En skade av en arm eller et ben som utl\u00f8ser FNL-svakhet<\/li><li>Besvimelser eller angstanfall som utl\u00f8ser funksjonelle anfall<\/li><li>Bivirkninger av medisiner som utl\u00f8ser funksjonell skjelving<\/li><li>Langvarig tretthet\/utmattelse<\/li><li>Migrene<\/li><li>Infeksjonssykdom<\/li><li>Ekstremt stress<\/li><\/ul>\n\n\n\n<h3><strong>Vedlikeholdende faktorer<\/strong><\/h3>\n\n\n\n<p>Dette dreier seg om alle de tingene som stadig gj\u00f8r det hele verre, som for eksempel<\/p>\n\n\n\n<ul><li>\u00c5 ikke f\u00e5 noen diagnose<\/li><li>\u00c5 ikke bli trodd av helsearbeidere eller venner og familie<\/li><li>\u00c5 st\u00e5 p\u00e5 sterke medisiner som opiater (som gjerne gj\u00f8r FNL verre)<\/li><li>\u00c5 bli deprimert eller bekymre deg for situasjonen du befinner deg i<\/li><\/ul>\n\n\n\n<p>Du kan se p\u00e5 punktene p\u00e5 denne siden og vurdere hva dine egne risikofaktorer var eller er, og om noe kan gj\u00f8res med dem. Les mer om <a rel=\"noreferrer noopener\" href=\"https:\/\/pre-prod.neurosymptoms.org\/nb_NO\/stories\/\" data-type=\"URL\" data-id=\"https:\/\/pre-prod.neurosymptoms.org\/nb_NO\/stories\/\" target=\"_blank\">individuelle tilfe<\/a><a href=\"https:\/\/pre-prod.neurosymptoms.org\/nb_NO\/stories\/\" data-type=\"URL\" data-id=\"https:\/\/pre-prod.neurosymptoms.org\/nb_NO\/stories\/\">ller<\/a> andre steder.<\/p>\n\n\n\n<p><\/p>\n","protected":false},"excerpt":{"rendered":"<p>Det er mange mulige \u00e5rsaker til at et individ kan bli s\u00e5rbart for FNL<\/p>\n","protected":false},"author":65,"featured_media":0,"parent":1010,"menu_order":156,"comment_status":"closed","ping_status":"closed","template":"page-template\/symptom-details-page-template.php","meta":[],"_links":{"self":[{"href":"https:\/\/neurosymptoms.org\/nb_NO\/wp-json\/wp\/v2\/pages\/621"}],"collection":[{"href":"https:\/\/neurosymptoms.org\/nb_NO\/wp-json\/wp\/v2\/pages"}],"about":[{"href":"https:\/\/neurosymptoms.org\/nb_NO\/wp-json\/wp\/v2\/types\/page"}],"author":[{"embeddable":true,"href":"https:\/\/neurosymptoms.org\/nb_NO\/wp-json\/wp\/v2\/users\/65"}],"replies":[{"embeddable":true,"href":"https:\/\/neurosymptoms.org\/nb_NO\/wp-json\/wp\/v2\/comments?post=621"}],"version-history":[{"count":189,"href":"https:\/\/neurosymptoms.org\/nb_NO\/wp-json\/wp\/v2\/pages\/621\/revisions"}],"predecessor-version":[{"id":15587,"href":"https:\/\/neurosymptoms.org\/nb_NO\/wp-json\/wp\/v2\/pages\/621\/revisions\/15587"}],"up":[{"embeddable":true,"href":"https:\/\/neurosymptoms.org\/nb_NO\/wp-json\/wp\/v2\/pages\/1010"}],"wp:attachment":[{"href":"https:\/\/neurosymptoms.org\/nb_NO\/wp-json\/wp\/v2\/media?parent=621"}],"curies":[{"name":"wp","href":"https:\/\/api.w.org\/{rel}","templated":true}]}}