{"id":616,"date":"2020-11-06T17:36:02","date_gmt":"2020-11-06T17:36:02","guid":{"rendered":"https:\/\/ftd.cognihealth.in\/?page_id=616"},"modified":"2025-09-06T10:10:38","modified_gmt":"2025-09-06T10:10:38","slug":"how-was-it-happened","status":"publish","type":"page","link":"https:\/\/neurosymptoms.org\/nb_NO\/causes\/how-was-it-happened\/","title":{"rendered":"Hvordan skjedde dette?"},"content":{"rendered":"\n<p>N\u00e5r man har f\u00e5tt et problem er det naturlig \u00e5 sp\u00f8rre \u00abHvorfor skjedde dette?\u00bb.<\/p>\n\n\n\n<p>Men, det er viktig ved nevrologiske funksjonelle lidelser ikke \u00e5 blande sp\u00f8rsm\u00e5let \u00abHvorfor skjedde dette?\u00bb med sp\u00f8rsm\u00e5let \u00abHva er det som har g\u00e5tt galt i kroppen min og gir symptomer?\u00bb.<\/p>\n\n\n\n<p>Dette er to ulike sp\u00f8rsm\u00e5l med to forskjellige svar. <\/p>\n\n\n\n<h3><strong>Hvordan oppst\u00e5r symptomene?<\/strong><\/h3>\n\n\n\n<p>La oss f\u00f8rst se p\u00e5 det andre sp\u00f8rsm\u00e5let: \u00abHva er det som har g\u00e5tt galt i kroppen min og gir symptomer?\u00bb eller, formulert p\u00e5 en annen m\u00e5te, \u00abHvordan oppst\u00e5r symptomene?\u00bb.<\/p>\n\n\n\n<p>For alle symptomene ved funksjonelle nevrologiske lidelser beskrevet p\u00e5 dette nettstedet er svaret at det er et problem med nervesystemets funksjon.<\/p>\n\n\n\n<p>For symptomer som <a rel=\"noreferrer noopener\" href=\"\/nb_NO\/symptoms\/fnd-symptoms\/functional-limb-weakness\/\" data-type=\"URL\" data-id=\"\/nb_NO\/symptoms\/fnd-symptoms\/functional-limb-weakness\/\" target=\"_blank\">svakhet<\/a> og bevegelsesforstyrrelser er det et problem med hvordan hjernen sender signaler til kroppen.<\/p>\n\n\n\n<p>For symptomer som <a href=\"\/nb_NO\/symptoms\/fnd-symptoms\/functional-sensory-symptoms\/\" target=\"_blank\" rel=\"noreferrer noopener\">nummenhet <\/a>og <a rel=\"noreferrer noopener\" href=\"\/nb_NO\/symptoms\/common-associated-symptoms\/pain\/\" target=\"_blank\">smerte <\/a>er det et problem med m\u00e5ten hjernen mottar signaler fra kroppen p\u00e5.<\/p>\n\n\n\n<p>Ved <a rel=\"noreferrer noopener\" href=\"\/nb_NO\/symptoms\/fnd-symptoms\/functional-dissociative-seizures\/\" target=\"_blank\">funksjonelle anfall<\/a> eller <a rel=\"noreferrer noopener\" href=\"\/nb_NO\/symptoms\/common-associated-symptoms\/dissociative-symptoms\/\" target=\"_blank\">dissosiative symptomer<\/a> er hjernen i en transeliknende tilstand, litt som ved hypnose.<\/p>\n\n\n\n<p>Vi begynner \u00e5 forst\u00e5 de komplekse prosessene som er forstyrret i nervesystemet hos pasienter med funksjonelle nevrologiske lidelser og ved relaterte tilstander som kronisk smerte.<\/p>\n\n\n\n<p>Funksjonell hjerneavbildning viser hvilke deler av hjernen som er aktiverte eller underaktiverte hos mennesker med funksjonelle nevrologiske lidelser.<\/p>\n\n\n\n<p>Vi vil n\u00e5 beskrive noen av disse studiene.<\/p>\n\n\n\n<h3><strong>Hjerneomr\u00e5der som er underaktiverte ved funksjonelle sansesymptomer<\/strong><\/h3>\n\n\n\n<p>I den f\u00f8rste studien unders\u00f8kte man hjernen til fire pasienter med funksjonell nevrologisk lidelse med nummenhet og svakhet i en kroppshalvdel med SPECT, det vil si en unders\u00f8kelse som kan m\u00e5le blodstr\u00f8m i hjernen.<\/p>\n\n\n\n<figure class=\"wp-block-image size-large is-resized\"><img loading=\"lazy\" src=\"https:\/\/pre-prod.neurosymptoms.org\/wp-content\/uploads\/2021\/06\/Hemi.jpg\" alt=\"\" class=\"wp-image-2675\" width=\"336\" height=\"362\" srcset=\"https:\/\/neurosymptoms.org\/wp-content\/uploads\/2021\/06\/Hemi.jpg 336w, https:\/\/neurosymptoms.org\/wp-content\/uploads\/2021\/06\/Hemi-278x300.jpg 278w\" sizes=\"(max-width: 336px) 100vw, 336px\" \/><figcaption>Nummenhet i en kroppshalvdel<\/figcaption><\/figure>\n\n\n\n<p>Pasientene ble unders\u00f8kt mens de hadde symptomer og igjen n\u00e5r symptomene hadde bedret seg.<\/p>\n\n\n\n<p>Det er her viktig \u00e5 understreke at denne unders\u00f8kelsen m\u00e5ler hjernens FUNKSJON og ikke STRUKTUR, slik som en vanlig MR-unders\u00f8kelse.<\/p>\n\n\n\n<p>Unders\u00f8kelsene viste at et omr\u00e5de i hjernen som kalles thalamus ikke fungerte helt normalt mens pasientene hadde symptomer. Du kan se dette omr\u00e5de merket med gult i figuren nedenfor. Hvis man f\u00e5r et slag i dette omr\u00e5det vil en f\u00e5 nummenhet i motsatt kroppshalvdel.<\/p>\n\n\n\n<figure class=\"wp-block-image size-large is-resized\"><img loading=\"lazy\" src=\"https:\/\/pre-prod.neurosymptoms.org\/wp-content\/uploads\/2020\/11\/Not-Imagined.jpg\" alt=\"\" class=\"wp-image-614\" width=\"359\" height=\"337\"\/><\/figure>\n\n\n\n<p>Omr\u00e5det i gult p\u00e5 figuren over (thalamus) var underaktivert hos menneskene med funksjonell nevrologisk sykdom med redusert funksjon i motsatt kroppshalvdel. (Vuilleumier P, et al. Brain 2001; 124: 1077\u20131090)<\/p>\n\n\n\n<p>N\u00e5r pasientenes symptomer hadde bedret seg, s\u00e5 var ogs\u00e5 SPECT-resultatene mer normale.<\/p>\n\n\n\n<h3><strong>\u00abNettverket for kontrollopplevelse\u00bb i hjernen<\/strong><\/h3>\n\n\n\n<p>I en annen viktig studie av funksjonell nevrologisk lidelse deltok \u00e5tte mennesker med funksjonell skjelving. Deltakernes hjerner ble s\u00e5 unders\u00f8kt med fMR. fMR st\u00e5r for funksjonell MR og gir informasjon om hjernens funksjon og ikke dens struktur.<\/p>\n\n\n\n<p>I dette prosjektet m\u00e5lte forskerne hjerneaktiviteten n\u00e5r funksjonell skjelving var tilstede. Deltakerne ble s\u00e5 bedt om \u00e5 skjelve med vilje og hjerneaktiviteten ble igjen m\u00e5lt. Forskerne sammenliket s\u00e5 de to unders\u00f8kelsene med hverandre for \u00e5 se om det var forskjeller.<\/p>\n\n\n\n<p>Resultatene var veldig interessante. Forskerne fant at et omr\u00e5de i hjernen kalt h\u00f8yre temporo-parietalkorteks var underaktivert ved funksjonell skjelving. Dette er et viktig knutepunkt i hjernenettverket som gir oss opplevelse av kontroll p\u00e5 egne handlinger. P\u00e5 engelsk kalles omtales dette som nettverket for \u00abself-agency\u00bb og p\u00e5 norsk kan det kalles for&nbsp;&#8220;nettverket for kontrollopplevelse&#8221;. Dette nettverket fungerer ikke s\u00e5 bra ved funksjonelle nevrologiske lidelser. Dette kan forklare hvorfor det for andre kan virke som pasienten har viljestyrte bevegelser ved funksjonelle nevrologiske lidelser, samtidig som det er helt reelt at pasientene selv opplever at bevegelsene skjer uten at en har kontroll p\u00e5 dem.<\/p>\n\n\n\n<h3><strong>Funksjonell nevrologisk lidelse er det motsatte av fantomlemsyndromet<\/strong><\/h3>\n\n\n\n<p>Du har kanskje h\u00f8rt om fantomlemsyndromet eller fantomlemsmerte. Dette er en tilstand hvor en arm eller et ben blir amputert, men hvor man f\u00f8ler at kroppsdelen fremdeles er der. Studier av fantomlemsyndromet har vist at det som h\u00f8yst sannsynlig g\u00e5r galt er at \u00abkartet\u00bb for armen eller benet i hjernen har blitt feil.<\/p>\n\n\n\n<p>Hjernens \u00abkart\u00bb for&nbsp; kroppen b\u00f8r forandre seg n\u00e5r det kommer inn ny informasjon. S\u00e5 hvis du mister ditt venstre ben skal hjernen registrere dette slik: \u00abOppdater! \u2013 ikke lenger et venstre ben\u00bb. Ved fantomlemsyndrom er det denne oppdateringsprosessen som g\u00e5r galt. Forskere tror at hjernen har en veldig sterk antagelse om at benet fremdeles er der. Denne antagelsen er s\u00e5 sterk og hjernen har hatt den i s\u00e5 mange \u00e5r, at til og med etter amputasjonen mener hjernen at benet er intakt. Og, hvis hjernen mener at benet fremdeles er der, ja, da vil man selv ogs\u00e5 oppleve at benet er der!<\/p>\n\n\n\n<figure class=\"wp-block-image size-large is-resized\"><img loading=\"lazy\" src=\"https:\/\/pre-prod.neurosymptoms.org\/wp-content\/uploads\/2021\/06\/Phantom-Limb.jpg\" alt=\"\" class=\"wp-image-2678\" width=\"320\" height=\"417\" srcset=\"https:\/\/neurosymptoms.org\/wp-content\/uploads\/2021\/06\/Phantom-Limb.jpg 250w, https:\/\/neurosymptoms.org\/wp-content\/uploads\/2021\/06\/Phantom-Limb-230x300.jpg 230w\" sizes=\"(max-width: 320px) 100vw, 320px\" \/><\/figure>\n\n\n\n<p>Vi tror at noe liknende skjer ved funksjonelle nevrologiske lidelser. Men, istedenfor en sterk antagelse om at benet ER der, utvikler hjernen av ulike \u00e5rsaker en antagelse om at benet IKKE er der.<\/p>\n\n\n\n<p>Problemet er igjen, selv om hjernen f\u00e5r informasjon om at benet fremdeles er der, at antagelsen om at benet IKKE er der er for sterk. Hjernen oppdateres ikke, akkurat som ved fantomlemsyndrom, og personen opplever hjernens antagelse om at benet ikke er der.<\/p>\n\n\n\n<p>Hvorfor er det slik at hjernen antar en kroppsdel IKKE er der? Det kan v\u00e6re flere \u00e5rsaker til det:<\/p>\n\n\n\n<p>\u2022 fordi kroppsdelen er smertefull og hjernen fors\u00f8ker \u00e5 bli kvitt smerten<\/p>\n\n\n\n<p>\u2022 fordi det har v\u00e6rt et migreneanfall eller annet nevrologisk symptom fra en kroppsdel som har startet kroppens \u00abkjemp eller flykt-respons\u00bb og hjernen fors\u00f8ker \u00ab\u00e5 sl\u00e5 av\u00bb den kroppsdelen<\/p>\n\n\n\n<p>\u2022 fordi hjernen er vant til \u00e5 \u00absl\u00e5 av\u00bb kroppsdeler ved truende opplevelser.<\/p>\n\n\n\n<h3><strong>Kronisk smerte og hjernen<\/strong><\/h3>\n\n\n\n<p>Vi vet det er mange forandringer som skjer i nervesystemet ved kronisk <a href=\"\/nb_NO\/symptoms\/common-associated-symptoms\/pain\/\" target=\"_blank\" rel=\"noreferrer noopener\">smerte<\/a> som vi ikke kan se med vanlige unders\u00f8kelser. Disse forandringene skjer i koblingene mellom nervecellene i ryggmargen og, aller viktigst, i hjernen.<\/p>\n\n\n\n<p>Det er en rekke prosesser i hjernen som kan sammenliknes med veldig sm\u00e5 \u00abvolumknapper\u00bb. Ved kronisk smerte er det slik at volumknappene som regulerer smertef\u00f8lsomhet er skrudd til et for h\u00f8yt niv\u00e5.<\/p>\n\n\n\n<figure class=\"wp-block-image size-large is-resized\"><img loading=\"lazy\" src=\"https:\/\/pre-prod.neurosymptoms.org\/wp-content\/uploads\/2020\/11\/Volume.jpg\" alt=\"\" class=\"wp-image-618\" width=\"269\" height=\"269\" srcset=\"https:\/\/neurosymptoms.org\/wp-content\/uploads\/2020\/11\/Volume.jpg 200w, https:\/\/neurosymptoms.org\/wp-content\/uploads\/2020\/11\/Volume-150x150.jpg 150w\" sizes=\"(max-width: 269px) 100vw, 269px\" \/><\/figure>\n\n\n\n<p>&#8220;&#8230;Det er som \u00e5 ha et \u00absoftwareproblem\u00bb og ikke et \u00abhardwareproblem\u00bb&#8230;&#8221;<\/p>\n\n\n\n<p>Vi har samlet sammen noen videoer som forklarer kronisk smerte og nevrovitenskap i mediaseksjonen p\u00e5 dette nettstedet.<\/p>\n\n\n\n<h3><strong>Kan jeg ta en unders\u00f8kelse for \u00e5 \u00abbevise\u00bb at hjernen min ikke fungerer helt som den skal?<\/strong><\/h3>\n\n\n\n<p>Forel\u00f8pig gj\u00f8res slike unders\u00f8kelser kun i forskningsprosjekter og per i dag er det ikke mulig \u00e5 unders\u00f8ke nervesystemets funksjon for \u00e5 diagnostisere eller \u00abbevise\u00bb en funksjonell nevrologisk lidelse.<\/p>\n\n\n\n<p>Vi forst\u00e5r veldig godt at mennesker med funksjonelle nevrologisk lidelser \u00f8nsker et bevis p\u00e5 hva som er galt. Dette ville kunne hjelpe mot fordommer og mot at andre ikke tror at symptomene er REELLE.<\/p>\n\n\n\n<p>Men, vi nevrologer som m\u00f8ter mennesker med funksjonelle nevrologisk lidelser trenger ikke hjerneavbildning eller andre unders\u00f8kelser for \u00e5 tro p\u00e5 dem. Vi har mange andre pasienter med andre sykdommer som ogs\u00e5 har helt normale unders\u00f8kelser. &nbsp;<\/p>\n\n\n\n<h3><strong>Det er et \u00absoftwareproblem\u00bb og ikke et \u00abhardwareproblem\u00bb<\/strong><\/h3>\n\n\n\n<p>Det er mye vi enn\u00e5 ikke vet om hva som g\u00e5r galt i nervesystemet ved funksjonelle nevrologiske lidelser, men det er ikke et komplett mysterium.<\/p>\n\n\n\n<p>Ved mange andre nevrologiske sykdommer kan man se hva som er problemet, enten ved hjerneavbildning, som ved MS, eller i mikroskopet, som ved Parkinsons sykdom.<\/p>\n\n\n\n<p>Pasienter med en funksjonell nevrologisk lidelse har ingen skade i nervesystemet og det er derfor ikke overraskende at man ikke kan se den ved hjerneavbildning. Det er heller slik at nervesystemet ikke fungerer som normalt.<\/p>\n\n\n\n<p>Hvis man var en datamaskin ville dette v\u00e6re som \u00e5 ha et \u00absoftwareproblem\u00bb og ikke et \u00abhardwareproblem\u00bb. Datamaskinen kan stadig krasje eller bli veldig treg his du har en sofwarefeil. Man ville ikke l\u00f8se det problemet ved \u00e5 \u00e5pne opp maskinen og se p\u00e5 delene. Og, man ville ikke se noe galt om man tok et r\u00f8ntgenbilde av datamaskinen.<\/p>\n\n\n\n<p>Man ville m\u00e5tte l\u00f8se problemet ved f\u00f8rst \u00e5 identifisere programmene som ikke fungerte som normalt og s\u00e5 omprogrammere datamaskinen.<\/p>\n\n\n\n<p>Mennesker er \u00e5penbart mer kompliserte enn datamaskiner. V\u00e5re tanker, adferd, opplevelser og f\u00f8lelser er v\u00e5re programmer.<\/p>\n\n\n\n<p>Dette f\u00f8rer oss til nettstedets neste del <a href=\"\/nb_NO\/causes\/why-has-it-happened\/\" data-type=\"URL\" data-id=\"\/nb_NO\/causes\/why-has-it-happened\/\" target=\"_blank\" rel=\"noreferrer noopener\">Hvorfor skjedde det?<\/a>, som beskriver hva som kan gj\u00f8re en s\u00e5rbar for \u00e5 f\u00e5 funksjonelle symptomer.<\/p>\n","protected":false},"excerpt":{"rendered":"<p>Det grunnleggende svaret p\u00e5 dette er at det er et problem med nervesystemets funksjon<\/p>\n","protected":false},"author":65,"featured_media":0,"parent":1010,"menu_order":155,"comment_status":"closed","ping_status":"closed","template":"page-template\/symptom-details-page-template.php","meta":[],"_links":{"self":[{"href":"https:\/\/neurosymptoms.org\/nb_NO\/wp-json\/wp\/v2\/pages\/616"}],"collection":[{"href":"https:\/\/neurosymptoms.org\/nb_NO\/wp-json\/wp\/v2\/pages"}],"about":[{"href":"https:\/\/neurosymptoms.org\/nb_NO\/wp-json\/wp\/v2\/types\/page"}],"author":[{"embeddable":true,"href":"https:\/\/neurosymptoms.org\/nb_NO\/wp-json\/wp\/v2\/users\/65"}],"replies":[{"embeddable":true,"href":"https:\/\/neurosymptoms.org\/nb_NO\/wp-json\/wp\/v2\/comments?post=616"}],"version-history":[{"count":228,"href":"https:\/\/neurosymptoms.org\/nb_NO\/wp-json\/wp\/v2\/pages\/616\/revisions"}],"predecessor-version":[{"id":15789,"href":"https:\/\/neurosymptoms.org\/nb_NO\/wp-json\/wp\/v2\/pages\/616\/revisions\/15789"}],"up":[{"embeddable":true,"href":"https:\/\/neurosymptoms.org\/nb_NO\/wp-json\/wp\/v2\/pages\/1010"}],"wp:attachment":[{"href":"https:\/\/neurosymptoms.org\/nb_NO\/wp-json\/wp\/v2\/media?parent=616"}],"curies":[{"name":"wp","href":"https:\/\/api.w.org\/{rel}","templated":true}]}}