{"id":611,"date":"2020-11-30T16:10:36","date_gmt":"2020-11-30T16:10:36","guid":{"rendered":"https:\/\/ftd.cognihealth.in\/?page_id=611"},"modified":"2024-11-01T03:39:37","modified_gmt":"2024-11-01T03:39:37","slug":"ibs-chest-and-other-symptoms","status":"publish","type":"page","link":"https:\/\/neurosymptoms.org\/nb_NO\/symptoms\/common-associated-symptoms\/ibs-chest-and-other-symptoms\/","title":{"rendered":"Andre symptomer"},"content":{"rendered":"\n<p>Det er vist i studier at mennesker med FNL oftere har funksjonelle plager ogs\u00e5 fra andre deler av kroppen.<\/p>\n\n\n\n<p>For eksempel:<\/p>\n\n\n\n<p>Irritabel tarmsyndrom (IBS)<br \/>Uforklarelig halsbrann&nbsp; (funksjonell dyspepsi)<br \/>Fibromyalgi (se <a rel=\"noreferrer noopener\" href=\"\/nb_NO\/symptoms\/common-associated-symptoms\/pain\/\" target=\"_blank\">smerte<\/a>)<br \/>Kjeveleddsdysfunkjson<br \/>Atypiske ansiktssmerter<br \/>Kronisk uforklarlig <a href=\"\/nb_NO\/symptoms\/common-associated-symptoms\/fatigue\/\" target=\"_blank\" rel=\"noreferrer noopener\">utmattelse <\/a><br \/>Kroniske bekkenbunnssmerter<br \/>Atypiske brystsmerter<br \/>Dysfunksjonell pusting<\/p>\n\n\n\n<p>Enkelte ganger kan det dreie seg om en s\u00e5rbarhet for slike symptomer som kan komme og g\u00e5r helt fra ten\u00e5rene.<\/p>\n\n\n\n<p>Andre ganger kan man ha helt isolerte symptomer som er beskrevet p\u00e5 disse nettsidene, uten \u00e5 ha noen tilleggssymptomer, eller man kan ha v\u00e6rt helt frisk frem til 40 eller 50 \u00e5rs alder og s\u00e5 utvikle funksjonelle symptomer uten \u00e5 ha hatt noe slikt tidligere. &nbsp;<\/p>\n\n\n\n<p>Det kan v\u00e6re nyttig \u00e5 vite at hvis man er av de som hyppig opps\u00f8ker fastlegen eller andre spesialister med mange ekte og plagsomme symptomer, uten at noe skjer, s\u00e5 er man ikke alene. For et slikt sykdomsbilde er typisk og lett gjenkjennelig.<\/p>\n\n\n\n<figure class=\"wp-block-image size-large is-resized\"><img loading=\"lazy\" src=\"https:\/\/pre-prod.neurosymptoms.org\/wp-content\/uploads\/2020\/11\/FCD-Image-12.png\" alt=\"\" class=\"wp-image-557\" width=\"343\" height=\"617\" srcset=\"https:\/\/neurosymptoms.org\/wp-content\/uploads\/2020\/11\/FCD-Image-12.png 240w, https:\/\/neurosymptoms.org\/wp-content\/uploads\/2020\/11\/FCD-Image-12-167x300.png 167w\" sizes=\"(max-width: 343px) 100vw, 343px\" \/><figcaption>Funksjonelle symptomer og lidelser opptrer i alle deler av kroppen, men kan ses p\u00e5 som ulike utforminger av samme sykdom.<\/figcaption><\/figure>\n\n\n\n<p>&nbsp;Seksjonen nedenfor har vi tatt med for \u00e5 vise at det er sammenhenger\/likheter mellom sykdommer innenfor mange ulike fagfelt. Noen ganger kan v\u00e6re nyttig \u00e5 tenke at det kan v\u00e6re en fellesnevner for symptomer fra ulike deler av kroppen og ikke bare tenke innenfor et snevert fagomr\u00e5de. Diagnosene som er listet opp nedenfor m\u00e5 stilles av kvalifiserte leger, det er ikke sikkert at det er den riktige diagnosen hos en person, bare fordi personen har er funksjonell nevrologisk lidelse.&nbsp;&#8216;<\/p>\n\n\n\n<h3><strong>Irritabel tarmsyndrom (IBS, forkortet fra engelsk Irritable Bowel Syndrome)<\/strong><\/h3>\n\n\n\n<p>Dette er en vanlig tilstand som rammer kvinner litt hyppigere enn menn. IBS forekommer hos rundt 10 % av befolkningen&nbsp; Symptomene er mageknip eller smerter og samtidig forstoppelse og\/eller diare. Sammen med andre funksjonelle mageproblemer&nbsp; utgj\u00f8r IBS en tredjedel til halvparten av konsultasjonene ved gastroenterologiske poliklinikker. Slik det er ved funksjonelle nevrologiske problemer, finner man ingen strukturell sykdom som for\u00e5rsaker problemene. Mage-tarm spesialistene anser IBS som et helt ekte problem som er for\u00e5rsaket av en dysfunksjon i tarmsystemet&nbsp;<\/p>\n\n\n\n<p>IBS er definert av gastroenterologene som:<\/p>\n\n\n\n<p>Minimum 6 m\u00e5nedene med tilbakevendende smerte eller ubehag i magen. I tillegg skal smertene ha v\u00e6rt tilstede minst en dag ukentlig de siste tre m\u00e5nedene. I tillegg skal man oppfylle to av disse tre kriteriene:<\/p>\n\n\n\n<p>\u2022 Symptomene bedrer seg etter at man har hatt avf\u00f8ring<\/p>\n\n\n\n<p>\u2022 Startet samtidig som man hadde endret hyppighet av tarmt\u00f8mningen<\/p>\n\n\n\n<p>\u2022 Startet samtidig med endret konsistens p\u00e5 avf\u00f8ringen&nbsp;<\/p>\n\n\n\n<p>For \u00e5 finne ut mer om IBS kan bl.a. lese p\u00e5 hjemmesidene til <a href=\"https:\/\/theromefoundation.org\/\" target=\"_blank\" rel=\"noreferrer noopener\">The Rome Foundation.<\/a><\/p>\n\n\n\n<h3>Funksjonell dyspepsi<\/h3>\n\n\n\n<p>Dette ses hos personer som opplever halsbrann og ford\u00f8yelsesplager og der ingenting galt ses ved skopier eller andre unders\u00f8kelser. Symptomer p\u00e5 funksjonell dyspepsi er:<\/p>\n\n\n\n<p>\u2022 Plagsom fullhet i mage etter m\u00e5ltid<br \/>\u2022 Blir (for) fort mett<br \/>\u2022 Smerter i mellomgulvet (epigastriet)<br \/>\u2022 Brennende f\u00f8lelse i mellomgulvet (epigastriet)<br \/>\u2022 Ingen beviser for strukturell skade\/sykdom ved blant annet gastroskopi, som kan forklare symptomene<\/p>\n\n\n\n<h3>Kroniske bekkenbunnssmerter<\/h3>\n\n\n\n<p>Hos kvinner med funksjonelle nevrologiske lidelser er det veldig vanlig \u00e5 ha eller ha hatt gynekologiske problemer. Det kan dreie seg om&nbsp;<\/p>\n\n\n\n<p>\u2022 Sterke menstruasjonssmerter<br \/>\u2022 Store menstruasjonsbl\u00f8dninger<br \/>\u2022 Kroniske smerter i underlivet<\/p>\n\n\n\n<p>P\u00e5 grunn av dette er det flere kvinner med funksjonelle nevrologiske lidelser som har fjernet livmoren&nbsp;&nbsp; (hysterektomi) enn det er i befolkningen for\u00f8vrig&nbsp;<\/p>\n\n\n\n<p>Man kan alts\u00e5 se en klar assosiasjon med slike gynekologisk problemer , men man vet ikke hva som ligger til grunn for&nbsp; det. En s\u00e5rbarhet for smerte og ulike smertesyndromer kan foreligge. Det kan hende at tilstander som kan gi smerter i underlivet, slik som endometriose, kan legge et grunnlag for \u00e5 utvikle kroniske smerter p\u00e5 et senere tidspunkt. &nbsp;<\/p>\n\n\n\n<p>Det kan v\u00e6re nyttig \u00e5 vite at dersom man har hatt en forhistorie med gynekologisk besv\u00e6r og s\u00e5 utvikler FNL, kan det hende at dette ikke er helt tilfeldig.<\/p>\n\n\n\n<p>Menn som har FND er sannsynligvis mere tilb\u00f8yelige til \u00e5 utvikle smerter i testikler og underliv, men det er ikke mye litteratur p\u00e5 dette.<\/p>\n\n\n\n<h3>Atypiske brystsmerter<\/h3>\n\n\n\n<p>En stor andel (en tredjedel?) av pasienter som opps\u00f8ker lege for brystsmerter har ikke sykdom i hjertets krans\u00e5rer, eller har andre strukturelle, p\u00e5visbare \u00e5rsaker til smertene. Smerten er like reell, og kan v\u00e6re veldig skremmende og f\u00f8les akkurat som ved angina eller hjerteinfarkt&nbsp;<\/p>\n\n\n\n<p>Dette kalles ofte for \u00abatypisk brystsmerte\u00bb. Dette er et annet funksjonelt symptom som affiserer brystet (se p\u00e5 <a href=\"https:\/\/pre-prod.neurosymptoms.org\/nb_NO\/symptoms\/common-associated-symptoms\/pain\/\" target=\"_blank\" rel=\"noreferrer noopener\">Smertekapittelet<\/a>) . Smerter i brystet oppleves som regel som veldig skremmende. Det kan v\u00e6re s\u00e5 skremmende at man f\u00e5r akutt <a href=\"https:\/\/pre-prod.neurosymptoms.org\/nb_NO\/symptoms\/common-associated-symptoms\/worry-panic\/\" target=\"_blank\" rel=\"noreferrer noopener\">angst og panikk<\/a>, noe som utl\u00f8ser en veldig tranghetsf\u00f8lelse i brystet. Det er alts\u00e5 lett \u00e5 se at disse to tilstandene gj\u00f8r hverandre verre i en ond sirkel.<\/p>\n\n\n\n<p>Det er ogs\u00e5 viktig \u00e5 betone at ikke alle med atypiske brystsmerter blir s\u00e5 engstelige eller f\u00e5r panikk.<\/p>\n\n\n\n<h3>Dysfunksjonell pusting.<\/h3>\n\n\n\n<p>Mennesker med dysfunksjonell pusting (for rask og for dyp pust) kan f\u00e5 en rekke ulike nevrologiske symptomer, slik som svimmelhet, \u00f8rhet, prikkende f\u00f8lelse i hendene og rundt munnen, tr\u00f8tthetsf\u00f8lelse og f\u00f8lelse av \u00e5 ikke f\u00e5 nok luft. Personer som har dette, f\u00f8ler at de ikke puster nok. De tar ofte noen dype pust\/sukk innimellom.&nbsp; Patentene kan ha lavt niv\u00e5 av karbondioksyd i blodet fordi de egentlig puster for mye eller for raskt. Det kalles for hyperventilering og vil gi fysiske symptomer slik det er beskrevet ovenfor.<\/p>\n\n\n\n<p>Behandling av dette vil v\u00e6re en slags ny innl\u00e6ring av \u00e5 puste. Noen ganger hjelper det ogs\u00e5 p\u00e5 andre symptomer.<\/p>\n","protected":false},"excerpt":{"rendered":"<p>Irritabel tarmsyndrom, dyspepsi, atypiske brystsmerter og andre symptomer<\/p>\n","protected":false},"author":65,"featured_media":0,"parent":939,"menu_order":277,"comment_status":"closed","ping_status":"closed","template":"page-template\/symptom-details-page-template.php","meta":[],"_links":{"self":[{"href":"https:\/\/neurosymptoms.org\/nb_NO\/wp-json\/wp\/v2\/pages\/611"}],"collection":[{"href":"https:\/\/neurosymptoms.org\/nb_NO\/wp-json\/wp\/v2\/pages"}],"about":[{"href":"https:\/\/neurosymptoms.org\/nb_NO\/wp-json\/wp\/v2\/types\/page"}],"author":[{"embeddable":true,"href":"https:\/\/neurosymptoms.org\/nb_NO\/wp-json\/wp\/v2\/users\/65"}],"replies":[{"embeddable":true,"href":"https:\/\/neurosymptoms.org\/nb_NO\/wp-json\/wp\/v2\/comments?post=611"}],"version-history":[{"count":131,"href":"https:\/\/neurosymptoms.org\/nb_NO\/wp-json\/wp\/v2\/pages\/611\/revisions"}],"predecessor-version":[{"id":15602,"href":"https:\/\/neurosymptoms.org\/nb_NO\/wp-json\/wp\/v2\/pages\/611\/revisions\/15602"}],"up":[{"embeddable":true,"href":"https:\/\/neurosymptoms.org\/nb_NO\/wp-json\/wp\/v2\/pages\/939"}],"wp:attachment":[{"href":"https:\/\/neurosymptoms.org\/nb_NO\/wp-json\/wp\/v2\/media?parent=611"}],"curies":[{"name":"wp","href":"https:\/\/api.w.org\/{rel}","templated":true}]}}