{"id":598,"date":"2020-11-30T15:12:48","date_gmt":"2020-11-30T15:12:48","guid":{"rendered":"https:\/\/ftd.cognihealth.in\/?page_id=598"},"modified":"2025-06-03T09:48:00","modified_gmt":"2025-06-03T09:48:00","slug":"worry-panic","status":"publish","type":"page","link":"https:\/\/neurosymptoms.org\/nb_NO\/symptoms\/common-associated-symptoms\/worry-panic\/","title":{"rendered":"Bekymringer og angst"},"content":{"rendered":"\n<p>Bekymring, angst og panikk er vanlig hos pasienter med funksjonelle og dissosiative nevrologiske symptomer. Imidlertid er det ogs\u00e5 mange med slike symptomer som ikke er engstelige eller urolige (eller deprimerte).<\/p>\n\n\n\n<p>Angst og panikk er for\u00f8vrig sv\u00e6rt vanlig ved epilepsi eller andre nevrologiske tilstander ogs\u00e5.<\/p>\n\n\n\n<p>Dette nettstedet er ikke tiltenkt \u00e5 dekke disse symptomene i detalj. Noen lenker finnes nedenfor.<\/p>\n\n\n\n<div style=\"height:58px\" aria-hidden=\"true\" class=\"wp-block-spacer\"><\/div>\n\n\n\n<p><em>..F\u00f8le seg p\u00e5 tuppa, anspent, rastl\u00f8s, bli raskt utslitt, konsentrasjonsproblemer, irritabilitet, anspente muskler eller s\u00f8vnvansker\u2026 alt dette er kjernefenomener ved \u00f8kt bekymring eller angst\u2026<\/em><\/p>\n\n\n\n<div style=\"height:54px\" aria-hidden=\"true\" class=\"wp-block-spacer\"><\/div>\n\n\n\n<p>Noen f\u00e5 ting som det er viktig \u00e5 ha klart for seg n\u00e5r det gjelder funksjonelle nevrologiske lidelser:<\/p>\n\n\n\n<ul><li>Hvis du har angst eller panikkanfall, betyr ikke det at det er \u00e5rsaken til symptomene. Det kan hende du synes dette er et f\u00f8lsomt tema og un\u00f8dvendig av legen \u00e5 sp\u00f8rre om slikt, men en god lege b\u00f8r alltid sp\u00f8rre om dette, uavhengig av din diagnose. For eksempel kan pasienter med MS (multippel sklerose) ha plager med angst og depresjon, som vil p\u00e5virke livskvaliteten deres negativt. En behandlingstiln\u00e6rming til evt. angst og depresjon kan da v\u00e6re gunstig for \u00e5 bedre livskvaliteten. Det samme b\u00f8r gjelde ved funksjonelle nevrologiske lidelser.<\/li><li>\u00c5 fortelle at du har angst eller panikkanfall betyr ikke at du er \u00abgal\u00bb eller \u00abpsykisk svak\u00bb eller \u00abfinner p\u00e5\u00bb eller ikke klarer \u00e5 \u00abta deg sammen\u00bb eller andre ting som noen (kanskje du selv ogs\u00e5!) kan tenke. &nbsp;Det er mye stigma omkring slike plager og dette er ikke alltid s\u00e5 lett \u00e5 h\u00e5ndtere.<\/li><li>Den vanligste \u00e5rsaken til angst eller bekymring hos pasienter med funksjonelle nevrologiske symptomer er bekymring om symptomene i seg selv. Hva skyldes de? Hvorfor er det ingen som tror p\u00e5 meg? Holder jeg p\u00e5 \u00e5 bli gal? Vil mitt funksjonsniv\u00e5 bli nedsatt? Selv om bekymringene dreier seg om symptomene betyr ikke dette at det ikke er \u00abbekymringer\u00bb. Noen ganger er <a href=\"https:\/\/pre-prod.neurosymptoms.org\/nb_NO\/symptoms\/common-associated-symptoms\/health-anxiety\/\" target=\"_blank\" rel=\"noreferrer noopener\">angst omkring helse <\/a>et overveldende problem i seg selv.<\/li><li>For noen mennesker med FNL er angstlidelser, inkludert panikkanfall og PTSD, en sentral faktor som trenger \u00e5 h\u00e5ndteres ved siden av selve FNL hvis symptomene skal kunne forst\u00e5s og behandles. Dette er n\u00e6rmere beskrevet i<a href=\"https:\/\/pre-prod.neurosymptoms.org\/nb_NO\/treatment-2\/psychological-therapy\/\" target=\"_blank\" rel=\"noreferrer noopener\"> psykologisk behandling-kapittelet<\/a>.<\/li><\/ul>\n\n\n\n<p>Mange mennesker er ikke klar over hva en angst- eller panikkdiagnose inneb\u00e6rer. Her f\u00f8lger kriteriene som benyttes for \u00e5 sette slike diagnoser fra Den amerikanske psykiatriske foreningen (DSM-IV og DSM 5). Det er disse kriteriene som stort sett benyttes i forskning, inkludert norsk forskning. De er sv\u00e6rt like de kriteriene som benyttes i norsk psykiatrisk praksis (ICD-10).<\/p>\n\n\n\n<p>Det understrekes at psykiatri og psykologi ikke b\u00f8r handle om \u00e5 \u00abkrysse av i bokser\/kriterier\u00bb. Mennesker er mye mer komplekse enn som s\u00e5. De fleste som arbeider innen psykisk helsevern oppfatter disse kriteriene kun som et rammeverk og utgangspunkt. Men jeg tar dem med her slik at du kan lese om symptomene og vurdere selv om dette er en innfallsvinkel som er verd \u00e5 utforske videre.&nbsp;<\/p>\n\n\n\n<h3><strong>Generalisert angst<\/strong><\/h3>\n\n\n\n<figure class=\"wp-block-image size-large is-resized\"><img loading=\"lazy\" src=\"https:\/\/pre-prod.neurosymptoms.org\/wp-content\/uploads\/2022\/04\/Generalisert-angst-Norwegian.png\" alt=\"\" class=\"wp-image-7907\" width=\"682\" height=\"549\" srcset=\"https:\/\/neurosymptoms.org\/wp-content\/uploads\/2022\/04\/Generalisert-angst-Norwegian.png 786w, https:\/\/neurosymptoms.org\/wp-content\/uploads\/2022\/04\/Generalisert-angst-Norwegian-300x242.png 300w, https:\/\/neurosymptoms.org\/wp-content\/uploads\/2022\/04\/Generalisert-angst-Norwegian-768x619.png 768w\" sizes=\"(max-width: 682px) 100vw, 682px\" \/><\/figure>\n\n\n\n<h3>Panikkanfall<\/h3>\n\n\n\n<figure class=\"wp-block-image size-large is-resized\"><img loading=\"lazy\" src=\"https:\/\/pre-prod.neurosymptoms.org\/wp-content\/uploads\/2022\/04\/Panikk-Norwegian.png\" alt=\"\" class=\"wp-image-7908\" width=\"702\" height=\"438\" srcset=\"https:\/\/neurosymptoms.org\/wp-content\/uploads\/2022\/04\/Panikk-Norwegian.png 775w, https:\/\/neurosymptoms.org\/wp-content\/uploads\/2022\/04\/Panikk-Norwegian-300x187.png 300w, https:\/\/neurosymptoms.org\/wp-content\/uploads\/2022\/04\/Panikk-Norwegian-768x480.png 768w\" sizes=\"(max-width: 702px) 100vw, 702px\" \/><\/figure>\n\n\n\n<h3>Agorafobi<\/h3>\n\n\n\n<figure class=\"wp-block-image size-large is-resized\"><img loading=\"lazy\" src=\"https:\/\/pre-prod.neurosymptoms.org\/wp-content\/uploads\/2022\/04\/Agorafobi-Norwegian.png\" alt=\"\" class=\"wp-image-7909\" width=\"683\" height=\"292\" srcset=\"https:\/\/neurosymptoms.org\/wp-content\/uploads\/2022\/04\/Agorafobi-Norwegian.png 755w, https:\/\/neurosymptoms.org\/wp-content\/uploads\/2022\/04\/Agorafobi-Norwegian-300x129.png 300w\" sizes=\"(max-width: 683px) 100vw, 683px\" \/><\/figure>\n\n\n\n<h3><strong>Posttraumatisk stresslidelse (PTSD)<\/strong><\/h3>\n\n\n\n<figure class=\"wp-block-image size-large is-resized\"><img loading=\"lazy\" src=\"https:\/\/pre-prod.neurosymptoms.org\/wp-content\/uploads\/2022\/04\/PTSD-1-Norwegian.png\" alt=\"\" class=\"wp-image-7912\" width=\"709\" height=\"623\"\/><\/figure>\n\n\n\n<figure class=\"wp-block-image size-large is-resized\"><img loading=\"lazy\" src=\"https:\/\/pre-prod.neurosymptoms.org\/wp-content\/uploads\/2022\/04\/PTSD-2-Norwegian.png\" alt=\"\" class=\"wp-image-7919\" width=\"714\" height=\"639\"\/><\/figure>\n","protected":false},"excerpt":{"rendered":"<p>Angst, panikk og posttraumatisk stress er vanlig hos mennesker med FNL<\/p>\n","protected":false},"author":65,"featured_media":1637,"parent":939,"menu_order":273,"comment_status":"closed","ping_status":"closed","template":"page-template\/symptom-details-page-template.php","meta":[],"_links":{"self":[{"href":"https:\/\/neurosymptoms.org\/nb_NO\/wp-json\/wp\/v2\/pages\/598"}],"collection":[{"href":"https:\/\/neurosymptoms.org\/nb_NO\/wp-json\/wp\/v2\/pages"}],"about":[{"href":"https:\/\/neurosymptoms.org\/nb_NO\/wp-json\/wp\/v2\/types\/page"}],"author":[{"embeddable":true,"href":"https:\/\/neurosymptoms.org\/nb_NO\/wp-json\/wp\/v2\/users\/65"}],"replies":[{"embeddable":true,"href":"https:\/\/neurosymptoms.org\/nb_NO\/wp-json\/wp\/v2\/comments?post=598"}],"version-history":[{"count":130,"href":"https:\/\/neurosymptoms.org\/nb_NO\/wp-json\/wp\/v2\/pages\/598\/revisions"}],"predecessor-version":[{"id":15749,"href":"https:\/\/neurosymptoms.org\/nb_NO\/wp-json\/wp\/v2\/pages\/598\/revisions\/15749"}],"up":[{"embeddable":true,"href":"https:\/\/neurosymptoms.org\/nb_NO\/wp-json\/wp\/v2\/pages\/939"}],"wp:featuredmedia":[{"embeddable":true,"href":"https:\/\/neurosymptoms.org\/nb_NO\/wp-json\/wp\/v2\/media\/1637"}],"wp:attachment":[{"href":"https:\/\/neurosymptoms.org\/nb_NO\/wp-json\/wp\/v2\/media?parent=598"}],"curies":[{"name":"wp","href":"https:\/\/api.w.org\/{rel}","templated":true}]}}