{"id":596,"date":"2020-11-30T15:10:22","date_gmt":"2020-11-30T15:10:22","guid":{"rendered":"https:\/\/ftd.cognihealth.in\/?page_id=596"},"modified":"2025-05-30T10:31:28","modified_gmt":"2025-05-30T10:31:28","slug":"bladder-symptoms-and-fnd","status":"publish","type":"page","link":"https:\/\/neurosymptoms.org\/nb_NO\/symptoms\/fnd-symptoms\/bladder-symptoms-and-fnd\/","title":{"rendered":"Funksjonelle vannlatingssymptomer"},"content":{"rendered":"\n<p>Vannlatingssymptomer opptrer ofte sammen med andre funksjonelle symptomer, spesielt ryggsmerter. Vanlige symptomer er:<\/p>\n\n\n\n<p>\u2022 Hyppig vannlating<br \/>\u2022 Hastetrang (m\u00e5 skynde seg veldig f\u00e5 n\u00e5 fram til toalettet i tide)<br \/>\u2022 Tidvise uhell (der man ikke rekker frem til toalettet i tide)<br \/>\u2022 Dysfunksjonell vannlating der man har vansker med \u00e5 komme i gang med \u00e5 late vannet, eller ikke klarer \u00e5 igangsette vannlating i det hele tatt.<\/p>\n\n\n\n<p>Som ved alle funksjonelle symptomer er det helt essensielt at slike symptomer er tilstrekkelig unders\u00f8kt. Ofte er det n\u00f8dvendig \u00e5 gj\u00f8re b\u00e5de en urologisk unders\u00f8kelse og en nevrologisk unders\u00f8kelse for \u00e5 vurdere om det foreligger et strukturelt problem eller en nevrologisk sykdom som for\u00e5rsaker problemet.<\/p>\n\n\n\n<p>Det er ikke uvanlig at man har bl\u00e6reproblemer som det ikke finnes noen organisk sykdomsforklaring til<\/p>\n\n\n\n<p>Denne typen tilstand kan kalles detrusor (bl\u00e6remuskel) instabilitet, overaktivt bl\u00e6resyndrom, eller irritabelt bl\u00e6resyndrom. Dette forekommer n\u00e5r urinbl\u00e6remuskulaturen er unormalt aktiv slik at man hele tiden har en trang til \u00e5 t\u00f8mme urinbl\u00e6ren og helst skal dette skje veldig raskt.<\/p>\n\n\n\n<p>Dette problemet tilsvarer tarmens IBS (irritabelt tarm syndrome). Det er en helt reell sykdom som er knyttet til nervenes kontroll av urinbl\u00e6ren .<\/p>\n\n\n\n<p>Det er ikke s\u00e5 vanskelig \u00e5 skj\u00f8nne at detrusorinstablitet\/ irritabelt bl\u00e6resyndrom noen ganger kommer samtidig med funksjonelle symptomer i for eksempel beina, hvis de som har funksjonell svakhet i beina ogs\u00e5 har et problem med nervenes kontroll av muskelstyrken i beina .<\/p>\n\n\n\n<h3>Kronisk urinretensjon<\/h3>\n\n\n\n<p>Kronisk urinretensjon betyr at urinbl\u00e6ra fylles opp og man klarer ikke \u00e5 t\u00f8mme bl\u00e6ren i det hele tatt, eller man klarer kun \u00e5 presse ut en&nbsp; liten mengde, slik at det hele tiden er mye urin igjen i bl\u00e6ren n\u00e5r man er ferdig p\u00e5 toalettet.<\/p>\n\n\n\n<p>Det er mange grunner til kronisk urinretensjon, slik som forst\u00f8rret prostata eller tranghet i urinr\u00f8ret. I tillegg finnes det mange nevrologiske sykdommer som for eksempel affiserer ryggmargen eller nerver\u00f8ttene i ryggen&nbsp; som kan gi lammelser i bl\u00e6remuskulaturen.<\/p>\n\n\n\n<p>Vi vet enn\u00e5 ikke alt om kronisk urinretensjon, men hos noen mennesker ser det ut til \u00e5 forekomme sammen med FND og andre funksjonelle lidelser.&nbsp;<\/p>\n\n\n\n<p>Det er mye informasjon om dette i fakta arket som kan lastes ned p\u00e5 denne siden.<\/p>\n\n\n\n<h3>Akutt rygg og akutt smerte i beina med bl\u00e6resymptomer (R\u00f8ntgen negativt cauda equina-syndrom)<\/h3>\n\n\n\n<p>En situasjonen der man relativt hyppig kan se bl\u00e6resymptomer uten at det er klar nevrologisk \u00e5rsak, er hos pasienter som legges inn p\u00e5 grunn av ryggsmerter og mistanke om skiveprolaps. Pasienter som har veldig sterke ryggsmerter kan enkelte ganger bli svake i beina, f\u00e5 nummenhet i underlivet og f\u00e5 bl\u00e6resymptomer. Det kan v\u00e6re veldig suspekt p\u00e5 skiveprolaps i ryggen, noe som m\u00e5 oppdages raskt og som regel b\u00f8r det ogs\u00e5 opereres raskt for \u00e5 forhindre nerveskade<\/p>\n\n\n\n<p>N\u00e5r man tar MR eller CT av pasienter med disse symptomene finner man ikke noe prolaps eller annen forklaring p\u00e5 det. Enkelte ganger kan man finne en annen nevrologisk forklaring, men ofte er det ingen identifiserbar \u00e5rsak. I mange av disse tilfellene ser det ut til at selve smerten i seg selv for\u00e5rsaker b\u00e5de svakheten i beina, nummenheten og bl\u00e6resymptomene.<\/p>\n\n\n\n<h3>Behandling<\/h3>\n\n\n\n<p>Irritabelt bl\u00e6resyndrom kan noen ganger behandles med medisiner som avslapper bl\u00e6remuskulaturen.<\/p>\n\n\n\n<p>Det kan v\u00e6re til hjelp \u00e5 forst\u00e5 at hvis du har detrusorinstabilitet \/ irritabelt bl\u00e6re syndrom sammen med ryggsmerter og svakhet i beina (og alle unders\u00f8kelser er normale) kan disse symptomene henge sammen med hverandre&nbsp; . &nbsp;&nbsp;<\/p>\n\n\n\n<p>Det kan hende at en uroterapeut eller en urolog kan hjelpe til \u00e5 f\u00e5 en bedret situasjon.<\/p>\n","protected":false},"excerpt":{"rendered":"<p>Overaktiv bl\u00e6re, kronisk urinretensjon eller r\u00f8ntgen negativt cauda equina-syndrom<\/p>\n","protected":false},"author":65,"featured_media":1627,"parent":937,"menu_order":291,"comment_status":"closed","ping_status":"closed","template":"page-template\/symptom-details-page-template.php","meta":[],"_links":{"self":[{"href":"https:\/\/neurosymptoms.org\/nb_NO\/wp-json\/wp\/v2\/pages\/596"}],"collection":[{"href":"https:\/\/neurosymptoms.org\/nb_NO\/wp-json\/wp\/v2\/pages"}],"about":[{"href":"https:\/\/neurosymptoms.org\/nb_NO\/wp-json\/wp\/v2\/types\/page"}],"author":[{"embeddable":true,"href":"https:\/\/neurosymptoms.org\/nb_NO\/wp-json\/wp\/v2\/users\/65"}],"replies":[{"embeddable":true,"href":"https:\/\/neurosymptoms.org\/nb_NO\/wp-json\/wp\/v2\/comments?post=596"}],"version-history":[{"count":124,"href":"https:\/\/neurosymptoms.org\/nb_NO\/wp-json\/wp\/v2\/pages\/596\/revisions"}],"predecessor-version":[{"id":15738,"href":"https:\/\/neurosymptoms.org\/nb_NO\/wp-json\/wp\/v2\/pages\/596\/revisions\/15738"}],"up":[{"embeddable":true,"href":"https:\/\/neurosymptoms.org\/nb_NO\/wp-json\/wp\/v2\/pages\/937"}],"wp:featuredmedia":[{"embeddable":true,"href":"https:\/\/neurosymptoms.org\/nb_NO\/wp-json\/wp\/v2\/media\/1627"}],"wp:attachment":[{"href":"https:\/\/neurosymptoms.org\/nb_NO\/wp-json\/wp\/v2\/media?parent=596"}],"curies":[{"name":"wp","href":"https:\/\/api.w.org\/{rel}","templated":true}]}}