{"id":543,"date":"2020-11-29T13:16:43","date_gmt":"2020-11-29T13:16:43","guid":{"rendered":"https:\/\/ftd.cognihealth.in\/?page_id=543"},"modified":"2024-11-01T03:36:28","modified_gmt":"2024-11-01T03:36:28","slug":"sleep-problems","status":"publish","type":"page","link":"https:\/\/neurosymptoms.org\/nb_NO\/symptoms\/common-associated-symptoms\/sleep-problems\/","title":{"rendered":"S\u00f8vnvansker"},"content":{"rendered":"\n<p>S\u00f8vnvansker er, slik som tretthet, veldig vanlig hos pasienter med funksjonelle nevrologiske symptomer.<\/p>\n\n\n\n<p><strong>Insomni<\/strong><strong> <\/strong>\u2013 betyr vansker med innsovning, oppv\u00e5kninger i l\u00f8pet av natten eller for tidlig oppv\u00e5kning om morgenen<\/p>\n\n\n\n<p><strong>Hypersomni<\/strong> \u2013 betyr for mye s\u00f8vn og at man som regel er tr\u00f8tt n\u00e5r man v\u00e5kner om morgenen<\/p>\n\n\n\n<p>S\u00f8vnproblemer kan henge sammen med angst eller depresjon, men det er viktig \u00e5 si at man ikke trenger \u00e5 v\u00e6re engstelig eller deprimert for \u00e5 ha problemer med s\u00f8vnen.<\/p>\n\n\n\n<p>Her er noen r\u00e5d for bedret s\u00f8vn. Dette kalles av og til ogs\u00e5 \u00abgrunnleggende s\u00f8vnhygiene\u00bb.<\/p>\n\n\n\n<h3><strong>R\u00e5d for bedret nattes\u00f8vn<\/strong><\/h3>\n\n\n\n<p>S\u00f8rg for en regelmessig d\u00f8gnrytme. S\u00f8vnen vil bedres om man g\u00e5r til sengs og st\u00e5r opp til omtrent samme tid hver dag.<\/p>\n\n\n\n<p>\u2022 Skap en avslappende omgivelse for din s\u00f8vn. Bruk soverommet kun til s\u00f8vn og sex og pass p\u00e5 at rommet ikke er for varmt eller kaldt og s\u00e5 stille og m\u00f8rkt som mulig.<\/p>\n\n\n\n<p>\u2022 S\u00f8rg for at sengen din er behagelig. Det er vanskelig \u00e5 f\u00e5 dyp og god s\u00f8vn p\u00e5 en seng som er for myk, for hard, for liten eller for gammel.<\/p>\n\n\n\n<p>\u2022 \u00d8k mengden fysisk aktivitet. Regelmessig moderat fysisk aktivitet som sv\u00f8mming eller turg\u00e5ing motvirker stress og andre belastninger. Men, hardere fysisk aktivitet de siste timene f\u00f8r sengetid kan hos noen gi innsovningsvansker.<\/p>\n\n\n\n<p>\u2022 Reduser inntaket av oppkvikkende stoffer, slik som koffein i te eller kaffe, s\u00e6rlig om kvelden. Slike stoffer kan gj\u00f8re det vanskeligere \u00e5 f\u00e5 sove og kan ogs\u00e5 redusere den dype s\u00f8vnen. Kakao eller koffeinfri te er gode alternativer.<\/p>\n\n\n\n<p>\u2022 V\u00e6r m\u00e5teholden. For mye mat eller alkohol, s\u00e6rlig sent p\u00e5 kvelden like f\u00f8r sengetid, kan forstyrre s\u00f8vnm\u00f8nsteret. Alkohol kan gj\u00f8re det enklere \u00e5 f\u00e5 sove, men reduserer kvaliteten p\u00e5 s\u00f8vnen.<\/p>\n\n\n\n<p>\u2022 Ikke r\u00f8yk. Ja, r\u00f8yking er uheldig ogs\u00e5 for s\u00f8vn: r\u00f8ykere bruker lengre tid p\u00e5 innsovning, v\u00e5kner oftere i l\u00f8pet av natten og opplever hyppigere redusert s\u00f8vnkvalitet enn ikke-r\u00f8ykere.<\/p>\n\n\n\n<p>\u2022 Finn roen f\u00f8r du g\u00e5r til sengs. Ta et varmt bad, lytt til behagelig musikk, gj\u00f8r yoga\u00f8velser \u2013 slike aktiviteter vil ofte ha en avslappende effekt p\u00e5 kropp og sinn. Legen din kan kanskje ogs\u00e5 anbefale andre hjelpemidler, slik som musikk og lyder for avspenning.<\/p>\n\n\n\n<p>\u2022 Ikke ta problemer med til sengs. H\u00e5ndter dine bekymringer eller en stor arbeidsmengde ved \u00e5 lage en liste med neste dags gj\u00f8rem\u00e5l f\u00f8r du g\u00e5r til sengs.&nbsp;<\/p>\n\n\n\n<p>\u2022 Hvis du ikke f\u00e5r sove, bli ikke liggende bekymret over det i sengen. St\u00e5 opp og gj\u00f8r noe som virker avslappende til du igjen blir s\u00f8vnig \u2013 legg deg s\u00e5 igjen.<\/p>\n\n\n\n<h3><strong>Insomni \u2013 \u00e5 v\u00e6re bekymret for ikke \u00e5 f\u00e5 sove<\/strong><\/h3>\n\n\n\n<p>En av de vanligste \u00e5rsakene til insomni er <strong>engstelse for ikke \u00e5 f\u00e5 sove.<\/strong><\/p>\n\n\n\n<p>Det som ofte skjer er at man f\u00f8ler seg virkelig s\u00f8vnig, men s\u00e5 snart en g\u00e5r til sengs begynner man \u00e5 engste seg for at en ikke vil f\u00e5 sove og for at man vil f\u00e5 en elendig natt.<\/p>\n\n\n\n<p>Innsovning b\u00f8r v\u00e6re en <strong>automatisk prosess.<\/strong> For mye tenkning p\u00e5 innsovning kan gj\u00f8re det enda vanskeligere \u00e5 f\u00e5 sove. P\u00e5 den m\u00e5ten er dette ikke helt ulikt problemet med funksjonell kraftsvekkelse hvor kraften i for eksempel et ben kan svekkes enda mer hvis man tenker mye p\u00e5 det.<\/p>\n\n\n\n<p>\u00c5 l\u00e6re seg \u00e5 endre p\u00e5 dette kan v\u00e6re vanskelig, men \u00e5 forst\u00e5 hva som har g\u00e5tt galt er f\u00f8rste skritt p\u00e5 veien.<\/p>\n\n\n\n<p><a href=\"https:\/\/www.theguardian.com\/lifeandstyle\/2011\/jan\/29\/how-to-improve-your-sleep\" target=\"_blank\" rel=\"noreferrer noopener\">Vi anbefaler ogs\u00e5 framgangsm\u00e5ten som professor Colin Espie beskrev i den britiske avisen the Guardian.<\/a><\/p>\n\n\n\n<p>Du vil ellers finne mye nyttig informasjon og r\u00e5d om s\u00f8vn p\u00e5 nettsidene til <a rel=\"noreferrer noopener\" href=\"https:\/\/www.helsedirektoratet.no\/brosjyrer\/sov-godt-gode-rad-for-bedre-sovn\" target=\"_blank\">Helsedirektoratet<\/a>&nbsp; og <a rel=\"noreferrer noopener\" href=\"https:\/\/helse-bergen.no\/nasjonal-kompetansetjeneste-for-sovnsykdommer-sovno\" target=\"_blank\">Nasjonal kompetansetjeneste for s\u00f8vnsykdommer <\/a><\/p>\n\n\n\n<p><a rel=\"noreferrer noopener\" href=\"https:\/\/yoohealth.com\/sleep-deprivation-causes-symptoms-and-treatment\/\" target=\"_blank\">Denne artikkelen fra YooHealth<\/a>  om utilstrekkelig s\u00f8vn inneholder ogs\u00e5 god informasjon og nyttige r\u00e5d. <\/p>\n\n\n\n<hr class=\"wp-block-separator\"\/>\n\n\n\n<p><\/p>\n","protected":false},"excerpt":{"rendered":"<p>S\u00f8vnvansker inkluderer insomni (for lite s\u00f8vn) og hypersomni (for mye s\u00f8vn)<\/p>\n","protected":false},"author":65,"featured_media":1905,"parent":939,"menu_order":270,"comment_status":"closed","ping_status":"closed","template":"page-template\/symptom-details-page-template.php","meta":[],"_links":{"self":[{"href":"https:\/\/neurosymptoms.org\/nb_NO\/wp-json\/wp\/v2\/pages\/543"}],"collection":[{"href":"https:\/\/neurosymptoms.org\/nb_NO\/wp-json\/wp\/v2\/pages"}],"about":[{"href":"https:\/\/neurosymptoms.org\/nb_NO\/wp-json\/wp\/v2\/types\/page"}],"author":[{"embeddable":true,"href":"https:\/\/neurosymptoms.org\/nb_NO\/wp-json\/wp\/v2\/users\/65"}],"replies":[{"embeddable":true,"href":"https:\/\/neurosymptoms.org\/nb_NO\/wp-json\/wp\/v2\/comments?post=543"}],"version-history":[{"count":106,"href":"https:\/\/neurosymptoms.org\/nb_NO\/wp-json\/wp\/v2\/pages\/543\/revisions"}],"predecessor-version":[{"id":15596,"href":"https:\/\/neurosymptoms.org\/nb_NO\/wp-json\/wp\/v2\/pages\/543\/revisions\/15596"}],"up":[{"embeddable":true,"href":"https:\/\/neurosymptoms.org\/nb_NO\/wp-json\/wp\/v2\/pages\/939"}],"wp:featuredmedia":[{"embeddable":true,"href":"https:\/\/neurosymptoms.org\/nb_NO\/wp-json\/wp\/v2\/media\/1905"}],"wp:attachment":[{"href":"https:\/\/neurosymptoms.org\/nb_NO\/wp-json\/wp\/v2\/media?parent=543"}],"curies":[{"name":"wp","href":"https:\/\/api.w.org\/{rel}","templated":true}]}}