{"id":541,"date":"2020-11-29T12:41:43","date_gmt":"2020-11-29T12:41:43","guid":{"rendered":"https:\/\/ftd.cognihealth.in\/?page_id=541"},"modified":"2024-11-01T03:34:50","modified_gmt":"2024-11-01T03:34:50","slug":"fatigue","status":"publish","type":"page","link":"https:\/\/neurosymptoms.org\/nb_NO\/symptoms\/common-associated-symptoms\/fatigue\/","title":{"rendered":"Utmattelse"},"content":{"rendered":"\n<p>Utmattelse (fatigue), tr\u00f8tthet og manglende energi er et sv\u00e6rt vanlig symptom hos pasienter med FNL. Typisk hos pasienter med FNL er at man opplever utmattelse etter bare minimal aktivitet. Enten skjer dette rett etter aktiviteten- eller noen ganger neste dag.<\/p>\n\n\n\n<p>Selv om det ofte foreligger mange andre symptomer samtidig, rapporterer mange med FNL at det er utmattelsen og tr\u00f8ttheten som virkelig hindrer dem i \u00e5 gjenoppta vanlig aktivitet. Flere studier har vist at utmattelse er den viktigste enkeltfaktoren av betydning for livskvalitet hos mange med FNL.<\/p>\n\n\n\n<p>Tr\u00f8ttheten i denne situasjonen kan ogs\u00e5 tolkes som et nytt symptom knyttet til et problem med funksjonen til nervesystemet.<\/p>\n\n\n\n<p>CFS\/ME er anerkjent som en genuin sykdom av Nasjonale og Internasjonale Helseorganisasjoner rundt om i verden. CFS\/ME vil ikke diskuteres i detalj p\u00e5 disse nettsidene.<\/p>\n\n\n\n<p>Utmattelse kan ogs\u00e5 oppst\u00e5 som del av angst eller depresjon, selv om det er viktig \u00e5 understreke at du ikke beh\u00f8ver \u00e5 ha angst eller v\u00e6re deprimert for \u00e5 f\u00e5 vedvarende og alvorlige utmattelsesplager. Noen av de som er deprimerte utvikler s\u00e5kalt anhedoni- det vil si tap av interesse i og glede av ting &#8211; det kan noen ganger forveksles med utmattelse, selv om det er to forskjellige tilstander.<\/p>\n\n\n\n<p>Utmattelse er ogs\u00e5 et kjennetegn ved andre medisinske tilstander. Det er spesielt viktig \u00e5 tenke p\u00e5 tilstander som har sin egne spesifikke behandling:<\/p>\n\n\n\n<ul><li>Migrene- der det ofte oppst\u00e5r i oppbygningen til et anfall eller etter et anfall.<\/li><li>S\u00f8vn-apne- en vanlig s\u00f8vntilstand der luftveiene blokkeres gjentatte ganger om natten. Andre symptomer ved dette er snorking, vektoppgang, s\u00f8vnighet\/d\u00f8sighet p\u00e5 dagtid samt morgen hodepine.<\/li><li>Blodfattighet\/anemi<\/li><li>Nyre- og leverproblemer<\/li><li>Stoffskiftsykdommer<\/li><\/ul>\n\n\n\n<p>Det er mer informasjon om dette p\u00e5 NHS nettsiden- <a href=\"https:\/\/www.nhs.uk\/conditions\/chronic-fatigue-syndrome-cfs\/\">https:\/\/www.nhs.uk\/conditions\/chronic-fatigue-syndrome-cfs\/<\/a><\/p>\n\n\n\n<p><\/p>\n","protected":false},"excerpt":{"rendered":"<p>Utmattelse, fatigue, tr\u00f8tthet, manglende energi<\/p>\n","protected":false},"author":65,"featured_media":0,"parent":939,"menu_order":267,"comment_status":"closed","ping_status":"closed","template":"page-template\/symptom-details-page-template.php","meta":[],"_links":{"self":[{"href":"https:\/\/neurosymptoms.org\/nb_NO\/wp-json\/wp\/v2\/pages\/541"}],"collection":[{"href":"https:\/\/neurosymptoms.org\/nb_NO\/wp-json\/wp\/v2\/pages"}],"about":[{"href":"https:\/\/neurosymptoms.org\/nb_NO\/wp-json\/wp\/v2\/types\/page"}],"author":[{"embeddable":true,"href":"https:\/\/neurosymptoms.org\/nb_NO\/wp-json\/wp\/v2\/users\/65"}],"replies":[{"embeddable":true,"href":"https:\/\/neurosymptoms.org\/nb_NO\/wp-json\/wp\/v2\/comments?post=541"}],"version-history":[{"count":94,"href":"https:\/\/neurosymptoms.org\/nb_NO\/wp-json\/wp\/v2\/pages\/541\/revisions"}],"predecessor-version":[{"id":15593,"href":"https:\/\/neurosymptoms.org\/nb_NO\/wp-json\/wp\/v2\/pages\/541\/revisions\/15593"}],"up":[{"embeddable":true,"href":"https:\/\/neurosymptoms.org\/nb_NO\/wp-json\/wp\/v2\/pages\/939"}],"wp:attachment":[{"href":"https:\/\/neurosymptoms.org\/nb_NO\/wp-json\/wp\/v2\/media?parent=541"}],"curies":[{"name":"wp","href":"https:\/\/api.w.org\/{rel}","templated":true}]}}