{"id":536,"date":"2020-11-29T10:20:54","date_gmt":"2020-11-29T10:20:54","guid":{"rendered":"https:\/\/ftd.cognihealth.in\/?page_id=536"},"modified":"2025-08-13T04:40:18","modified_gmt":"2025-08-13T04:40:18","slug":"functional-tremor","status":"publish","type":"page","link":"https:\/\/neurosymptoms.org\/nb_NO\/symptoms\/fnd-symptoms\/functional-tremor\/","title":{"rendered":"Funksjonell tremor"},"content":{"rendered":"\n<h3>Hva er funksjonell tremor?<\/h3>\n\n\n\n<p>Funksjonell tremor er den vanligste funksjonelle bevegelsesforstyrrelsen.<\/p>\n\n\n\n<p>Ved funksjonell tremor er det ukontrollert skjelving i en kroppsdel, vanligvis i en arm eller i et ben. Slik tremor skyldes at nervesystemet ikke fungerer som normalt, men det er ingen nevrologisk sykdom eller skade.<\/p>\n\n\n\n<p>Funksjonell tremor kan av og til feildiagnostiseres som Parkinsons sykdom eller som andre \u00e5rsaker til skjelvinger, slik som s\u00e5kalt essensiell tremor.<\/p>\n\n\n\n<p>I motsetning til Parkinsons sykdom skyldes funksjonell tremor et reverserbart problem ved nervesystemets funksjon. &nbsp;&nbsp;&nbsp;<\/p>\n\n\n\n<p>Det betyr at funksjonell tremor kan bedres og noen ganger g\u00e5 helt tilbake, selv om det ikke finnes noen \u00abvidunderkur\u00bb.<\/p>\n\n\n\n<h3>Hva er symptomene p\u00e5 funksjonell tremor?<\/h3>\n\n\n\n<p>Ved tremor sees det rytmisk bevegelse av en arm, ben eller annen kroppsdel slik som hodet. Funksjonell tremor kan komme og g\u00e5 gjennom dagen. Slik tremor kan av og til bli sv\u00e6rt uttalt og dens hastighet kan variere.<\/p>\n\n\n\n<p>Funksjonell tremor kan v\u00e6re invalidiserende ettersom bevegelsene ikke kan kontrolleres.<\/p>\n\n\n\n<p>Funksjonell tremor begynner ofte noks\u00e5 br\u00e5tt, men kan ogs\u00e5 komme gradvis. Den kan starte etter en av de f\u00f8lgende situasjonene:<\/p>\n\n\n\n<p>1. Etter en fysisk skade p\u00e5 eller smerte i en kroppsdel. Funksjonell tremor kan ogs\u00e5 v\u00e6re del av et <a rel=\"noreferrer noopener\" href=\"\/nb_NO\/symptoms\/common-associated-symptoms\/complex-regional-pain-syndrome\/\" target=\"_blank\">komplekst regionalt smertesyndrom <\/a>.<\/p>\n\n\n\n<p>2. Etter tremor som skyldes medisinske \u00e5rsaker, slik som<\/p>\n\n\n\n<p>a) bivirkning av en medisin<\/p>\n\n\n\n<p>b) en besvimelse med rykninger i kroppen<\/p>\n\n\n\n<p>c) en infeksjon som har gitt feber og frostrier<\/p>\n\n\n\n<p>3. Etter en har opplevd noe skremmende eller hatt et panikkanfall<\/p>\n\n\n\n<p>4. Etter en episode med uvirkelighetsf\u00f8lelse, som ogs\u00e5 kalles dissosiasjon og som kan komme uten at en har f\u00f8lelse av \u00e5 v\u00e6re redd<\/p>\n\n\n\n<p>5. En underliggende mild tremortilstand, slik som essensiell tremor, som har blitt forsterket p\u00e5 grunn av funksjonell tremor. &nbsp;&nbsp;<\/p>\n\n\n\n<h3>Hvordan stilles diagnosen?<\/h3>\n\n\n\n<p>Det er vanligvis en nevrolog som stiller diagnosen funksjonell tremor. Det kan v\u00e6re spesielt vanskelig \u00e5 stille diagnosen fordi det kreves bred kunnskap om mange, ogs\u00e5 sjeldne, sykdommer i nervesystemet som kan gi skjelvinger. &nbsp;<\/p>\n\n\n\n<p>For \u00e5 diagnostisere funksjonell tremor vil en nevrolog se etter:<\/p>\n\n\n\n<p>1. Tremor som forbig\u00e5ende blir borte eller endrer rytme n\u00e5r bevegelsene kopieres av en arm eller et ben som fungerer normalt<\/p>\n\n\n\n<p>2. Vanskeligheter med rytmiske bevegelser av arm eller et ben som ellers fungerer normalt &nbsp;<\/p>\n\n\n\n<p>3. Tremor som i perioder blir borte<\/p>\n\n\n\n<p>4. Varierende frekvens (hvor raske skjelvingene er varierer)<\/p>\n\n\n\n<p>5. Tremor som blir mye verre n\u00e5r noen fors\u00f8ker \u00e5 holde armen eller benet ditt i ro.<\/p>\n\n\n\n<h3>\u00abIndre tremor\u00bb<\/h3>\n\n\n\n<p>Ofte opplever mennesker med funksjonelle lidelser og andre nevrologiske tilstander en type skjelving \u00abinne i seg\u00bb, som andre ikke kan se. Dette kalles ogs\u00e5 \u00abindre tremor\u00bb. Av og til kan det ogs\u00e5 v\u00e6re en mild tremor som det er vanskelig for andre \u00e5 se.<\/p>\n\n\n\n<p>Indre tremor kan f\u00f8re til betydelig bekymring og det kan hjelpe noe \u00e5 vite at ogs\u00e5 andre opplever det samme. Som for andre funksjonelle nevrologiske lidelser tror vi \u00abvolumknappen\u00bb som regulerer hjernens opplevelse av bevegelse og signaler fra kroppens innside har blitt skrudd til et for h\u00f8yt niv\u00e5.<\/p>\n\n\n\n<p>Det er ellers slik at helt lett skjelving i hendene er helt normalt n\u00e5r armene holdes utstrakt framover. Dette kalles fysiologisk tremor. Indre tremor kan hos noen oppst\u00e5 fordi hjernen blir spesielt oppmerksom p\u00e5 slik normal skjelving og skjelvingene kan s\u00e5 over tid forsterkes.<\/p>\n\n\n\n<h3>Hvordan kan funksjonell tremor behandles?<\/h3>\n\n\n\n<p>En kan lese om behandling av funksjonell tremor under siden om behandling av skjelving og spasmer.<\/p>\n\n\n\n<h3>Stoler du p\u00e5 at diagnosen er riktig?<\/h3>\n\n\n\n<p>Det er veldig viktig at man f\u00f8ler diagnosen er korrekt. Hvis ikke vil en ofte f\u00e5 mindre nytte av behandlingsteknikkene som anbefales ved funksjonell tremor.<\/p>\n\n\n\n<p>Hvis man er uenig i at funksjonell tremor er riktig diagnose b\u00f8r en se p\u00e5 grunnlaget for at diagnosen ble stilt. Skjelvingene b\u00f8r da ha trekk som beskrevet ovenfor ved funksjonell tremor. Hvis det er slik at skjelvingene passer godt med beskrivelsene er det veldig sannsynlig at diagnosen er korrekt.<\/p>\n\n\n\n<p>Man trenger ellers ikke v\u00e6re stresset for \u00e5 ha funksjonell tremor. Det er faktisk slik at funksjonell tremor er ofte mest uttalt n\u00e5r man er avslappet og ikke tenker p\u00e5 noe spesielt. Kanskje trodde man ikke p\u00e5 diagnosen fordi legen foreslo at skjelvingene var stress-relaterte? I s\u00e5 tilfelle kan det ha blitt en misforst\u00e5else. Vi vet at stress kan ha betydning for symptomene hos mange, men ikke alle med funksjonell tremor. Dermed har det ingen betydning for diagnosen om en har opplevd stress eller ikke.<\/p>\n\n\n\n<h3>Fysioterapi\u00f8velser for funksjonell tremor<\/h3>\n\n\n\n<p>\u00d8velsene som beskrives nedenfor m\u00e5 ofte gj\u00f8res mange ganger over tid og flere av dem vil kunne virke umulige eller vanskelige i begynnelsen. Men, det er slik at en er i ferd med \u00e5 endre en av hjernens \u00abvaner\u00bb og det er ikke n\u00f8dvendigvis s\u00e5 enkelt.<\/p>\n\n\n\n<p>1. Fors\u00f8k \u00e5 legg til en frivillig skjelving \u00abp\u00e5 toppen av\u00bb den skjelvingen som en opplever ved funksjonell tremor, for eksempel slik som en orkesterdirigent vifter med armene og hendene. Endre s\u00e5 til st\u00f8rre og langsommere bevegelser, slik at armene og hendene til slutt st\u00e5r helt stille. Er det da en forbig\u00e5ende pause av funksjonell tremor? Fortsett med slik trening og se om det hjelper en til \u00e5 f\u00e5 bedre kontroll over den skjelvende kroppsdelen.<\/p>\n\n\n\n<p>2. Fors\u00f8k \u00e5 \u00abforstyrre\u00bb rytmen ved funksjonell tremor ved \u00e5 gj\u00f8re en rytmisk bevegelse med en arm eller et ben som fungerer normalt. Be ogs\u00e5 gjerne en annen person om \u00e5 gj\u00f8re en rytmisk bevegelse med for eksempel en arm eller h\u00e5nd som en selv skal kopiere. Den andre personen b\u00f8r her starte med en jevn rytme, men etter hvert kan rytmens hastighet vekselsvis \u00f8kes og reduseres, slik at det blir vanskeligere \u00e5 kopiere bevegelsene. Hvis skjelvingene ved den funksjonelle tremoren endrer seg i takt med bevegelsene som vennen lager, se da om stadig langsommere bevegelse hos den andre kan f\u00f8re til at den funksjonelle tremoren tar en pause. &nbsp;<\/p>\n\n\n\n<p>Se ogs\u00e5 gjerne p\u00e5 disse videoene som illustrerer \u00f8velsene: <a rel=\"noreferrer noopener\" href=\"https:\/\/pn.bmj.com\/highwire\/filestream\/140184\/field_highwire_adjunct_files\/0\/practneurol-2013-000549supp_video1.wmv\" target=\"_blank\">video 1 <\/a>og <a rel=\"noreferrer noopener\" href=\"https:\/\/pn.bmj.com\/highwire\/filestream\/140184\/field_highwire_adjunct_files\/1\/practneurol-2013-000549supp_video2.wmv\" target=\"_blank\">2<\/a> .&nbsp;&nbsp;<\/p>\n\n\n\n<figure class=\"wp-block-image size-large is-resized\"><img loading=\"lazy\" src=\"https:\/\/pre-prod.neurosymptoms.org\/wp-content\/uploads\/2021\/06\/Tremor-video-shot.jpg\" alt=\"\" class=\"wp-image-2507\" width=\"413\" height=\"302\" srcset=\"https:\/\/neurosymptoms.org\/wp-content\/uploads\/2021\/06\/Tremor-video-shot.jpg 987w, https:\/\/neurosymptoms.org\/wp-content\/uploads\/2021\/06\/Tremor-video-shot-300x220.jpg 300w, https:\/\/neurosymptoms.org\/wp-content\/uploads\/2021\/06\/Tremor-video-shot-768x564.jpg 768w\" sizes=\"(max-width: 413px) 100vw, 413px\" \/><\/figure>\n\n\n\n<p>Fra Roper et al. How to use the entrainment test in the diagnosis of functional tremor. Pract Neurol 2013;13:396-398.<\/p>\n\n\n\n<p>3. L\u00e6r \u00e5 stramme og avspenne muskler. Funksjonell tremor skyldes ofte at en samtidig strammer alle musklene i en arm eller et ben. \u00c5 l\u00e6re seg en teknikk som kalles \u00abprogressiv muskelavspenning\u00bb kan bedre kontrollen over strammingen av muskler.<\/p>\n\n\n\n<p>4. Gj\u00f8r gjerne \u00f8velsene foran et speil. Det kan hjelpe hjernen \u00e5 l\u00e6re seg hvor det g\u00e5r galt.<\/p>\n\n\n\n<p>5. Hvis benet \u00abhopper\u00bb n\u00e5r en sitter, tren p\u00e5 \u00e5 holde foten flatt mot underlaget s\u00e5 lenge som mulig. Det kan f\u00f8les rart n\u00e5r en gj\u00f8r dette, men man minner faktisk hjernen p\u00e5 at dette er den normale stillingen. En kan ogs\u00e5 fors\u00f8ke \u00e5 trampe i gulvet med det normale benet og gjerne ogs\u00e5 kopiere en annens bevegelser som varierer. \u00c5 sitte i en annen stilling og \u00e5 fordele vekten p\u00e5 annen m\u00e5te kan ogs\u00e5 hjelpe.<\/p>\n\n\n\n<h3>Andre behandlinger<\/h3>\n\n\n\n<p>Les mer p\u00e5 <a rel=\"noreferrer noopener\" href=\"\/nb_NO\/treatment\/\" target=\"_blank\">behandlingssidene<\/a>  om andre typer behandlinger som kan v\u00e6re aktuelle for deg. Funksjonell tremor kan, hos noen, v\u00e6re knyttet til angstplager. &nbsp;&nbsp;<\/p>\n\n\n\n<p>Ikke sjeldent er det en sterk kobling mellom angstopplevelsen og skjelvingen. Man kan for eksempel uroe seg over hva andre vil tenke om en fordi man skjelver, man kan f\u00e5 angst for at skjelvingene skal begynne n\u00e5r en er sammen med andre og man kan bli redd for at skjelvingene skal v\u00e6re sjenerende.<\/p>\n\n\n\n<p>Det er ogs\u00e5 slik at mange mennesker med funksjonell tremor er uten angstplager. Men, dersom man ogs\u00e5 plages av angst vil det ofte v\u00e6re hensiktsmessig \u00e5 f\u00e5 hjelp til \u00e5 kontrollere dette.<\/p>\n\n\n\n<p>Enkelte pasienter opplever at episoder med skjelvinger fjerner en ubehagelig f\u00f8lelse av anspenthet og \u00f8rhet som har bygget seg opp. De \u00f8nsker ikke at skjelvingene skal komme tilbake, men ser at episoder med skjelvinger kan redusere ubehaget. Hvis man opplever dette kan det v\u00e6re hensiktsmessig \u00e5 ta det opp med helsepersonellet som hjelper deg med behandlingen av tremor. &nbsp;&nbsp;<\/p>\n\n\n\n<h3>Hypnose<\/h3>\n\n\n\n<p>Noen ganger kan hypnose ha god effekt p\u00e5 funksjonell tremor og i slike tilfeller er selvhypnose, hvor en hypnotiserer seg selv, et behandlingsalternativ.<\/p>\n","protected":false},"excerpt":{"rendered":"<p>Ukontrollerbar risting i armer, ben, kropp eller hode<\/p>\n","protected":false},"author":65,"featured_media":0,"parent":937,"menu_order":283,"comment_status":"closed","ping_status":"closed","template":"page-template\/symptom-details-page-template.php","meta":[],"_links":{"self":[{"href":"https:\/\/neurosymptoms.org\/nb_NO\/wp-json\/wp\/v2\/pages\/536"}],"collection":[{"href":"https:\/\/neurosymptoms.org\/nb_NO\/wp-json\/wp\/v2\/pages"}],"about":[{"href":"https:\/\/neurosymptoms.org\/nb_NO\/wp-json\/wp\/v2\/types\/page"}],"author":[{"embeddable":true,"href":"https:\/\/neurosymptoms.org\/nb_NO\/wp-json\/wp\/v2\/users\/65"}],"replies":[{"embeddable":true,"href":"https:\/\/neurosymptoms.org\/nb_NO\/wp-json\/wp\/v2\/comments?post=536"}],"version-history":[{"count":183,"href":"https:\/\/neurosymptoms.org\/nb_NO\/wp-json\/wp\/v2\/pages\/536\/revisions"}],"predecessor-version":[{"id":15783,"href":"https:\/\/neurosymptoms.org\/nb_NO\/wp-json\/wp\/v2\/pages\/536\/revisions\/15783"}],"up":[{"embeddable":true,"href":"https:\/\/neurosymptoms.org\/nb_NO\/wp-json\/wp\/v2\/pages\/937"}],"wp:attachment":[{"href":"https:\/\/neurosymptoms.org\/nb_NO\/wp-json\/wp\/v2\/media?parent=536"}],"curies":[{"name":"wp","href":"https:\/\/api.w.org\/{rel}","templated":true}]}}