{"id":532,"date":"2020-11-29T09:51:38","date_gmt":"2020-11-29T09:51:38","guid":{"rendered":"https:\/\/ftd.cognihealth.in\/?page_id=532"},"modified":"2024-11-01T03:42:06","modified_gmt":"2024-11-01T03:42:06","slug":"functional-sensory-symptoms","status":"publish","type":"page","link":"https:\/\/neurosymptoms.org\/nb_NO\/symptoms\/fnd-symptoms\/functional-sensory-symptoms\/","title":{"rendered":"Funksjonelle sensoriske symptomer"},"content":{"rendered":"\n<h3>Hva er funksjonelle sensoriske symptomer ?<\/h3>\n\n\n\n<p>Funksjonelle sensoriske symptomer beskriver symptomer som kan forekomme overalt p\u00e5 kroppen, og som kommer av at nervesystemet ikke fungerer som det skal. Symptomene kommer ikke av skade eller sykdom i nervesystemet. &nbsp;<\/p>\n\n\n\n<p>Pasienter med funksjonelle sensoriske symptomer kan oppleve f\u00f8lgende:<\/p>\n\n\n\n<p>1. En varierende tilstand av endret f\u00f8lelse nedover den ene siden av kroppen (mest vanlig p\u00e5 venstre side) &#8211; ofte er ansikt, arm eller bein i ulike kombinasjoner affisert. Dette kan kalles hemisensorisk symptom. Sensorisk forstyrrelse i ansiktet alene er vanlig. &nbsp;<\/p>\n\n\n\n<p>2. F\u00f8lelsen av at en kroppsdel ikke tilh\u00f8rer en selv, eller ikke er en &#8220;del av deg&#8221;.<\/p>\n\n\n\n<p>3. En flyktig f\u00f8lelse &#8211; inkludert rykninger, summende f\u00f8lelse og eller f\u00f8lelse av \u00e5 f\u00e5 elektrisk st\u00f8t.<\/p>\n\n\n\n<p>4. Noen ganger kan andre funksjonelle symptomer, som visuelle symptomer, f eks t\u00e5kesyn, dobbeltsyn og svakhet, ogs\u00e5 v\u00e6re tilstede p\u00e5 samme side som man opplever de sensoriske symptomer.<\/p>\n\n\n\n<p>For pasient og lege kan disse symptomene virke bekymringsfulle. Man kan mistenke slag eller Multiple Sclerose (MS).<\/p>\n\n\n\n<p>Imdlertid er funksjonelle sensoriske symptomer ikke for\u00e5rsaket av skade i nervesystemet. Dette betyr at man kan bli bedre, og ogs\u00e5 helt frisk. Dette er fordi det hos personer med funksjonelle sensoriske symptomer ikke har skade eller sykdom p\u00e5 nervesystemet. Det bare fungerer ikke helt som det skal, slik at hjernen ikke mottar beskjeder p\u00e5 en normal m\u00e5te.<\/p>\n\n\n\n<h3>Hvordan stilles diagnosen?<\/h3>\n\n\n\n<p>Diagnosen funksjonelle sensoriske symptomer stilles ofte av en nevrolog eller andre spesialister i spesialisthelsetjenesten.<\/p>\n\n\n\n<p>Ved unders\u00f8kelse kan legen oppdage nedsatt f\u00f8rlighet (sensoriske utfall) i omr\u00e5det som er affisert hos pasienten. Det kan ogs\u00e5 forekomme nedsatt kraft\/svakhet i forbindelse med sensoriske forstyrrelser. Ved hjelp av spesielt utformede tester, kan legen f\u00e5 et innblikk i m\u00f8nsteret som opptrer ved sensoriske utfall, og p\u00e5 denne m\u00e5ten stille en diagnose.<\/p>\n\n\n\n<p>De vanligste nevrologiske testene, som bildediagnostikk, kan v\u00e6re et bidrag til \u00e5 stille korrekt diagnose. Ofte stilles diagnosen etter unders\u00f8kelse og gjennomgang av din historie.<\/p>\n\n\n\n<h3>Hvordan oppst\u00e5r funksjonelle sensoriske symptomer?&nbsp;<\/h3>\n\n\n\n<p>Funksjonelle sensoriske symptomer kan oppst\u00e5 av ulike \u00e5rsaker. Ofte er det lignende \u00e5rsaker som ved fuksjonell svakhet\/lammelser, som blant annet:<\/p>\n\n\n\n<p>1.&nbsp;<strong><em>Etter en skade\/ ved smerte:<\/em><\/strong>&nbsp;Det kan virke som om mennesker har en spesiell s\u00e5rbarhet for funksjonelle sensoriske symptomer etter en fysisk skade eller om de lider av sterk smerte. Studier av pasienter med kronisk smerte viser at det er vanlig med funksjonell forstyrrelse av f\u00f8lsomheten,med overvekt av sensoriske utfall p\u00e5 en side av kroppen. Noen ganger kan funksjonelle sensoriske symptomer oppst\u00e5 som en del av tilstanden som kalles Kompleks Regional Smerte Syndrome Type 1&#8230;&#8230;.. Klikk p\u00e5 linken for mer informasjon om denne tilstanden.<\/p>\n\n\n\n<p>2.&nbsp;<strong><em>Ved hyperventilering:<\/em><\/strong>&nbsp;Det er spesielt vanlig at funksjonelle sensoriske symptomer opptrer samtidig som f\u00f8lelsen av svimmelhet\/\u00f8rhet og periodisk, raskt pusting. Studier p\u00e5 frivillige som ble bedt om \u00e5 hyperventilere, puste raskt i l\u00f8pet av kort tid, opplevde funksjonelle sensoriske symptomer. Symptomene var blant annet prikkinger i fingre eller rundt munnen. Forskerne tror dette skyldes p\u00e5virkningen lav konsentrasjon av karbondioksid har p\u00e5 nerveendingene.<\/p>\n\n\n\n<p>En liten andel fors\u00f8kspersoner opplevde ogs\u00e5 at den ene siden av kroppen &#8220;dovnet&#8221; bort n\u00e5r de hyperventilerte.&nbsp;<\/p>\n\n\n\n<p>3.&nbsp;<strong><em>En tilstand preget av utmattelse eller sengeleie<\/em><\/strong>\u2014 sensoriske symptomer kan utvikles gradvis over lang tid for personer som lider av tretthet eller uttmattelse. Hos noen kan for mye hvile f\u00f8re til en forverring av symptomer. Denne tilstanden kan overlappes med kronisk utmattelse CFS\/ME.<\/p>\n\n\n\n<p>4.&nbsp;<strong><em>Etter en episode med dissosiasjon \/ panikkanfall &#8211;<\/em><\/strong>&nbsp;Funksjonelle sensorike symptomer som nummenhet og prikking kan ofte forekomme samtidig med andre symptomer som \u00f8rhet, svimmelhet og dissosiasjon (en f\u00f8lelse av at ting rundt deg er fjernt eller frakoblet).  <a rel=\"noreferrer noopener\" href=\"\/nb_NO\/symptoms\/common-associated-symptoms\/dissociative-symptoms\/\" target=\"_blank\">Dissosiasjon <\/a>kan f\u00f8les som \u00e5 v\u00e6re i en transe og er beskrevet mer et annet sted p\u00e5 denne websiden. Slike episoder kan virke skremmende, spesielt hvis de kommer br\u00e5tt p\u00e5 uten forvarsel og de kan da lede til panikkanfall. N\u00e5r et slikt panikkanfall er over, kan en f\u00e5 en f\u00f8lelse at den ene siden av kroppen ikke er &#8220;helt rett&#8221;, eller prikkende og tung.<\/p>\n\n\n\n<p><strong><em>5. Migrene&nbsp;<\/em><\/strong>&#8211; Personer med migrene kan erfare sensoriske symptomer som en del av migreneanfallet. Noen personer med funksjonelle sensoriske symptomer beskriver anfall som ligner p\u00e5 migreneanfall, men hvor de sensoriske symptomene blir vedvarende. I sike tilfeller har migrene v\u00e6rt en trigger for de funksjonelle sensoriske symptomene.<\/p>\n\n\n\n<p><strong><em>5. Ingen kjent \u00e5rsak<\/em><\/strong><strong>&nbsp;<\/strong>&#8211; Det beh\u00f8ver ikke v\u00e6re noen \u00e5penbar utl\u00f8sende \u00e5rsak. Akkurat som at noen personer med migrene bare har anfall n\u00e5r de er stresset, mens andre f\u00e5r dem uten noen kjent \u00e5rsak.<\/p>\n","protected":false},"excerpt":{"rendered":"<p>Nedsatt f\u00f8lelse i en kroppssdel<\/p>\n","protected":false},"author":65,"featured_media":0,"parent":937,"menu_order":282,"comment_status":"closed","ping_status":"closed","template":"page-template\/symptom-details-page-template.php","meta":[],"_links":{"self":[{"href":"https:\/\/neurosymptoms.org\/nb_NO\/wp-json\/wp\/v2\/pages\/532"}],"collection":[{"href":"https:\/\/neurosymptoms.org\/nb_NO\/wp-json\/wp\/v2\/pages"}],"about":[{"href":"https:\/\/neurosymptoms.org\/nb_NO\/wp-json\/wp\/v2\/types\/page"}],"author":[{"embeddable":true,"href":"https:\/\/neurosymptoms.org\/nb_NO\/wp-json\/wp\/v2\/users\/65"}],"replies":[{"embeddable":true,"href":"https:\/\/neurosymptoms.org\/nb_NO\/wp-json\/wp\/v2\/comments?post=532"}],"version-history":[{"count":118,"href":"https:\/\/neurosymptoms.org\/nb_NO\/wp-json\/wp\/v2\/pages\/532\/revisions"}],"predecessor-version":[{"id":15605,"href":"https:\/\/neurosymptoms.org\/nb_NO\/wp-json\/wp\/v2\/pages\/532\/revisions\/15605"}],"up":[{"embeddable":true,"href":"https:\/\/neurosymptoms.org\/nb_NO\/wp-json\/wp\/v2\/pages\/937"}],"wp:attachment":[{"href":"https:\/\/neurosymptoms.org\/nb_NO\/wp-json\/wp\/v2\/media?parent=532"}],"curies":[{"name":"wp","href":"https:\/\/api.w.org\/{rel}","templated":true}]}}