{"id":2736,"date":"2021-07-15T08:14:14","date_gmt":"2021-07-15T08:14:14","guid":{"rendered":"https:\/\/www.neurosymptoms.org\/?page_id=2736"},"modified":"2025-09-08T15:19:56","modified_gmt":"2025-09-08T15:19:56","slug":"fnd-and-other-functional-disorders","status":"publish","type":"page","link":"https:\/\/neurosymptoms.org\/nb_NO\/causes\/fnd-and-other-functional-disorders\/","title":{"rendered":"FNL og andre funksjonelle lidelser"},"content":{"rendered":"\n<p>For de pasientene med FNL som har mange forskjellige symptomer, kan det v\u00e6re forvirrende \u00e5 forst\u00e5 hvorfor de f\u00e5r s\u00e5 mange ulike diagnoser fra forskjellige leger.<\/p>\n\n\n\n<p>Jeg m\u00f8ter ofte pasienter som b\u00e5de har FNL (f.eks. lammelser eller krampeanfall) og andre diagnoser, som fibromyalgi og irritabel tarmsyndrom.<\/p>\n\n\n\n<p>Kjernesymptomene ved FNL er de som er beskrevet under <strong>Symptomer<\/strong> p\u00e5 dette nettstedet. Symptomer som smerte, fatigue\/tretthet og mage-tarm-plager, som kan finnes ved andre funksjonelle lidelser, h\u00f8rer strengt tatt ikke til FNL. Selv om de er vanlige hos pasienter med FNL, kan leger benytte ulike betegnelser for dem.<\/p>\n\n\n\n<p>Her er noen vanlige funksjonelle lidelser:<\/p>\n\n\n\n<ul><li>Fibromyalgi<\/li><li>Irritabel tarmsyndrom<\/li><li>Kroniske bekkensmerter<\/li><li>Dysfunksjonell pusting <\/li><li>Funksjonell dyspepsi<\/li><li>Tretthetssyndrom\/ME<\/li><li>Overaktiv bl\u00e6resyndrom<\/li><\/ul>\n\n\n\n<p>Alle disse tilstandene har til felles at det er en forstyrrelse i nervesystemets funksjon som ikke kan styres av personen som har plagene.<\/p>\n\n\n\n<p>Mange med disse plagene merker at de er knyttet sammen. Hvis en av plagene er verre, kan de andre gjerne ogs\u00e5 bli verre samtidig.<\/p>\n\n\n\n<p>S\u00e5 hvordan er FNL knyttet til andre funksjonelle lidelser? Svaret er at det dreier seg om sterkt overlappende tilstander. Mange mennesker har en \u00abFunksjonell lidelse\u00bb som kan oppfattes som \u00c9N tilstand med forskjellige aspekter, der FNL kan v\u00e6re ett av dem.<\/p>\n\n\n\n<figure class=\"wp-block-image size-large\"><img loading=\"lazy\" width=\"598\" height=\"1016\" src=\"https:\/\/pre-prod.neurosymptoms.org\/wp-content\/uploads\/2021\/06\/Screenshot-2021-06-08-at-12.08.30.png\" alt=\"\" class=\"wp-image-2175\" srcset=\"https:\/\/neurosymptoms.org\/wp-content\/uploads\/2021\/06\/Screenshot-2021-06-08-at-12.08.30.png 598w, https:\/\/neurosymptoms.org\/wp-content\/uploads\/2021\/06\/Screenshot-2021-06-08-at-12.08.30-177x300.png 177w\" sizes=\"(max-width: 598px) 100vw, 598px\" \/><\/figure>\n\n\n\n<h3><strong>Funksjonelle lidelser \u2013 \u00e5 forst\u00e5 overlapp<\/strong><\/h3>\n\n\n\n<p>En FNL-diagnose kan bringe med seg mange forskjellige f\u00f8lelser og reaksjoner. For noen er det en lettelse \u00e5 finne ut at det finnes en forklaring for hva som er galt, at andre ogs\u00e5 har det, og at det VIRKELIG eksisterer.<\/p>\n\n\n\n<p>Men for noen som allerede har andre diagnoser, som fibromyalgi, kan det oppleves som \u00abNei, ikke enda en ting som er galt med meg\u00bb.<\/p>\n\n\n\n<p>Dette er grunnen til at det er viktig \u00e5 forst\u00e5 at for mange mennesker kan en funksjonell lidelse sees som EN tilstand med forskjellige aspekter.<\/p>\n\n\n\n<p>Etter hvert som vi l\u00e6rer mer om <a rel=\"noreferrer noopener\" href=\"\/nb_NO\/causes\/how-was-it-happened\/\" target=\"_blank\">mekanismene <\/a>bak FNL, oppdager vi at disse ogs\u00e5 overlapper sterkt. S\u00e5 n\u00e5r vitenskapelige studier p\u00e5viser forandringer i hjernen til personer med fibromyalgi, overlapper disse mye med forandringene vi ser i hjernen ved FNL og irritabel tarmsyndrom. Det er ogs\u00e5 noe overlapp med hensyn til hvilken behandling  som viser seg \u00e5 hjelpe, slik som <a rel=\"noreferrer noopener\" href=\"https:\/\/pre-prod.neurosymptoms.org\/nb_NO\/treatment-2\/physiotherapy-exercise\/\" data-type=\"URL\" data-id=\"https:\/\/pre-prod.neurosymptoms.org\/nb_NO\/treatment-2\/physiotherapy-exercise\/\" target=\"_blank\">fysisk <\/a>og <a rel=\"noreferrer noopener\" href=\"https:\/\/pre-prod.neurosymptoms.org\/nb_NO\/treatment-2\/psychological-therapy\/\" data-type=\"URL\" data-id=\"https:\/\/pre-prod.neurosymptoms.org\/nb_NO\/treatment-2\/psychological-therapy\/\" target=\"_blank\">psykologisk <\/a>rehabilitering, og visse typer <a rel=\"noreferrer noopener\" href=\"https:\/\/pre-prod.neurosymptoms.org\/nb_NO\/treatment-2\/medication\/\" data-type=\"URL\" data-id=\"https:\/\/pre-prod.neurosymptoms.org\/nb_NO\/treatment-2\/medication\/\" target=\"_blank\">medikamenter <\/a>.<\/p>\n\n\n\n<p>N\u00e5r alt kommer til alt, er alle som har FNL litt ulike, med ulikt overlapp mellom funksjonelle lidelser og symptomer.<\/p>\n\n\n\n<p>For noen er det \u00e5 erkjenne at de har en langvarig s\u00e5rbarhet for funksjonelle lidelser generelt, hvorav FNL er \u00e9n, noe som kan gi mening i et forvirrende sykdomsbilde.<\/p>\n\n\n\n<p>Selv om det kan v\u00e6re vanskelig \u00e5 innse at det samme problemet stadig kommer tilbake p\u00e5 forskjellige m\u00e5ter, er det i noen henseender ikke annerledes enn \u00e5 ha andre kroniske tilstander som astma eller diabetes, som man kan l\u00e6re \u00e5 mestre og kontrollere bedre.<\/p>\n\n\n\n<p>Det kan gi ogs\u00e5 h\u00e5p. Hvis du har hatt en funksjonell tilstand tidligere, som du har blitt frisk av, hva gjorde du da? Er det noe \u00e5 l\u00e6re n\u00e5r det gjelder hvordan du kan overvinne denne nye funksjonelle lidelsen eller din FNL?<\/p>\n\n\n\n<p>Her er noen eksempler:<\/p>\n\n\n\n<p><strong>Eksempel 1: Denne personen har et overlapp mellom FNL (svakhet i benet), smerte og irritabel tarmsyndrom og er ca. like mye plaget av hver tilstand<\/strong>.<\/p>\n\n\n\n<figure class=\"wp-block-image size-large is-resized\"><img loading=\"lazy\" src=\"https:\/\/pre-prod.neurosymptoms.org\/wp-content\/uploads\/2021\/07\/Slide1-1024x932.png\" alt=\"\" class=\"wp-image-2737\" width=\"504\" height=\"458\" srcset=\"https:\/\/neurosymptoms.org\/wp-content\/uploads\/2021\/07\/Slide1-1024x932.png 1024w, https:\/\/neurosymptoms.org\/wp-content\/uploads\/2021\/07\/Slide1-300x273.png 300w, https:\/\/neurosymptoms.org\/wp-content\/uploads\/2021\/07\/Slide1-768x699.png 768w, https:\/\/neurosymptoms.org\/wp-content\/uploads\/2021\/07\/Slide1-1536x1398.png 1536w, https:\/\/neurosymptoms.org\/wp-content\/uploads\/2021\/07\/Slide1-2048x1864.png 2048w\" sizes=\"(max-width: 504px) 100vw, 504px\" \/><\/figure>\n\n\n\n<p><strong>Eksempel 2. Denne personens hovedproblem er kronisk smerte\/fibromyalgi<\/strong>. Men ogs\u00e5 av og til et litt svekket ben og noen milde irritabel tarmplager. Det er samme overlapp, men \u00e9n type funksjonell lidelse dominerer.<\/p>\n\n\n\n<figure class=\"wp-block-image size-large is-resized\"><img loading=\"lazy\" src=\"https:\/\/pre-prod.neurosymptoms.org\/wp-content\/uploads\/2021\/07\/Slide2-1024x746.png\" alt=\"\" class=\"wp-image-2738\" width=\"456\" height=\"332\" srcset=\"https:\/\/neurosymptoms.org\/wp-content\/uploads\/2021\/07\/Slide2-1024x746.png 1024w, https:\/\/neurosymptoms.org\/wp-content\/uploads\/2021\/07\/Slide2-300x218.png 300w, https:\/\/neurosymptoms.org\/wp-content\/uploads\/2021\/07\/Slide2-768x559.png 768w, https:\/\/neurosymptoms.org\/wp-content\/uploads\/2021\/07\/Slide2-1536x1119.png 1536w, https:\/\/neurosymptoms.org\/wp-content\/uploads\/2021\/07\/Slide2-2048x1492.png 2048w\" sizes=\"(max-width: 456px) 100vw, 456px\" \/><\/figure>\n\n\n\n<p><strong>Eksempel 3. Denne personen har mange forskjellige funksjonelle lidelser<\/strong>. Det kan hende du er overrasket over \u00e5 se migrene her. Noen leger vil si at dette er kontroversielt, men migrene er ogs\u00e5 knyttet til nervesystemets funksjon. Jeg har migrene og tror det er en av de funksjonelle lidelsene jeg har!<\/p>\n\n\n\n<figure class=\"wp-block-image size-large is-resized\"><img loading=\"lazy\" src=\"https:\/\/pre-prod.neurosymptoms.org\/wp-content\/uploads\/2021\/07\/Slide3-1024x643.png\" alt=\"\" class=\"wp-image-2739\" width=\"485\" height=\"304\" srcset=\"https:\/\/neurosymptoms.org\/wp-content\/uploads\/2021\/07\/Slide3-1024x643.png 1024w, https:\/\/neurosymptoms.org\/wp-content\/uploads\/2021\/07\/Slide3-300x188.png 300w, https:\/\/neurosymptoms.org\/wp-content\/uploads\/2021\/07\/Slide3-768x482.png 768w, https:\/\/neurosymptoms.org\/wp-content\/uploads\/2021\/07\/Slide3-1536x964.png 1536w, https:\/\/neurosymptoms.org\/wp-content\/uploads\/2021\/07\/Slide3-2048x1286.png 2048w\" sizes=\"(max-width: 485px) 100vw, 485px\" \/><\/figure>\n\n\n\n<h3><strong>Hva med funksjonelle lidelser som overlapper med psykiske lidelser?<\/strong><\/h3>\n\n\n\n<p>Psykiske lidelser som angst og depresjon er vanlige ved FNL, noe de for \u00f8vrig er ved n\u00e6rmest enhver tilstand i nevrologisk praksis, som epilepsi eller multippel sklerose.<\/p>\n\n\n\n<p>Angst og depresjon er ogs\u00e5 definert ikke bare ved psykologiske symptomer som konstant bekymring eller depresjonsf\u00f8lelse, men ogs\u00e5 av fysiske symptomer som tretthet og s\u00f8vnforstyrrelser som sees ved FNL og de fleste andre funksjonelle lidelser.<\/p>\n\n\n\n<p>Du beh\u00f8ver ikke ha en psykisk lidelse for \u00e5 ha FNL (som jeg stadig repeterer p\u00e5 dette nettstedet), men om du har det, kan det v\u00e6re nyttig \u00e5 forst\u00e5 hvordan det overlapper og interagerer med din tilstand.<\/p>\n\n\n\n<p><strong>Eksempel 4. PPPS (persisterende postural perseptuell svimmelhet) og angst.<\/strong> Alle er forskjellige. Denne personen har en blanding av PPPS, dissosiasjon og angst. Du kan ha kun PPPS, men som ved de fleste typer FNL opptrer dette oftest sammen med andre problemer.&nbsp;<\/p>\n\n\n\n<figure class=\"wp-block-image size-large is-resized\"><img loading=\"lazy\" src=\"https:\/\/pre-prod.neurosymptoms.org\/wp-content\/uploads\/2021\/07\/Slide4-1024x815.png\" alt=\"\" class=\"wp-image-2740\" width=\"488\" height=\"388\" srcset=\"https:\/\/neurosymptoms.org\/wp-content\/uploads\/2021\/07\/Slide4-1024x815.png 1024w, https:\/\/neurosymptoms.org\/wp-content\/uploads\/2021\/07\/Slide4-300x239.png 300w, https:\/\/neurosymptoms.org\/wp-content\/uploads\/2021\/07\/Slide4-768x612.png 768w, https:\/\/neurosymptoms.org\/wp-content\/uploads\/2021\/07\/Slide4-1536x1223.png 1536w, https:\/\/neurosymptoms.org\/wp-content\/uploads\/2021\/07\/Slide4-2048x1631.png 2048w\" sizes=\"(max-width: 488px) 100vw, 488px\" \/><\/figure>\n\n\n\n<h3><strong>Hva med overlapp med andre nevrologiske og medisinske tilstander?<\/strong><\/h3>\n\n\n\n<p>Andre nevrologiske og medisinske tilstander er en av de vanligste risikofaktorene for FNL. Jeg diskuterer dette mer p\u00e5 denne siden (LINK). Men hvis vi kun fokuserer p\u00e5 overlapp, er det iblant nyttig \u00e5 inkludere en annen medisinsk tilstand for \u00e5 forst\u00e5 bildet bedre. Tilstander som artritt, multippel sklerose eller Ehler Danlos syndrom kan medf\u00f8re smerter og tretthet som kan overlappe med din FNL-diagnose og kanskje med en psykisk lidelse ogs\u00e5.<\/p>\n\n\n\n<figure class=\"wp-block-image size-large is-resized\"><img loading=\"lazy\" src=\"https:\/\/pre-prod.neurosymptoms.org\/wp-content\/uploads\/2021\/07\/Slide6-1-1024x823.png\" alt=\"\" class=\"wp-image-2756\" width=\"482\" height=\"387\" srcset=\"https:\/\/neurosymptoms.org\/wp-content\/uploads\/2021\/07\/Slide6-1-1024x823.png 1024w, https:\/\/neurosymptoms.org\/wp-content\/uploads\/2021\/07\/Slide6-1-300x241.png 300w, https:\/\/neurosymptoms.org\/wp-content\/uploads\/2021\/07\/Slide6-1-768x617.png 768w, https:\/\/neurosymptoms.org\/wp-content\/uploads\/2021\/07\/Slide6-1-1536x1234.png 1536w, https:\/\/neurosymptoms.org\/wp-content\/uploads\/2021\/07\/Slide6-1.png 1866w\" sizes=\"(max-width: 482px) 100vw, 482px\" \/><\/figure>\n","protected":false},"excerpt":{"rendered":"<p>Hvordan FNL overlapper med andre funksjonelle lidelser som Irritabelt tarmsyndrom<\/p>\n","protected":false},"author":65,"featured_media":0,"parent":1010,"menu_order":158,"comment_status":"closed","ping_status":"closed","template":"page-template\/symptom-details-page-template.php","meta":[],"_links":{"self":[{"href":"https:\/\/neurosymptoms.org\/nb_NO\/wp-json\/wp\/v2\/pages\/2736"}],"collection":[{"href":"https:\/\/neurosymptoms.org\/nb_NO\/wp-json\/wp\/v2\/pages"}],"about":[{"href":"https:\/\/neurosymptoms.org\/nb_NO\/wp-json\/wp\/v2\/types\/page"}],"author":[{"embeddable":true,"href":"https:\/\/neurosymptoms.org\/nb_NO\/wp-json\/wp\/v2\/users\/65"}],"replies":[{"embeddable":true,"href":"https:\/\/neurosymptoms.org\/nb_NO\/wp-json\/wp\/v2\/comments?post=2736"}],"version-history":[{"count":223,"href":"https:\/\/neurosymptoms.org\/nb_NO\/wp-json\/wp\/v2\/pages\/2736\/revisions"}],"predecessor-version":[{"id":15791,"href":"https:\/\/neurosymptoms.org\/nb_NO\/wp-json\/wp\/v2\/pages\/2736\/revisions\/15791"}],"up":[{"embeddable":true,"href":"https:\/\/neurosymptoms.org\/nb_NO\/wp-json\/wp\/v2\/pages\/1010"}],"wp:attachment":[{"href":"https:\/\/neurosymptoms.org\/nb_NO\/wp-json\/wp\/v2\/media?parent=2736"}],"curies":[{"name":"wp","href":"https:\/\/api.w.org\/{rel}","templated":true}]}}