{"id":2697,"date":"2021-06-30T23:51:33","date_gmt":"2021-06-30T23:51:33","guid":{"rendered":"https:\/\/prod.neurosymptoms.org\/?page_id=2697"},"modified":"2024-11-01T03:30:04","modified_gmt":"2024-11-01T03:30:04","slug":"ten-myths-of-fnd","status":"publish","type":"page","link":"https:\/\/neurosymptoms.org\/nb_NO\/causes\/ten-myths-of-fnd\/","title":{"rendered":"Ti myter"},"content":{"rendered":"\n<p><em>Innholdet p\u00e5 denne siden er fra en Twittertr\u00e5d jeg skrev i mai 2020 for \u00e5 ledsage en artikkel European Journal of Neurology om FNL. Jeg h\u00e5per du synes den er nyttig ogs\u00e5.<\/em><\/p>\n\n\n\n<p>\u201cTen Myths about FND\u201d er nettopp utkommet i European Journal of Neurology (@EANeurology). Artikkelforfattere: @SarahLidstone, @rmmaraujo, jeg og @basbloem.. Mennesker med FNL m\u00f8ter mange av disse mytene under utredning og behandling.<\/p>\n\n\n\n<p>Funksjonell nevrologisk lidelse (FNL) har de senere \u00e5r v\u00e6rt gjenstand for \u00f8kende oppmerksomhet etter \u00e5 i stor grad ha v\u00e6rt oversett b\u00e5de forskningsmessig og i medisinsk praksis i lang tid. Mange leger har ikke f\u00e5tt med seg den seneste utviklingen hva gjelder praksis, forskning og holdninger.<\/p>\n\n\n\n<p>Vi vet det er frustrerende n\u00e5r artikler er bak betalingsmur \u2013 s\u00e5 vi tenkte vi skulle deg en oversikt over v\u00e5re myter i f\u00f8lgende \u00abTwitterkurs om FNL- myter\u00bb<\/p>\n\n\n\n<p>Myte 1: FNL er en eksklusjonsdiagnose. Nei! Det er en \u00abinklusjonsdiagnose\u00bb basert p\u00e5 at typiske tegn som Hoovers tegn eller tremor som synkroniserer seg til annen bevegelse.<\/p>\n\n\n\n<figure class=\"wp-block-image size-large is-resized\"><img loading=\"lazy\" src=\"https:\/\/pre-prod.neurosymptoms.org\/wp-content\/uploads\/2021\/04\/Picture-4.png\" alt=\"\" class=\"wp-image-1671\" width=\"580\" height=\"337\" srcset=\"https:\/\/neurosymptoms.org\/wp-content\/uploads\/2021\/04\/Picture-4.png 883w, https:\/\/neurosymptoms.org\/wp-content\/uploads\/2021\/04\/Picture-4-300x175.png 300w, https:\/\/neurosymptoms.org\/wp-content\/uploads\/2021\/04\/Picture-4-768x447.png 768w\" sizes=\"(max-width: 580px) 100vw, 580px\" \/><\/figure>\n\n\n\n<p>Figur 1: Illustrasjon fra artikkelen <a href=\"https:\/\/jamanetwork.com\/journals\/jamaneurology\/article-abstract\/2682656\" data-type=\"URL\" data-id=\"https:\/\/jamanetwork.com\/journals\/jamaneurology\/article-abstract\/2682656\" target=\"_blank\" rel=\"noreferrer noopener\">Current Concepts in Diagnosis and Treatment of Functional Neurological Disorders <\/a><\/p>\n\n\n\n<p>Myte 2: Pasienter har enten FNL eller en annen nevrologisk lidelse. Nei! \u00c5 ha en annen tilstand som epilepsi eller Parkinsons sykdom er en av de viktigste risikofaktorene (omkring 10-20%).<\/p>\n\n\n\n<p>Myte 3: En bisarr presentasjon indikerer FNL. Nei! Det er mange eksempler p\u00e5 uvanlige presentasjoner hos pasienter med andre nevrologiske tilstander. FNL er ikke i sin natur mer bisarr.<\/p>\n\n\n\n<p>Myte 4: Forskjellige typer FNL indikerer at det foreligger forskjellige lidelser. Nei (p\u00e5 en m\u00e5te)! Selv om et krampeanfall er et veldig annerledes symptom enn en lammelse, har alle pasienter med FNL en del felles mekanismer og samsykelighet (komorbiditet) som smerte og tretthet.<\/p>\n\n\n\n<p>Myte 5: FNL-symptomer er viljestyrte. Nei! FNL-symptomer er ufrivillige; pasienter \u00abgj\u00f8r seg ikke til\u00bb med sine symptomer, og simulering\/fabrikkering av symptomer er sjelden. Det vises til nevrofysiologiske studier, differensiert symptombedring i studier, og konsistent samsykelighet p\u00e5 tvers av kulturer og tidsepoker.<\/p>\n\n\n\n<p>Myte 6: Utredning har ingen plass i diagnostiseringen av FNL. Nei! Andre nevrologiske tilstander er en s\u00e5pass sterk risikofaktor for FNL \u2013 tenk \u2013 hva annet kan pasienten tenkes \u00e5 ha? Noen unders\u00f8kelser, som Tremor-analyse, kan bidra til en positiv diagnose.<\/p>\n\n\n\n<p>Myte 7: Det er mindre skadelig \u00e5 overse FNL en \u00e5 overse en annen nevrologisk diagnose. Nei! Enhver gal diagnose er en belastning, men \u00e5 feilaktig diagnostisere FNL \u2013 som er potensielt mulig \u00e5 behandle \u2013 som en annen nevrologisk lidelse, kan v\u00e6re like skadelig som motsatt. &nbsp;<\/p>\n\n\n\n<p>Myte 8: FNL er utelukkende et psykologisk problem. Nei! Psykologiske faktorer er en av mange mulige risikofaktorer for FNL og b\u00f8r ikke oppfattes som den eneste \u00e5rsak. For noen er psykologiske faktorer det viktigste, for andre er de ikke relevante.<\/p>\n\n\n\n<p>Mye 9: Prognosen for FNL er vanligvis god. Nei! Pasienter med FNL har redusert funksjon og livskvalitet p\u00e5 linje med pasienter med andre nevrotilstander. Noen blir helt friske, andre har langvarige plager. Ikke anta at \u00abpasienten vil sannsynligvis bli bedre\u00bb.<\/p>\n\n\n\n<p>Myte 10: Behandlingen av FNL er KUN psykologisk. Nei (p\u00e5 en m\u00e5te)! FNL krever individualisert multidisiplin\u00e6r behandling. Oppl\u00e6ring, fysisk + psykologisk rehabilitering kan alle spille en rolle. Psykologisk terapi kan v\u00e6re hovedbehandlingen for noen former for FNL, spesielt krampeanfall.<\/p>\n\n\n\n<p>Holdninger og praksis ved FNL er i endring, men de mange misoppfatninger som omgir temaet vedvarer \u00e5 v\u00e6re til hinder for god medisinsk ivaretaking av disse pasientene.<\/p>\n\n\n\n<p>Takk til @basbloem for \u00e5 ideen til denne artikkelen, @SarahLidstone for \u00e5 lede skrivearbeidet og @rmmaraujo for medforfatterskap. SLUTT!<\/p>\n","protected":false},"excerpt":{"rendered":"<p>Ti vanlige myter om FNL<\/p>\n","protected":false},"author":65,"featured_media":0,"parent":1010,"menu_order":159,"comment_status":"closed","ping_status":"closed","template":"page-template\/symptom-details-page-template.php","meta":[],"_links":{"self":[{"href":"https:\/\/neurosymptoms.org\/nb_NO\/wp-json\/wp\/v2\/pages\/2697"}],"collection":[{"href":"https:\/\/neurosymptoms.org\/nb_NO\/wp-json\/wp\/v2\/pages"}],"about":[{"href":"https:\/\/neurosymptoms.org\/nb_NO\/wp-json\/wp\/v2\/types\/page"}],"author":[{"embeddable":true,"href":"https:\/\/neurosymptoms.org\/nb_NO\/wp-json\/wp\/v2\/users\/65"}],"replies":[{"embeddable":true,"href":"https:\/\/neurosymptoms.org\/nb_NO\/wp-json\/wp\/v2\/comments?post=2697"}],"version-history":[{"count":125,"href":"https:\/\/neurosymptoms.org\/nb_NO\/wp-json\/wp\/v2\/pages\/2697\/revisions"}],"predecessor-version":[{"id":15590,"href":"https:\/\/neurosymptoms.org\/nb_NO\/wp-json\/wp\/v2\/pages\/2697\/revisions\/15590"}],"up":[{"embeddable":true,"href":"https:\/\/neurosymptoms.org\/nb_NO\/wp-json\/wp\/v2\/pages\/1010"}],"wp:attachment":[{"href":"https:\/\/neurosymptoms.org\/nb_NO\/wp-json\/wp\/v2\/media?parent=2697"}],"curies":[{"name":"wp","href":"https:\/\/api.w.org\/{rel}","templated":true}]}}