{"id":2193,"date":"2021-06-15T09:54:38","date_gmt":"2021-06-15T09:54:38","guid":{"rendered":"https:\/\/ftd.cognihealth.in\/?page_id=2193"},"modified":"2024-02-02T12:28:57","modified_gmt":"2024-02-02T12:28:57","slug":"speech-and-language-therapy","status":"publish","type":"page","link":"https:\/\/neurosymptoms.org\/nb_NO\/treatment\/speech-and-language-therapy\/","title":{"rendered":"Behandling av funksjonelle tale- og svelgvansker"},"content":{"rendered":"\n<p>Nytt juli 2021: Internasjonal konsensusanbefalinger om logopedi og behandling av tale- og spr\u00e5kvansker: klikk <a rel=\"noreferrer noopener\" href=\"https:\/\/jnnp.bmj.com\/content\/92\/10\/1112.full?ijkey=QigHKOBTbcWLRNq&amp;keytype=ref\" data-type=\"URL\" data-id=\"https:\/\/jnnp.bmj.com\/content\/92\/10\/1112.full?ijkey=QigHKOBTbcWLRNq&amp;keytype=ref\" target=\"_blank\">her<\/a>.<\/p>\n\n\n\n<h3>Hva er logopedi?<\/h3>\n\n\n\n<p>Logopeder (har ofte benevnelser som tale- og spr\u00e5kterapeut i andre land) er profesjonelle helsearbeidere. De utreder og behandler en rekke problemer med kommunikasjon, spising, drikking og svelging.<\/p>\n\n\n\n<h3>Logopeder og  FNL-diagnosen<\/h3>\n\n\n\n<p>Logopeder er eksperter p\u00e5 \u00e5 unders\u00f8ke anatomien og bevgelsene i munn og svelg under tale og svelging. For eksempel kan de bruke spesialutstyr som lar dem kunne se stemmeb\u00e5ndene i halsen. De er ogs\u00e5 eksperter p\u00e5 \u00e5 forst\u00e5 \u00e5rsakene til lyd-, ord- og spr\u00e5kvansker. <\/p>\n\n\n\n<p>Det er variasjoner fra land til land n\u00e5r det gjelder hvor mye logopeder er involvert i diagnostisering av FNL. Noen ganger kan logopeder som arbeider for seg selv stille en slik diagnose. Andre ganger kan deres spesialkunnskap v\u00e6re til hjelp for nevrologer, \u00f8re-nese-halsleger eller andre under diagnostisering.<\/p>\n\n\n\n<h3>Behandling av funksjonelle tale- og svelgvansker<\/h3>\n\n\n\n<p>Behandlingen avhenger av hva slags symptomer du har. <\/p>\n\n\n\n<p>Du kan bli bedt om \u00e5 lage enkle lyder som logopeden kan hjelpe deg med \u00e5 forme til ord. Logopeden kan hjelpe deg med \u00e5 legge merke til pustem\u00f8nstre eller muskelspenninger som er til hindre for normal tale eller svelging. Senere kan logopeden hjelpe deg til \u00e5 bruke din mer vanlig stemme, eller med \u00e5 svelge, i dagliglivet. <\/p>\n\n\n\n<p>Noen ganger kan denne type symptomer bedres veldig raskt, til og med  i l\u00f8pet av den f\u00f8rste timen, men i andre tilfeller kan flere behandlingstimer v\u00e6re n\u00f8dvendig. Mot slutten av behandlingen kan det v\u00e6re nyttig \u00e5 lage en plan for hva som kan gj\u00f8res om symptomene kommer tilbake.<\/p>\n\n\n\n<h3>Logopeden som del av et tverrfaglig team<\/h3>\n\n\n\n<p> Logopeder arbeider sammen med andre medlemmer av tverrfaglige team. Hvis du har andre FNL-symptomer ogs\u00e5, kan det hende du vil ha behandlinger hos b\u00e5de logoped og nevrolog, fysioterapeut, ergoterapeut og psykiater. Noen ganger kan det v\u00e6re hensiktsmessig \u00e5 starte med logopedbehandling slik at du lettere kan nyttiggj\u00f8re deg annen behandling senere. Andre ganger kan logopeden v\u00e6re eneste terapeut. <\/p>\n\n\n\n<h3>Planer i tilfelle symptomene kommer tilbake<\/h3>\n\n\n\n<p>Noen ganger (ikke alltid) kan symptomene komme tilbake etter \u00e5 f\u00f8rst ha blitt bedre. Hvis logopedbehandling kunne hjelpe deg f\u00f8rste gang, vil du ofte selv kunne bruke de samme teknikkene for \u00e5 komme tilbake p\u00e5 sporet igjen. Noen ganger kan det hjelpe \u00e5 m\u00f8te en logoped p\u00e5nytt for behandling.  <\/p>\n","protected":false},"excerpt":{"rendered":"<p>Logopedbehandling kan hjelpe ved symptomer som stamming og svelgvansker <\/p>\n","protected":false},"author":19,"featured_media":2724,"parent":1012,"menu_order":301,"comment_status":"closed","ping_status":"closed","template":"page-template\/symptom-details-page-template.php","meta":[],"_links":{"self":[{"href":"https:\/\/neurosymptoms.org\/nb_NO\/wp-json\/wp\/v2\/pages\/2193"}],"collection":[{"href":"https:\/\/neurosymptoms.org\/nb_NO\/wp-json\/wp\/v2\/pages"}],"about":[{"href":"https:\/\/neurosymptoms.org\/nb_NO\/wp-json\/wp\/v2\/types\/page"}],"author":[{"embeddable":true,"href":"https:\/\/neurosymptoms.org\/nb_NO\/wp-json\/wp\/v2\/users\/19"}],"replies":[{"embeddable":true,"href":"https:\/\/neurosymptoms.org\/nb_NO\/wp-json\/wp\/v2\/comments?post=2193"}],"version-history":[{"count":62,"href":"https:\/\/neurosymptoms.org\/nb_NO\/wp-json\/wp\/v2\/pages\/2193\/revisions"}],"predecessor-version":[{"id":14311,"href":"https:\/\/neurosymptoms.org\/nb_NO\/wp-json\/wp\/v2\/pages\/2193\/revisions\/14311"}],"up":[{"embeddable":true,"href":"https:\/\/neurosymptoms.org\/nb_NO\/wp-json\/wp\/v2\/pages\/1012"}],"wp:featuredmedia":[{"embeddable":true,"href":"https:\/\/neurosymptoms.org\/nb_NO\/wp-json\/wp\/v2\/media\/2724"}],"wp:attachment":[{"href":"https:\/\/neurosymptoms.org\/nb_NO\/wp-json\/wp\/v2\/media?parent=2193"}],"curies":[{"name":"wp","href":"https:\/\/api.w.org\/{rel}","templated":true}]}}