{"id":1150,"date":"2021-02-25T13:20:43","date_gmt":"2021-02-25T13:20:43","guid":{"rendered":"https:\/\/ftd.cognihealth.in\/?page_id=1150"},"modified":"2024-06-30T10:41:00","modified_gmt":"2024-06-30T10:41:00","slug":"stories","status":"publish","type":"page","link":"https:\/\/neurosymptoms.org\/nb_NO\/stories\/","title":{"rendered":"Personlige historier"},"content":{"rendered":"\n<p>P\u00e5 den engelske nettsiden ligger det mange historier som pasienter har skrevet i h\u00e5p om \u00e5 kunne v\u00e6re til hjelp for andre.  Historiene er anonyme og gruppert etter hovedsymptom. Per februar 2023 er dessverre ikke disse oversatt til norsk. Vi gj\u00f8r oppmerksom p\u00e5 at historiene kan v\u00e6re oversatt til andre spr\u00e5k, eksempelvis svensk.  <\/p>\n","protected":false},"excerpt":{"rendered":"<p><!-- wp:paragraph --><\/p>\n<p>P\u00e5 den engelske nettsiden ligger det mange historier som pasienter har skrevet i h\u00e5p om \u00e5 kunne v\u00e6re til hjelp for andre.  Historiene er anonyme og gruppert etter hovedsymptom. Per februar 2023 er dessverre ikke disse oversat&#8230;<\/p>\n","protected":false},"author":65,"featured_media":0,"parent":0,"menu_order":213,"comment_status":"closed","ping_status":"closed","template":"page-template\/stories.php","meta":[],"_links":{"self":[{"href":"https:\/\/neurosymptoms.org\/nb_NO\/wp-json\/wp\/v2\/pages\/1150"}],"collection":[{"href":"https:\/\/neurosymptoms.org\/nb_NO\/wp-json\/wp\/v2\/pages"}],"about":[{"href":"https:\/\/neurosymptoms.org\/nb_NO\/wp-json\/wp\/v2\/types\/page"}],"author":[{"embeddable":true,"href":"https:\/\/neurosymptoms.org\/nb_NO\/wp-json\/wp\/v2\/users\/65"}],"replies":[{"embeddable":true,"href":"https:\/\/neurosymptoms.org\/nb_NO\/wp-json\/wp\/v2\/comments?post=1150"}],"version-history":[{"count":51,"href":"https:\/\/neurosymptoms.org\/nb_NO\/wp-json\/wp\/v2\/pages\/1150\/revisions"}],"predecessor-version":[{"id":14750,"href":"https:\/\/neurosymptoms.org\/nb_NO\/wp-json\/wp\/v2\/pages\/1150\/revisions\/14750"}],"wp:attachment":[{"href":"https:\/\/neurosymptoms.org\/nb_NO\/wp-json\/wp\/v2\/media?parent=1150"}],"curies":[{"name":"wp","href":"https:\/\/api.w.org\/{rel}","templated":true}]}}