{"id":664,"date":"2020-12-01T05:21:38","date_gmt":"2020-12-01T05:21:38","guid":{"rendered":"https:\/\/ftd.cognihealth.in\/?page_id=664"},"modified":"2024-11-01T03:50:02","modified_gmt":"2024-11-01T03:50:02","slug":"ive-tried-everything-nothing-helps","status":"publish","type":"page","link":"https:\/\/neurosymptoms.org\/it_IT\/treatment\/ive-tried-everything-nothing-helps\/","title":{"rendered":"\u201cHo provato di tutto, niente sembra aiutarmi\u201d"},"content":{"rendered":"\n<p>Se hai provato a fare tutto ci\u00f2 che \u00e8 riportato nel sito web e dopo mesi non ti senti ancora meglio, cosa dovresti fare?<\/p>\n\n\n\n<p>Bisogna sapere che non tutti coloro che hanno FND migliorano.<\/p>\n\n\n\n<p>Alcune persone conservano una vulnerabilit\u00e0 duratura ad una grande variet\u00e0 di sintomi e disturbi funzionali. Talora sintomi nuovi possono sostituire quelli che erano in miglioramento e ci\u00f2 pu\u00f2 demoralizzare chi ne \u00e8 affetto, facendolo sentire \u201cipocondriaco\u201d perch\u00e9 sempre alla ricerca di medici, e sottoponendosi a test che poi risultano spesso negativi.&nbsp;<\/p>\n\n\n\n<p>Se il tuo medico e altri professionisti sanitari hanno fatto del loro meglio e tu hai fatto del tuo meglio, potremmo essere di fronte ad una condizione cronica. A quel punto, la priorit\u00e0 sar\u00e0 trovare il miglior modo per affrontare tale condizione e vivere al meglio con il tuo disturbo, ponendo enfasi soprattutto sulla qualit\u00e0 della vita.&nbsp;<\/p>\n\n\n\n<p>Ad ogni modo, avere sintomi da molto tempo non significa che questi diventeranno cronici. Anzi, potrebbero migliorare e, con il tempo, passare in secondo piano.&nbsp;<\/p>\n\n\n\n<p>I medici talvolta sono in difficolt\u00e0 e non sanno bene come spiegare queste cose ai pazienti. In alcuni casi addirittura, hanno la falsa convinzione che, non essendoci una lesione visibile, i sintomi funzionali debbano migliorare necessariamente. Questo non \u00e8 vero.&nbsp;<\/p>\n\n\n\n<p>Uno studio condotto ad Edinburgo che ha seguito i casi di diverse persone affette da paralisi funzionale per un lungo periodo di tempo, ha mostrato che dopo 14 anni dalla diagnosi di FND, molti pazienti ancora presentavano sintomi:<\/p>\n\n\n\n<ul><li>Nel 51% la sintomatologia era migliorata (nel 20% completamente regredita);&nbsp;<\/li><li>Nel 23% dei pazienti la sintomatologia era invariata;<\/li><li>Nel 14% la sintomatologia era peggiorata.<\/li><\/ul>\n\n\n\n<p>Non essere troppo severo con te stesso se per te \u00e8 stato difficile migliorare. Il tuo medico di fiducia dovrebbe vederti regolarmente per monitorare la tua situazione. Dovrebbe essere importante ottimizzare la terapia in atto e monitorare il tuo benessere generale.&nbsp;<\/p>\n\n\n\n<p>In una minoranza di pazienti (meno del 5%), una diagnosi scorretta potrebbe rappresentare la causa per la quale non si migliora. In alcuni rari casi, pu\u00f2 essere opportuno ricorrere ad una revisione della diagnosi; ma, nella grande maggioranza dei casi, rincorrere una diagnosi alternativa quando la diagnosi di FND \u00e8 corretta pu\u00f2 essere frustrante e spesso dannoso. Per molte persone, questo peregrinare tra medici, visite ed esami pu\u00f2 addirittura essere la ragione dello scarso miglioramento. \u00c8 certo comprensibile pensare che la Sclerosi Multipla o la Malattia di Parkinson siano la causa dei sintomi, soprattutto perch\u00e9 sono tra le malattie neurologiche pi\u00f9 note e diffuse.&nbsp;<\/p>\n\n\n\n<p>Vivere con sintomi cronici \u00e8 difficile. Potresti aver bisogno di servizi o reti di supporto vicine e grazie alle quali potrai cercare di vivere la tua vita al meglio!<\/p>\n","protected":false},"excerpt":{"rendered":"<p>Se hai provato a fare tutte le cose contenute su questo sito e, dopo mesi, non hai avuto miglioramenti, cosa dovresti fare ora?<\/p>\n","protected":false},"author":65,"featured_media":0,"parent":1012,"menu_order":308,"comment_status":"closed","ping_status":"closed","template":"page-template\/symptom-details-page-template.php","meta":[],"_links":{"self":[{"href":"https:\/\/neurosymptoms.org\/it_IT\/wp-json\/wp\/v2\/pages\/664"}],"collection":[{"href":"https:\/\/neurosymptoms.org\/it_IT\/wp-json\/wp\/v2\/pages"}],"about":[{"href":"https:\/\/neurosymptoms.org\/it_IT\/wp-json\/wp\/v2\/types\/page"}],"author":[{"embeddable":true,"href":"https:\/\/neurosymptoms.org\/it_IT\/wp-json\/wp\/v2\/users\/65"}],"replies":[{"embeddable":true,"href":"https:\/\/neurosymptoms.org\/it_IT\/wp-json\/wp\/v2\/comments?post=664"}],"version-history":[{"count":78,"href":"https:\/\/neurosymptoms.org\/it_IT\/wp-json\/wp\/v2\/pages\/664\/revisions"}],"predecessor-version":[{"id":15621,"href":"https:\/\/neurosymptoms.org\/it_IT\/wp-json\/wp\/v2\/pages\/664\/revisions\/15621"}],"up":[{"embeddable":true,"href":"https:\/\/neurosymptoms.org\/it_IT\/wp-json\/wp\/v2\/pages\/1012"}],"wp:attachment":[{"href":"https:\/\/neurosymptoms.org\/it_IT\/wp-json\/wp\/v2\/media?parent=664"}],"curies":[{"name":"wp","href":"https:\/\/api.w.org\/{rel}","templated":true}]}}