{"id":655,"date":"2020-12-01T05:07:39","date_gmt":"2020-12-01T05:07:39","guid":{"rendered":"https:\/\/ftd.cognihealth.in\/?page_id=655"},"modified":"2024-02-02T11:36:33","modified_gmt":"2024-02-02T11:36:33","slug":"treatment-of-limb-weakness","status":"publish","type":"page","link":"https:\/\/neurosymptoms.org\/it_IT\/treatment\/treatment-of-limb-weakness\/","title":{"rendered":"Trattamento della Debolezza Funzionale"},"content":{"rendered":"\n<p><em>\u2026 Una delle cose che i pazienti con debolezza funzionale notano spesso \u00e8 che la severit\u00e0 della debolezza varia nel tempo\u2026<\/em><\/p>\n\n\n\n<p>Questa sezione si basa principalmente sull&#8217;esperienza degli autori nel prestare aiuto a moltissimi pazienti affetti da debolezza funzionale.<\/p>\n\n\n\n<p>&nbsp;Se non lo hai ancora fatto, dai un&#8217;occhiata alle seguenti pagine prima di continuare la lettura:<\/p>\n\n\n\n<ol><li><a href=\"https:\/\/pre-prod.neurosymptoms.org\/it_IT\/symptoms\/fnd-symptoms\/functional-limb-weakness\/\" data-type=\"page\" data-id=\"512\">Debolezza Funzionale<\/a>: E\u2019 molto importante capire che questi sintomi sono comuni, che non significano che tu stai \u201cdiventando pazzo\u201d o \u201cperdendo il senno\u201d, che essi non sfociano in gravi malattie fisiche e che sono potenzialmente reversibili senza l\u2019utilizzo di farmaci.<\/li><li><a href=\"https:\/\/pre-prod.neurosymptoms.org\/en_US\/treatment-2\/understanding-your-condition\/\" data-type=\"page\" data-id=\"631\">Capire la diagnosi<\/a>: E\u2019 essenziale che tu sia convinto del fatto che il dottore ha indagato bene il tuo caso e che \u00e8 giunto alla diagnosi corretta.<\/li><li><a href=\"https:\/\/pre-prod.neurosymptoms.org\/it_IT\/treatment-2\/physiotherapy-exercise\/\" data-type=\"page\" data-id=\"633\">Fisioterapia ed esercizio<\/a>: Questa sezione spiega alcuni principi alla base della riabilitazione e dell\u2019esercizio fisico specifici per i sintomi funzionali, inclusi debolezza, dolore e fatica.<\/li><li><a href=\"https:\/\/pre-prod.neurosymptoms.org\/en_US\/treatment-2\/psychological-therapy\/\" data-type=\"page\" data-id=\"641\">Terapia psicologica<\/a>: Se il tuo medico ti ha inviato da uno psicologo potresti esserti domandato il perch\u00e9. Leggi questa sezione per capire meglio le motivazioni dietro a questa decisione. <\/li><\/ol>\n\n\n\n<h2><strong>Imparare a superare la debolezza funzionale\u2026<\/strong><\/h2>\n\n\n\n<p><strong>Comprendere il problema&nbsp;<\/strong><\/p>\n\n\n\n<p>Pu\u00f2 essere sorprendente constatare l\u2019impatto positivo che ha il semplice fatto di ricevere una spiegazione chiara e comprensibile dei sintomi. Spesso i pazienti con debolezza funzionale trascorrono mesi o anche anni senza ricevere una diagnosi (o, talvolta, ricevendo una diagnosi alternativa come la sclerosi multipla).<\/p>\n\n\n\n<p>Pu\u00f2 richiedere molto tempo \u201cabituare\u201d la tua mente all\u2019idea di un sintomo come la <a href=\"https:\/\/pre-prod.neurosymptoms.org\/it_IT\/symptoms\/fnd-symptoms\/functional-limb-weakness\/\" data-type=\"page\" data-id=\"512\">debolezza funzionale<\/a>. Nei pazienti che alla fine migliorano, questo sembra comunque un momento chiave nel processo di guarigione.&nbsp;<\/p>\n\n\n\n<p>Anche pensare alla relazione che esiste tra la debolezza e altri <a href=\"https:\/\/www.neurosymptoms.org\/en_US\/symptoms\/\">sintomi<\/a> che potresti avere pu\u00f2 rappresentare una parte importante di questo processo di comprensione della malattia. Questo pu\u00f2 aiutarti a capire che la debolezza \u00e8 un sintomo tra i tanti (ad esempio il dolore, la stanchezza e i disturbi del sonno) e che stai soffrendo di un\u2019unica malattia che si presenta con sintomi diversi, piuttosto che di molti sintomi causati da diverse malattie.<\/p>\n\n\n\n<p>Probabilmente, questa \u00e8 la ragione per cui alcuni dei trattamenti che hanno dimostrato di essere efficaci per i pazienti affetti da sindrome di <a href=\"https:\/\/pre-prod.neurosymptoms.org\/it_IT\/symptoms\/common-associated-symptoms\/fatigue\/\" data-type=\"page\" data-id=\"541\">fatica cronica<\/a> e <a href=\"https:\/\/pre-prod.neurosymptoms.org\/it_IT\/symptoms\/common-associated-symptoms\/pain\/\" data-type=\"page\" data-id=\"743\">dolore cronico<\/a> si sono dimostrati utili anche per i pazienti affetti da debolezza funzionale.<\/p>\n\n\n\n<p>&nbsp;Questi includono:<\/p>\n\n\n\n<ol><li><a href=\"https:\/\/pre-prod.neurosymptoms.org\/it_IT\/treatment-2\/physiotherapy-exercise\/\" data-type=\"page\" data-id=\"633\">Fisioterapia<\/a><\/li><li><a href=\"https:\/\/pre-prod.neurosymptoms.org\/en_US\/treatment-2\/psychological-therapy\/\" data-type=\"page\" data-id=\"641\">Terapia psicologica<\/a><\/li><li><a href=\"https:\/\/pre-prod.neurosymptoms.org\/en_US\/treatment-2\/medication\/\" data-type=\"page\" data-id=\"643\">Farmaci per il dolore e per il sonno<\/a><\/li><\/ol>\n\n\n\n<p><strong>Aspetti specifici legati alla debolezza funzionale<\/strong><\/p>\n\n\n\n<p><em>\u2026Prova il pi\u00f9 possibile a pensare ad altro mentre cammini\u2026<\/em><\/p>\n\n\n\n<p>Uno degli aspetti che i pazienti con debolezza funzionale spesso notano \u00e8 che la gravit\u00e0 della debolezza varia da un giorno all\u2019altro. Cos\u00ec, ad esempio, il marted\u00ec potresti sentire la tua gamba molto pesante ed essere costretto a trascinarla, ma il mercoled\u00ec il sintomo potrebbe essere molto pi\u00f9 debole. La variabilit\u00e0 nella gravit\u00e0 dei sintomi \u00e8 una caratteristica comune di molti disturbi funzionali. Se ci pensi, \u00e8 uno dei motivi per cui una diagnosi di natura \u201cfunzionale\u201d ha senso. Se ci fosse un danno strutturale al sistema nervoso, il sintomo potrebbe variare leggermente, ma non in modo cos\u00ec drammatico come invece accade nel caso della debolezza funzionale.<\/p>\n\n\n\n<p>Ci sono diversi motivi per cui la debolezza funzionale pu\u00f2 variare in gravit\u00e0:<\/p>\n\n\n\n<ol><li>Nei momenti di maggior affaticamento<\/li><li>Nei momenti di maggiore dolore<\/li><li>Quando stai pensando al movimento da compiere<\/li><\/ol>\n\n\n\n<p>Quest&#8217;ultimo aspetto merita qualche considerazione in pi\u00f9. Avrai notato che pi\u00f9 ti concentri per muovere l\u2019arto affetto, tanto pi\u00f9 esso diventa pesante e difficile da muovere.&nbsp;<\/p>\n\n\n\n<p>Questo perch\u00e9 il movimento \u00e8 pi\u00f9 efficace quando \u00e8 automatico. Normalmente non pensi a camminare quando stai salendo le scale o camminando verso il supermercato. Infatti, se le persone sane pensassero consapevolmente a come camminare, finirebbero per camminare male.<\/p>\n\n\n\n<p>Riconoscere questo fatto pu\u00f2 aiutare i pazienti con debolezza funzionale.<\/p>\n\n\n\n<p>Prova, per quanto possibile, a non pensare ai movimenti che fai quando cammini.<\/p>\n\n\n\n<p>I fisioterapisti non sempre hanno le idee chiare su cosa fare per aiutare le persone con debolezza funzionale. Generalmente i movimenti automatici che prevedono l\u2019utilizzo di entrambe le gambe o di entrambe le braccia contemporaneamente sono meglio degli esercizi che si concentrano esclusivamente sull\u2019arto colpito da debolezza.<\/p>\n\n\n\n<p>Ricorda che, nel caso della debolezza funzionale, stai cercando di riprendere il controllo di un arto che non riesci a sentire completamente &#8216;tuo&#8217;. Potresti avere sviluppato l\u2019abitudine a tenerlo in un certo modo.<\/p>\n\n\n\n<p>Le persone con debolezza funzionale al braccio tendono a tenerlo adagiato sulle gambe, soprattutto se provano dolore.&nbsp;<\/p>\n\n\n\n<p>Le persone con debolezza funzionale alle gambe a volte scoprono che si siedono con la caviglia rivolta verso l\u2019interno.&nbsp;<\/p>\n\n\n\n<p>Queste posizioni possono sembrare &#8216;naturali&#8217;, ma non lo sono. Il tuo cervello pensa che siano le posizioni che gli arti assumono \u201cnormalmente\u201d. Il tuo cervello potrebbe anche essersi abituato all&#8217;idea che un lato del corpo non viene percepito allo stesso modo dell\u2019altro.<\/p>\n\n\n\n<p>Lo scopo del trattamento \u00e8 quello di cercare di far s\u00ec che il tuo cervello sperimenti nuovamente un movimento normale e naturale.&nbsp;<\/p>\n\n\n\n<p><strong>Altri trattamenti<\/strong><\/p>\n\n\n\n<p>Se ti senti proprio bloccato, pu\u00f2 valere la pena provare l&#8217;ipnosi. A volte, sotto ipnosi, possono ricomparire i movimenti \u201cnormali\u201d.<\/p>\n\n\n\n<p>Occasionalmente, i pazienti con grave debolezza funzionale migliorano quando sono sottoposti ad anestesia generale. Questa dovrebbe essere eseguita solo se vi \u00e8 una paralisi completa e solo se il medico ha esperienza con questa tecnica. In ogni caso, questa non \u00e8 una cura valida \u201csempre e comunque\u201d!<\/p>\n","protected":false},"excerpt":{"rendered":"<p>Alcuni consigli sul trattamento specifico per la debolezza funzionale agli arti <\/p>\n","protected":false},"author":65,"featured_media":0,"parent":1012,"menu_order":305,"comment_status":"closed","ping_status":"closed","template":"page-template\/symptom-details-page-template.php","meta":[],"_links":{"self":[{"href":"https:\/\/neurosymptoms.org\/it_IT\/wp-json\/wp\/v2\/pages\/655"}],"collection":[{"href":"https:\/\/neurosymptoms.org\/it_IT\/wp-json\/wp\/v2\/pages"}],"about":[{"href":"https:\/\/neurosymptoms.org\/it_IT\/wp-json\/wp\/v2\/types\/page"}],"author":[{"embeddable":true,"href":"https:\/\/neurosymptoms.org\/it_IT\/wp-json\/wp\/v2\/users\/65"}],"replies":[{"embeddable":true,"href":"https:\/\/neurosymptoms.org\/it_IT\/wp-json\/wp\/v2\/comments?post=655"}],"version-history":[{"count":74,"href":"https:\/\/neurosymptoms.org\/it_IT\/wp-json\/wp\/v2\/pages\/655\/revisions"}],"predecessor-version":[{"id":14295,"href":"https:\/\/neurosymptoms.org\/it_IT\/wp-json\/wp\/v2\/pages\/655\/revisions\/14295"}],"up":[{"embeddable":true,"href":"https:\/\/neurosymptoms.org\/it_IT\/wp-json\/wp\/v2\/pages\/1012"}],"wp:attachment":[{"href":"https:\/\/neurosymptoms.org\/it_IT\/wp-json\/wp\/v2\/media?parent=655"}],"curies":[{"name":"wp","href":"https:\/\/api.w.org\/{rel}","templated":true}]}}