{"id":645,"date":"2020-12-01T04:37:22","date_gmt":"2020-12-01T04:37:22","guid":{"rendered":"https:\/\/ftd.cognihealth.in\/?page_id=645"},"modified":"2024-02-02T11:56:18","modified_gmt":"2024-02-02T11:56:18","slug":"family-and-work","status":"publish","type":"page","link":"https:\/\/neurosymptoms.org\/it_IT\/treatment\/family-and-work\/","title":{"rendered":"Famiglia e Lavoro"},"content":{"rendered":"\n<h3><strong>Cosa puoi raccontare ai tuoi familiari e ai tuoi colleghi di lavoro riguardo i tuoi sintomi?<\/strong><\/h3>\n\n\n\n<p>Pu\u00f2 essere gi\u00e0 abbastanza difficile arrivare a capire cosa sono i sintomi funzionali, senza doverli spiegare anche ad altre persone.<\/p>\n\n\n\n<p>Purtroppo, se soffri di una condizione come la debolezza funzionale e le persone accanto a te sentono dire che \u201ctutti i test sono negativi\u201d, \u00e8 possibile che esse facciano pi\u00f9 fatica a capirti, e potrebbero anche iniziare a chiedersi se tu non stia davvero \u201cinventando\u201d tutto.<\/p>\n\n\n\n<p>Questo pu\u00f2 essere un problema estremamente difficile da affrontare per il paziente. Tu sai che i tuoi sintomi sono reali, che stai vivendo una perdita del controllo sul corpo. Fa ancora pi\u00f9 male pensare che alcune persone credano invece che tu stia facendo tutto questo volontariamente!<\/p>\n\n\n\n<p>Vale la pena pensare a come spiegare questo ad amici, familiari e datori di lavoro.<\/p>\n\n\n\n<p>Un approccio pragmatico \u00e8 il seguente:<\/p>\n\n\n\n<ol><li><strong>&nbsp;Prova a spiegare tutto ad amici stretti e parenti.<\/strong> Essi possono essere molto preoccupati per te e chiedersi se hai la sclerosi multipla o l&#8217;epilessia. Se sono meno in ansia, questo potrebbe alla fine anche aiutarti ad avere un approccio pi\u00f9 positivo verso la tua condizione. Essi possono essere in grado di aiutarti a trovare pi\u00f9 informazioni riguardo al problema, oppure supportarti durante il trattamento. Per aiutarli a capire potresti incoraggiarli a leggere questo sito.&nbsp;<\/li><li><strong>Per i &#8220;ficcanaso&#8221;<\/strong> &#8211; una risposta del tipo \u201csto vedendo un neurologo e spero che le cose inizino a migliorare\u201d pu\u00f2 essere sufficiente per farli tacere!<\/li><li><strong>Per i datori di lavoro \/ gli enti previdenziali \/ le imprese di assicurazione<\/strong> &#8211; a seconda delle circostanze, potrebbe essere necessario dire ai tuoi datori di lavoro di cosa si tratta, soprattutto se sei costretto ad assentarti dal lavoro per un po&#8217; di tempo. Non \u00e8 detto che il tuo datore di lavoro possa accedere liberamente alle informazioni relative al tuo stato di salute senza il tuo consenso.<\/li><li><strong>Per le scuole<\/strong> \u2013 lettere agli insegnanti che spiegano la natura della tua condizione possono essere utili. Questo \u00e8 particolarmente importante nel caso in cui tu soffra di sintomi&nbsp;come le crisi epilettiche funzionali, durante le quali i presenti potrebbero spaventarsi e talvolta reagire in maniera eccessiva.<\/li><\/ol>\n\n\n\n<p>Anch\u2019essi potrebbero trovare utile leggere questo sito.<\/p>\n\n\n\n<p>Pu\u00f2 essere che il tuo problema principale sia la stanchezza, nel qual caso l\u2019espressione &#8216;sindrome d&#8217;affaticamento cronico con sintomi neurologici funzionali&#8217; pu\u00f2 dare una definizione chiara ed esplicativa al problema. In questo caso puoi voler specificare che questa sindrome \u00e8 la causa principale della tua disabilit\u00e0.<\/p>\n\n\n\n<p>Allo stesso modo, se il problema principale \u00e8 il dolore, e un medico ti ha diagnosticato la fibromialgia o la Sindrome Dolorosa Regionale Complessa, potrebbe essere pi\u00f9 efficace indicare&nbsp; questo come il tuo problema principale.<\/p>\n\n\n\n<p>Il problema con i sintomi funzionali resta la mancanza di conoscenza di questa diagnosi che, talvolta, pu\u00f2 significare che la diagnosi non \u00e8 compresa o accettata come causa di una genuina disabilit\u00e0 e\/o di stress. Tutto ci\u00f2 sta pian piano cambiando.<\/p>\n\n\n\n<p>Se hai solo sintomi come debolezza o perdite di coscienza, allora il termine ufficiale per la condizione, che pu\u00f2 essere riconosciuto da imprese di assicurazione o enti benefici, \u00e8 &#8216;Disturbo di Conversione&#8217;. Il Disturbo Neurologico Funzionale ha, per\u00f2, ormai fatto presa come termine sostitutivo ed \u00e8 accettato dalla maggior parte degli enti medici e provvidenziali.<\/p>\n","protected":false},"excerpt":{"rendered":"<p>Alcune informazione e suggerimenti su come spiegare questi disturbi alla famiglia e agli amici <\/p>\n","protected":false},"author":65,"featured_media":0,"parent":1012,"menu_order":303,"comment_status":"closed","ping_status":"closed","template":"page-template\/symptom-details-page-template.php","meta":[],"_links":{"self":[{"href":"https:\/\/neurosymptoms.org\/it_IT\/wp-json\/wp\/v2\/pages\/645"}],"collection":[{"href":"https:\/\/neurosymptoms.org\/it_IT\/wp-json\/wp\/v2\/pages"}],"about":[{"href":"https:\/\/neurosymptoms.org\/it_IT\/wp-json\/wp\/v2\/types\/page"}],"author":[{"embeddable":true,"href":"https:\/\/neurosymptoms.org\/it_IT\/wp-json\/wp\/v2\/users\/65"}],"replies":[{"embeddable":true,"href":"https:\/\/neurosymptoms.org\/it_IT\/wp-json\/wp\/v2\/comments?post=645"}],"version-history":[{"count":81,"href":"https:\/\/neurosymptoms.org\/it_IT\/wp-json\/wp\/v2\/pages\/645\/revisions"}],"predecessor-version":[{"id":14302,"href":"https:\/\/neurosymptoms.org\/it_IT\/wp-json\/wp\/v2\/pages\/645\/revisions\/14302"}],"up":[{"embeddable":true,"href":"https:\/\/neurosymptoms.org\/it_IT\/wp-json\/wp\/v2\/pages\/1012"}],"wp:attachment":[{"href":"https:\/\/neurosymptoms.org\/it_IT\/wp-json\/wp\/v2\/media?parent=645"}],"curies":[{"name":"wp","href":"https:\/\/api.w.org\/{rel}","templated":true}]}}