{"id":643,"date":"2020-12-01T03:53:45","date_gmt":"2020-12-01T03:53:45","guid":{"rendered":"https:\/\/ftd.cognihealth.in\/?page_id=643"},"modified":"2024-11-01T03:48:45","modified_gmt":"2024-11-01T03:48:45","slug":"medication","status":"publish","type":"page","link":"https:\/\/neurosymptoms.org\/it_IT\/treatment\/medication\/","title":{"rendered":"Trattamento farmacologico"},"content":{"rendered":"\n<p><strong>Importante: <\/strong>\u00e8 di particolare importanza che tu consulti il tuo medico curante prima di iniziare o smettere una terapia farmacologica. Questa pagina non si propone di supportare o meno l\u2019uso di un particolare farmaco o tipo di farmaci.<\/p>\n\n\n\n<blockquote class=\"wp-block-quote\"><p><em>\u2026Le persone con sintomi funzionali possono migliorare anche senza l\u2019utilizzo di farmaci, nessuno dovrebbe sentirsi forzato ad assumere alcun tipo di farmaco, ma questi, a volte, possono aiutare\u2026<\/em><\/p><\/blockquote>\n\n\n\n<h3><strong>Medicinali che possono essere utili <\/strong>nei pazienti con <strong>FND<\/strong><\/h3>\n\n\n\n<p>Il tuo medico pu\u00f2 averti suggerito di assumere alcuni farmaci che possono aiutare con i tuoi sintomi funzionali. I tipi di farmaci comunemente usati in questo caso sono i seguenti:<\/p>\n\n\n\n<ul><li><strong>Antidepressivi <\/strong>&#8211; ce ne sono di tipo pi\u00f9 vecchio, anche chiamati \u201ctriciclici\u201d (questi includono l\u2019Amitriptilina, la Imipramina e Trazodone) e di tipo pi\u00f9 recente, anche chiamati SSRIs o SNRIs (questi includono la Fluoxetina, la Sertralina, Citalopram, la Duloxetina, la Venlafaxina, la Mirtazapina e la Paroxetina).<\/li><li><strong>Antidolorifici Neuropatici <\/strong>&#8211; fanno spesso parte della stessa classe degli antidepressivi elencati in precedenza. Per esempio l\u2019Amitriptilina e la Duloxetina.&nbsp;<\/li><\/ul>\n\n\n\n<h3><strong>Farmaci in genere non utili nel trattamento degli FND<\/strong><\/h3>\n\n\n\n<ul><li>I farmaci appartenenti alla categoria delle Benzodiazepine, come il Diazepam, Lorazepam o Nitrazepam, non vengono generalmente impiegati nella terapia degli FND. Essi possono portare a dipendenza e tolleranza.&nbsp;<\/li><li>I farmaci Oppioidi, come la Morfina, l\u2019Oxycontin, l\u2019Ossicodone, il Cocodamolo e la Codeina sono stati ampiamente prescritti per il dolore cronico. Essi sono efficaci nel trattamento di diverse forme di dolore, soprattutto se forte e associato a traumi, interventi chirurgici o si tratta di dolore tumorale. Sorprendentemente, essi non sono utili per il trattamento di molte forme di <a href=\"https:\/\/pre-prod.neurosymptoms.org\/it_IT\/symptoms\/common-associated-symptoms\/pain\/\" data-type=\"page\" data-id=\"743\">dolore cronico<\/a> e possono spesso portare a dipendenza e tolleranza.&nbsp;<\/li><li>Il Pregabalin ed il Gabapentin in passato erano molto popolari nella terapia del dolore cronico e possono essere efficaci nel dolore neuropatico. Ciononostante, studi effettuati su persone affette da dolore cronico primario, che include condizioni come la fibromialgia, comunemente associata agli FND, non hanno riscontrato <a href=\"https:\/\/www.nice.org.uk\/guidance\/ng193\">alcun tipo di beneficio <\/a>da questi medicinali.<\/li><\/ul>\n\n\n\n<p>Questi farmaci sono raramente efficaci su tutti i sintomi associati agli FND, se impiegati in modo isolato. I farmaci possono comunque essere impiegati per il trattamento dei disturbi del sonno, per alleviare il dolore, la deflessione dell\u2019umore e l\u2019ansia.&nbsp;&nbsp;<\/p>\n\n\n\n<p>Nessuna persona con FND dovrebbe sentirsi forzata ad assumere dei farmaci, anche se sono talora utili, perch\u00e9 gli FND possono migliorare anche senza alcun tipo di terapia farmacologica. Nessuno ama assumere farmaci regolarmente sebbene, se sotto indicazione medica, bisognerebbe sempre chiedersi cosa abbiamo da perdere.<\/p>\n\n\n\n<h3><strong>Non voglio prendere degli antidepressivi, io non sono depresso\/a!<\/strong><\/h3>\n\n\n\n<p>Una review di tutti gli studi condotti in persone con diversi tipi di disturbi funzionali (e non solo FND, disturbi del movimento funzionali o attacchi epilettici funzionali) hanno dimostrato che i pazienti sottoposti a terapia farmacologica basata sugli antidepressivi avevano una probabilit\u00e0 tre volte pi\u00f9 alta di avere un miglioramento nei sintomi rispetto ai pazienti che non erano stati sottoposti a questo tipo di terapia.&nbsp;<\/p>\n\n\n\n<p>La cosa interessante \u00e8 che questi benefici erano presenti sia che il paziente fosse depresso sia che non lo fosse.&nbsp;<\/p>\n\n\n\n<p>Gli antidepressivi sono anche molto utili nel trattare sintomi d\u2019ansia in persone che non sono depresse, quindi chiamarli antidepressivi non \u00e8 sempre corretto.&nbsp;<\/p>\n\n\n\n<p>Antidepressivi pi\u00f9 vecchi, come l\u2019Amitriptilina, sono in commercio da decine di anni. Sono stati sviluppati per curare la depressione, ma con il tempo i medici si sono resi conto che questi erano utili anche per trattare il dolore, problemi di sonno, e altri sintomi come la vescica irritabile; tutto questo a prescindere da se la persona fosse depressa o meno.&nbsp;<\/p>\n\n\n\n<p>Per esempio, l\u2019Amitriptilina pu\u00f2 essere il farmaco pi\u00f9 efficace nel caso un paziente presenti un caso grave di Herpes Zoster sulla faccia, o abbia dolore dovuto alla sciatica. Questo perch\u00e9 questo medicinale aiuta a ridurre il dolore ai nervi (detto anche dolore neuropatico).<\/p>\n\n\n\n<h3><strong>Ma \u00e8 vero che gli antidepressivi portano a sviluppare una dipendenza, giusto?<\/strong><\/h3>\n\n\n\n<p>Una delle preoccupazioni principali che i pazienti hanno \u00e8 che una volta iniziato a prendere gli antidepressivi saranno a rischio di sviluppare una dipendenza ad essi. Questo \u00e8 perch\u00e9 spesso i pazienti confondono medicinali tranquillanti, come il Valium (Diazepam) e sonniferi (Temazepam) con gli antidepressivi.&nbsp;<\/p>\n\n\n\n<p>Non ci sono prove scientifiche che dimostrino che gli antidepressivi portano la persona a sviluppare uno stato di dipendenza nel quale si ha un desiderio molto forte di prendere il farmaco o si ha bisogno di assumere dosi sempre pi\u00f9 elevate di esso per avere lo stesso effetto di prima.&nbsp;<\/p>\n\n\n\n<p>Nel caso di alcuni antidepressivi, a volte \u00e8 possibile sviluppare sintomi quando si smette di prendere il farmaco. Quando questo accade solitamente questi sintomi spariscono nel giro di una settimana o due.<\/p>\n\n\n\n<p>Alcuni pazienti, per\u00f2, riportano di avere sintomi di astinenza che durano pi\u00f9 a lungo o di avere effetti collaterali legati al medicinale stesso.&nbsp;<\/p>\n\n\n\n<p>\u00c8 quindi sempre importante avere una discussione con il tuo medico di base riguardo ai rischi e ai benefici di assumere farmaci nel tuo caso specifico.&nbsp;<\/p>\n\n\n\n<p>Alcuni farmaci, che possono potenzialmente portare a dipendenza, sono quelli contenenti tracce di Codeina, come il Cocodamol o la&nbsp; Dehidrocodeina, oppure sono parte della famiglia delle Benzodiazepine, come il Diazepam, Nitrazepam e Lorazepam.&nbsp;<\/p>\n\n\n\n<p>\u00c8 possibile anche osservare sintomi di astinenza pi\u00f9 significativi in pazienti che hanno smesso di prendere medicinali come il Gabapentin e il Pregabalin.<\/p>\n\n\n\n<h3><strong>Ma io ho provato a prendere l\u2019Amitriptilina una volta e sono diventato uno zombie!<\/strong><\/h3>\n\n\n\n<p>Alcuni pazienti che soffrono di disturbi funzionali provano a prendere medicinali come l\u2019Amitriptilina e hanno una brutta esperienza. Questo pu\u00f2 essere causato dal fatto che gli \u00e8 stata somministrata una dose iniziale troppo alta, oppure perch\u00e8 non gli sono stati spiegati gli effetti collaterali che possono svilupparsi.&nbsp;&nbsp;<\/p>\n\n\n\n<p>A causa della natura dei sintomi funzionali \u00e8 possibile che i pazienti che fanno uso di antidepressivi sviluppino pi\u00f9 effetti collaterali del normale, specialmente nelle fasi iniziali.&nbsp;<\/p>\n\n\n\n<p>\u00c8 normale sviluppare alcuni effetti collaterali nelle prime due settimane dall\u2019inizio della terapia. Questi sintomi possono includere stanchezza, nausea, e, occasionalmente a seconda del farmaco utilizzato, agitazione. Dopo circa un paio di settimane gli effetti collaterali spariscono. Gli effetti del farmaco possono essere percepiti fin da subito in alcuni casi, ma in altri sono necessarie 6 o 8 settimane prima che si percepisca un qualsiasi miglioramento (questo dipende principalmente dalla dose).<\/p>\n\n\n\n<h3><strong>Io sto prendendo il farmaco ma non ho visto alcun miglioramento<\/strong><\/h3>\n\n\n\n<p>Questo pu\u00f2 essere dovuto al fatto che stai prendendo una dose troppo bassa o che non \u00e8 passato ancora abbastanza tempo da quando hai iniziato la terapia. Un\u2019altra possibilit\u00e0 \u00e8 quella che il medicinale non stia effettivamente avendo alcun effetto sui tuoi sintomi. \u00c8 difficile per\u00f2 giudicare gli effetti di un antidepressivo fino a che non si sono aspettate almeno 12 settimane da quando hai iniziato la terapia.&nbsp;<\/p>\n\n\n\n<p>\u00c8 importante comunque tenere a mente che non a tutti la terapia farmacologica porta benefici.<\/p>\n\n\n\n<p><\/p>\n","protected":false},"excerpt":{"rendered":"<p>Alcune informazioni riguardo a farmaci che possono essere utili o possono creare problemi nelle persone affette da FND.<\/p>\n","protected":false},"author":65,"featured_media":0,"parent":1012,"menu_order":302,"comment_status":"closed","ping_status":"closed","template":"page-template\/symptom-details-page-template.php","meta":[],"_links":{"self":[{"href":"https:\/\/neurosymptoms.org\/it_IT\/wp-json\/wp\/v2\/pages\/643"}],"collection":[{"href":"https:\/\/neurosymptoms.org\/it_IT\/wp-json\/wp\/v2\/pages"}],"about":[{"href":"https:\/\/neurosymptoms.org\/it_IT\/wp-json\/wp\/v2\/types\/page"}],"author":[{"embeddable":true,"href":"https:\/\/neurosymptoms.org\/it_IT\/wp-json\/wp\/v2\/users\/65"}],"replies":[{"embeddable":true,"href":"https:\/\/neurosymptoms.org\/it_IT\/wp-json\/wp\/v2\/comments?post=643"}],"version-history":[{"count":97,"href":"https:\/\/neurosymptoms.org\/it_IT\/wp-json\/wp\/v2\/pages\/643\/revisions"}],"predecessor-version":[{"id":15618,"href":"https:\/\/neurosymptoms.org\/it_IT\/wp-json\/wp\/v2\/pages\/643\/revisions\/15618"}],"up":[{"embeddable":true,"href":"https:\/\/neurosymptoms.org\/it_IT\/wp-json\/wp\/v2\/pages\/1012"}],"wp:attachment":[{"href":"https:\/\/neurosymptoms.org\/it_IT\/wp-json\/wp\/v2\/media?parent=643"}],"curies":[{"name":"wp","href":"https:\/\/api.w.org\/{rel}","templated":true}]}}